{"id":6016,"date":"2026-01-27T06:39:59","date_gmt":"2026-01-27T05:39:59","guid":{"rendered":"https:\/\/nekmar.eu\/pl\/?post_type=product&#038;p=6016"},"modified":"2026-03-27T10:51:22","modified_gmt":"2026-03-27T09:51:22","slug":"nekmar-derma-relief-professional-formula","status":"publish","type":"product","link":"https:\/\/nekmar.eu\/pl\/produkt\/nekmar-derma-relief-professional-formula\/","title":{"rendered":"Nekmar Derma Relief Professional Formula"},"content":{"rendered":"<div class=\"wpb-content-wrapper\"><p>[vc_row css_animation=&#8221;&#8221; row_type=&#8221;row&#8221; use_row_as_full_screen_section=&#8221;no&#8221; type=&#8221;full_width&#8221; angled_section=&#8221;no&#8221; text_align=&#8221;left&#8221; background_image_as_pattern=&#8221;without_pattern&#8221;][vc_column][vc_column_text css=&#8221;&#8221;]<strong>SK\u0141AD:<\/strong> woda, laurylosiarczan sodu, kokamidopropylobetaina, gliceryna, chlorek sodu, PEG-40 uwodorniony olej rycynowy, diglukonian chlorheksydyny, olejek z drzewa herbacianego, olej z jag\u00f3d chi\u0144skich, fenoksyetanol, polikwaternium-7, Laureth-3, glikol propylenowy, glukozyd laurylowy, tetraglutaminian diacetanu sodu, etyloheksylogliceryna, wodorotlenek sodu, alfa-terpinen, terpineol, pinen.<\/p>\n<p>&nbsp;<\/p>\n<p>\u2022 Odpowiedni do stosowania na uszkodzonej, zaka\u017conej i zapalonej sk\u00f3rze oraz sier\u015bci<br \/>\n\u2022 Delikatnie oczyszcza i koi wszystkie rodzaje sier\u015bci<br \/>\n\u2022 Zapewnia naturalne w\u0142a\u015bciwo\u015bci ochronne i oczyszczaj\u0105ce<\/p>\n<p>&nbsp;<\/p>\n<p><strong>SPOS\u00d3B U\u017bYCIA:<\/strong> Na\u0142\u00f3\u017c szampon na wcze\u015bniej zmoczon\u0105 sier\u015b\u0107, rozprowad\u017a r\u00f3wnomiernie i delikatnie wmasuj. Pozostaw na 10 minut, aby uzyska\u0107 maksymalny efekt, nast\u0119pnie dok\u0142adnie sp\u0142ucz letni\u0105 wod\u0105. W razie potrzeby powt\u00f3rz czynno\u015b\u0107.[\/vc_column_text][\/vc_column][\/vc_row]<\/p>\n<\/div>","protected":false},"excerpt":{"rendered":"<p>Nekmar <strong>Derma Relief<\/strong> to specjalistyczna formu\u0142a odpowiednia do stosowania na wra\u017cliwej, uszkodzonej i podra\u017cnionej sk\u00f3rze oraz sier\u015bci. Skutecznie oczyszcza sier\u015b\u0107, a dzi\u0119ki starannie dobranej kombinacji naturalnych sk\u0142adnik\u00f3w, takich jak olej neem, olejek z drzewa herbacianego oraz olej rycynowy, dzia\u0142a koj\u0105co i regeneruj\u0105co, wspomaga z\u0142uszczanie oraz rewitalizuje sk\u00f3r\u0119 i sier\u015b\u0107.<\/p>\n","protected":false},"featured_media":6030,"template":"","meta":[],"product_brand":[],"product_cat":[134],"product_tag":[],"class_list":{"0":"post-6016","1":"product","2":"type-product","3":"status-publish","4":"has-post-thumbnail","6":"product_cat-grooming","8":"first","9":"instock","10":"taxable","11":"shipping-taxable","12":"purchasable","13":"product-type-simple"},"yoast_head":"<!-- This site is optimized with the Yoast SEO plugin v27.5 - https:\/\/yoast.com\/product\/yoast-seo-wordpress\/ -->\n<title>Nekmar Derma Relief Professional Formula | Nekmar Polska<\/title>\n<meta name=\"robots\" content=\"index, follow, max-snippet:-1, max-image-preview:large, max-video-preview:-1\" \/>\n<link rel=\"canonical\" href=\"https:\/\/nekmar.eu\/pl\/produkt\/nekmar-derma-relief-professional-formula\/\" \/>\n<meta property=\"og:locale\" content=\"pl_PL\" \/>\n<meta property=\"og:type\" content=\"article\" \/>\n<meta property=\"og:title\" content=\"Nekmar Derma Relief Professional Formula | Nekmar Polska\" \/>\n<meta property=\"og:description\" content=\"Nekmar Derma Relief to specjalistyczna formu\u0142a odpowiednia do stosowania na wra\u017cliwej, uszkodzonej i podra\u017cnionej sk\u00f3rze oraz sier\u015bci. Skutecznie oczyszcza sier\u015b\u0107, a dzi\u0119ki starannie dobranej kombinacji naturalnych sk\u0142adnik\u00f3w, takich jak olej neem, olejek z drzewa herbacianego oraz olej rycynowy, dzia\u0142a koj\u0105co i regeneruj\u0105co, wspomaga z\u0142uszczanie oraz rewitalizuje sk\u00f3r\u0119 i sier\u015b\u0107.\" \/>\n<meta property=\"og:url\" content=\"https:\/\/nekmar.eu\/pl\/produkt\/nekmar-derma-relief-professional-formula\/\" \/>\n<meta property=\"og:site_name\" content=\"Nekmar Polska\" \/>\n<meta property=\"article:modified_time\" content=\"2026-03-27T09:51:22+00:00\" \/>\n<meta property=\"og:image\" content=\"https:\/\/nekmar.eu\/pl\/wp-content\/uploads\/2026\/01\/Nekmar-Derma-Relief-3l.jpg\" \/>\n\t<meta property=\"og:image:width\" content=\"1400\" \/>\n\t<meta property=\"og:image:height\" content=\"1400\" \/>\n\t<meta property=\"og:image:type\" content=\"image\/jpeg\" \/>\n<meta name=\"twitter:card\" content=\"summary_large_image\" \/>\n<meta name=\"twitter:label1\" content=\"Szacowany czas czytania\" \/>\n\t<meta name=\"twitter:data1\" content=\"1 minuta\" \/>\n<script type=\"application\/ld+json\" class=\"yoast-schema-graph\">{\"@context\":\"https:\\\/\\\/schema.org\",\"@graph\":[{\"@type\":\"WebPage\",\"@id\":\"https:\\\/\\\/nekmar.eu\\\/pl\\\/produkt\\\/nekmar-derma-relief-professional-formula\\\/\",\"url\":\"https:\\\/\\\/nekmar.eu\\\/pl\\\/produkt\\\/nekmar-derma-relief-professional-formula\\\/\",\"name\":\"Nekmar Derma Relief Professional Formula | Nekmar Polska\",\"isPartOf\":{\"@id\":\"https:\\\/\\\/nekmar.eu\\\/pl\\\/#website\"},\"primaryImageOfPage\":{\"@id\":\"https:\\\/\\\/nekmar.eu\\\/pl\\\/produkt\\\/nekmar-derma-relief-professional-formula\\\/#primaryimage\"},\"image\":{\"@id\":\"https:\\\/\\\/nekmar.eu\\\/pl\\\/produkt\\\/nekmar-derma-relief-professional-formula\\\/#primaryimage\"},\"thumbnailUrl\":\"https:\\\/\\\/nekmar.eu\\\/pl\\\/wp-content\\\/uploads\\\/2026\\\/01\\\/Nekmar-Derma-Relief-3l.jpg\",\"datePublished\":\"2026-01-27T05:39:59+00:00\",\"dateModified\":\"2026-03-27T09:51:22+00:00\",\"breadcrumb\":{\"@id\":\"https:\\\/\\\/nekmar.eu\\\/pl\\\/produkt\\\/nekmar-derma-relief-professional-formula\\\/#breadcrumb\"},\"inLanguage\":\"pl-PL\",\"potentialAction\":[{\"@type\":\"ReadAction\",\"target\":[\"https:\\\/\\\/nekmar.eu\\\/pl\\\/produkt\\\/nekmar-derma-relief-professional-formula\\\/\"]}]},{\"@type\":\"ImageObject\",\"inLanguage\":\"pl-PL\",\"@id\":\"https:\\\/\\\/nekmar.eu\\\/pl\\\/produkt\\\/nekmar-derma-relief-professional-formula\\\/#primaryimage\",\"url\":\"https:\\\/\\\/nekmar.eu\\\/pl\\\/wp-content\\\/uploads\\\/2026\\\/01\\\/Nekmar-Derma-Relief-3l.jpg\",\"contentUrl\":\"https:\\\/\\\/nekmar.eu\\\/pl\\\/wp-content\\\/uploads\\\/2026\\\/01\\\/Nekmar-Derma-Relief-3l.jpg\",\"width\":1400,\"height\":1400},{\"@type\":\"BreadcrumbList\",\"@id\":\"https:\\\/\\\/nekmar.eu\\\/pl\\\/produkt\\\/nekmar-derma-relief-professional-formula\\\/#breadcrumb\",\"itemListElement\":[{\"@type\":\"ListItem\",\"position\":1,\"name\":\"Home\",\"item\":\"https:\\\/\\\/nekmar.eu\\\/pl\\\/\"},{\"@type\":\"ListItem\",\"position\":2,\"name\":\"Sklep\",\"item\":\"https:\\\/\\\/nekmar.eu\\\/pl\\\/sklep\\\/\"},{\"@type\":\"ListItem\",\"position\":3,\"name\":\"Nekmar Derma Relief Professional Formula\"}]},{\"@type\":\"WebSite\",\"@id\":\"https:\\\/\\\/nekmar.eu\\\/pl\\\/#website\",\"url\":\"https:\\\/\\\/nekmar.eu\\\/pl\\\/\",\"name\":\"Nekmar Polska\",\"description\":\"Pet Nutrition\",\"publisher\":{\"@id\":\"https:\\\/\\\/nekmar.eu\\\/pl\\\/#organization\"},\"potentialAction\":[{\"@type\":\"SearchAction\",\"target\":{\"@type\":\"EntryPoint\",\"urlTemplate\":\"https:\\\/\\\/nekmar.eu\\\/pl\\\/?s={search_term_string}\"},\"query-input\":{\"@type\":\"PropertyValueSpecification\",\"valueRequired\":true,\"valueName\":\"search_term_string\"}}],\"inLanguage\":\"pl-PL\"},{\"@type\":\"Organization\",\"@id\":\"https:\\\/\\\/nekmar.eu\\\/pl\\\/#organization\",\"name\":\"Nekmar Pet Nutrition Polska\",\"url\":\"https:\\\/\\\/nekmar.eu\\\/pl\\\/\",\"logo\":{\"@type\":\"ImageObject\",\"inLanguage\":\"pl-PL\",\"@id\":\"https:\\\/\\\/nekmar.eu\\\/pl\\\/#\\\/schema\\\/logo\\\/image\\\/\",\"url\":\"https:\\\/\\\/nekmar.eu\\\/pl\\\/wp-content\\\/uploads\\\/2019\\\/08\\\/Nekmar-contact.jpg\",\"contentUrl\":\"https:\\\/\\\/nekmar.eu\\\/pl\\\/wp-content\\\/uploads\\\/2019\\\/08\\\/Nekmar-contact.jpg\",\"width\":600,\"height\":142,\"caption\":\"Nekmar Pet Nutrition Polska\"},\"image\":{\"@id\":\"https:\\\/\\\/nekmar.eu\\\/pl\\\/#\\\/schema\\\/logo\\\/image\\\/\"}}]}<\/script>\n<!-- \/ Yoast SEO plugin. -->","yoast_head_json":{"title":"Nekmar Derma Relief Professional Formula | Nekmar Polska","robots":{"index":"index","follow":"follow","max-snippet":"max-snippet:-1","max-image-preview":"max-image-preview:large","max-video-preview":"max-video-preview:-1"},"canonical":"https:\/\/nekmar.eu\/pl\/produkt\/nekmar-derma-relief-professional-formula\/","og_locale":"pl_PL","og_type":"article","og_title":"Nekmar Derma Relief Professional Formula | Nekmar Polska","og_description":"Nekmar Derma Relief to specjalistyczna formu\u0142a odpowiednia do stosowania na wra\u017cliwej, uszkodzonej i podra\u017cnionej sk\u00f3rze oraz sier\u015bci. Skutecznie oczyszcza sier\u015b\u0107, a dzi\u0119ki starannie dobranej kombinacji naturalnych sk\u0142adnik\u00f3w, takich jak olej neem, olejek z drzewa herbacianego oraz olej rycynowy, dzia\u0142a koj\u0105co i regeneruj\u0105co, wspomaga z\u0142uszczanie oraz rewitalizuje sk\u00f3r\u0119 i sier\u015b\u0107.","og_url":"https:\/\/nekmar.eu\/pl\/produkt\/nekmar-derma-relief-professional-formula\/","og_site_name":"Nekmar Polska","article_modified_time":"2026-03-27T09:51:22+00:00","og_image":[{"width":1400,"height":1400,"url":"https:\/\/nekmar.eu\/pl\/wp-content\/uploads\/2026\/01\/Nekmar-Derma-Relief-3l.jpg","type":"image\/jpeg"}],"twitter_card":"summary_large_image","twitter_misc":{"Szacowany czas czytania":"1 minuta"},"schema":{"@context":"https:\/\/schema.org","@graph":[{"@type":"WebPage","@id":"https:\/\/nekmar.eu\/pl\/produkt\/nekmar-derma-relief-professional-formula\/","url":"https:\/\/nekmar.eu\/pl\/produkt\/nekmar-derma-relief-professional-formula\/","name":"Nekmar Derma Relief Professional Formula | Nekmar Polska","isPartOf":{"@id":"https:\/\/nekmar.eu\/pl\/#website"},"primaryImageOfPage":{"@id":"https:\/\/nekmar.eu\/pl\/produkt\/nekmar-derma-relief-professional-formula\/#primaryimage"},"image":{"@id":"https:\/\/nekmar.eu\/pl\/produkt\/nekmar-derma-relief-professional-formula\/#primaryimage"},"thumbnailUrl":"https:\/\/nekmar.eu\/pl\/wp-content\/uploads\/2026\/01\/Nekmar-Derma-Relief-3l.jpg","datePublished":"2026-01-27T05:39:59+00:00","dateModified":"2026-03-27T09:51:22+00:00","breadcrumb":{"@id":"https:\/\/nekmar.eu\/pl\/produkt\/nekmar-derma-relief-professional-formula\/#breadcrumb"},"inLanguage":"pl-PL","potentialAction":[{"@type":"ReadAction","target":["https:\/\/nekmar.eu\/pl\/produkt\/nekmar-derma-relief-professional-formula\/"]}]},{"@type":"ImageObject","inLanguage":"pl-PL","@id":"https:\/\/nekmar.eu\/pl\/produkt\/nekmar-derma-relief-professional-formula\/#primaryimage","url":"https:\/\/nekmar.eu\/pl\/wp-content\/uploads\/2026\/01\/Nekmar-Derma-Relief-3l.jpg","contentUrl":"https:\/\/nekmar.eu\/pl\/wp-content\/uploads\/2026\/01\/Nekmar-Derma-Relief-3l.jpg","width":1400,"height":1400},{"@type":"BreadcrumbList","@id":"https:\/\/nekmar.eu\/pl\/produkt\/nekmar-derma-relief-professional-formula\/#breadcrumb","itemListElement":[{"@type":"ListItem","position":1,"name":"Home","item":"https:\/\/nekmar.eu\/pl\/"},{"@type":"ListItem","position":2,"name":"Sklep","item":"https:\/\/nekmar.eu\/pl\/sklep\/"},{"@type":"ListItem","position":3,"name":"Nekmar Derma Relief Professional Formula"}]},{"@type":"WebSite","@id":"https:\/\/nekmar.eu\/pl\/#website","url":"https:\/\/nekmar.eu\/pl\/","name":"Nekmar Polska","description":"Pet Nutrition","publisher":{"@id":"https:\/\/nekmar.eu\/pl\/#organization"},"potentialAction":[{"@type":"SearchAction","target":{"@type":"EntryPoint","urlTemplate":"https:\/\/nekmar.eu\/pl\/?s={search_term_string}"},"query-input":{"@type":"PropertyValueSpecification","valueRequired":true,"valueName":"search_term_string"}}],"inLanguage":"pl-PL"},{"@type":"Organization","@id":"https:\/\/nekmar.eu\/pl\/#organization","name":"Nekmar Pet Nutrition Polska","url":"https:\/\/nekmar.eu\/pl\/","logo":{"@type":"ImageObject","inLanguage":"pl-PL","@id":"https:\/\/nekmar.eu\/pl\/#\/schema\/logo\/image\/","url":"https:\/\/nekmar.eu\/pl\/wp-content\/uploads\/2019\/08\/Nekmar-contact.jpg","contentUrl":"https:\/\/nekmar.eu\/pl\/wp-content\/uploads\/2019\/08\/Nekmar-contact.jpg","width":600,"height":142,"caption":"Nekmar Pet Nutrition Polska"},"image":{"@id":"https:\/\/nekmar.eu\/pl\/#\/schema\/logo\/image\/"}}]}},"_links":{"self":[{"href":"https:\/\/nekmar.eu\/pl\/wp-json\/wp\/v2\/product\/6016","targetHints":{"allow":["GET"]}}],"collection":[{"href":"https:\/\/nekmar.eu\/pl\/wp-json\/wp\/v2\/product"}],"about":[{"href":"https:\/\/nekmar.eu\/pl\/wp-json\/wp\/v2\/types\/product"}],"wp:featuredmedia":[{"embeddable":true,"href":"https:\/\/nekmar.eu\/pl\/wp-json\/wp\/v2\/media\/6030"}],"wp:attachment":[{"href":"https:\/\/nekmar.eu\/pl\/wp-json\/wp\/v2\/media?parent=6016"}],"wp:term":[{"taxonomy":"product_brand","embeddable":true,"href":"https:\/\/nekmar.eu\/pl\/wp-json\/wp\/v2\/product_brand?post=6016"},{"taxonomy":"product_cat","embeddable":true,"href":"https:\/\/nekmar.eu\/pl\/wp-json\/wp\/v2\/product_cat?post=6016"},{"taxonomy":"product_tag","embeddable":true,"href":"https:\/\/nekmar.eu\/pl\/wp-json\/wp\/v2\/product_tag?post=6016"}],"curies":[{"name":"wp","href":"https:\/\/api.w.org\/{rel}","templated":true}]}}