{"id":654,"date":"2019-09-05T08:23:17","date_gmt":"2019-09-05T07:23:17","guid":{"rendered":"https:\/\/nekmar.eu\/pl\/?post_type=product&#038;p=654"},"modified":"2026-03-19T05:49:21","modified_gmt":"2026-03-19T04:49:21","slug":"aston-lamb-adult-complete","status":"publish","type":"product","link":"https:\/\/nekmar.eu\/pl\/produkt\/aston-lamb-adult-complete\/","title":{"rendered":"Aston Lamb Adult Complete"},"content":{"rendered":"<div class=\"wpb-content-wrapper\"><p>[vc_row css_animation=&#8221;&#8221; row_type=&#8221;row&#8221; use_row_as_full_screen_section=&#8221;no&#8221; type=&#8221;full_width&#8221; angled_section=&#8221;no&#8221; text_align=&#8221;left&#8221; background_image_as_pattern=&#8221;without_pattern&#8221;][vc_column][vc_column_text]<strong>SK\u0141AD:<\/strong> suszone mi\u0119so 30%, prawdziwa kukurydza, prawdziwy ry\u017c (15%), prawdziwa pszenica, t\u0142uszcz z kurczaka, m\u0105czka kukurydziana, suszona pulpa buraczana, dro\u017cd\u017ce, minera\u0142y, witaminy.<\/p>\n<p>&nbsp;<\/p>\n<p><strong>SK\u0141ADNIKI ANALITYCZNE:<\/strong> bia\u0142ko surowe 23% , oleje i t\u0142uszcze surowe 14% , w\u0142\u00f3kno surowe 2,6% , popi\u00f3\u0142 7,4% , wilgotno\u015b\u0107 8%.<\/p>\n<p>&nbsp;<\/p>\n<p><strong>DODATKI OD\u017bYWCZE na KG:<\/strong> 3a672a Witamina A 13500 UI, E671 Witamina D3 950 UI, 3a700 Witamina E (tralfa-toc.Acet) 115 mg, E4 mied\u017a (pi\u0119ciowodny siarczan miedzi) 47 mg, E1 \u017celazo (w\u0119glan \u017celaza) 50 mg, E5 mangan (mangan) tlenek) 62 mg, 3b605 cynk (jednowodny siarczan cynku) 148 mg, 3b201 jod (jodek potasu) 1,2 mg, E8 selen (selenin sodu) 0,27 mg.<\/p>\n<p>&nbsp;<\/p>\n<p><strong>DODATKI TECHNOLOGICZNE:<\/strong> przeciwutleniacze.<\/p>\n<p>&nbsp;<\/p>\n<p><strong>ENERGIA METABOLIZOWALNA:<\/strong> 3750 Kcal\/KG.[\/vc_column_text][\/vc_column][\/vc_row][vc_row css_animation=&#8221;&#8221; row_type=&#8221;row&#8221; use_row_as_full_screen_section=&#8221;no&#8221; type=&#8221;full_width&#8221; angled_section=&#8221;no&#8221; text_align=&#8221;left&#8221; background_image_as_pattern=&#8221;without_pattern&#8221;][vc_column][vc_empty_space][vc_column_text]Zalecana dzienna porcja karmienia (g\/dzie\u0144):[\/vc_column_text][vc_empty_space height=&#8221;10px&#8221;][vc_column_text]<\/p>\n<table class=\"gridtable\">\n<tbody>\n<tr>\n<th class=\"table-first-row\">Waga doros\u0142ego psa<\/th>\n<th class=\"table-first-row\">5kg<\/th>\n<th class=\"table-first-row\">8kg<\/th>\n<th class=\"table-first-row\">12kg<\/th>\n<th class=\"table-first-row\">16kg<\/th>\n<th class=\"table-first-row\">20kg<\/th>\n<th class=\"table-first-row\">25kg<\/th>\n<th class=\"table-first-row\">30kg<\/th>\n<th class=\"table-first-row\">35kg<\/th>\n<th class=\"table-first-row\">40kg<\/th>\n<th class=\"table-first-row\">45kg<\/th>\n<th class=\"table-first-row\">50kg<\/th>\n<th class=\"table-first-row\">60kg<\/th>\n<th class=\"table-first-row\">70kg<\/th>\n<th class=\"table-first-row\">80kg<\/th>\n<\/tr>\n<tr>\n<td class=\"table-first-row\">Normalna aktywno\u015b\u0107<\/td>\n<td>95g<\/td>\n<td>130g<\/td>\n<td>175g<\/td>\n<td>215g<\/td>\n<td>255g<\/td>\n<td>300g<\/td>\n<td>340g<\/td>\n<td>385g<\/td>\n<td>425g<\/td>\n<td>465g<\/td>\n<td>505g<\/td>\n<td>585g<\/td>\n<td>665g<\/td>\n<td>745g<\/td>\n<\/tr>\n<tr>\n<td class=\"table-first-row\">\u015arednia aktywno\u015b\u0107<\/td>\n<td>115g<\/td>\n<td>155g<\/td>\n<td>210g<\/td>\n<td>260g<\/td>\n<td>305g<\/td>\n<td>360g<\/td>\n<td>410g<\/td>\n<td>460g<\/td>\n<td>510g<\/td>\n<td>555g<\/td>\n<td>605g<\/td>\n<td>700g<\/td>\n<td>800g<\/td>\n<td>895g<\/td>\n<\/tr>\n<tr>\n<td class=\"table-first-row\">Wysoka aktywno\u015b\u0107<\/td>\n<td>138g<\/td>\n<td>185g<\/td>\n<td>255g<\/td>\n<td>310g<\/td>\n<td>365g<\/td>\n<td>430g<\/td>\n<td>490g<\/td>\n<td>550g<\/td>\n<td>610g<\/td>\n<td>670g<\/td>\n<td>725g<\/td>\n<td>840g<\/td>\n<td>955g<\/td>\n<td>1070g<\/td>\n<\/tr>\n<\/tbody>\n<\/table>\n<p>[\/vc_column_text][vc_empty_space height=&#8221;22px&#8221;][vc_column_text]<strong>SPOS\u00d3B U\u017bYCIA:<\/strong> produkt mo\u017cna podawa\u0107 na sucho lub namoczony (zalecamy pola\u0107 karm\u0119 niewielk\u0105 ilo\u015bci\u0105 letniej wody tu\u017c przed podaniem go psu, gdy\u017c jest to dla psa \u0142atwiejsze do strawienia uwa\u017camy, \u017ce r\u00f3wnie\u017c poprawia smak). Dawki mog\u0105 si\u0119 r\u00f3\u017cni\u0107 w zale\u017cno\u015bci od konkretnych potrzeb niekt\u00f3rych ps\u00f3w. Pies powinien mie\u0107 zawsze dost\u0119p do \u015bwie\u017cej wody pitnej. Przechowywa\u0107 w ch\u0142odnym i suchym miejscu z dala od \u017ar\u00f3de\u0142 ciep\u0142a.[\/vc_column_text][\/vc_column][\/vc_row]<\/p>\n<\/div>","protected":false},"excerpt":{"rendered":"<p>Karma Highpremium dla ps\u00f3w doros\u0142ych<\/p>\n<p><strong>20 kg<\/strong><\/p>\n","protected":false},"featured_media":444,"template":"","meta":[],"product_brand":[],"product_cat":[100,102,99],"product_tag":[97,98],"class_list":{"0":"post-654","1":"product","2":"type-product","3":"status-publish","4":"has-post-thumbnail","6":"product_cat-aston","7":"product_cat-highpremium","8":"product_cat-karma-dla-psow","9":"product_tag-aston","10":"product_tag-highpremium","11":"product_shipping_class-ast","13":"first","14":"instock","15":"taxable","16":"shipping-taxable","17":"purchasable","18":"product-type-simple"},"yoast_head":"<!-- This site is optimized with the Yoast SEO plugin v27.1.1 - https:\/\/yoast.com\/product\/yoast-seo-wordpress\/ -->\n<title>Aston | Lamb Adult Complete<\/title>\n<meta name=\"description\" content=\"Karma Highpremium dla ps\u00f3w doros\u0142ych\" \/>\n<meta name=\"robots\" content=\"index, follow, max-snippet:-1, max-image-preview:large, max-video-preview:-1\" \/>\n<link rel=\"canonical\" href=\"https:\/\/nekmar.eu\/pl\/produkt\/aston-lamb-adult-complete\/\" \/>\n<meta property=\"og:locale\" content=\"pl_PL\" \/>\n<meta property=\"og:type\" content=\"article\" \/>\n<meta property=\"og:title\" content=\"Aston Lamb Adult Complete\" \/>\n<meta property=\"og:description\" content=\"Karma Highpremium dla ps\u00f3w doros\u0142ych\" \/>\n<meta property=\"og:url\" content=\"https:\/\/nekmar.eu\/pl\/produkt\/aston-lamb-adult-complete\/\" \/>\n<meta property=\"og:site_name\" content=\"Nekmar Polska\" \/>\n<meta property=\"article:modified_time\" content=\"2026-03-19T04:49:21+00:00\" \/>\n<meta property=\"og:image\" content=\"https:\/\/nekmar.eu\/pl\/wp-content\/uploads\/2019\/08\/aston-f-nekmar.jpg\" \/>\n\t<meta property=\"og:image:width\" content=\"1200\" \/>\n\t<meta property=\"og:image:height\" content=\"630\" \/>\n\t<meta property=\"og:image:type\" content=\"image\/jpeg\" \/>\n<meta name=\"twitter:card\" content=\"summary_large_image\" \/>\n<meta name=\"twitter:label1\" content=\"Szacowany czas czytania\" \/>\n\t<meta name=\"twitter:data1\" content=\"2 minuty\" \/>\n<script type=\"application\/ld+json\" class=\"yoast-schema-graph\">{\"@context\":\"https:\/\/schema.org\",\"@graph\":[{\"@type\":\"WebPage\",\"@id\":\"https:\/\/nekmar.eu\/pl\/produkt\/aston-lamb-adult-complete\/\",\"url\":\"https:\/\/nekmar.eu\/pl\/produkt\/aston-lamb-adult-complete\/\",\"name\":\"Aston | Lamb Adult Complete\",\"isPartOf\":{\"@id\":\"https:\/\/nekmar.eu\/pl\/#website\"},\"primaryImageOfPage\":{\"@id\":\"https:\/\/nekmar.eu\/pl\/produkt\/aston-lamb-adult-complete\/#primaryimage\"},\"image\":{\"@id\":\"https:\/\/nekmar.eu\/pl\/produkt\/aston-lamb-adult-complete\/#primaryimage\"},\"thumbnailUrl\":\"https:\/\/nekmar.eu\/pl\/wp-content\/uploads\/2019\/08\/aston_lamb_adult_complete.jpg\",\"datePublished\":\"2019-09-05T07:23:17+00:00\",\"dateModified\":\"2026-03-19T04:49:21+00:00\",\"description\":\"Karma Highpremium dla ps\u00f3w doros\u0142ych\",\"breadcrumb\":{\"@id\":\"https:\/\/nekmar.eu\/pl\/produkt\/aston-lamb-adult-complete\/#breadcrumb\"},\"inLanguage\":\"pl-PL\",\"potentialAction\":[{\"@type\":\"ReadAction\",\"target\":[\"https:\/\/nekmar.eu\/pl\/produkt\/aston-lamb-adult-complete\/\"]}]},{\"@type\":\"ImageObject\",\"inLanguage\":\"pl-PL\",\"@id\":\"https:\/\/nekmar.eu\/pl\/produkt\/aston-lamb-adult-complete\/#primaryimage\",\"url\":\"https:\/\/nekmar.eu\/pl\/wp-content\/uploads\/2019\/08\/aston_lamb_adult_complete.jpg\",\"contentUrl\":\"https:\/\/nekmar.eu\/pl\/wp-content\/uploads\/2019\/08\/aston_lamb_adult_complete.jpg\",\"width\":1000,\"height\":1000},{\"@type\":\"BreadcrumbList\",\"@id\":\"https:\/\/nekmar.eu\/pl\/produkt\/aston-lamb-adult-complete\/#breadcrumb\",\"itemListElement\":[{\"@type\":\"ListItem\",\"position\":1,\"name\":\"Home\",\"item\":\"https:\/\/nekmar.eu\/pl\/\"},{\"@type\":\"ListItem\",\"position\":2,\"name\":\"Sklep\",\"item\":\"https:\/\/nekmar.eu\/pl\/sklep\/\"},{\"@type\":\"ListItem\",\"position\":3,\"name\":\"Aston Lamb Adult Complete\"}]},{\"@type\":\"WebSite\",\"@id\":\"https:\/\/nekmar.eu\/pl\/#website\",\"url\":\"https:\/\/nekmar.eu\/pl\/\",\"name\":\"Nekmar Polska\",\"description\":\"Pet Nutrition\",\"publisher\":{\"@id\":\"https:\/\/nekmar.eu\/pl\/#organization\"},\"potentialAction\":[{\"@type\":\"SearchAction\",\"target\":{\"@type\":\"EntryPoint\",\"urlTemplate\":\"https:\/\/nekmar.eu\/pl\/?s={search_term_string}\"},\"query-input\":{\"@type\":\"PropertyValueSpecification\",\"valueRequired\":true,\"valueName\":\"search_term_string\"}}],\"inLanguage\":\"pl-PL\"},{\"@type\":\"Organization\",\"@id\":\"https:\/\/nekmar.eu\/pl\/#organization\",\"name\":\"Nekmar Pet Nutrition Polska\",\"url\":\"https:\/\/nekmar.eu\/pl\/\",\"logo\":{\"@type\":\"ImageObject\",\"inLanguage\":\"pl-PL\",\"@id\":\"https:\/\/nekmar.eu\/pl\/#\/schema\/logo\/image\/\",\"url\":\"https:\/\/nekmar.eu\/pl\/wp-content\/uploads\/2019\/08\/Nekmar-contact.jpg\",\"contentUrl\":\"https:\/\/nekmar.eu\/pl\/wp-content\/uploads\/2019\/08\/Nekmar-contact.jpg\",\"width\":600,\"height\":142,\"caption\":\"Nekmar Pet Nutrition Polska\"},\"image\":{\"@id\":\"https:\/\/nekmar.eu\/pl\/#\/schema\/logo\/image\/\"}}]}<\/script>\n<!-- \/ Yoast SEO plugin. -->","yoast_head_json":{"title":"Aston | Lamb Adult Complete","description":"Karma Highpremium dla ps\u00f3w doros\u0142ych","robots":{"index":"index","follow":"follow","max-snippet":"max-snippet:-1","max-image-preview":"max-image-preview:large","max-video-preview":"max-video-preview:-1"},"canonical":"https:\/\/nekmar.eu\/pl\/produkt\/aston-lamb-adult-complete\/","og_locale":"pl_PL","og_type":"article","og_title":"Aston Lamb Adult Complete","og_description":"Karma Highpremium dla ps\u00f3w doros\u0142ych","og_url":"https:\/\/nekmar.eu\/pl\/produkt\/aston-lamb-adult-complete\/","og_site_name":"Nekmar Polska","article_modified_time":"2026-03-19T04:49:21+00:00","og_image":[{"width":1200,"height":630,"url":"https:\/\/nekmar.eu\/pl\/wp-content\/uploads\/2019\/08\/aston-f-nekmar.jpg","type":"image\/jpeg"}],"twitter_card":"summary_large_image","twitter_misc":{"Szacowany czas czytania":"2 minuty"},"schema":{"@context":"https:\/\/schema.org","@graph":[{"@type":"WebPage","@id":"https:\/\/nekmar.eu\/pl\/produkt\/aston-lamb-adult-complete\/","url":"https:\/\/nekmar.eu\/pl\/produkt\/aston-lamb-adult-complete\/","name":"Aston | Lamb Adult Complete","isPartOf":{"@id":"https:\/\/nekmar.eu\/pl\/#website"},"primaryImageOfPage":{"@id":"https:\/\/nekmar.eu\/pl\/produkt\/aston-lamb-adult-complete\/#primaryimage"},"image":{"@id":"https:\/\/nekmar.eu\/pl\/produkt\/aston-lamb-adult-complete\/#primaryimage"},"thumbnailUrl":"https:\/\/nekmar.eu\/pl\/wp-content\/uploads\/2019\/08\/aston_lamb_adult_complete.jpg","datePublished":"2019-09-05T07:23:17+00:00","dateModified":"2026-03-19T04:49:21+00:00","description":"Karma Highpremium dla ps\u00f3w doros\u0142ych","breadcrumb":{"@id":"https:\/\/nekmar.eu\/pl\/produkt\/aston-lamb-adult-complete\/#breadcrumb"},"inLanguage":"pl-PL","potentialAction":[{"@type":"ReadAction","target":["https:\/\/nekmar.eu\/pl\/produkt\/aston-lamb-adult-complete\/"]}]},{"@type":"ImageObject","inLanguage":"pl-PL","@id":"https:\/\/nekmar.eu\/pl\/produkt\/aston-lamb-adult-complete\/#primaryimage","url":"https:\/\/nekmar.eu\/pl\/wp-content\/uploads\/2019\/08\/aston_lamb_adult_complete.jpg","contentUrl":"https:\/\/nekmar.eu\/pl\/wp-content\/uploads\/2019\/08\/aston_lamb_adult_complete.jpg","width":1000,"height":1000},{"@type":"BreadcrumbList","@id":"https:\/\/nekmar.eu\/pl\/produkt\/aston-lamb-adult-complete\/#breadcrumb","itemListElement":[{"@type":"ListItem","position":1,"name":"Home","item":"https:\/\/nekmar.eu\/pl\/"},{"@type":"ListItem","position":2,"name":"Sklep","item":"https:\/\/nekmar.eu\/pl\/sklep\/"},{"@type":"ListItem","position":3,"name":"Aston Lamb Adult Complete"}]},{"@type":"WebSite","@id":"https:\/\/nekmar.eu\/pl\/#website","url":"https:\/\/nekmar.eu\/pl\/","name":"Nekmar Polska","description":"Pet Nutrition","publisher":{"@id":"https:\/\/nekmar.eu\/pl\/#organization"},"potentialAction":[{"@type":"SearchAction","target":{"@type":"EntryPoint","urlTemplate":"https:\/\/nekmar.eu\/pl\/?s={search_term_string}"},"query-input":{"@type":"PropertyValueSpecification","valueRequired":true,"valueName":"search_term_string"}}],"inLanguage":"pl-PL"},{"@type":"Organization","@id":"https:\/\/nekmar.eu\/pl\/#organization","name":"Nekmar Pet Nutrition Polska","url":"https:\/\/nekmar.eu\/pl\/","logo":{"@type":"ImageObject","inLanguage":"pl-PL","@id":"https:\/\/nekmar.eu\/pl\/#\/schema\/logo\/image\/","url":"https:\/\/nekmar.eu\/pl\/wp-content\/uploads\/2019\/08\/Nekmar-contact.jpg","contentUrl":"https:\/\/nekmar.eu\/pl\/wp-content\/uploads\/2019\/08\/Nekmar-contact.jpg","width":600,"height":142,"caption":"Nekmar Pet Nutrition Polska"},"image":{"@id":"https:\/\/nekmar.eu\/pl\/#\/schema\/logo\/image\/"}}]}},"_links":{"self":[{"href":"https:\/\/nekmar.eu\/pl\/wp-json\/wp\/v2\/product\/654","targetHints":{"allow":["GET"]}}],"collection":[{"href":"https:\/\/nekmar.eu\/pl\/wp-json\/wp\/v2\/product"}],"about":[{"href":"https:\/\/nekmar.eu\/pl\/wp-json\/wp\/v2\/types\/product"}],"wp:featuredmedia":[{"embeddable":true,"href":"https:\/\/nekmar.eu\/pl\/wp-json\/wp\/v2\/media\/444"}],"wp:attachment":[{"href":"https:\/\/nekmar.eu\/pl\/wp-json\/wp\/v2\/media?parent=654"}],"wp:term":[{"taxonomy":"product_brand","embeddable":true,"href":"https:\/\/nekmar.eu\/pl\/wp-json\/wp\/v2\/product_brand?post=654"},{"taxonomy":"product_cat","embeddable":true,"href":"https:\/\/nekmar.eu\/pl\/wp-json\/wp\/v2\/product_cat?post=654"},{"taxonomy":"product_tag","embeddable":true,"href":"https:\/\/nekmar.eu\/pl\/wp-json\/wp\/v2\/product_tag?post=654"}],"curies":[{"name":"wp","href":"https:\/\/api.w.org\/{rel}","templated":true}]}}