{"id":660,"date":"2019-09-08T07:56:19","date_gmt":"2019-09-08T05:56:19","guid":{"rendered":"https:\/\/nekmar.eu\/pl\/?post_type=product&#038;p=660"},"modified":"2026-03-06T11:10:46","modified_gmt":"2026-03-06T10:10:46","slug":"nekmar-puppy-baby","status":"publish","type":"product","link":"https:\/\/nekmar.eu\/pl\/produkt\/nekmar-puppy-baby\/","title":{"rendered":"Nekmar Low Grain Puppy &#038; Baby 0-6 months"},"content":{"rendered":"<div class=\"wpb-content-wrapper\"><p>[vc_row css_animation=&#8221;&#8221; row_type=&#8221;row&#8221; use_row_as_full_screen_section=&#8221;no&#8221; type=&#8221;full_width&#8221; angled_section=&#8221;no&#8221; text_align=&#8221;left&#8221; background_image_as_pattern=&#8221;without_pattern&#8221;][vc_column][vc_column_text]<strong>SK\u0141AD:<\/strong> mi\u0119so z kurczaka 37% (w tym \u015bwie\u017ce mi\u0119so z kurczaka 15%), br\u0105zowy ry\u017c 22%, groch, t\u0142uszcz z kurczaka 10%, ziemniaki, suszona ryba 4%, skwarki wo\u0142owe 3,5%, b\u00f3b, siemi\u0119 lniane, suszona pulpa buraczana , hydrolizowana w\u0105troba 2%, dro\u017cd\u017ce, suszona m\u0105czka z alg morskich 0,3%, fruktooligosacharydy (FOS 0,2%), mannanooligosacharydy (MOS 0,2%), juka schidigera, suszona \u0142odyga ananasa (Ananas comusus), suszone jab\u0142ko ( Malus pumila), ostropest plamisty (Silybum marianum L.), glukozamina, siarczan chondroityny.<\/p>\n<p>&nbsp;<\/p>\n<p><strong>SK\u0141ADNIKI ANALITYCZNE:<\/strong> bia\u0142ko surowe 30%, oleje i t\u0142uszcze surowe 20%, w\u0142\u00f3kno surowe 2,4%, popi\u00f3\u0142 7,5%, wilgotno\u015b\u0107 8%.<\/p>\n<p>&nbsp;<\/p>\n<p><strong>DODATKI na KG:<\/strong> Dodatki dietetyczne: 3a672a Witamina A 24000 UI, E671 Witamina D3 1600 UI, 3a700 Witamina E (tralfatoc.Acet) 200mg, E4 mied\u017a (pi\u0119ciowodny siarczan miedzi) 19mg, E1 \u017celazo (w\u0119glan \u017celaza) 38mg, E5 mangan (tlenek manganu) 76 mg, 3b605 cynk (jednowodny siarczan cynku) 84 mg, 3b201 jod (jodek potasu) 4,0 mg, E8 selen (selenin sodu) 0,2 mg. Dodatki organoleptyczne: Produkt naturalny, zdefiniowany botanicznie.<\/p>\n<p>&nbsp;<\/p>\n<p><strong>ENERGIA METABOLIZACYJNA:<\/strong> 4070 Kcal\/kg.[\/vc_column_text][\/vc_column][\/vc_row][vc_row css_animation=&#8221;&#8221; row_type=&#8221;row&#8221; use_row_as_full_screen_section=&#8221;no&#8221; type=&#8221;full_width&#8221; angled_section=&#8221;no&#8221; text_align=&#8221;left&#8221; background_image_as_pattern=&#8221;without_pattern&#8221;][vc_column][vc_empty_space][vc_column_text]Zalecana dzienna porcja karmienia (g\/dzie\u0144):[\/vc_column_text][vc_empty_space height=&#8221;10px&#8221;][vc_column_text]<\/p>\n<table class=\"gridtable\">\n<tbody>\n<tr>\n<th class=\"table-first-row\">Waga doros\u0142ego psa<\/th>\n<th class=\"table-first-row\">1-3kg<\/th>\n<th class=\"table-first-row\">4-5kg<\/th>\n<th class=\"table-first-row\">7kg<\/th>\n<th class=\"table-first-row\">10kg<\/th>\n<th class=\"table-first-row\">15kg<\/th>\n<th class=\"table-first-row\">20kg<\/th>\n<th class=\"table-first-row\">25kg<\/th>\n<th class=\"table-first-row\">30kg<\/th>\n<th class=\"table-first-row\">35kg<\/th>\n<th class=\"table-first-row\">40kg<\/th>\n<th class=\"table-first-row\">45kg<\/th>\n<th class=\"table-first-row\">50kg<\/th>\n<th class=\"table-first-row\">60kg<\/th>\n<th class=\"table-first-row\">70kg<\/th>\n<th class=\"table-first-row\">80kg<\/th>\n<\/tr>\n<tr>\n<td class=\"table-first-row\">3 tygodnie<\/td>\n<td>&#8211;<\/td>\n<td>&#8211;<\/td>\n<td>&#8211;<\/td>\n<td>&#8211;<\/td>\n<td>&#8211;<\/td>\n<td>&#8211;<\/td>\n<td>30g<\/td>\n<td>30g<\/td>\n<td>30g<\/td>\n<td>30g<\/td>\n<td>30g<\/td>\n<td>30g<\/td>\n<td>30g<\/td>\n<td>40g<\/td>\n<td>50g<\/td>\n<\/tr>\n<tr>\n<td class=\"table-first-row\">3-4 tygodnie<\/td>\n<td>10g<\/td>\n<td>10g<\/td>\n<td>10g<\/td>\n<td>10g<\/td>\n<td>50g<\/td>\n<td>60g<\/td>\n<td>90g<\/td>\n<td>90g<\/td>\n<td>110g<\/td>\n<td>110g<\/td>\n<td>120g<\/td>\n<td>120g<\/td>\n<td>130g<\/td>\n<td>145g<\/td>\n<td>160g<\/td>\n<\/tr>\n<tr>\n<td class=\"table-first-row\">4-5 tygodni<\/td>\n<td>30g<\/td>\n<td>30g<\/td>\n<td>45g<\/td>\n<td>50g<\/td>\n<td>70g<\/td>\n<td>100g<\/td>\n<td>155g<\/td>\n<td>160g<\/td>\n<td>170g<\/td>\n<td>180g<\/td>\n<td>180g<\/td>\n<td>190g<\/td>\n<td>195g<\/td>\n<td>210g<\/td>\n<td>220g<\/td>\n<\/tr>\n<tr>\n<td class=\"table-first-row\">5-6 tygodni<\/td>\n<td>30g<\/td>\n<td>60g<\/td>\n<td>90g<\/td>\n<td>100g<\/td>\n<td>120g<\/td>\n<td>140g<\/td>\n<td>170g<\/td>\n<td>175g<\/td>\n<td>190g<\/td>\n<td>190g<\/td>\n<td>190g<\/td>\n<td>200g<\/td>\n<td>220g<\/td>\n<td>235g<\/td>\n<td>250g<\/td>\n<\/tr>\n<tr>\n<td class=\"table-first-row\">6-7 tygodni<\/td>\n<td>40g<\/td>\n<td>70g<\/td>\n<td>100g<\/td>\n<td>120g<\/td>\n<td>150g<\/td>\n<td>190g<\/td>\n<td>225g<\/td>\n<td>235g<\/td>\n<td>245g<\/td>\n<td>245g<\/td>\n<td>245g<\/td>\n<td>250g<\/td>\n<td>275g<\/td>\n<td>290g<\/td>\n<td>300g<\/td>\n<\/tr>\n<tr>\n<td class=\"table-first-row\">7-8 tygodni<\/td>\n<td>50g<\/td>\n<td>75g<\/td>\n<td>115g<\/td>\n<td>145g<\/td>\n<td>190g<\/td>\n<td>220g<\/td>\n<td>250g<\/td>\n<td>260g<\/td>\n<td>265g<\/td>\n<td>270g<\/td>\n<td>320g<\/td>\n<td>340g<\/td>\n<td>360g<\/td>\n<td>380g<\/td>\n<td>400g<\/td>\n<\/tr>\n<tr>\n<td class=\"table-first-row\">2 miesi\u0105ce<\/td>\n<td>60g<\/td>\n<td>80g<\/td>\n<td>120g<\/td>\n<td>150g<\/td>\n<td>205g<\/td>\n<td>240g<\/td>\n<td>270g<\/td>\n<td>300g<\/td>\n<td>310g<\/td>\n<td>320g<\/td>\n<td>&#8211;<\/td>\n<td>&#8211;<\/td>\n<td>&#8211;<\/td>\n<td>&#8211;<\/td>\n<td>&#8211;<\/td>\n<\/tr>\n<tr>\n<td class=\"table-first-row\">3 miesi\u0105ce<\/td>\n<td>65g<\/td>\n<td>90g<\/td>\n<td>130g<\/td>\n<td>165g<\/td>\n<td>240g<\/td>\n<td>285g<\/td>\n<td>330g<\/td>\n<td>380g<\/td>\n<td>390g<\/td>\n<td>400g<\/td>\n<td>&#8211;<\/td>\n<td>&#8211;<\/td>\n<td>&#8211;<\/td>\n<td>&#8211;<\/td>\n<td>&#8211;<\/td>\n<\/tr>\n<tr>\n<td class=\"table-first-row\">4 miesi\u0105ce<\/td>\n<td>70g<\/td>\n<td>100g<\/td>\n<td>140g<\/td>\n<td>175g<\/td>\n<td>250g<\/td>\n<td>290g<\/td>\n<td>345g<\/td>\n<td>&#8211;<\/td>\n<td>&#8211;<\/td>\n<td>&#8211;<\/td>\n<td>&#8211;<\/td>\n<td>&#8211;<\/td>\n<td>&#8211;<\/td>\n<td>&#8211;<\/td>\n<td>&#8211;<\/td>\n<\/tr>\n<tr>\n<td class=\"table-first-row\">5 miesi\u0119cy<\/td>\n<td>75g<\/td>\n<td>110g<\/td>\n<td>150g<\/td>\n<td>185g<\/td>\n<td>260g<\/td>\n<td>305g<\/td>\n<td>360g<\/td>\n<td>&#8211;<\/td>\n<td>&#8211;<\/td>\n<td>&#8211;<\/td>\n<td>&#8211;<\/td>\n<td>&#8211;<\/td>\n<td>&#8211;<\/td>\n<td>&#8211;<\/td>\n<td>&#8211;<\/td>\n<\/tr>\n<tr>\n<td class=\"table-first-row\">6 miesi\u0119cy<\/td>\n<td>70g<\/td>\n<td>110g<\/td>\n<td>145g<\/td>\n<td>180g<\/td>\n<td>250g<\/td>\n<td>310g<\/td>\n<td>370g<\/td>\n<td>&#8211;<\/td>\n<td>&#8211;<\/td>\n<td>&#8211;<\/td>\n<td>&#8211;<\/td>\n<td>&#8211;<\/td>\n<td>&#8211;<\/td>\n<td>&#8211;<\/td>\n<td>&#8211;<\/td>\n<\/tr>\n<\/tbody>\n<\/table>\n<p>[\/vc_column_text][vc_empty_space height=&#8221;22px&#8221;][vc_column_text]<strong>SUKI W CI\u0104ZY I KARMI\u0104CE &#8211; KARMIENIE:<\/strong> wprowad\u017a pokarm ci\u0119\u017carnej samicy po 35. dniu ci\u0105\u017cy poprzez stopniow\u0105 wymian\u0119 dotychczasowego pokarmu przez okres 5 dni, a\u017c do ca\u0142kowitego zast\u0105pienia. W si\u00f3dmym tygodniu ci\u0105\u017cy zwi\u0119ksz dzienn\u0105 dawk\u0119 o 50%, stopniowo zwi\u0119kszaj\u0105c przez okres 5 dni, a\u017c do osi\u0105gni\u0119cia po\u017c\u0105danej ilo\u015bci. W tym momencie samica powinna by\u0107 przyzwyczajona do 3 posi\u0142k\u00f3w dziennie. W ostatnim tygodniu ci\u0105\u017cy stopniowo zwi\u0119kszaj dzienn\u0105 dawk\u0119 o dodatkowe 15-20% i podawaj tak\u0105 sam\u0105 ilo\u015b\u0107 przez ca\u0142\u0105 laktacj\u0119.[\/vc_column_text][vc_empty_space height=&#8221;22px&#8221;][vc_column_text]<strong>SPOS\u00d3B U\u017bYCIA:<\/strong> produkt mo\u017cna podawa\u0107 na sucho lub namoczony (zalecamy pola\u0107 karm\u0119 niewielk\u0105 ilo\u015bci\u0105 letniej wody tu\u017c przed podaniem go psu, gdy\u017c jest to dla psa \u0142atwiejsze do strawienia uwa\u017camy, \u017ce r\u00f3wnie\u017c poprawia smak ). Dawki mog\u0105 si\u0119 r\u00f3\u017cni\u0107 w zale\u017cno\u015bci od konkretnych potrzeb niekt\u00f3rych ps\u00f3w. Pies powinien mie\u0107 zawsze dost\u0119p do \u015bwie\u017cej wody pitnej. Przechowywa\u0107 w ch\u0142odnym i suchym miejscu z dala od \u017ar\u00f3de\u0142 ciep\u0142a.[\/vc_column_text][\/vc_column][\/vc_row]<\/p>\n<\/div>","protected":false},"excerpt":{"rendered":"<p>Ultrapremium nisko zbo\u017cowa karma dla szczeni\u0105t<\/p>\n","protected":false},"featured_media":3445,"template":"","meta":[],"product_brand":[],"product_cat":[99,105,101],"product_tag":[110,109],"class_list":{"0":"post-660","1":"product","2":"type-product","3":"status-publish","4":"has-post-thumbnail","6":"product_cat-karma-dla-psow","7":"product_cat-lowgrain","8":"product_cat-nekmar","9":"product_tag-lowgrain","10":"product_tag-nekmar","12":"first","13":"instock","14":"taxable","15":"shipping-taxable","16":"purchasable","17":"product-type-variable"},"yoast_head":"<!-- This site is optimized with the Yoast SEO plugin v27.5 - https:\/\/yoast.com\/product\/yoast-seo-wordpress\/ -->\n<title>Nekmar | Low Grain Puppy &amp; Baby 0-6 months<\/title>\n<meta name=\"description\" content=\"Ultrapremium nisko zbo\u017cowa karma dla szczeni\u0105t\" \/>\n<meta name=\"robots\" content=\"index, follow, max-snippet:-1, max-image-preview:large, max-video-preview:-1\" \/>\n<link rel=\"canonical\" href=\"https:\/\/nekmar.eu\/pl\/produkt\/nekmar-puppy-baby\/\" \/>\n<meta property=\"og:locale\" content=\"pl_PL\" \/>\n<meta property=\"og:type\" content=\"article\" \/>\n<meta property=\"og:title\" content=\"Nekmar Low Grain Puppy &amp; Baby 0-6 months\" \/>\n<meta property=\"og:description\" content=\"Ultrapremium nisko zbo\u017cowa karma dla szczeni\u0105t i junior\u00f3w\" \/>\n<meta property=\"og:url\" content=\"https:\/\/nekmar.eu\/pl\/produkt\/nekmar-puppy-baby\/\" \/>\n<meta property=\"og:site_name\" content=\"Nekmar Polska\" \/>\n<meta property=\"article:modified_time\" content=\"2026-03-06T10:10:46+00:00\" \/>\n<meta property=\"og:image\" content=\"https:\/\/nekmar.eu\/pl\/wp-content\/uploads\/2019\/08\/nekmar-holistic.jpg\" \/>\n\t<meta property=\"og:image:width\" content=\"1200\" \/>\n\t<meta property=\"og:image:height\" content=\"630\" \/>\n\t<meta property=\"og:image:type\" content=\"image\/jpeg\" \/>\n<meta name=\"twitter:card\" content=\"summary_large_image\" \/>\n<meta name=\"twitter:label1\" content=\"Szacowany czas czytania\" \/>\n\t<meta name=\"twitter:data1\" content=\"4 minuty\" \/>\n<script type=\"application\/ld+json\" class=\"yoast-schema-graph\">{\"@context\":\"https:\\\/\\\/schema.org\",\"@graph\":[{\"@type\":\"WebPage\",\"@id\":\"https:\\\/\\\/nekmar.eu\\\/pl\\\/produkt\\\/nekmar-puppy-baby\\\/\",\"url\":\"https:\\\/\\\/nekmar.eu\\\/pl\\\/produkt\\\/nekmar-puppy-baby\\\/\",\"name\":\"Nekmar | Low Grain Puppy & Baby 0-6 months\",\"isPartOf\":{\"@id\":\"https:\\\/\\\/nekmar.eu\\\/pl\\\/#website\"},\"primaryImageOfPage\":{\"@id\":\"https:\\\/\\\/nekmar.eu\\\/pl\\\/produkt\\\/nekmar-puppy-baby\\\/#primaryimage\"},\"image\":{\"@id\":\"https:\\\/\\\/nekmar.eu\\\/pl\\\/produkt\\\/nekmar-puppy-baby\\\/#primaryimage\"},\"thumbnailUrl\":\"https:\\\/\\\/nekmar.eu\\\/pl\\\/wp-content\\\/uploads\\\/2024\\\/05\\\/nekmar_lowgrain_puppy_baby_0-6.jpg\",\"datePublished\":\"2019-09-08T05:56:19+00:00\",\"dateModified\":\"2026-03-06T10:10:46+00:00\",\"description\":\"Ultrapremium nisko zbo\u017cowa karma dla szczeni\u0105t\",\"breadcrumb\":{\"@id\":\"https:\\\/\\\/nekmar.eu\\\/pl\\\/produkt\\\/nekmar-puppy-baby\\\/#breadcrumb\"},\"inLanguage\":\"pl-PL\",\"potentialAction\":[{\"@type\":\"ReadAction\",\"target\":[\"https:\\\/\\\/nekmar.eu\\\/pl\\\/produkt\\\/nekmar-puppy-baby\\\/\"]}]},{\"@type\":\"ImageObject\",\"inLanguage\":\"pl-PL\",\"@id\":\"https:\\\/\\\/nekmar.eu\\\/pl\\\/produkt\\\/nekmar-puppy-baby\\\/#primaryimage\",\"url\":\"https:\\\/\\\/nekmar.eu\\\/pl\\\/wp-content\\\/uploads\\\/2024\\\/05\\\/nekmar_lowgrain_puppy_baby_0-6.jpg\",\"contentUrl\":\"https:\\\/\\\/nekmar.eu\\\/pl\\\/wp-content\\\/uploads\\\/2024\\\/05\\\/nekmar_lowgrain_puppy_baby_0-6.jpg\",\"width\":1000,\"height\":1000},{\"@type\":\"BreadcrumbList\",\"@id\":\"https:\\\/\\\/nekmar.eu\\\/pl\\\/produkt\\\/nekmar-puppy-baby\\\/#breadcrumb\",\"itemListElement\":[{\"@type\":\"ListItem\",\"position\":1,\"name\":\"Home\",\"item\":\"https:\\\/\\\/nekmar.eu\\\/pl\\\/\"},{\"@type\":\"ListItem\",\"position\":2,\"name\":\"Sklep\",\"item\":\"https:\\\/\\\/nekmar.eu\\\/pl\\\/sklep\\\/\"},{\"@type\":\"ListItem\",\"position\":3,\"name\":\"Nekmar Low Grain Puppy &#038; Baby 0-6 months\"}]},{\"@type\":\"WebSite\",\"@id\":\"https:\\\/\\\/nekmar.eu\\\/pl\\\/#website\",\"url\":\"https:\\\/\\\/nekmar.eu\\\/pl\\\/\",\"name\":\"Nekmar Polska\",\"description\":\"Pet Nutrition\",\"publisher\":{\"@id\":\"https:\\\/\\\/nekmar.eu\\\/pl\\\/#organization\"},\"potentialAction\":[{\"@type\":\"SearchAction\",\"target\":{\"@type\":\"EntryPoint\",\"urlTemplate\":\"https:\\\/\\\/nekmar.eu\\\/pl\\\/?s={search_term_string}\"},\"query-input\":{\"@type\":\"PropertyValueSpecification\",\"valueRequired\":true,\"valueName\":\"search_term_string\"}}],\"inLanguage\":\"pl-PL\"},{\"@type\":\"Organization\",\"@id\":\"https:\\\/\\\/nekmar.eu\\\/pl\\\/#organization\",\"name\":\"Nekmar Pet Nutrition Polska\",\"url\":\"https:\\\/\\\/nekmar.eu\\\/pl\\\/\",\"logo\":{\"@type\":\"ImageObject\",\"inLanguage\":\"pl-PL\",\"@id\":\"https:\\\/\\\/nekmar.eu\\\/pl\\\/#\\\/schema\\\/logo\\\/image\\\/\",\"url\":\"https:\\\/\\\/nekmar.eu\\\/pl\\\/wp-content\\\/uploads\\\/2019\\\/08\\\/Nekmar-contact.jpg\",\"contentUrl\":\"https:\\\/\\\/nekmar.eu\\\/pl\\\/wp-content\\\/uploads\\\/2019\\\/08\\\/Nekmar-contact.jpg\",\"width\":600,\"height\":142,\"caption\":\"Nekmar Pet Nutrition Polska\"},\"image\":{\"@id\":\"https:\\\/\\\/nekmar.eu\\\/pl\\\/#\\\/schema\\\/logo\\\/image\\\/\"}}]}<\/script>\n<!-- \/ Yoast SEO plugin. -->","yoast_head_json":{"title":"Nekmar | Low Grain Puppy & Baby 0-6 months","description":"Ultrapremium nisko zbo\u017cowa karma dla szczeni\u0105t","robots":{"index":"index","follow":"follow","max-snippet":"max-snippet:-1","max-image-preview":"max-image-preview:large","max-video-preview":"max-video-preview:-1"},"canonical":"https:\/\/nekmar.eu\/pl\/produkt\/nekmar-puppy-baby\/","og_locale":"pl_PL","og_type":"article","og_title":"Nekmar Low Grain Puppy & Baby 0-6 months","og_description":"Ultrapremium nisko zbo\u017cowa karma dla szczeni\u0105t i junior\u00f3w","og_url":"https:\/\/nekmar.eu\/pl\/produkt\/nekmar-puppy-baby\/","og_site_name":"Nekmar Polska","article_modified_time":"2026-03-06T10:10:46+00:00","og_image":[{"width":1200,"height":630,"url":"https:\/\/nekmar.eu\/pl\/wp-content\/uploads\/2019\/08\/nekmar-holistic.jpg","type":"image\/jpeg"}],"twitter_card":"summary_large_image","twitter_misc":{"Szacowany czas czytania":"4 minuty"},"schema":{"@context":"https:\/\/schema.org","@graph":[{"@type":"WebPage","@id":"https:\/\/nekmar.eu\/pl\/produkt\/nekmar-puppy-baby\/","url":"https:\/\/nekmar.eu\/pl\/produkt\/nekmar-puppy-baby\/","name":"Nekmar | Low Grain Puppy & Baby 0-6 months","isPartOf":{"@id":"https:\/\/nekmar.eu\/pl\/#website"},"primaryImageOfPage":{"@id":"https:\/\/nekmar.eu\/pl\/produkt\/nekmar-puppy-baby\/#primaryimage"},"image":{"@id":"https:\/\/nekmar.eu\/pl\/produkt\/nekmar-puppy-baby\/#primaryimage"},"thumbnailUrl":"https:\/\/nekmar.eu\/pl\/wp-content\/uploads\/2024\/05\/nekmar_lowgrain_puppy_baby_0-6.jpg","datePublished":"2019-09-08T05:56:19+00:00","dateModified":"2026-03-06T10:10:46+00:00","description":"Ultrapremium nisko zbo\u017cowa karma dla szczeni\u0105t","breadcrumb":{"@id":"https:\/\/nekmar.eu\/pl\/produkt\/nekmar-puppy-baby\/#breadcrumb"},"inLanguage":"pl-PL","potentialAction":[{"@type":"ReadAction","target":["https:\/\/nekmar.eu\/pl\/produkt\/nekmar-puppy-baby\/"]}]},{"@type":"ImageObject","inLanguage":"pl-PL","@id":"https:\/\/nekmar.eu\/pl\/produkt\/nekmar-puppy-baby\/#primaryimage","url":"https:\/\/nekmar.eu\/pl\/wp-content\/uploads\/2024\/05\/nekmar_lowgrain_puppy_baby_0-6.jpg","contentUrl":"https:\/\/nekmar.eu\/pl\/wp-content\/uploads\/2024\/05\/nekmar_lowgrain_puppy_baby_0-6.jpg","width":1000,"height":1000},{"@type":"BreadcrumbList","@id":"https:\/\/nekmar.eu\/pl\/produkt\/nekmar-puppy-baby\/#breadcrumb","itemListElement":[{"@type":"ListItem","position":1,"name":"Home","item":"https:\/\/nekmar.eu\/pl\/"},{"@type":"ListItem","position":2,"name":"Sklep","item":"https:\/\/nekmar.eu\/pl\/sklep\/"},{"@type":"ListItem","position":3,"name":"Nekmar Low Grain Puppy &#038; Baby 0-6 months"}]},{"@type":"WebSite","@id":"https:\/\/nekmar.eu\/pl\/#website","url":"https:\/\/nekmar.eu\/pl\/","name":"Nekmar Polska","description":"Pet Nutrition","publisher":{"@id":"https:\/\/nekmar.eu\/pl\/#organization"},"potentialAction":[{"@type":"SearchAction","target":{"@type":"EntryPoint","urlTemplate":"https:\/\/nekmar.eu\/pl\/?s={search_term_string}"},"query-input":{"@type":"PropertyValueSpecification","valueRequired":true,"valueName":"search_term_string"}}],"inLanguage":"pl-PL"},{"@type":"Organization","@id":"https:\/\/nekmar.eu\/pl\/#organization","name":"Nekmar Pet Nutrition Polska","url":"https:\/\/nekmar.eu\/pl\/","logo":{"@type":"ImageObject","inLanguage":"pl-PL","@id":"https:\/\/nekmar.eu\/pl\/#\/schema\/logo\/image\/","url":"https:\/\/nekmar.eu\/pl\/wp-content\/uploads\/2019\/08\/Nekmar-contact.jpg","contentUrl":"https:\/\/nekmar.eu\/pl\/wp-content\/uploads\/2019\/08\/Nekmar-contact.jpg","width":600,"height":142,"caption":"Nekmar Pet Nutrition Polska"},"image":{"@id":"https:\/\/nekmar.eu\/pl\/#\/schema\/logo\/image\/"}}]}},"_links":{"self":[{"href":"https:\/\/nekmar.eu\/pl\/wp-json\/wp\/v2\/product\/660","targetHints":{"allow":["GET"]}}],"collection":[{"href":"https:\/\/nekmar.eu\/pl\/wp-json\/wp\/v2\/product"}],"about":[{"href":"https:\/\/nekmar.eu\/pl\/wp-json\/wp\/v2\/types\/product"}],"wp:featuredmedia":[{"embeddable":true,"href":"https:\/\/nekmar.eu\/pl\/wp-json\/wp\/v2\/media\/3445"}],"wp:attachment":[{"href":"https:\/\/nekmar.eu\/pl\/wp-json\/wp\/v2\/media?parent=660"}],"wp:term":[{"taxonomy":"product_brand","embeddable":true,"href":"https:\/\/nekmar.eu\/pl\/wp-json\/wp\/v2\/product_brand?post=660"},{"taxonomy":"product_cat","embeddable":true,"href":"https:\/\/nekmar.eu\/pl\/wp-json\/wp\/v2\/product_cat?post=660"},{"taxonomy":"product_tag","embeddable":true,"href":"https:\/\/nekmar.eu\/pl\/wp-json\/wp\/v2\/product_tag?post=660"}],"curies":[{"name":"wp","href":"https:\/\/api.w.org\/{rel}","templated":true}]}}