{"id":662,"date":"2019-09-08T08:07:25","date_gmt":"2019-09-08T07:07:25","guid":{"rendered":"https:\/\/nekmar.eu\/pl\/?post_type=product&#038;p=662"},"modified":"2026-02-01T16:59:40","modified_gmt":"2026-02-01T15:59:40","slug":"nekmar-adult-small-medium","status":"publish","type":"product","link":"https:\/\/nekmar.eu\/pl\/produkt\/nekmar-adult-small-medium\/","title":{"rendered":"Nekmar Low Grain Adult Small &#038; Medium"},"content":{"rendered":"<div class=\"wpb-content-wrapper\"><p>[vc_row css_animation=&#8221;&#8221; row_type=&#8221;row&#8221; use_row_as_full_screen_section=&#8221;no&#8221; type=&#8221;full_width&#8221; angled_section=&#8221;no&#8221; text_align=&#8221;left&#8221; background_image_as_pattern=&#8221;without_pattern&#8221;][vc_column][vc_column_text]<strong>SK\u0141AD:<\/strong> mi\u0119so z kurczaka 38% (w tym \u015bwie\u017ce mi\u0119so z kurczaka 15%), br\u0105zowy ry\u017c 23%, groch, t\u0142uszcz z kurczaka 10%, b\u00f3b, ziemniaki, siemi\u0119 lniane, suszona pulpa buraczana, hydrolizowana w\u0105troba 2%, dro\u017cd\u017ce, suszona m\u0105czka z wodorost\u00f3w morskich 0 24%, mannanooligosacharydy (MOS 0,16%), odwodniona \u0142odyga ananasa (Ananas comusus), odwodniona sk\u00f3rka granatu (Punica granatum L.), odwodniona juka schidigera, odwodniony mniszek lekarski (Taraxacum officinale W.), glukozamina, siarczan chondroityny.<\/p>\n<p>&nbsp;<\/p>\n<p><strong>SK\u0141ADNIKI ANALITYCZNE:<\/strong> bia\u0142ko surowe 27%, oleje i t\u0142uszcze surowe 15%, w\u0142\u00f3kno surowe 2,6%, popi\u00f3\u0142 7,5%, wilgotno\u015b\u0107 8%.<\/p>\n<p>&nbsp;<\/p>\n<p><strong>DODATKI na KG:<\/strong> Dodatki dietetyczne: 3a672a Witamina A 19500 UI, E671 Witamina D3 1300 UI, 3a700 Witamina E (tralfatoc.Acet) 170mg, Mied\u017a E4 (pentahydrat siarczanu miedzi) 15,5mg, \u017belazo E1 (w\u0119glan \u017celaza) 31mg, E5 mangan (tlenek manganu) 62 mg, 3b605 cynk (jednowodny siarczan cynku) 70 mg, 3b201 jod (jodek potasu) 2,45 mg, E8 selen (selenin sodu) 0,16 mg. Dodatki organoleptyczne: Produkt naturalny, zdefiniowany botanicznie.<\/p>\n<p>&nbsp;<\/p>\n<p><strong>ENERGIA METABOLIZACYJNA:<\/strong> 3810 Kcal\/kg.[\/vc_column_text][\/vc_column][\/vc_row][vc_row css_animation=&#8221;&#8221; row_type=&#8221;row&#8221; use_row_as_full_screen_section=&#8221;no&#8221; type=&#8221;full_width&#8221; angled_section=&#8221;no&#8221; text_align=&#8221;left&#8221; background_image_as_pattern=&#8221;without_pattern&#8221;][vc_column][vc_empty_space][vc_column_text]Zalecana dzienna porcja karmienia (g\/dzie\u0144):[\/vc_column_text][vc_empty_space height=&#8221;12px&#8221;][vc_column_text]<\/p>\n<table class=\"gridtable\">\n<tbody>\n<tr>\n<th class=\"table-first-row\">Waga doros\u0142ego psa<\/th>\n<th class=\"table-first-row\">1kg<\/th>\n<th class=\"table-first-row\">2kg<\/th>\n<th class=\"table-first-row\">3kg<\/th>\n<th class=\"table-first-row\">4kg<\/th>\n<th class=\"table-first-row\">5kg<\/th>\n<th class=\"table-first-row\">6kg<\/th>\n<th class=\"table-first-row\">7kg<\/th>\n<th class=\"table-first-row\">8kg<\/th>\n<th class=\"table-first-row\">10<\/th>\n<th class=\"table-first-row\">12kg<\/th>\n<th class=\"table-first-row\">15kg<\/th>\n<th class=\"table-first-row\">20kg<\/th>\n<th class=\"table-first-row\">25kg<\/th>\n<\/tr>\n<tr>\n<td class=\"table-first-row\">Normalna aktywno\u015b\u0107<\/td>\n<td>25g<\/td>\n<td>45g<\/td>\n<td>60g<\/td>\n<td>75g<\/td>\n<td>90g<\/td>\n<td>100g<\/td>\n<td>115g<\/td>\n<td>125g<\/td>\n<td>140g<\/td>\n<td>160g<\/td>\n<td>200g<\/td>\n<td>240g<\/td>\n<td>285g<\/td>\n<\/tr>\n<tr>\n<td class=\"table-first-row\">\u015arednia aktywno\u015b\u0107<\/td>\n<td>30g<\/td>\n<td>55g<\/td>\n<td>72g<\/td>\n<td>90g<\/td>\n<td>105g<\/td>\n<td>120g<\/td>\n<td>135g<\/td>\n<td>150g<\/td>\n<td>168g<\/td>\n<td>190g<\/td>\n<td>240g<\/td>\n<td>285g<\/td>\n<td>340g<\/td>\n<\/tr>\n<tr>\n<td class=\"table-first-row\">Wysoka aktywno\u015b\u0107<\/td>\n<td>35g<\/td>\n<td>65g<\/td>\n<td>85g<\/td>\n<td>105g<\/td>\n<td>130g<\/td>\n<td>140g<\/td>\n<td>160g<\/td>\n<td>180g<\/td>\n<td>200g<\/td>\n<td>230g<\/td>\n<td>285g<\/td>\n<td>340g<\/td>\n<td>410g<\/td>\n<\/tr>\n<\/tbody>\n<\/table>\n<p>[\/vc_column_text][vc_empty_space height=&#8221;22px&#8221;][vc_column_text]<strong>SPOS\u00d3B U\u017bYCIA:<\/strong> produkt mo\u017cna podawa\u0107 na sucho lub namoczony (zalecamy pola\u0107 karm\u0119 niewielk\u0105 ilo\u015bci\u0105 letniej wody tu\u017c przed podaniem go psu, gdy\u017c jest to dla psa \u0142atwiejsze do strawienia uwa\u017camy, \u017ce r\u00f3wnie\u017c poprawia smak ). Dawki mog\u0105 si\u0119 r\u00f3\u017cni\u0107 w zale\u017cno\u015bci od konkretnych potrzeb niekt\u00f3rych ps\u00f3w. Pies powinien mie\u0107 zawsze dost\u0119p do \u015bwie\u017cej wody pitnej. Przechowywa\u0107 w ch\u0142odnym i suchym miejscu z dala od \u017ar\u00f3de\u0142 ciep\u0142a.[\/vc_column_text][\/vc_column][\/vc_row]<\/p>\n<\/div>","protected":false},"excerpt":{"rendered":"<p>Ultrapremium nisko zbo\u017cowa karma dla ps\u00f3w doros\u0142ych<\/p>\n","protected":false},"featured_media":3436,"template":"","meta":[],"product_brand":[],"product_cat":[99,105,101],"product_tag":[110,109],"class_list":{"0":"post-662","1":"product","2":"type-product","3":"status-publish","4":"has-post-thumbnail","6":"product_cat-karma-dla-psow","7":"product_cat-lowgrain","8":"product_cat-nekmar","9":"product_tag-lowgrain","10":"product_tag-nekmar","12":"first","13":"instock","14":"taxable","15":"shipping-taxable","16":"purchasable","17":"product-type-variable"},"yoast_head":"<!-- This site is optimized with the Yoast SEO plugin v27.5 - https:\/\/yoast.com\/product\/yoast-seo-wordpress\/ -->\n<title>Nekmar | Low Grain Adult Small &amp; Medium<\/title>\n<meta name=\"description\" content=\"Ultrapremium nisko zbo\u017cowa karma dla ps\u00f3w doros\u0142ych\" \/>\n<meta name=\"robots\" content=\"index, follow, max-snippet:-1, max-image-preview:large, max-video-preview:-1\" \/>\n<link rel=\"canonical\" href=\"https:\/\/nekmar.eu\/pl\/produkt\/nekmar-adult-small-medium\/\" \/>\n<meta property=\"og:locale\" content=\"pl_PL\" \/>\n<meta property=\"og:type\" content=\"article\" \/>\n<meta property=\"og:title\" content=\"Nekmar Low Grain Adult Small &amp; Medium\" \/>\n<meta property=\"og:description\" content=\"Ultrapremium nisko zbo\u017cowa karma dla ps\u00f3w doros\u0142ych\" \/>\n<meta property=\"og:url\" content=\"https:\/\/nekmar.eu\/pl\/produkt\/nekmar-adult-small-medium\/\" \/>\n<meta property=\"og:site_name\" content=\"Nekmar Polska\" \/>\n<meta property=\"article:modified_time\" content=\"2026-02-01T15:59:40+00:00\" \/>\n<meta property=\"og:image\" content=\"https:\/\/nekmar.eu\/pl\/wp-content\/uploads\/2019\/08\/nekmar-holistic.jpg\" \/>\n\t<meta property=\"og:image:width\" content=\"1200\" \/>\n\t<meta property=\"og:image:height\" content=\"630\" \/>\n\t<meta property=\"og:image:type\" content=\"image\/jpeg\" \/>\n<meta name=\"twitter:card\" content=\"summary_large_image\" \/>\n<meta name=\"twitter:label1\" content=\"Szacowany czas czytania\" \/>\n\t<meta name=\"twitter:data1\" content=\"2 minuty\" \/>\n<script type=\"application\/ld+json\" class=\"yoast-schema-graph\">{\"@context\":\"https:\\\/\\\/schema.org\",\"@graph\":[{\"@type\":\"WebPage\",\"@id\":\"https:\\\/\\\/nekmar.eu\\\/pl\\\/produkt\\\/nekmar-adult-small-medium\\\/\",\"url\":\"https:\\\/\\\/nekmar.eu\\\/pl\\\/produkt\\\/nekmar-adult-small-medium\\\/\",\"name\":\"Nekmar | Low Grain Adult Small & Medium\",\"isPartOf\":{\"@id\":\"https:\\\/\\\/nekmar.eu\\\/pl\\\/#website\"},\"primaryImageOfPage\":{\"@id\":\"https:\\\/\\\/nekmar.eu\\\/pl\\\/produkt\\\/nekmar-adult-small-medium\\\/#primaryimage\"},\"image\":{\"@id\":\"https:\\\/\\\/nekmar.eu\\\/pl\\\/produkt\\\/nekmar-adult-small-medium\\\/#primaryimage\"},\"thumbnailUrl\":\"https:\\\/\\\/nekmar.eu\\\/pl\\\/wp-content\\\/uploads\\\/2024\\\/05\\\/nekmar_lowgrain_adult_small_medium.jpg\",\"datePublished\":\"2019-09-08T07:07:25+00:00\",\"dateModified\":\"2026-02-01T15:59:40+00:00\",\"description\":\"Ultrapremium nisko zbo\u017cowa karma dla ps\u00f3w doros\u0142ych\",\"breadcrumb\":{\"@id\":\"https:\\\/\\\/nekmar.eu\\\/pl\\\/produkt\\\/nekmar-adult-small-medium\\\/#breadcrumb\"},\"inLanguage\":\"pl-PL\",\"potentialAction\":[{\"@type\":\"ReadAction\",\"target\":[\"https:\\\/\\\/nekmar.eu\\\/pl\\\/produkt\\\/nekmar-adult-small-medium\\\/\"]}]},{\"@type\":\"ImageObject\",\"inLanguage\":\"pl-PL\",\"@id\":\"https:\\\/\\\/nekmar.eu\\\/pl\\\/produkt\\\/nekmar-adult-small-medium\\\/#primaryimage\",\"url\":\"https:\\\/\\\/nekmar.eu\\\/pl\\\/wp-content\\\/uploads\\\/2024\\\/05\\\/nekmar_lowgrain_adult_small_medium.jpg\",\"contentUrl\":\"https:\\\/\\\/nekmar.eu\\\/pl\\\/wp-content\\\/uploads\\\/2024\\\/05\\\/nekmar_lowgrain_adult_small_medium.jpg\",\"width\":1000,\"height\":1000},{\"@type\":\"BreadcrumbList\",\"@id\":\"https:\\\/\\\/nekmar.eu\\\/pl\\\/produkt\\\/nekmar-adult-small-medium\\\/#breadcrumb\",\"itemListElement\":[{\"@type\":\"ListItem\",\"position\":1,\"name\":\"Home\",\"item\":\"https:\\\/\\\/nekmar.eu\\\/pl\\\/\"},{\"@type\":\"ListItem\",\"position\":2,\"name\":\"Sklep\",\"item\":\"https:\\\/\\\/nekmar.eu\\\/pl\\\/sklep\\\/\"},{\"@type\":\"ListItem\",\"position\":3,\"name\":\"Nekmar Low Grain Adult Small &#038; Medium\"}]},{\"@type\":\"WebSite\",\"@id\":\"https:\\\/\\\/nekmar.eu\\\/pl\\\/#website\",\"url\":\"https:\\\/\\\/nekmar.eu\\\/pl\\\/\",\"name\":\"Nekmar Polska\",\"description\":\"Pet Nutrition\",\"publisher\":{\"@id\":\"https:\\\/\\\/nekmar.eu\\\/pl\\\/#organization\"},\"potentialAction\":[{\"@type\":\"SearchAction\",\"target\":{\"@type\":\"EntryPoint\",\"urlTemplate\":\"https:\\\/\\\/nekmar.eu\\\/pl\\\/?s={search_term_string}\"},\"query-input\":{\"@type\":\"PropertyValueSpecification\",\"valueRequired\":true,\"valueName\":\"search_term_string\"}}],\"inLanguage\":\"pl-PL\"},{\"@type\":\"Organization\",\"@id\":\"https:\\\/\\\/nekmar.eu\\\/pl\\\/#organization\",\"name\":\"Nekmar Pet Nutrition Polska\",\"url\":\"https:\\\/\\\/nekmar.eu\\\/pl\\\/\",\"logo\":{\"@type\":\"ImageObject\",\"inLanguage\":\"pl-PL\",\"@id\":\"https:\\\/\\\/nekmar.eu\\\/pl\\\/#\\\/schema\\\/logo\\\/image\\\/\",\"url\":\"https:\\\/\\\/nekmar.eu\\\/pl\\\/wp-content\\\/uploads\\\/2019\\\/08\\\/Nekmar-contact.jpg\",\"contentUrl\":\"https:\\\/\\\/nekmar.eu\\\/pl\\\/wp-content\\\/uploads\\\/2019\\\/08\\\/Nekmar-contact.jpg\",\"width\":600,\"height\":142,\"caption\":\"Nekmar Pet Nutrition Polska\"},\"image\":{\"@id\":\"https:\\\/\\\/nekmar.eu\\\/pl\\\/#\\\/schema\\\/logo\\\/image\\\/\"}}]}<\/script>\n<!-- \/ Yoast SEO plugin. -->","yoast_head_json":{"title":"Nekmar | Low Grain Adult Small & Medium","description":"Ultrapremium nisko zbo\u017cowa karma dla ps\u00f3w doros\u0142ych","robots":{"index":"index","follow":"follow","max-snippet":"max-snippet:-1","max-image-preview":"max-image-preview:large","max-video-preview":"max-video-preview:-1"},"canonical":"https:\/\/nekmar.eu\/pl\/produkt\/nekmar-adult-small-medium\/","og_locale":"pl_PL","og_type":"article","og_title":"Nekmar Low Grain Adult Small & Medium","og_description":"Ultrapremium nisko zbo\u017cowa karma dla ps\u00f3w doros\u0142ych","og_url":"https:\/\/nekmar.eu\/pl\/produkt\/nekmar-adult-small-medium\/","og_site_name":"Nekmar Polska","article_modified_time":"2026-02-01T15:59:40+00:00","og_image":[{"width":1200,"height":630,"url":"https:\/\/nekmar.eu\/pl\/wp-content\/uploads\/2019\/08\/nekmar-holistic.jpg","type":"image\/jpeg"}],"twitter_card":"summary_large_image","twitter_misc":{"Szacowany czas czytania":"2 minuty"},"schema":{"@context":"https:\/\/schema.org","@graph":[{"@type":"WebPage","@id":"https:\/\/nekmar.eu\/pl\/produkt\/nekmar-adult-small-medium\/","url":"https:\/\/nekmar.eu\/pl\/produkt\/nekmar-adult-small-medium\/","name":"Nekmar | Low Grain Adult Small & Medium","isPartOf":{"@id":"https:\/\/nekmar.eu\/pl\/#website"},"primaryImageOfPage":{"@id":"https:\/\/nekmar.eu\/pl\/produkt\/nekmar-adult-small-medium\/#primaryimage"},"image":{"@id":"https:\/\/nekmar.eu\/pl\/produkt\/nekmar-adult-small-medium\/#primaryimage"},"thumbnailUrl":"https:\/\/nekmar.eu\/pl\/wp-content\/uploads\/2024\/05\/nekmar_lowgrain_adult_small_medium.jpg","datePublished":"2019-09-08T07:07:25+00:00","dateModified":"2026-02-01T15:59:40+00:00","description":"Ultrapremium nisko zbo\u017cowa karma dla ps\u00f3w doros\u0142ych","breadcrumb":{"@id":"https:\/\/nekmar.eu\/pl\/produkt\/nekmar-adult-small-medium\/#breadcrumb"},"inLanguage":"pl-PL","potentialAction":[{"@type":"ReadAction","target":["https:\/\/nekmar.eu\/pl\/produkt\/nekmar-adult-small-medium\/"]}]},{"@type":"ImageObject","inLanguage":"pl-PL","@id":"https:\/\/nekmar.eu\/pl\/produkt\/nekmar-adult-small-medium\/#primaryimage","url":"https:\/\/nekmar.eu\/pl\/wp-content\/uploads\/2024\/05\/nekmar_lowgrain_adult_small_medium.jpg","contentUrl":"https:\/\/nekmar.eu\/pl\/wp-content\/uploads\/2024\/05\/nekmar_lowgrain_adult_small_medium.jpg","width":1000,"height":1000},{"@type":"BreadcrumbList","@id":"https:\/\/nekmar.eu\/pl\/produkt\/nekmar-adult-small-medium\/#breadcrumb","itemListElement":[{"@type":"ListItem","position":1,"name":"Home","item":"https:\/\/nekmar.eu\/pl\/"},{"@type":"ListItem","position":2,"name":"Sklep","item":"https:\/\/nekmar.eu\/pl\/sklep\/"},{"@type":"ListItem","position":3,"name":"Nekmar Low Grain Adult Small &#038; Medium"}]},{"@type":"WebSite","@id":"https:\/\/nekmar.eu\/pl\/#website","url":"https:\/\/nekmar.eu\/pl\/","name":"Nekmar Polska","description":"Pet Nutrition","publisher":{"@id":"https:\/\/nekmar.eu\/pl\/#organization"},"potentialAction":[{"@type":"SearchAction","target":{"@type":"EntryPoint","urlTemplate":"https:\/\/nekmar.eu\/pl\/?s={search_term_string}"},"query-input":{"@type":"PropertyValueSpecification","valueRequired":true,"valueName":"search_term_string"}}],"inLanguage":"pl-PL"},{"@type":"Organization","@id":"https:\/\/nekmar.eu\/pl\/#organization","name":"Nekmar Pet Nutrition Polska","url":"https:\/\/nekmar.eu\/pl\/","logo":{"@type":"ImageObject","inLanguage":"pl-PL","@id":"https:\/\/nekmar.eu\/pl\/#\/schema\/logo\/image\/","url":"https:\/\/nekmar.eu\/pl\/wp-content\/uploads\/2019\/08\/Nekmar-contact.jpg","contentUrl":"https:\/\/nekmar.eu\/pl\/wp-content\/uploads\/2019\/08\/Nekmar-contact.jpg","width":600,"height":142,"caption":"Nekmar Pet Nutrition Polska"},"image":{"@id":"https:\/\/nekmar.eu\/pl\/#\/schema\/logo\/image\/"}}]}},"_links":{"self":[{"href":"https:\/\/nekmar.eu\/pl\/wp-json\/wp\/v2\/product\/662","targetHints":{"allow":["GET"]}}],"collection":[{"href":"https:\/\/nekmar.eu\/pl\/wp-json\/wp\/v2\/product"}],"about":[{"href":"https:\/\/nekmar.eu\/pl\/wp-json\/wp\/v2\/types\/product"}],"wp:featuredmedia":[{"embeddable":true,"href":"https:\/\/nekmar.eu\/pl\/wp-json\/wp\/v2\/media\/3436"}],"wp:attachment":[{"href":"https:\/\/nekmar.eu\/pl\/wp-json\/wp\/v2\/media?parent=662"}],"wp:term":[{"taxonomy":"product_brand","embeddable":true,"href":"https:\/\/nekmar.eu\/pl\/wp-json\/wp\/v2\/product_brand?post=662"},{"taxonomy":"product_cat","embeddable":true,"href":"https:\/\/nekmar.eu\/pl\/wp-json\/wp\/v2\/product_cat?post=662"},{"taxonomy":"product_tag","embeddable":true,"href":"https:\/\/nekmar.eu\/pl\/wp-json\/wp\/v2\/product_tag?post=662"}],"curies":[{"name":"wp","href":"https:\/\/api.w.org\/{rel}","templated":true}]}}