{"id":668,"date":"2019-09-08T08:30:20","date_gmt":"2019-09-08T07:30:20","guid":{"rendered":"https:\/\/nekmar.eu\/pl\/?post_type=product&#038;p=668"},"modified":"2026-05-05T13:50:39","modified_gmt":"2026-05-05T12:50:39","slug":"nekmar-adult-rabbit-iberico","status":"publish","type":"product","link":"https:\/\/nekmar.eu\/pl\/produkt\/nekmar-adult-rabbit-iberico\/","title":{"rendered":"Nekmar Grain Free Adult Rabbit &#038; Iberico"},"content":{"rendered":"<div class=\"wpb-content-wrapper\"><p>[vc_row css_animation=&#8221;&#8221; row_type=&#8221;row&#8221; use_row_as_full_screen_section=&#8221;no&#8221; type=&#8221;full_width&#8221; angled_section=&#8221;no&#8221; text_align=&#8221;left&#8221; background_image_as_pattern=&#8221;without_pattern&#8221;][vc_column][vc_column_text]<strong>SK\u0141AD:<\/strong> \u015awie\u017ce mi\u0119so kr\u00f3lika 30%, suszone mi\u0119so wieprzowe 20%, ziemniaki 15%, groch, t\u0142uszcz drobiowy suszona ryba 5%, b\u00f3b, siemi\u0119 lniane, suszona pulpa buraczana, dro\u017cd\u017ce, m\u0105czka z wodorost\u00f3w morskich 0,3%, Fruktooligosacharydy (FOS 0,2 %), mannanooligosacharydy (MOS 0,2 %), juka schidigera, ostropest plamisty (Silybum marianum L.), suszona sk\u00f3rka granatu (Punica granatum), suszony owoc dzikiej r\u00f3\u017cy (Rosa Canina LR, Pendulina L.) , glukozamina, siarczan chondroityny.<\/p>\n<p>&nbsp;<\/p>\n<p><strong>SK\u0141ADNIKI ANALITYCZNE:<\/strong> bia\u0142ko surowe 31%, oleje i t\u0142uszcze surowe 19%, w\u0142\u00f3kno surowe 2,5%, popi\u00f3\u0142 8,2%, wilgotno\u015b\u0107 8%.<\/p>\n<p>&nbsp;<\/p>\n<p><strong>DODATKI na KG:<\/strong> Dodatki dietetyczne: 3a672a Witamina A 21000 UI, E671 Witamina D3 1400 UI, 3a700 Witamina E (tralfa toc.Acet) 180mg, E4 mied\u017a (pi\u0119ciowodny siarczan miedzi) 15mg, E1 \u017celazo (w\u0119glan \u017celaza) 30mg, E5 mangan (tlenek manganu) 60 mg, 3b605 cynk(jednowodny siarczan cynku) 68 mg, 3b201 jod(jodek potasu) 3,7mg, E8 selen (selenin sodu) 0,16mg.<\/p>\n<p>&nbsp;<\/p>\n<p><strong>ENERGIA METABOLIZACYJNA:<\/strong> 4000 Kcal\/kg.[\/vc_column_text][\/vc_column][\/vc_row][vc_row css_animation=&#8221;&#8221; row_type=&#8221;row&#8221; use_row_as_full_screen_section=&#8221;no&#8221; type=&#8221;full_width&#8221; angled_section=&#8221;no&#8221; text_align=&#8221;left&#8221; background_image_as_pattern=&#8221;without_pattern&#8221;][vc_column][vc_empty_space][vc_column_text]Zalecana dzienna porcja karmienia (g\/dzie\u0144):[\/vc_column_text][vc_empty_space height=&#8221;10px&#8221;][vc_column_text]<\/p>\n<table class=\"gridtable\">\n<tbody>\n<tr>\n<th class=\"table-first-row\">Waga doros\u0142ego psa<\/th>\n<th class=\"table-first-row\">2,5kg<\/th>\n<th class=\"table-first-row\">5kg<\/th>\n<th class=\"table-first-row\">7kg<\/th>\n<th class=\"table-first-row\">10kg<\/th>\n<th class=\"table-first-row\">15kg<\/th>\n<th class=\"table-first-row\">20kg<\/th>\n<th class=\"table-first-row\">25kg<\/th>\n<th class=\"table-first-row\">30kg<\/th>\n<th class=\"table-first-row\">35kg<\/th>\n<th class=\"table-first-row\">40kg<\/th>\n<th class=\"table-first-row\">45kg<\/th>\n<th class=\"table-first-row\">50kg<\/th>\n<th class=\"table-first-row\">60kg<\/th>\n<th class=\"table-first-row\">70kg<\/th>\n<th class=\"table-first-row\">80kg<\/th>\n<\/tr>\n<tr>\n<td class=\"table-first-row\">Normalna aktywno\u015b\u0107<\/td>\n<td>45g<\/td>\n<td>70g<\/td>\n<td>105g<\/td>\n<td>135g<\/td>\n<td>180g<\/td>\n<td>235g<\/td>\n<td>280g<\/td>\n<td>320g<\/td>\n<td>360g<\/td>\n<td>400g<\/td>\n<td>435g<\/td>\n<td>470g<\/td>\n<td>540g<\/td>\n<td>610g<\/td>\n<td>680g<\/td>\n<\/tr>\n<tr>\n<td class=\"table-first-row\">\u015arednia aktywno\u015b\u0107<\/td>\n<td>55g<\/td>\n<td>84g<\/td>\n<td>125g<\/td>\n<td>160g<\/td>\n<td>215g<\/td>\n<td>280g<\/td>\n<td>335g<\/td>\n<td>385g<\/td>\n<td>430g<\/td>\n<td>480g<\/td>\n<td>520g<\/td>\n<td>565g<\/td>\n<td>645g<\/td>\n<td>730g<\/td>\n<td>810g<\/td>\n<\/tr>\n<tr>\n<td class=\"table-first-row\">Wysoka aktywno\u015b\u0107<\/td>\n<td>65g<\/td>\n<td>100g<\/td>\n<td>150g<\/td>\n<td>190g<\/td>\n<td>260g<\/td>\n<td>335g<\/td>\n<td>400g<\/td>\n<td>460g<\/td>\n<td>515g<\/td>\n<td>575g<\/td>\n<td>620g<\/td>\n<td>675g<\/td>\n<td>770g<\/td>\n<td>870g<\/td>\n<td>970g<\/td>\n<\/tr>\n<\/tbody>\n<\/table>\n<p>[\/vc_column_text][vc_empty_space height=&#8221;22px&#8221;][vc_column_text]<strong>SPOS\u00d3B U\u017bYCIA:<\/strong> produkt mo\u017cna podawa\u0107 na sucho lub namoczony (zalecamy pola\u0107 karm\u0119 niewielk\u0105 ilo\u015bci\u0105 letniej wody tu\u017c przed podaniem go psu, gdy\u017c jest to dla psa \u0142atwiejsze do strawienia uwa\u017camy, \u017ce r\u00f3wnie\u017c poprawia smak ). Dawki mog\u0105 si\u0119 r\u00f3\u017cni\u0107 w zale\u017cno\u015bci od konkretnych potrzeb niekt\u00f3rych ps\u00f3w. Pies powinien mie\u0107 zawsze dost\u0119p do \u015bwie\u017cej wody pitnej. Przechowywa\u0107 w ch\u0142odnym i suchym miejscu z dala od \u017ar\u00f3de\u0142 ciep\u0142a.[\/vc_column_text][\/vc_column][\/vc_row]<\/p>\n<\/div>","protected":false},"excerpt":{"rendered":"<p>Bezzbo\u017cowa\u00a0karma Ultrapremium dla doros\u0142ych ps\u00f3w<\/p>\n","protected":false},"featured_media":3429,"template":"","meta":[],"product_brand":[],"product_cat":[107,99,101],"product_tag":[112,109],"class_list":{"0":"post-668","1":"product","2":"type-product","3":"status-publish","4":"has-post-thumbnail","6":"product_cat-grainfree","7":"product_cat-karma-dla-psow","8":"product_cat-nekmar","9":"product_tag-grainfree","10":"product_tag-nekmar","12":"first","13":"instock","14":"taxable","15":"shipping-taxable","16":"purchasable","17":"product-type-variable"},"yoast_head":"<!-- This site is optimized with the Yoast SEO plugin v27.5 - https:\/\/yoast.com\/product\/yoast-seo-wordpress\/ -->\n<title>Nekmar | Grain Free Adult Rabbit &amp; Iberico<\/title>\n<meta name=\"description\" content=\"Bezzbo\u017cowa karma Ultrapremium dla doros\u0142ych ps\u00f3w\" \/>\n<meta name=\"robots\" content=\"index, follow, max-snippet:-1, max-image-preview:large, max-video-preview:-1\" \/>\n<link rel=\"canonical\" href=\"https:\/\/nekmar.eu\/pl\/produkt\/nekmar-adult-rabbit-iberico\/\" \/>\n<meta property=\"og:locale\" content=\"pl_PL\" \/>\n<meta property=\"og:type\" content=\"article\" \/>\n<meta property=\"og:title\" content=\"Nekmar Grain Free Adult Rabbit &amp; Iberico\" \/>\n<meta property=\"og:description\" content=\"Bezzbo\u017cowa karma Ultrapremium dla doros\u0142ych ps\u00f3w\" \/>\n<meta property=\"og:url\" content=\"https:\/\/nekmar.eu\/pl\/produkt\/nekmar-adult-rabbit-iberico\/\" \/>\n<meta property=\"og:site_name\" content=\"Nekmar Polska\" \/>\n<meta property=\"article:modified_time\" content=\"2026-05-05T12:50:39+00:00\" \/>\n<meta property=\"og:image\" content=\"https:\/\/nekmar.eu\/pl\/wp-content\/uploads\/2019\/08\/nekmar-holistic.jpg\" \/>\n\t<meta property=\"og:image:width\" content=\"1200\" \/>\n\t<meta property=\"og:image:height\" content=\"630\" \/>\n\t<meta property=\"og:image:type\" content=\"image\/jpeg\" \/>\n<meta name=\"twitter:card\" content=\"summary_large_image\" \/>\n<meta name=\"twitter:label1\" content=\"Szacowany czas czytania\" \/>\n\t<meta name=\"twitter:data1\" content=\"2 minuty\" \/>\n<script type=\"application\/ld+json\" class=\"yoast-schema-graph\">{\"@context\":\"https:\\\/\\\/schema.org\",\"@graph\":[{\"@type\":\"WebPage\",\"@id\":\"https:\\\/\\\/nekmar.eu\\\/pl\\\/produkt\\\/nekmar-adult-rabbit-iberico\\\/\",\"url\":\"https:\\\/\\\/nekmar.eu\\\/pl\\\/produkt\\\/nekmar-adult-rabbit-iberico\\\/\",\"name\":\"Nekmar | Grain Free Adult Rabbit & Iberico\",\"isPartOf\":{\"@id\":\"https:\\\/\\\/nekmar.eu\\\/pl\\\/#website\"},\"primaryImageOfPage\":{\"@id\":\"https:\\\/\\\/nekmar.eu\\\/pl\\\/produkt\\\/nekmar-adult-rabbit-iberico\\\/#primaryimage\"},\"image\":{\"@id\":\"https:\\\/\\\/nekmar.eu\\\/pl\\\/produkt\\\/nekmar-adult-rabbit-iberico\\\/#primaryimage\"},\"thumbnailUrl\":\"https:\\\/\\\/nekmar.eu\\\/pl\\\/wp-content\\\/uploads\\\/2024\\\/05\\\/nekmar_grain_free_adult_rabbit_iberico.jpg\",\"datePublished\":\"2019-09-08T07:30:20+00:00\",\"dateModified\":\"2026-05-05T12:50:39+00:00\",\"description\":\"Bezzbo\u017cowa karma Ultrapremium dla doros\u0142ych ps\u00f3w\",\"breadcrumb\":{\"@id\":\"https:\\\/\\\/nekmar.eu\\\/pl\\\/produkt\\\/nekmar-adult-rabbit-iberico\\\/#breadcrumb\"},\"inLanguage\":\"pl-PL\",\"potentialAction\":[{\"@type\":\"ReadAction\",\"target\":[\"https:\\\/\\\/nekmar.eu\\\/pl\\\/produkt\\\/nekmar-adult-rabbit-iberico\\\/\"]}]},{\"@type\":\"ImageObject\",\"inLanguage\":\"pl-PL\",\"@id\":\"https:\\\/\\\/nekmar.eu\\\/pl\\\/produkt\\\/nekmar-adult-rabbit-iberico\\\/#primaryimage\",\"url\":\"https:\\\/\\\/nekmar.eu\\\/pl\\\/wp-content\\\/uploads\\\/2024\\\/05\\\/nekmar_grain_free_adult_rabbit_iberico.jpg\",\"contentUrl\":\"https:\\\/\\\/nekmar.eu\\\/pl\\\/wp-content\\\/uploads\\\/2024\\\/05\\\/nekmar_grain_free_adult_rabbit_iberico.jpg\",\"width\":1000,\"height\":1000},{\"@type\":\"BreadcrumbList\",\"@id\":\"https:\\\/\\\/nekmar.eu\\\/pl\\\/produkt\\\/nekmar-adult-rabbit-iberico\\\/#breadcrumb\",\"itemListElement\":[{\"@type\":\"ListItem\",\"position\":1,\"name\":\"Home\",\"item\":\"https:\\\/\\\/nekmar.eu\\\/pl\\\/\"},{\"@type\":\"ListItem\",\"position\":2,\"name\":\"Sklep\",\"item\":\"https:\\\/\\\/nekmar.eu\\\/pl\\\/sklep\\\/\"},{\"@type\":\"ListItem\",\"position\":3,\"name\":\"Nekmar Grain Free Adult Rabbit &#038; Iberico\"}]},{\"@type\":\"WebSite\",\"@id\":\"https:\\\/\\\/nekmar.eu\\\/pl\\\/#website\",\"url\":\"https:\\\/\\\/nekmar.eu\\\/pl\\\/\",\"name\":\"Nekmar Polska\",\"description\":\"Pet Nutrition\",\"publisher\":{\"@id\":\"https:\\\/\\\/nekmar.eu\\\/pl\\\/#organization\"},\"potentialAction\":[{\"@type\":\"SearchAction\",\"target\":{\"@type\":\"EntryPoint\",\"urlTemplate\":\"https:\\\/\\\/nekmar.eu\\\/pl\\\/?s={search_term_string}\"},\"query-input\":{\"@type\":\"PropertyValueSpecification\",\"valueRequired\":true,\"valueName\":\"search_term_string\"}}],\"inLanguage\":\"pl-PL\"},{\"@type\":\"Organization\",\"@id\":\"https:\\\/\\\/nekmar.eu\\\/pl\\\/#organization\",\"name\":\"Nekmar Pet Nutrition Polska\",\"url\":\"https:\\\/\\\/nekmar.eu\\\/pl\\\/\",\"logo\":{\"@type\":\"ImageObject\",\"inLanguage\":\"pl-PL\",\"@id\":\"https:\\\/\\\/nekmar.eu\\\/pl\\\/#\\\/schema\\\/logo\\\/image\\\/\",\"url\":\"https:\\\/\\\/nekmar.eu\\\/pl\\\/wp-content\\\/uploads\\\/2019\\\/08\\\/Nekmar-contact.jpg\",\"contentUrl\":\"https:\\\/\\\/nekmar.eu\\\/pl\\\/wp-content\\\/uploads\\\/2019\\\/08\\\/Nekmar-contact.jpg\",\"width\":600,\"height\":142,\"caption\":\"Nekmar Pet Nutrition Polska\"},\"image\":{\"@id\":\"https:\\\/\\\/nekmar.eu\\\/pl\\\/#\\\/schema\\\/logo\\\/image\\\/\"}}]}<\/script>\n<!-- \/ Yoast SEO plugin. -->","yoast_head_json":{"title":"Nekmar | Grain Free Adult Rabbit & Iberico","description":"Bezzbo\u017cowa karma Ultrapremium dla doros\u0142ych ps\u00f3w","robots":{"index":"index","follow":"follow","max-snippet":"max-snippet:-1","max-image-preview":"max-image-preview:large","max-video-preview":"max-video-preview:-1"},"canonical":"https:\/\/nekmar.eu\/pl\/produkt\/nekmar-adult-rabbit-iberico\/","og_locale":"pl_PL","og_type":"article","og_title":"Nekmar Grain Free Adult Rabbit & Iberico","og_description":"Bezzbo\u017cowa karma Ultrapremium dla doros\u0142ych ps\u00f3w","og_url":"https:\/\/nekmar.eu\/pl\/produkt\/nekmar-adult-rabbit-iberico\/","og_site_name":"Nekmar Polska","article_modified_time":"2026-05-05T12:50:39+00:00","og_image":[{"width":1200,"height":630,"url":"https:\/\/nekmar.eu\/pl\/wp-content\/uploads\/2019\/08\/nekmar-holistic.jpg","type":"image\/jpeg"}],"twitter_card":"summary_large_image","twitter_misc":{"Szacowany czas czytania":"2 minuty"},"schema":{"@context":"https:\/\/schema.org","@graph":[{"@type":"WebPage","@id":"https:\/\/nekmar.eu\/pl\/produkt\/nekmar-adult-rabbit-iberico\/","url":"https:\/\/nekmar.eu\/pl\/produkt\/nekmar-adult-rabbit-iberico\/","name":"Nekmar | Grain Free Adult Rabbit & Iberico","isPartOf":{"@id":"https:\/\/nekmar.eu\/pl\/#website"},"primaryImageOfPage":{"@id":"https:\/\/nekmar.eu\/pl\/produkt\/nekmar-adult-rabbit-iberico\/#primaryimage"},"image":{"@id":"https:\/\/nekmar.eu\/pl\/produkt\/nekmar-adult-rabbit-iberico\/#primaryimage"},"thumbnailUrl":"https:\/\/nekmar.eu\/pl\/wp-content\/uploads\/2024\/05\/nekmar_grain_free_adult_rabbit_iberico.jpg","datePublished":"2019-09-08T07:30:20+00:00","dateModified":"2026-05-05T12:50:39+00:00","description":"Bezzbo\u017cowa karma Ultrapremium dla doros\u0142ych ps\u00f3w","breadcrumb":{"@id":"https:\/\/nekmar.eu\/pl\/produkt\/nekmar-adult-rabbit-iberico\/#breadcrumb"},"inLanguage":"pl-PL","potentialAction":[{"@type":"ReadAction","target":["https:\/\/nekmar.eu\/pl\/produkt\/nekmar-adult-rabbit-iberico\/"]}]},{"@type":"ImageObject","inLanguage":"pl-PL","@id":"https:\/\/nekmar.eu\/pl\/produkt\/nekmar-adult-rabbit-iberico\/#primaryimage","url":"https:\/\/nekmar.eu\/pl\/wp-content\/uploads\/2024\/05\/nekmar_grain_free_adult_rabbit_iberico.jpg","contentUrl":"https:\/\/nekmar.eu\/pl\/wp-content\/uploads\/2024\/05\/nekmar_grain_free_adult_rabbit_iberico.jpg","width":1000,"height":1000},{"@type":"BreadcrumbList","@id":"https:\/\/nekmar.eu\/pl\/produkt\/nekmar-adult-rabbit-iberico\/#breadcrumb","itemListElement":[{"@type":"ListItem","position":1,"name":"Home","item":"https:\/\/nekmar.eu\/pl\/"},{"@type":"ListItem","position":2,"name":"Sklep","item":"https:\/\/nekmar.eu\/pl\/sklep\/"},{"@type":"ListItem","position":3,"name":"Nekmar Grain Free Adult Rabbit &#038; Iberico"}]},{"@type":"WebSite","@id":"https:\/\/nekmar.eu\/pl\/#website","url":"https:\/\/nekmar.eu\/pl\/","name":"Nekmar Polska","description":"Pet Nutrition","publisher":{"@id":"https:\/\/nekmar.eu\/pl\/#organization"},"potentialAction":[{"@type":"SearchAction","target":{"@type":"EntryPoint","urlTemplate":"https:\/\/nekmar.eu\/pl\/?s={search_term_string}"},"query-input":{"@type":"PropertyValueSpecification","valueRequired":true,"valueName":"search_term_string"}}],"inLanguage":"pl-PL"},{"@type":"Organization","@id":"https:\/\/nekmar.eu\/pl\/#organization","name":"Nekmar Pet Nutrition Polska","url":"https:\/\/nekmar.eu\/pl\/","logo":{"@type":"ImageObject","inLanguage":"pl-PL","@id":"https:\/\/nekmar.eu\/pl\/#\/schema\/logo\/image\/","url":"https:\/\/nekmar.eu\/pl\/wp-content\/uploads\/2019\/08\/Nekmar-contact.jpg","contentUrl":"https:\/\/nekmar.eu\/pl\/wp-content\/uploads\/2019\/08\/Nekmar-contact.jpg","width":600,"height":142,"caption":"Nekmar Pet Nutrition Polska"},"image":{"@id":"https:\/\/nekmar.eu\/pl\/#\/schema\/logo\/image\/"}}]}},"_links":{"self":[{"href":"https:\/\/nekmar.eu\/pl\/wp-json\/wp\/v2\/product\/668","targetHints":{"allow":["GET"]}}],"collection":[{"href":"https:\/\/nekmar.eu\/pl\/wp-json\/wp\/v2\/product"}],"about":[{"href":"https:\/\/nekmar.eu\/pl\/wp-json\/wp\/v2\/types\/product"}],"wp:featuredmedia":[{"embeddable":true,"href":"https:\/\/nekmar.eu\/pl\/wp-json\/wp\/v2\/media\/3429"}],"wp:attachment":[{"href":"https:\/\/nekmar.eu\/pl\/wp-json\/wp\/v2\/media?parent=668"}],"wp:term":[{"taxonomy":"product_brand","embeddable":true,"href":"https:\/\/nekmar.eu\/pl\/wp-json\/wp\/v2\/product_brand?post=668"},{"taxonomy":"product_cat","embeddable":true,"href":"https:\/\/nekmar.eu\/pl\/wp-json\/wp\/v2\/product_cat?post=668"},{"taxonomy":"product_tag","embeddable":true,"href":"https:\/\/nekmar.eu\/pl\/wp-json\/wp\/v2\/product_tag?post=668"}],"curies":[{"name":"wp","href":"https:\/\/api.w.org\/{rel}","templated":true}]}}