{"id":669,"date":"2019-09-08T08:34:26","date_gmt":"2019-09-08T07:34:26","guid":{"rendered":"https:\/\/nekmar.eu\/pl\/?post_type=product&#038;p=669"},"modified":"2026-05-04T06:15:18","modified_gmt":"2026-05-04T05:15:18","slug":"nekmar-adult-salmon-trout","status":"publish","type":"product","link":"https:\/\/nekmar.eu\/pl\/produkt\/nekmar-adult-salmon-trout\/","title":{"rendered":"Nekmar Grain Free Adult Salmon &#038; Trout"},"content":{"rendered":"<div class=\"wpb-content-wrapper\"><p>[vc_row css_animation=&#8221;&#8221; row_type=&#8221;row&#8221; use_row_as_full_screen_section=&#8221;no&#8221; type=&#8221;full_width&#8221; angled_section=&#8221;no&#8221; text_align=&#8221;left&#8221; background_image_as_pattern=&#8221;without_pattern&#8221;][vc_column][vc_column_text]<strong>SK\u0141AD:<\/strong> \u015bwie\u017ce mi\u0119so \u0142ososia 25%, suszone mi\u0119so pstr\u0105ga 24%, ziemniaki 14%, skrobia grochowa, t\u0142uszcz drobiowy, groch, b\u00f3b, siemi\u0119 lniane, suszona pulpa buraczana, dro\u017cd\u017ce, m\u0105czka z wodorost\u00f3w morskich 0,3%, suszona miazga cykorii, oligosacharydy (FOS 0,2), mannanooligosacharydy (MOS 0,2), juka schidigera, suszony ostropest plamisty (Silybum marianum L.), suszony mniszek lekarski (Taraxacum officinale W.), suszone kwiaty hibiskusa (Hibiscuc sabdariffa L.), suszone owoce dzikiej r\u00f3\u017cy (Rosa Canina LR, Pendulina L.).<\/p>\n<p>&nbsp;<\/p>\n<p><strong>SK\u0141ADNIKI ANALITYCZNE:<\/strong> bia\u0142ko surowe 29%, oleje i t\u0142uszcze surowe 18%, w\u0142\u00f3kno surowe 2,6%, popi\u00f3\u0142 8,4%, wilgotno\u015b\u0107 8%.<\/p>\n<p>&nbsp;<\/p>\n<p><strong>DODATKI na KG:<\/strong> Dodatki dietetyczne: 3a672a Witamina A 21000 UI, E671 Witamina D3 1400 UI, 3a700 Witamina E (tralfa toc.Acet) 180mg, E4 mied\u017a (pi\u0119ciowodny siarczan miedzi) 15mg, E1 \u017celazo (w\u0119glan \u017celaza) 30mg, E5 mangan (tlenek manganu) 60 mg, 3b605 cynk (jednowodny siarczan cynku) 68 mg, 3b201 jod (jodek potasu) 3,7 mg, E8 selen (selenin sodu) 0,16 mg. Dodatki organoleptyczne: Produkt naturalny, zdefiniowany botanicznie. Ekstrakt z rozmarynu 50mg.<\/p>\n<p>&nbsp;<\/p>\n<p><strong>ENERGIA METABOLIZACYJNA:<\/strong> 3930 Kcal\/kg.[\/vc_column_text][\/vc_column][\/vc_row][vc_row css_animation=&#8221;&#8221; row_type=&#8221;row&#8221; use_row_as_full_screen_section=&#8221;no&#8221; type=&#8221;full_width&#8221; angled_section=&#8221;no&#8221; text_align=&#8221;left&#8221; background_image_as_pattern=&#8221;without_pattern&#8221;][vc_column][vc_empty_space][vc_column_text]Zalecana dzienna porcja karmienia (g\/dzie\u0144):[\/vc_column_text][vc_empty_space height=&#8221;10px&#8221;][vc_column_text]<\/p>\n<table class=\"gridtable\">\n<tbody>\n<tr>\n<th class=\"table-first-row\">Waga doros\u0142ego psa<\/th>\n<th class=\"table-first-row\">2,5kg<\/th>\n<th class=\"table-first-row\">5kg<\/th>\n<th class=\"table-first-row\">7kg<\/th>\n<th class=\"table-first-row\">10kg<\/th>\n<th class=\"table-first-row\">15kg<\/th>\n<th class=\"table-first-row\">20kg<\/th>\n<th class=\"table-first-row\">25kg<\/th>\n<th class=\"table-first-row\">30kg<\/th>\n<th class=\"table-first-row\">35kg<\/th>\n<th class=\"table-first-row\">40kg<\/th>\n<th class=\"table-first-row\">45kg<\/th>\n<th class=\"table-first-row\">50kg<\/th>\n<th class=\"table-first-row\">60kg<\/th>\n<th class=\"table-first-row\">70kg<\/th>\n<th class=\"table-first-row\">80kg<\/th>\n<\/tr>\n<tr>\n<td class=\"table-first-row\">Normalna aktywno\u015b\u0107<\/td>\n<td>50g<\/td>\n<td>75g<\/td>\n<td>110g<\/td>\n<td>140g<\/td>\n<td>190g<\/td>\n<td>240g<\/td>\n<td>285g<\/td>\n<td>325g<\/td>\n<td>365g<\/td>\n<td>405g<\/td>\n<td>440g<\/td>\n<td>475g<\/td>\n<td>545g<\/td>\n<td>615g<\/td>\n<td>685g<\/td>\n<\/tr>\n<tr>\n<td class=\"table-first-row\">\u015arednia aktywno\u015b\u0107<\/td>\n<td>60g<\/td>\n<td>90g<\/td>\n<td>130g<\/td>\n<td>165g<\/td>\n<td>225g<\/td>\n<td>285g<\/td>\n<td>340g<\/td>\n<td>390g<\/td>\n<td>435g<\/td>\n<td>485g<\/td>\n<td>525g<\/td>\n<td>570g<\/td>\n<td>650g<\/td>\n<td>730g<\/td>\n<td>810g<\/td>\n<\/tr>\n<tr>\n<td class=\"table-first-row\">Wysoka aktywno\u015b\u0107<\/td>\n<td>72g<\/td>\n<td>105g<\/td>\n<td>155g<\/td>\n<td>200g<\/td>\n<td>270g<\/td>\n<td>340g<\/td>\n<td>405g<\/td>\n<td>465g<\/td>\n<td>520g<\/td>\n<td>580g<\/td>\n<td>630g<\/td>\n<td>680g<\/td>\n<td>780g<\/td>\n<td>870g<\/td>\n<td>970g<\/td>\n<\/tr>\n<\/tbody>\n<\/table>\n<p>[\/vc_column_text][vc_empty_space height=&#8221;22px&#8221;][vc_column_text]<strong>SPOS\u00d3B U\u017bYCIA:<\/strong> produkt mo\u017cna podawa\u0107 na sucho lub namoczony (zalecamy pola\u0107 karm\u0119 niewielk\u0105 ilo\u015bci\u0105 letniej wody tu\u017c przed podaniem go psu, gdy\u017c jest to dla psa \u0142atwiejsze do strawienia uwa\u017camy, \u017ce r\u00f3wnie\u017c poprawia smak ). Dawki mog\u0105 si\u0119 r\u00f3\u017cni\u0107 w zale\u017cno\u015bci od konkretnych potrzeb niekt\u00f3rych ps\u00f3w. Pies powinien mie\u0107 zawsze dost\u0119p do \u015bwie\u017cej wody pitnej. Przechowywa\u0107 w ch\u0142odnym i suchym miejscu z dala od \u017ar\u00f3de\u0142 ciep\u0142a.[\/vc_column_text][\/vc_column][\/vc_row]<\/p>\n<\/div>","protected":false},"excerpt":{"rendered":"<p>Bezzbo\u017cowa\u00a0karma Ultrapremium dla doros\u0142ych ps\u00f3w<\/p>\n","protected":false},"featured_media":3449,"template":"","meta":[],"product_brand":[],"product_cat":[107,99,101],"product_tag":[112,109],"class_list":{"0":"post-669","1":"product","2":"type-product","3":"status-publish","4":"has-post-thumbnail","6":"product_cat-grainfree","7":"product_cat-karma-dla-psow","8":"product_cat-nekmar","9":"product_tag-grainfree","10":"product_tag-nekmar","12":"first","13":"instock","14":"taxable","15":"shipping-taxable","16":"purchasable","17":"product-type-variable"},"yoast_head":"<!-- This site is optimized with the Yoast SEO plugin v27.5 - https:\/\/yoast.com\/product\/yoast-seo-wordpress\/ -->\n<title>Nekmar | Grain Free Adult Salmon &amp; Trout<\/title>\n<meta name=\"description\" content=\"Bezzbo\u017cowa karma Ultrapremium dla doros\u0142ych ps\u00f3w\" \/>\n<meta name=\"robots\" content=\"index, follow, max-snippet:-1, max-image-preview:large, max-video-preview:-1\" \/>\n<link rel=\"canonical\" href=\"https:\/\/nekmar.eu\/pl\/produkt\/nekmar-adult-salmon-trout\/\" \/>\n<meta property=\"og:locale\" content=\"pl_PL\" \/>\n<meta property=\"og:type\" content=\"article\" \/>\n<meta property=\"og:title\" content=\"NEKMAR Grain Free Adult Salmon &amp; Trout\" \/>\n<meta property=\"og:description\" content=\"Bezzbo\u017cowa karma Ultrapremium dla doros\u0142ych ps\u00f3w\" \/>\n<meta property=\"og:url\" content=\"https:\/\/nekmar.eu\/pl\/produkt\/nekmar-adult-salmon-trout\/\" \/>\n<meta property=\"og:site_name\" content=\"Nekmar Polska\" \/>\n<meta property=\"article:modified_time\" content=\"2026-05-04T05:15:18+00:00\" \/>\n<meta property=\"og:image\" content=\"https:\/\/nekmar.eu\/pl\/wp-content\/uploads\/2019\/08\/nekmar-holistic.jpg\" \/>\n\t<meta property=\"og:image:width\" content=\"1200\" \/>\n\t<meta property=\"og:image:height\" content=\"630\" \/>\n\t<meta property=\"og:image:type\" content=\"image\/jpeg\" \/>\n<meta name=\"twitter:card\" content=\"summary_large_image\" \/>\n<meta name=\"twitter:label1\" content=\"Szacowany czas czytania\" \/>\n\t<meta name=\"twitter:data1\" content=\"3 minuty\" \/>\n<script type=\"application\/ld+json\" class=\"yoast-schema-graph\">{\"@context\":\"https:\\\/\\\/schema.org\",\"@graph\":[{\"@type\":\"WebPage\",\"@id\":\"https:\\\/\\\/nekmar.eu\\\/pl\\\/produkt\\\/nekmar-adult-salmon-trout\\\/\",\"url\":\"https:\\\/\\\/nekmar.eu\\\/pl\\\/produkt\\\/nekmar-adult-salmon-trout\\\/\",\"name\":\"Nekmar | Grain Free Adult Salmon & Trout\",\"isPartOf\":{\"@id\":\"https:\\\/\\\/nekmar.eu\\\/pl\\\/#website\"},\"primaryImageOfPage\":{\"@id\":\"https:\\\/\\\/nekmar.eu\\\/pl\\\/produkt\\\/nekmar-adult-salmon-trout\\\/#primaryimage\"},\"image\":{\"@id\":\"https:\\\/\\\/nekmar.eu\\\/pl\\\/produkt\\\/nekmar-adult-salmon-trout\\\/#primaryimage\"},\"thumbnailUrl\":\"https:\\\/\\\/nekmar.eu\\\/pl\\\/wp-content\\\/uploads\\\/2024\\\/05\\\/nekmar-adult-salmon-trout.jpg\",\"datePublished\":\"2019-09-08T07:34:26+00:00\",\"dateModified\":\"2026-05-04T05:15:18+00:00\",\"description\":\"Bezzbo\u017cowa karma Ultrapremium dla doros\u0142ych ps\u00f3w\",\"breadcrumb\":{\"@id\":\"https:\\\/\\\/nekmar.eu\\\/pl\\\/produkt\\\/nekmar-adult-salmon-trout\\\/#breadcrumb\"},\"inLanguage\":\"pl-PL\",\"potentialAction\":[{\"@type\":\"ReadAction\",\"target\":[\"https:\\\/\\\/nekmar.eu\\\/pl\\\/produkt\\\/nekmar-adult-salmon-trout\\\/\"]}]},{\"@type\":\"ImageObject\",\"inLanguage\":\"pl-PL\",\"@id\":\"https:\\\/\\\/nekmar.eu\\\/pl\\\/produkt\\\/nekmar-adult-salmon-trout\\\/#primaryimage\",\"url\":\"https:\\\/\\\/nekmar.eu\\\/pl\\\/wp-content\\\/uploads\\\/2024\\\/05\\\/nekmar-adult-salmon-trout.jpg\",\"contentUrl\":\"https:\\\/\\\/nekmar.eu\\\/pl\\\/wp-content\\\/uploads\\\/2024\\\/05\\\/nekmar-adult-salmon-trout.jpg\",\"width\":1000,\"height\":1000},{\"@type\":\"BreadcrumbList\",\"@id\":\"https:\\\/\\\/nekmar.eu\\\/pl\\\/produkt\\\/nekmar-adult-salmon-trout\\\/#breadcrumb\",\"itemListElement\":[{\"@type\":\"ListItem\",\"position\":1,\"name\":\"Home\",\"item\":\"https:\\\/\\\/nekmar.eu\\\/pl\\\/\"},{\"@type\":\"ListItem\",\"position\":2,\"name\":\"Sklep\",\"item\":\"https:\\\/\\\/nekmar.eu\\\/pl\\\/sklep\\\/\"},{\"@type\":\"ListItem\",\"position\":3,\"name\":\"Nekmar Grain Free Adult Salmon &#038; Trout\"}]},{\"@type\":\"WebSite\",\"@id\":\"https:\\\/\\\/nekmar.eu\\\/pl\\\/#website\",\"url\":\"https:\\\/\\\/nekmar.eu\\\/pl\\\/\",\"name\":\"Nekmar Polska\",\"description\":\"Pet Nutrition\",\"publisher\":{\"@id\":\"https:\\\/\\\/nekmar.eu\\\/pl\\\/#organization\"},\"potentialAction\":[{\"@type\":\"SearchAction\",\"target\":{\"@type\":\"EntryPoint\",\"urlTemplate\":\"https:\\\/\\\/nekmar.eu\\\/pl\\\/?s={search_term_string}\"},\"query-input\":{\"@type\":\"PropertyValueSpecification\",\"valueRequired\":true,\"valueName\":\"search_term_string\"}}],\"inLanguage\":\"pl-PL\"},{\"@type\":\"Organization\",\"@id\":\"https:\\\/\\\/nekmar.eu\\\/pl\\\/#organization\",\"name\":\"Nekmar Pet Nutrition Polska\",\"url\":\"https:\\\/\\\/nekmar.eu\\\/pl\\\/\",\"logo\":{\"@type\":\"ImageObject\",\"inLanguage\":\"pl-PL\",\"@id\":\"https:\\\/\\\/nekmar.eu\\\/pl\\\/#\\\/schema\\\/logo\\\/image\\\/\",\"url\":\"https:\\\/\\\/nekmar.eu\\\/pl\\\/wp-content\\\/uploads\\\/2019\\\/08\\\/Nekmar-contact.jpg\",\"contentUrl\":\"https:\\\/\\\/nekmar.eu\\\/pl\\\/wp-content\\\/uploads\\\/2019\\\/08\\\/Nekmar-contact.jpg\",\"width\":600,\"height\":142,\"caption\":\"Nekmar Pet Nutrition Polska\"},\"image\":{\"@id\":\"https:\\\/\\\/nekmar.eu\\\/pl\\\/#\\\/schema\\\/logo\\\/image\\\/\"}}]}<\/script>\n<!-- \/ Yoast SEO plugin. -->","yoast_head_json":{"title":"Nekmar | Grain Free Adult Salmon & Trout","description":"Bezzbo\u017cowa karma Ultrapremium dla doros\u0142ych ps\u00f3w","robots":{"index":"index","follow":"follow","max-snippet":"max-snippet:-1","max-image-preview":"max-image-preview:large","max-video-preview":"max-video-preview:-1"},"canonical":"https:\/\/nekmar.eu\/pl\/produkt\/nekmar-adult-salmon-trout\/","og_locale":"pl_PL","og_type":"article","og_title":"NEKMAR Grain Free Adult Salmon & Trout","og_description":"Bezzbo\u017cowa karma Ultrapremium dla doros\u0142ych ps\u00f3w","og_url":"https:\/\/nekmar.eu\/pl\/produkt\/nekmar-adult-salmon-trout\/","og_site_name":"Nekmar Polska","article_modified_time":"2026-05-04T05:15:18+00:00","og_image":[{"width":1200,"height":630,"url":"https:\/\/nekmar.eu\/pl\/wp-content\/uploads\/2019\/08\/nekmar-holistic.jpg","type":"image\/jpeg"}],"twitter_card":"summary_large_image","twitter_misc":{"Szacowany czas czytania":"3 minuty"},"schema":{"@context":"https:\/\/schema.org","@graph":[{"@type":"WebPage","@id":"https:\/\/nekmar.eu\/pl\/produkt\/nekmar-adult-salmon-trout\/","url":"https:\/\/nekmar.eu\/pl\/produkt\/nekmar-adult-salmon-trout\/","name":"Nekmar | Grain Free Adult Salmon & Trout","isPartOf":{"@id":"https:\/\/nekmar.eu\/pl\/#website"},"primaryImageOfPage":{"@id":"https:\/\/nekmar.eu\/pl\/produkt\/nekmar-adult-salmon-trout\/#primaryimage"},"image":{"@id":"https:\/\/nekmar.eu\/pl\/produkt\/nekmar-adult-salmon-trout\/#primaryimage"},"thumbnailUrl":"https:\/\/nekmar.eu\/pl\/wp-content\/uploads\/2024\/05\/nekmar-adult-salmon-trout.jpg","datePublished":"2019-09-08T07:34:26+00:00","dateModified":"2026-05-04T05:15:18+00:00","description":"Bezzbo\u017cowa karma Ultrapremium dla doros\u0142ych ps\u00f3w","breadcrumb":{"@id":"https:\/\/nekmar.eu\/pl\/produkt\/nekmar-adult-salmon-trout\/#breadcrumb"},"inLanguage":"pl-PL","potentialAction":[{"@type":"ReadAction","target":["https:\/\/nekmar.eu\/pl\/produkt\/nekmar-adult-salmon-trout\/"]}]},{"@type":"ImageObject","inLanguage":"pl-PL","@id":"https:\/\/nekmar.eu\/pl\/produkt\/nekmar-adult-salmon-trout\/#primaryimage","url":"https:\/\/nekmar.eu\/pl\/wp-content\/uploads\/2024\/05\/nekmar-adult-salmon-trout.jpg","contentUrl":"https:\/\/nekmar.eu\/pl\/wp-content\/uploads\/2024\/05\/nekmar-adult-salmon-trout.jpg","width":1000,"height":1000},{"@type":"BreadcrumbList","@id":"https:\/\/nekmar.eu\/pl\/produkt\/nekmar-adult-salmon-trout\/#breadcrumb","itemListElement":[{"@type":"ListItem","position":1,"name":"Home","item":"https:\/\/nekmar.eu\/pl\/"},{"@type":"ListItem","position":2,"name":"Sklep","item":"https:\/\/nekmar.eu\/pl\/sklep\/"},{"@type":"ListItem","position":3,"name":"Nekmar Grain Free Adult Salmon &#038; Trout"}]},{"@type":"WebSite","@id":"https:\/\/nekmar.eu\/pl\/#website","url":"https:\/\/nekmar.eu\/pl\/","name":"Nekmar Polska","description":"Pet Nutrition","publisher":{"@id":"https:\/\/nekmar.eu\/pl\/#organization"},"potentialAction":[{"@type":"SearchAction","target":{"@type":"EntryPoint","urlTemplate":"https:\/\/nekmar.eu\/pl\/?s={search_term_string}"},"query-input":{"@type":"PropertyValueSpecification","valueRequired":true,"valueName":"search_term_string"}}],"inLanguage":"pl-PL"},{"@type":"Organization","@id":"https:\/\/nekmar.eu\/pl\/#organization","name":"Nekmar Pet Nutrition Polska","url":"https:\/\/nekmar.eu\/pl\/","logo":{"@type":"ImageObject","inLanguage":"pl-PL","@id":"https:\/\/nekmar.eu\/pl\/#\/schema\/logo\/image\/","url":"https:\/\/nekmar.eu\/pl\/wp-content\/uploads\/2019\/08\/Nekmar-contact.jpg","contentUrl":"https:\/\/nekmar.eu\/pl\/wp-content\/uploads\/2019\/08\/Nekmar-contact.jpg","width":600,"height":142,"caption":"Nekmar Pet Nutrition Polska"},"image":{"@id":"https:\/\/nekmar.eu\/pl\/#\/schema\/logo\/image\/"}}]}},"_links":{"self":[{"href":"https:\/\/nekmar.eu\/pl\/wp-json\/wp\/v2\/product\/669","targetHints":{"allow":["GET"]}}],"collection":[{"href":"https:\/\/nekmar.eu\/pl\/wp-json\/wp\/v2\/product"}],"about":[{"href":"https:\/\/nekmar.eu\/pl\/wp-json\/wp\/v2\/types\/product"}],"wp:featuredmedia":[{"embeddable":true,"href":"https:\/\/nekmar.eu\/pl\/wp-json\/wp\/v2\/media\/3449"}],"wp:attachment":[{"href":"https:\/\/nekmar.eu\/pl\/wp-json\/wp\/v2\/media?parent=669"}],"wp:term":[{"taxonomy":"product_brand","embeddable":true,"href":"https:\/\/nekmar.eu\/pl\/wp-json\/wp\/v2\/product_brand?post=669"},{"taxonomy":"product_cat","embeddable":true,"href":"https:\/\/nekmar.eu\/pl\/wp-json\/wp\/v2\/product_cat?post=669"},{"taxonomy":"product_tag","embeddable":true,"href":"https:\/\/nekmar.eu\/pl\/wp-json\/wp\/v2\/product_tag?post=669"}],"curies":[{"name":"wp","href":"https:\/\/api.w.org\/{rel}","templated":true}]}}