{"id":534,"date":"2019-08-26T15:01:00","date_gmt":"2019-08-26T15:01:00","guid":{"rendered":"https:\/\/nekmar.eu\/rs\/?page_id=534"},"modified":"2022-09-07T07:35:37","modified_gmt":"2022-09-07T06:35:37","slug":"impressum","status":"publish","type":"page","link":"https:\/\/nekmar.eu\/rs\/impressum\/","title":{"rendered":"Impressum"},"content":{"rendered":"<div class=\"wpb-content-wrapper\"><p>[vc_row css_animation=&#8221;&#8221; row_type=&#8221;row&#8221; use_row_as_full_screen_section=&#8221;no&#8221; type=&#8221;full_width&#8221; angled_section=&#8221;no&#8221; text_align=&#8221;left&#8221; background_image_as_pattern=&#8221;without_pattern&#8221;][vc_column][vc_empty_space height=&#8221;100px&#8221;][\/vc_column][\/vc_row][vc_row css_animation=&#8221;&#8221; row_type=&#8221;row&#8221; use_row_as_full_screen_section=&#8221;no&#8221; type=&#8221;grid&#8221; angled_section=&#8221;no&#8221; text_align=&#8221;left&#8221; background_image_as_pattern=&#8221;without_pattern&#8221; padding_top=&#8221;100px&#8221; padding_bottom=&#8221;0px&#8221; z_index=&#8221;&#8221;][vc_column width=&#8221;1\/3&#8243;][vc_column_text]<\/p>\n<h3>Op\u0161te informacije<\/h3>\n<p>&nbsp;<\/p>\n<p>Nekmar RS d.o.o.<\/p>\n<div class=\"contentHolder\">Telefon: +38163474226<br \/>\nTelefon: +381604742268<br \/>\nE-mail:\u00a0<a href=\"mailto:srbija@nekmar.eu\" target=\"_blank\" rel=\"noopener noreferrer\">srbija@nekmar.eu<\/a><\/div>\n<p>[\/vc_column_text][vc_empty_space][\/vc_column][vc_column width=&#8221;1\/3&#8243;][vc_column_text]<\/p>\n<div class=\"contentHolder\">\n<h3>Adresa<strong><br \/>\n<\/strong><\/h3>\n<p>&nbsp;<\/p>\n<p>Nekmar RS d.o.o.<br \/>\nMavrovska 30<br \/>\n18000 Ni\u0161<br \/>\nSrbija<\/p>\n<p>MBS: 21515116<br \/>\nPIB: 111640731<\/p>\n<\/div>\n<p>[\/vc_column_text][vc_empty_space][\/vc_column][vc_column width=&#8221;1\/3&#8243;][vc_column_text]<\/p>\n<div class=\"contentHolder\">\n<h3>Podaci o ra\u010dunu<\/h3>\n<p>Banka:<\/p>\n<p>Raiffeisen banka a.d. Beograd<br \/>\n\u0110or\u0111a Stanojevi\u0107a 16<br \/>\n11000 Beograd<br \/>\nSrbija<\/p>\n<p>Devizni ra\u010dun: 265-1000000235632-91<br \/>\nDinarski ra\u010dun: 265-4010310004727-30<\/p>\n<p>&nbsp;<\/p>\n<p>Direktor: Bojan Bojovi\u0107<br \/>\nOsnovni sud u Ni\u0161u: \u0411\u0414 88031\/2019<br \/>\nOsniva\u010dki kapital: 100,00 RSD<\/p>\n<\/div>\n<p>[\/vc_column_text][vc_column_text][\/vc_column_text][vc_empty_space][\/vc_column][\/vc_row][vc_row css_animation=&#8221;&#8221; row_type=&#8221;row&#8221; use_row_as_full_screen_section=&#8221;no&#8221; type=&#8221;full_width&#8221; angled_section=&#8221;no&#8221; text_align=&#8221;left&#8221; background_image_as_pattern=&#8221;without_pattern&#8221;][vc_column][vc_empty_space height=&#8221;100px&#8221;][\/vc_column][\/vc_row]<\/p>\n<\/div>","protected":false},"excerpt":{"rendered":"<p>[vc_row css_animation=&#8221;&#8221; row_type=&#8221;row&#8221; use_row_as_full_screen_section=&#8221;no&#8221; type=&#8221;full_width&#8221; angled_section=&#8221;no&#8221; text_align=&#8221;left&#8221; background_image_as_pattern=&#8221;without_pattern&#8221;][vc_column][vc_empty_space height=&#8221;100px&#8221;][\/vc_column][\/vc_row][vc_row css_animation=&#8221;&#8221; row_type=&#8221;row&#8221; use_row_as_full_screen_section=&#8221;no&#8221; type=&#8221;grid&#8221; angled_section=&#8221;no&#8221; text_align=&#8221;left&#8221; background_image_as_pattern=&#8221;without_pattern&#8221; padding_top=&#8221;100px&#8221; padding_bottom=&#8221;0px&#8221; z_index=&#8221;&#8221;][vc_column width=&#8221;1\/3&#8243;][vc_column_text] Op\u0161te informacije &nbsp; Nekmar RS d.o.o. Telefon: +38163474226 Telefon: +381604742268 E-mail:\u00a0srbija@nekmar.eu [\/vc_column_text][vc_empty_space][\/vc_column][vc_column width=&#8221;1\/3&#8243;][vc_column_text] Adresa &nbsp; Nekmar RS d.o.o. Mavrovska 30 18000 Ni\u0161 Srbija MBS: 21515116&#8230;<\/p>\n","protected":false},"author":1,"featured_media":0,"parent":0,"menu_order":0,"comment_status":"closed","ping_status":"closed","template":"full_width.php","meta":{"inline_featured_image":false,"footnotes":""},"class_list":["post-534","page","type-page","status-publish","hentry"],"yoast_head":"<!-- This site is optimized with the Yoast SEO plugin v27.5 - https:\/\/yoast.com\/product\/yoast-seo-wordpress\/ -->\n<title>Impressum | Nekmar<\/title>\n<meta name=\"robots\" content=\"noindex, follow\" \/>\n<meta property=\"og:locale\" content=\"hr_HR\" \/>\n<meta property=\"og:type\" content=\"article\" \/>\n<meta property=\"og:title\" content=\"Impressum | Nekmar\" \/>\n<meta property=\"og:description\" content=\"[vc_row css_animation=&#8221;&#8221; row_type=&#8221;row&#8221; use_row_as_full_screen_section=&#8221;no&#8221; type=&#8221;full_width&#8221; angled_section=&#8221;no&#8221; text_align=&#8221;left&#8221; background_image_as_pattern=&#8221;without_pattern&#8221;][vc_column][vc_empty_space height=&#8221;100px&#8221;][\/vc_column][\/vc_row][vc_row css_animation=&#8221;&#8221; row_type=&#8221;row&#8221; use_row_as_full_screen_section=&#8221;no&#8221; type=&#8221;grid&#8221; angled_section=&#8221;no&#8221; text_align=&#8221;left&#8221; background_image_as_pattern=&#8221;without_pattern&#8221; padding_top=&#8221;100px&#8221; padding_bottom=&#8221;0px&#8221; z_index=&#8221;&#8221;][vc_column width=&#8221;1\/3&#8243;][vc_column_text] Op\u0161te informacije &nbsp; Nekmar RS d.o.o. Telefon: +38163474226 Telefon: +381604742268 E-mail:\u00a0srbija@nekmar.eu [\/vc_column_text][vc_empty_space][\/vc_column][vc_column width=&#8221;1\/3&#8243;][vc_column_text] Adresa &nbsp; Nekmar RS d.o.o. Mavrovska 30 18000 Ni\u0161 Srbija MBS: 21515116...\" \/>\n<meta property=\"og:url\" content=\"https:\/\/nekmar.eu\/rs\/impressum\/\" \/>\n<meta property=\"og:site_name\" content=\"Nekmar\" \/>\n<meta property=\"article:publisher\" content=\"https:\/\/www.facebook.com\/nekmarpetnutritionRS\/\" \/>\n<meta property=\"article:modified_time\" content=\"2022-09-07T06:35:37+00:00\" \/>\n<meta property=\"og:image\" content=\"https:\/\/nekmar.eu\/rs\/wp-content\/uploads\/2019\/08\/nekmar-f.jpg\" \/>\n\t<meta property=\"og:image:width\" content=\"1200\" \/>\n\t<meta property=\"og:image:height\" content=\"630\" \/>\n\t<meta property=\"og:image:type\" content=\"image\/jpeg\" \/>\n<meta name=\"twitter:card\" content=\"summary_large_image\" \/>\n<meta name=\"twitter:label1\" content=\"Procijenjeno vrijeme \u010ditanja\" \/>\n\t<meta name=\"twitter:data1\" content=\"1 minuta\" \/>\n<script type=\"application\/ld+json\" class=\"yoast-schema-graph\">{\"@context\":\"https:\\\/\\\/schema.org\",\"@graph\":[{\"@type\":\"WebPage\",\"@id\":\"https:\\\/\\\/nekmar.eu\\\/rs\\\/impressum\\\/\",\"url\":\"https:\\\/\\\/nekmar.eu\\\/rs\\\/impressum\\\/\",\"name\":\"Impressum | Nekmar\",\"isPartOf\":{\"@id\":\"https:\\\/\\\/nekmar.eu\\\/rs\\\/#website\"},\"datePublished\":\"2019-08-26T15:01:00+00:00\",\"dateModified\":\"2022-09-07T06:35:37+00:00\",\"breadcrumb\":{\"@id\":\"https:\\\/\\\/nekmar.eu\\\/rs\\\/impressum\\\/#breadcrumb\"},\"inLanguage\":\"hr\",\"potentialAction\":[{\"@type\":\"ReadAction\",\"target\":[\"https:\\\/\\\/nekmar.eu\\\/rs\\\/impressum\\\/\"]}]},{\"@type\":\"BreadcrumbList\",\"@id\":\"https:\\\/\\\/nekmar.eu\\\/rs\\\/impressum\\\/#breadcrumb\",\"itemListElement\":[{\"@type\":\"ListItem\",\"position\":1,\"name\":\"Home\",\"item\":\"https:\\\/\\\/nekmar.eu\\\/rs\\\/\"},{\"@type\":\"ListItem\",\"position\":2,\"name\":\"Impressum\"}]},{\"@type\":\"WebSite\",\"@id\":\"https:\\\/\\\/nekmar.eu\\\/rs\\\/#website\",\"url\":\"https:\\\/\\\/nekmar.eu\\\/rs\\\/\",\"name\":\"Nekmar Srbija\",\"description\":\"Pet Nutrition\",\"publisher\":{\"@id\":\"https:\\\/\\\/nekmar.eu\\\/rs\\\/#organization\"},\"potentialAction\":[{\"@type\":\"SearchAction\",\"target\":{\"@type\":\"EntryPoint\",\"urlTemplate\":\"https:\\\/\\\/nekmar.eu\\\/rs\\\/?s={search_term_string}\"},\"query-input\":{\"@type\":\"PropertyValueSpecification\",\"valueRequired\":true,\"valueName\":\"search_term_string\"}}],\"inLanguage\":\"hr\"},{\"@type\":\"Organization\",\"@id\":\"https:\\\/\\\/nekmar.eu\\\/rs\\\/#organization\",\"name\":\"Nekmar Pet Nutrition Srbija\",\"url\":\"https:\\\/\\\/nekmar.eu\\\/rs\\\/\",\"logo\":{\"@type\":\"ImageObject\",\"inLanguage\":\"hr\",\"@id\":\"https:\\\/\\\/nekmar.eu\\\/rs\\\/#\\\/schema\\\/logo\\\/image\\\/\",\"url\":\"https:\\\/\\\/nekmar.eu\\\/rs\\\/wp-content\\\/uploads\\\/2019\\\/08\\\/Nekmar-contact.jpg\",\"contentUrl\":\"https:\\\/\\\/nekmar.eu\\\/rs\\\/wp-content\\\/uploads\\\/2019\\\/08\\\/Nekmar-contact.jpg\",\"width\":600,\"height\":142,\"caption\":\"Nekmar Pet Nutrition Srbija\"},\"image\":{\"@id\":\"https:\\\/\\\/nekmar.eu\\\/rs\\\/#\\\/schema\\\/logo\\\/image\\\/\"},\"sameAs\":[\"https:\\\/\\\/www.facebook.com\\\/nekmarpetnutritionRS\\\/\",\"https:\\\/\\\/www.instagram.com\\\/nekmar_srbija\\\/\"]}]}<\/script>\n<!-- \/ Yoast SEO plugin. -->","yoast_head_json":{"title":"Impressum | Nekmar","robots":{"index":"noindex","follow":"follow"},"og_locale":"hr_HR","og_type":"article","og_title":"Impressum | Nekmar","og_description":"[vc_row css_animation=&#8221;&#8221; row_type=&#8221;row&#8221; use_row_as_full_screen_section=&#8221;no&#8221; type=&#8221;full_width&#8221; angled_section=&#8221;no&#8221; text_align=&#8221;left&#8221; background_image_as_pattern=&#8221;without_pattern&#8221;][vc_column][vc_empty_space height=&#8221;100px&#8221;][\/vc_column][\/vc_row][vc_row css_animation=&#8221;&#8221; row_type=&#8221;row&#8221; use_row_as_full_screen_section=&#8221;no&#8221; type=&#8221;grid&#8221; angled_section=&#8221;no&#8221; text_align=&#8221;left&#8221; background_image_as_pattern=&#8221;without_pattern&#8221; padding_top=&#8221;100px&#8221; padding_bottom=&#8221;0px&#8221; z_index=&#8221;&#8221;][vc_column width=&#8221;1\/3&#8243;][vc_column_text] Op\u0161te informacije &nbsp; Nekmar RS d.o.o. Telefon: +38163474226 Telefon: +381604742268 E-mail:\u00a0srbija@nekmar.eu [\/vc_column_text][vc_empty_space][\/vc_column][vc_column width=&#8221;1\/3&#8243;][vc_column_text] Adresa &nbsp; Nekmar RS d.o.o. Mavrovska 30 18000 Ni\u0161 Srbija MBS: 21515116...","og_url":"https:\/\/nekmar.eu\/rs\/impressum\/","og_site_name":"Nekmar","article_publisher":"https:\/\/www.facebook.com\/nekmarpetnutritionRS\/","article_modified_time":"2022-09-07T06:35:37+00:00","og_image":[{"width":1200,"height":630,"url":"https:\/\/nekmar.eu\/rs\/wp-content\/uploads\/2019\/08\/nekmar-f.jpg","type":"image\/jpeg"}],"twitter_card":"summary_large_image","twitter_misc":{"Procijenjeno vrijeme \u010ditanja":"1 minuta"},"schema":{"@context":"https:\/\/schema.org","@graph":[{"@type":"WebPage","@id":"https:\/\/nekmar.eu\/rs\/impressum\/","url":"https:\/\/nekmar.eu\/rs\/impressum\/","name":"Impressum | Nekmar","isPartOf":{"@id":"https:\/\/nekmar.eu\/rs\/#website"},"datePublished":"2019-08-26T15:01:00+00:00","dateModified":"2022-09-07T06:35:37+00:00","breadcrumb":{"@id":"https:\/\/nekmar.eu\/rs\/impressum\/#breadcrumb"},"inLanguage":"hr","potentialAction":[{"@type":"ReadAction","target":["https:\/\/nekmar.eu\/rs\/impressum\/"]}]},{"@type":"BreadcrumbList","@id":"https:\/\/nekmar.eu\/rs\/impressum\/#breadcrumb","itemListElement":[{"@type":"ListItem","position":1,"name":"Home","item":"https:\/\/nekmar.eu\/rs\/"},{"@type":"ListItem","position":2,"name":"Impressum"}]},{"@type":"WebSite","@id":"https:\/\/nekmar.eu\/rs\/#website","url":"https:\/\/nekmar.eu\/rs\/","name":"Nekmar Srbija","description":"Pet Nutrition","publisher":{"@id":"https:\/\/nekmar.eu\/rs\/#organization"},"potentialAction":[{"@type":"SearchAction","target":{"@type":"EntryPoint","urlTemplate":"https:\/\/nekmar.eu\/rs\/?s={search_term_string}"},"query-input":{"@type":"PropertyValueSpecification","valueRequired":true,"valueName":"search_term_string"}}],"inLanguage":"hr"},{"@type":"Organization","@id":"https:\/\/nekmar.eu\/rs\/#organization","name":"Nekmar Pet Nutrition Srbija","url":"https:\/\/nekmar.eu\/rs\/","logo":{"@type":"ImageObject","inLanguage":"hr","@id":"https:\/\/nekmar.eu\/rs\/#\/schema\/logo\/image\/","url":"https:\/\/nekmar.eu\/rs\/wp-content\/uploads\/2019\/08\/Nekmar-contact.jpg","contentUrl":"https:\/\/nekmar.eu\/rs\/wp-content\/uploads\/2019\/08\/Nekmar-contact.jpg","width":600,"height":142,"caption":"Nekmar Pet Nutrition Srbija"},"image":{"@id":"https:\/\/nekmar.eu\/rs\/#\/schema\/logo\/image\/"},"sameAs":["https:\/\/www.facebook.com\/nekmarpetnutritionRS\/","https:\/\/www.instagram.com\/nekmar_srbija\/"]}]}},"_links":{"self":[{"href":"https:\/\/nekmar.eu\/rs\/wp-json\/wp\/v2\/pages\/534","targetHints":{"allow":["GET"]}}],"collection":[{"href":"https:\/\/nekmar.eu\/rs\/wp-json\/wp\/v2\/pages"}],"about":[{"href":"https:\/\/nekmar.eu\/rs\/wp-json\/wp\/v2\/types\/page"}],"author":[{"embeddable":true,"href":"https:\/\/nekmar.eu\/rs\/wp-json\/wp\/v2\/users\/1"}],"replies":[{"embeddable":true,"href":"https:\/\/nekmar.eu\/rs\/wp-json\/wp\/v2\/comments?post=534"}],"version-history":[{"count":0,"href":"https:\/\/nekmar.eu\/rs\/wp-json\/wp\/v2\/pages\/534\/revisions"}],"wp:attachment":[{"href":"https:\/\/nekmar.eu\/rs\/wp-json\/wp\/v2\/media?parent=534"}],"curies":[{"name":"wp","href":"https:\/\/api.w.org\/{rel}","templated":true}]}}