{"id":799,"date":"2019-10-16T12:12:22","date_gmt":"2019-10-16T12:12:22","guid":{"rendered":"https:\/\/nekmar.eu\/rs\/?page_id=799"},"modified":"2023-07-24T11:21:54","modified_gmt":"2023-07-24T10:21:54","slug":"opsti-uslovi-kupovine","status":"publish","type":"page","link":"https:\/\/nekmar.eu\/rs\/opsti-uslovi-kupovine\/","title":{"rendered":"Op\u0161ti uslovi kupovine"},"content":{"rendered":"<div class=\"wpb-content-wrapper\"><p>[vc_row css_animation=&#8221;&#8221; row_type=&#8221;row&#8221; use_row_as_full_screen_section=&#8221;no&#8221; type=&#8221;full_width&#8221; angled_section=&#8221;no&#8221; text_align=&#8221;left&#8221; background_image_as_pattern=&#8221;without_pattern&#8221;][vc_column][vc_empty_space height=&#8221;100px&#8221;][\/vc_column][\/vc_row][vc_row css_animation=&#8221;&#8221; row_type=&#8221;row&#8221; use_row_as_full_screen_section=&#8221;no&#8221; type=&#8221;grid&#8221; angled_section=&#8221;no&#8221; text_align=&#8221;left&#8221; background_image_as_pattern=&#8221;without_pattern&#8221; z_index=&#8221;&#8221;][vc_column][vc_column_text]<strong>USLOVI KUPOVINE<\/strong><\/p>\n<p>&nbsp;<\/p>\n<p>Na osnovu odredbe \u010dl.13. i \u010dl.27. Zakona o za\u0161titi potro\u0161a\u010da (Sl.glasnik RS 62\/2014, 6\/2016 &#8211; dr. zakon i 44\/2018 &#8211; dr. zakon) privredno dru\u0161tvo Nekmar RS\u00a0 d.o.o.\u00a0 Mavrovska 30, 18000 Ni\u0161 \u2013 Srbija mati\u010dnog broja 21515116 svoje potro\u0161a\u010de, koji robu kupuju putem internet sajta www.nekmar.eu\/rs, obave\u0161tava:<\/p>\n<p>&#8211; da se osnovna obele\u017eja proizvoda mogu prona\u0107i na sajtu www.nekmar.eu\/rs<\/p>\n<p>&#8211; da je Nekmar RD d.o.o privredno dru\u0161tvo sa registrovanim sedi\u0161tem u Ni\u0161u Mavrovska 30, 18000 Ni\u0161 \u2013 Srbija, sa mati\u010dnim brojem: 21515116, broj telefona: 063474226, mejl adresa: srbija@nekmar.eu<\/p>\n<p>&#8211; da se prema Zakonu o za\u0161titi potro\u0161a\u010da (Slu\u017ebeni glasnik RS, br. 62\/2014, 6\/2016 &#8211; dr. zakon i 44\/2018 &#8211; dr. zakon) kupovina preko na\u0161e internet prodavnice\u00a0\u00a0www.nekmar.eu\/rs\u00a0smatra\u00a0prodajom na daljinu<\/p>\n<p>&#8211; da roba koja se prodaje putem internet sajta\u00a0www.nekmar.eu\/rs\u00a0poseduje svojstva potrebna za redovnu upotrebu te vrste robe u skladu sa njenom namenom koja je definisana u Deklaraciji<\/p>\n<p>&#8211; da je prodajna cena robe nazna\u010dena uz svaki artikal<\/p>\n<p>&#8211; da su sve cene izra\u017eene sa ura\u010dunatim PDV-om<\/p>\n<p>&#8211; da kupljene proizvode isporu\u010dujemo putem kurirske slu\u017ebe Dexpress, na na\u010din kako je to definisano na strani u roku od 3 do 5 dana od dana poru\u010divanja robe.<\/p>\n<p>&#8211; da potro\u0161a\u010d proizvode koje kupuje putem internet prodavnice www.nekmar.eu\/rs mo\u017ee platiti pouze\u0107em gotovinski u trenutku isporuke, uplatom na ra\u010dun.<br \/>\nKupac ima mogu\u0107nost unosenja kupona kako bi ostvario dodatan popust<\/p>\n<p>&#8211; da potro\u0161a\u010d prilikom kreiranja porud\u017ebenice pritiskom na taster NARU\u010cI poslao ponudu prodavcu i da je u trenutku prijema potvrde porud\u017ebine preuzeo obavezu pla\u0107anja naru\u010dene robe<\/p>\n<p>&#8211; da se saobraznost robe ugovoru ISKLJU\u010cIVO utvr\u0111uje prema svojstvima i nameni robe kako je to definisano pripadaju\u0107om Deklaracijom<\/p>\n<p>&#8211; da je sajt\u00a0www.nekmar.eu\/rs\u00a0du\u017ean da isporu\u010di proizvode saobrazne ugovoru. Ako\u00a0isporu\u010deni proizvodi nisu saobrazni ugovoru, potro\u0161a\u010d koji je obavestio prodavca o nesaobraznosti, ima pravo da zahteva od prodavca da otkloni nesaobraznost, bez naknade, opravkom ili zamenom ili da raskine ugovor u pogledu te robe. Sve tro\u0161kove koji su neophodni da bi se roba saobrazila ugovoru, a naro\u010dito tro\u0161kove rada, materijala, preuzimanja i isporuke, snosi\u00a0www.nekmar.eu\/rs<\/p>\n<p>&#8211; da u slu\u010daju prijema proizvoda potro\u0161a\u010d ustanovi da artikal \u017eeli da zameni za drugi proizvod, koji mo\u017ee biti ve\u0107e, manje ili iste cenovne kategorije od predhodno poru\u010denog, potro\u0161a\u010dmo\u017ee zameniti isti u roku od 14 dana na na\u010din kako je to definisano u dijelu reklamacija<\/p>\n<p>&#8211; da u slu\u010daju prijema proizvoda potro\u0161a\u010d isti ne \u017eeli da zadr\u017ei, ima pravo na odustanak ugovora i povra\u0107aj sredstava u visini pla\u0107ene kupoprodajne cene za predmetni proizvod, uroku od 14 dana<\/p>\n<p>&#8211; da za proizvode koji su poru\u010deni putem ONLINE prodavnice potro\u0161a\u010d ima pravo da izjavi reklamaciju na ve\u0107 kori\u0161\u0107en proizvod, na na\u010din koji je definisan za robu kupljenu putem ONLINE prodavnice. Na\u010din i postupak izjavljivanja reklamacije mo\u017eete prona\u0107i na linku REKLAMACIJA.<\/p>\n<p>&nbsp;<\/p>\n<p><strong>Reklamacije na o\u0161te\u0107enje u transportu<\/strong><\/p>\n<p>Veoma je va\u017eno da sva o\u0161te\u0107enja u transportu, vidjliva na pakovanju proizvoda odmah prijavite kuriru koji vam isporu\u010di robu. Svako o\u0161te\u0107enje pri transportu kupac je du\u017ean da prijavi u roku od 24h od prijema robe, pozivom na telefonski broj 062 88 10 866, ili slanjem e-mail-a sa svojim podacima (ime, prezime, telefon) na e-mail srbija@nekmar.eu sa opisom uo\u010denog o\u0161te\u0107enja ili manjka delova.<\/p>\n<p>Ukoliko uo\u010dite o\u0161te\u0107enje, nemojte potpisati prijem po\u0161iljke ili zamolite kurira da sa\u010deka dok proverite da li o\u0161te\u0107enje na pakovanju uslovilo i o\u0161te\u0107enje samog proizvodaili gubitak sadr\u017eaja. Ukoliko proizvod nije o\u0161te\u0107en, i svi delovi su na broju, potpi\u0161ite prijempo\u0161iljke.<\/p>\n<p>&nbsp;<\/p>\n<p><strong>Reklamacije na podatke ili pogre\u0161nu vrstu robe<\/strong><\/p>\n<p>Ukoliko ste primili po\u0161iljku i nakon otvaranja kutije ustanovili da isporu\u010dena roba neodgovaranaru\u010denoj ili podaci na ra\u010dunu nisu odgovaraju\u0107i, molimo Vas da nas,najkasnije u roku od 24h od trenutka prijema po\u0161iljke, pozovite telefonom na broj 0604742267, ili po\u0161aljete e-mail sa svojim podacima (ime, prezime, telefon) na srbija@nekmar.eu i opi\u0161ete kakav problem imate.<\/p>\n<p>Na Va\u0161u prijavu problem posla\u0107emo kurirsku slu\u017ebu Dexpress koja \u0107e u roku od 24 do 72h od prijave problema preuzeti na Va\u0161oj ku\u0107noj adresi reklamirani proizvod zajedno sa uredno popunjenim reklamacionim listom sa linka na kraju ovog teksta i kopijom ra\u010duna-otrpemnice koji ste dobili uz porud\u017ebinu.<\/p>\n<p>Radno vreme kurirske slu\u017ebe je svakog radnog dana od 8 do 17h.<\/p>\n<p>Ako istek roka za preuzimanje reklamiranog proizvoda pada u nedelju ili neradne dane na teritoriji Republike Srbije za vreme dr\u017eavnih ili verskih praznika, rok za preuzimanje reklamiranog proizvoda isti\u010de prvog narednog radnog dana.<\/p>\n<p>U najkra\u0107em mogu\u0107em roku, odgovori\u0107emo potro\u0161a\u010du na izjavljenu reklamaciju elektronskim putem (e-mail) tako \u0161to \u0107emo potvrditi prijem reklamacije, odnosno saop\u0161titi broj pod kojim je zavedena Va\u0161a reklamacija u evidenciji primljenih reklamacija i obavesti\u0107emo Vas o daljem postupanju.<\/p>\n<p>Rok za odgovor na reklamaciju je 8 dana a za re\u0161avanje reklamacije je 15 dana od trenutka prijave iste.<\/p>\n<p>Reklamacije zbog nesaobraznosti robe<\/p>\n<p>Postupak reklamacije proizvoda zbog nesaobraznosti ugovoru, koja se pojavi u roku od dve godine od dana isporuke proizvoda potro\u0161a\u010du, se vr\u0161i na na\u010din opisan u delu \u2013 Reklamacije na podatke ili pogre\u0161nu vrstu robe -.<\/p>\n<p>&nbsp;<\/p>\n<p><strong>Postprodajne usluge i garancije<\/strong><\/p>\n<p>Za proizvode u pogledu kojih se pru\u017eaju postprodajne usluge i izdaje garancija, uslovi ostvarivanja postprodajnih usluga i garancije se dostavljaju u pisanom obliku zajedno sa isporu\u010denim proizvodom.<\/p>\n<p>&nbsp;<\/p>\n<p><strong>ZA\u0160TITA PRIVATNOSTI\u00a0 PODATAKA<\/strong><\/p>\n<p>U privrednom dru\u0161tvu Nekmar RS d.o.o. veoma cenimo Va\u0161u privatnost i zato o Va\u0161im podacima izuzetno pa\u017eljivo brinemo. Sve posredovane informacije su sigurne i ne\u0107emo ih ni pod kojim uslovima ustupati tre\u0107em licu, \u0161to Vam osigurava potpuno sigurno i bezbedno poslovanje i saradnju sa kompanijom Nekmar RS d.o.o.<\/p>\n<p>&nbsp;<\/p>\n<p>Da bismo uspe\u0161no obradili Va\u0161u narud\u017ebinu potrebni su nam Va\u0161e ime i prezime, adresa, e-mail i telefon. Uz pomo\u0107 tih podataka bi\u0107emo u mogu\u0107nosti da Vam isporu\u010dimo \u017eeljenu robu, kao i da Vas obavestimo o trenutnom statusu narud\u017ebine.<\/p>\n<p>&nbsp;<\/p>\n<p>Nekmar RS d.o.o.\u0107e Va\u0161e li\u010dne podatke koristiti isklju\u010divo u svrhe tehni\u010dke administracije web sajta, kako bi vam dala pristup posebnim informacijama ili za komunikaciju sa vama. Aksa d.o.o ne\u0107e predati ili prodati podatke koje poseduje tre\u0107im licima, niti na tr\u017ei\u0161tu. Zaposleni u ,,Nekmar RS\u201d DOO su obavezni da po\u0161tuju poverljivost Va\u0161ih podataka. Nikada i ni na koji na\u010din ne\u0107emo zloupotrebiti Va\u0161e privatne informacije.<\/p>\n<p>&nbsp;<\/p>\n<p>Ne\u0107emo predati Va\u0161e podatke za kontakt tre\u0107im licima, sem ukoliko se to od nas bude zahtevalo zakonom.<\/p>\n<p>&nbsp;<\/p>\n<p>Pored navedenih podataka prikupljamo, analiziramo i obra\u0111ujemo podatke o proizvodima koje na\u0161i posetioci tra\u017ee i kupuju, kao i o stranicama koje pose\u0107uju.<\/p>\n<p>&nbsp;<\/p>\n<p>Te podatke koristimo da bismo pobolj\u0161ali ponudu i izgled na\u0161ih stranica, i omogu\u0107ili Vam jednostavnije kori\u0161\u0107enje, sigurniju i udobniju kupovinu.<\/p>\n<p>&nbsp;<\/p>\n<p><strong>Cookies<\/strong><\/p>\n<p>&nbsp;<\/p>\n<p>Nekmar.eu\/rs koristi \u201ecookies\u201c da Vam pomogne da prilagodite kori\u0161\u0107enje interneta Va\u0161im potrebama. Cookie je tekstualni fajl koji je sme\u0161ten na Va\u0161em hard disku od strane web servera. Cookie-ji ne mogu biti kori\u0161\u0107eni da pokrenu program ili da isporu\u010de virus Va\u0161em ra\u010dunaru.<\/p>\n<p>Cookie-i su jedinstveno dodeljeni Vama, i jedino mogu biti pro\u010ditani od strane web servera u domenu koji Vam ih je poslao. Jedna od osnovnih svrha cookie-ja je da obezbedi pogodnosti koje \u0107e Vam u\u0161tedeti vreme.<\/p>\n<p>&nbsp;<\/p>\n<p><strong>Saglasnost i promena uslova<\/strong><\/p>\n<p>&nbsp;<\/p>\n<p>Kori\u0161\u0107enje na\u0161ih servisa podrazumeva saglasnost korisnika sa navedenim uslovima kori\u0161\u0107enja. Nekmar RS d.o.o. se obavezuje da \u0107e se pridr\u017eavati svega navedenog, a sve promene uslova postaju va\u017ee\u0107e tek nakon objavljivanja na ovoj strani i slanja e-mail obave\u0161tenja svim registrovanim korisnicima.<\/p>\n<p>&nbsp;<\/p>\n<p><strong>Povra\u0107aj sredstava<\/strong><\/p>\n<p>&nbsp;<\/p>\n<p>U slu\u010daju odustanka od ugovora, potro\u0161a\u010d ima pravo na povra\u0107aj novca ili na zamenu za drugi proizvod. Cena se kupcu vra\u0107a po prijemu proizvoda, i nakon \u0161to se utvrdi da je proizvod neo\u0161te\u0107en i ispravan.<\/p>\n<p>Trgovac je du\u017ean da potro\u0161a\u010du bez odlaganja vrati iznos koji je potro\u0161a\u010d platio po osnovu ugovora, a najkasnije u roku od 14 dana od dana prijema izjave o odustanku, a nakon prijema proizvoda.<\/p>\n<p>Tro\u0161kove vra\u0107anja robe i novca snosi kupac, sem u slu\u010dajevima kada kupac dobije neispravan ili pogre\u0161an artikal.<\/p>\n<p>&nbsp;<\/p>\n<p><strong>Procedura za povra\u0107aj sredstava<\/strong><\/p>\n<p>Kontaktirajte nas pozivanjem broja telefona 063474226 ili nam po\u0161aljite email na adresu: srbija@nekmar.eu podatak Va\u0161eg broja ra\u010duna\/otpremnice, Va\u0161 JMBG (opciono) i broj dinarskog teku\u0107eg ra\u010duna.<\/p>\n<p>Kada dostavite potrebne podatke, bi\u0107e kreirana dokumentacija koja \u0107e Vam sa procedurom za povra\u0107aj sredstava biti prosledjena na email adresu koju ste ostavili prilikom kreiranja porud\u017ebine.<\/p>\n<p>Povra\u0107aj sredstava se vr\u0161i iskljucivo na gore navedeni na\u010din, uplatom na dinarski teku\u0107i ra\u010dun i nije mogu\u0107e slati novac po kuriru u gotovini.<\/p>\n<p>Poru\u010deni artikal, bez prethodnog kontakta i dogovora sa operaterima u Internet prodavnici prodavnici, koji je gore naveden, ne mo\u017eete samoinicijativno menjati\/zahtevati novac u prodajnom objektu\u00a0Nekmar RS d.o.o\u00a0 ili slati na adresu koja je navedena na ra\u010dunu\/otpremnici.<\/p>\n<p>&nbsp;<\/p>\n<p>Svaki takav paket bi\u0107e vra\u0107en po\u0161iljaocu o tro\u0161ku po\u0161iljaoca.[\/vc_column_text][\/vc_column][\/vc_row][vc_row css_animation=&#8221;&#8221; row_type=&#8221;row&#8221; use_row_as_full_screen_section=&#8221;no&#8221; type=&#8221;full_width&#8221; angled_section=&#8221;no&#8221; text_align=&#8221;left&#8221; background_image_as_pattern=&#8221;without_pattern&#8221;][vc_column][vc_empty_space height=&#8221;100px&#8221;][\/vc_column][\/vc_row]<\/p>\n<\/div>","protected":false},"excerpt":{"rendered":"<p>[vc_row css_animation=&#8221;&#8221; row_type=&#8221;row&#8221; use_row_as_full_screen_section=&#8221;no&#8221; type=&#8221;full_width&#8221; angled_section=&#8221;no&#8221; text_align=&#8221;left&#8221; background_image_as_pattern=&#8221;without_pattern&#8221;][vc_column][vc_empty_space height=&#8221;100px&#8221;][\/vc_column][\/vc_row][vc_row css_animation=&#8221;&#8221; row_type=&#8221;row&#8221; use_row_as_full_screen_section=&#8221;no&#8221; type=&#8221;grid&#8221; angled_section=&#8221;no&#8221; text_align=&#8221;left&#8221; background_image_as_pattern=&#8221;without_pattern&#8221; z_index=&#8221;&#8221;][vc_column][vc_column_text]USLOVI KUPOVINE &nbsp; Na osnovu odredbe \u010dl.13. i \u010dl.27. Zakona o za\u0161titi potro\u0161a\u010da (Sl.glasnik RS 62\/2014, 6\/2016 &#8211; dr. zakon i 44\/2018 &#8211; dr. zakon) privredno dru\u0161tvo Nekmar RS\u00a0&#8230;<\/p>\n","protected":false},"author":1,"featured_media":0,"parent":0,"menu_order":0,"comment_status":"closed","ping_status":"closed","template":"full_width.php","meta":{"inline_featured_image":false,"footnotes":""},"class_list":["post-799","page","type-page","status-publish","hentry"],"yoast_head":"<!-- This site is optimized with the Yoast SEO plugin v27.5 - https:\/\/yoast.com\/product\/yoast-seo-wordpress\/ -->\n<title>Op\u0161ti uslovi kupovine | Nekmar<\/title>\n<meta name=\"robots\" content=\"noindex, follow\" \/>\n<meta property=\"og:locale\" content=\"hr_HR\" \/>\n<meta property=\"og:type\" content=\"article\" \/>\n<meta property=\"og:title\" content=\"Op\u0161ti uslovi kupovine | Nekmar\" \/>\n<meta property=\"og:description\" content=\"[vc_row css_animation=&#8221;&#8221; row_type=&#8221;row&#8221; use_row_as_full_screen_section=&#8221;no&#8221; type=&#8221;full_width&#8221; angled_section=&#8221;no&#8221; text_align=&#8221;left&#8221; background_image_as_pattern=&#8221;without_pattern&#8221;][vc_column][vc_empty_space height=&#8221;100px&#8221;][\/vc_column][\/vc_row][vc_row css_animation=&#8221;&#8221; row_type=&#8221;row&#8221; use_row_as_full_screen_section=&#8221;no&#8221; type=&#8221;grid&#8221; angled_section=&#8221;no&#8221; text_align=&#8221;left&#8221; background_image_as_pattern=&#8221;without_pattern&#8221; z_index=&#8221;&#8221;][vc_column][vc_column_text]USLOVI KUPOVINE &nbsp; Na osnovu odredbe \u010dl.13. i \u010dl.27. Zakona o za\u0161titi potro\u0161a\u010da (Sl.glasnik RS 62\/2014, 6\/2016 &#8211; dr. zakon i 44\/2018 &#8211; dr. zakon) privredno dru\u0161tvo Nekmar RS\u00a0...\" \/>\n<meta property=\"og:url\" content=\"https:\/\/nekmar.eu\/rs\/opsti-uslovi-kupovine\/\" \/>\n<meta property=\"og:site_name\" content=\"Nekmar\" \/>\n<meta property=\"article:publisher\" content=\"https:\/\/www.facebook.com\/nekmarpetnutritionRS\/\" \/>\n<meta property=\"article:modified_time\" content=\"2023-07-24T10:21:54+00:00\" \/>\n<meta property=\"og:image\" content=\"https:\/\/nekmar.eu\/rs\/wp-content\/uploads\/2019\/08\/nekmar-f.jpg\" \/>\n\t<meta property=\"og:image:width\" content=\"1200\" \/>\n\t<meta property=\"og:image:height\" content=\"630\" \/>\n\t<meta property=\"og:image:type\" content=\"image\/jpeg\" \/>\n<meta name=\"twitter:card\" content=\"summary_large_image\" \/>\n<meta name=\"twitter:label1\" content=\"Procijenjeno vrijeme \u010ditanja\" \/>\n\t<meta name=\"twitter:data1\" content=\"8 minuta\" \/>\n<script type=\"application\/ld+json\" class=\"yoast-schema-graph\">{\"@context\":\"https:\\\/\\\/schema.org\",\"@graph\":[{\"@type\":\"WebPage\",\"@id\":\"https:\\\/\\\/nekmar.eu\\\/rs\\\/opsti-uslovi-kupovine\\\/\",\"url\":\"https:\\\/\\\/nekmar.eu\\\/rs\\\/opsti-uslovi-kupovine\\\/\",\"name\":\"Op\u0161ti uslovi kupovine | Nekmar\",\"isPartOf\":{\"@id\":\"https:\\\/\\\/nekmar.eu\\\/rs\\\/#website\"},\"datePublished\":\"2019-10-16T12:12:22+00:00\",\"dateModified\":\"2023-07-24T10:21:54+00:00\",\"breadcrumb\":{\"@id\":\"https:\\\/\\\/nekmar.eu\\\/rs\\\/opsti-uslovi-kupovine\\\/#breadcrumb\"},\"inLanguage\":\"hr\",\"potentialAction\":[{\"@type\":\"ReadAction\",\"target\":[\"https:\\\/\\\/nekmar.eu\\\/rs\\\/opsti-uslovi-kupovine\\\/\"]}]},{\"@type\":\"BreadcrumbList\",\"@id\":\"https:\\\/\\\/nekmar.eu\\\/rs\\\/opsti-uslovi-kupovine\\\/#breadcrumb\",\"itemListElement\":[{\"@type\":\"ListItem\",\"position\":1,\"name\":\"Home\",\"item\":\"https:\\\/\\\/nekmar.eu\\\/rs\\\/\"},{\"@type\":\"ListItem\",\"position\":2,\"name\":\"Op\u0161ti uslovi kupovine\"}]},{\"@type\":\"WebSite\",\"@id\":\"https:\\\/\\\/nekmar.eu\\\/rs\\\/#website\",\"url\":\"https:\\\/\\\/nekmar.eu\\\/rs\\\/\",\"name\":\"Nekmar Srbija\",\"description\":\"Pet Nutrition\",\"publisher\":{\"@id\":\"https:\\\/\\\/nekmar.eu\\\/rs\\\/#organization\"},\"potentialAction\":[{\"@type\":\"SearchAction\",\"target\":{\"@type\":\"EntryPoint\",\"urlTemplate\":\"https:\\\/\\\/nekmar.eu\\\/rs\\\/?s={search_term_string}\"},\"query-input\":{\"@type\":\"PropertyValueSpecification\",\"valueRequired\":true,\"valueName\":\"search_term_string\"}}],\"inLanguage\":\"hr\"},{\"@type\":\"Organization\",\"@id\":\"https:\\\/\\\/nekmar.eu\\\/rs\\\/#organization\",\"name\":\"Nekmar Pet Nutrition Srbija\",\"url\":\"https:\\\/\\\/nekmar.eu\\\/rs\\\/\",\"logo\":{\"@type\":\"ImageObject\",\"inLanguage\":\"hr\",\"@id\":\"https:\\\/\\\/nekmar.eu\\\/rs\\\/#\\\/schema\\\/logo\\\/image\\\/\",\"url\":\"https:\\\/\\\/nekmar.eu\\\/rs\\\/wp-content\\\/uploads\\\/2019\\\/08\\\/Nekmar-contact.jpg\",\"contentUrl\":\"https:\\\/\\\/nekmar.eu\\\/rs\\\/wp-content\\\/uploads\\\/2019\\\/08\\\/Nekmar-contact.jpg\",\"width\":600,\"height\":142,\"caption\":\"Nekmar Pet Nutrition Srbija\"},\"image\":{\"@id\":\"https:\\\/\\\/nekmar.eu\\\/rs\\\/#\\\/schema\\\/logo\\\/image\\\/\"},\"sameAs\":[\"https:\\\/\\\/www.facebook.com\\\/nekmarpetnutritionRS\\\/\",\"https:\\\/\\\/www.instagram.com\\\/nekmar_srbija\\\/\"]}]}<\/script>\n<!-- \/ Yoast SEO plugin. -->","yoast_head_json":{"title":"Op\u0161ti uslovi kupovine | Nekmar","robots":{"index":"noindex","follow":"follow"},"og_locale":"hr_HR","og_type":"article","og_title":"Op\u0161ti uslovi kupovine | Nekmar","og_description":"[vc_row css_animation=&#8221;&#8221; row_type=&#8221;row&#8221; use_row_as_full_screen_section=&#8221;no&#8221; type=&#8221;full_width&#8221; angled_section=&#8221;no&#8221; text_align=&#8221;left&#8221; background_image_as_pattern=&#8221;without_pattern&#8221;][vc_column][vc_empty_space height=&#8221;100px&#8221;][\/vc_column][\/vc_row][vc_row css_animation=&#8221;&#8221; row_type=&#8221;row&#8221; use_row_as_full_screen_section=&#8221;no&#8221; type=&#8221;grid&#8221; angled_section=&#8221;no&#8221; text_align=&#8221;left&#8221; background_image_as_pattern=&#8221;without_pattern&#8221; z_index=&#8221;&#8221;][vc_column][vc_column_text]USLOVI KUPOVINE &nbsp; Na osnovu odredbe \u010dl.13. i \u010dl.27. Zakona o za\u0161titi potro\u0161a\u010da (Sl.glasnik RS 62\/2014, 6\/2016 &#8211; dr. zakon i 44\/2018 &#8211; dr. zakon) privredno dru\u0161tvo Nekmar RS\u00a0...","og_url":"https:\/\/nekmar.eu\/rs\/opsti-uslovi-kupovine\/","og_site_name":"Nekmar","article_publisher":"https:\/\/www.facebook.com\/nekmarpetnutritionRS\/","article_modified_time":"2023-07-24T10:21:54+00:00","og_image":[{"width":1200,"height":630,"url":"https:\/\/nekmar.eu\/rs\/wp-content\/uploads\/2019\/08\/nekmar-f.jpg","type":"image\/jpeg"}],"twitter_card":"summary_large_image","twitter_misc":{"Procijenjeno vrijeme \u010ditanja":"8 minuta"},"schema":{"@context":"https:\/\/schema.org","@graph":[{"@type":"WebPage","@id":"https:\/\/nekmar.eu\/rs\/opsti-uslovi-kupovine\/","url":"https:\/\/nekmar.eu\/rs\/opsti-uslovi-kupovine\/","name":"Op\u0161ti uslovi kupovine | Nekmar","isPartOf":{"@id":"https:\/\/nekmar.eu\/rs\/#website"},"datePublished":"2019-10-16T12:12:22+00:00","dateModified":"2023-07-24T10:21:54+00:00","breadcrumb":{"@id":"https:\/\/nekmar.eu\/rs\/opsti-uslovi-kupovine\/#breadcrumb"},"inLanguage":"hr","potentialAction":[{"@type":"ReadAction","target":["https:\/\/nekmar.eu\/rs\/opsti-uslovi-kupovine\/"]}]},{"@type":"BreadcrumbList","@id":"https:\/\/nekmar.eu\/rs\/opsti-uslovi-kupovine\/#breadcrumb","itemListElement":[{"@type":"ListItem","position":1,"name":"Home","item":"https:\/\/nekmar.eu\/rs\/"},{"@type":"ListItem","position":2,"name":"Op\u0161ti uslovi kupovine"}]},{"@type":"WebSite","@id":"https:\/\/nekmar.eu\/rs\/#website","url":"https:\/\/nekmar.eu\/rs\/","name":"Nekmar Srbija","description":"Pet Nutrition","publisher":{"@id":"https:\/\/nekmar.eu\/rs\/#organization"},"potentialAction":[{"@type":"SearchAction","target":{"@type":"EntryPoint","urlTemplate":"https:\/\/nekmar.eu\/rs\/?s={search_term_string}"},"query-input":{"@type":"PropertyValueSpecification","valueRequired":true,"valueName":"search_term_string"}}],"inLanguage":"hr"},{"@type":"Organization","@id":"https:\/\/nekmar.eu\/rs\/#organization","name":"Nekmar Pet Nutrition Srbija","url":"https:\/\/nekmar.eu\/rs\/","logo":{"@type":"ImageObject","inLanguage":"hr","@id":"https:\/\/nekmar.eu\/rs\/#\/schema\/logo\/image\/","url":"https:\/\/nekmar.eu\/rs\/wp-content\/uploads\/2019\/08\/Nekmar-contact.jpg","contentUrl":"https:\/\/nekmar.eu\/rs\/wp-content\/uploads\/2019\/08\/Nekmar-contact.jpg","width":600,"height":142,"caption":"Nekmar Pet Nutrition Srbija"},"image":{"@id":"https:\/\/nekmar.eu\/rs\/#\/schema\/logo\/image\/"},"sameAs":["https:\/\/www.facebook.com\/nekmarpetnutritionRS\/","https:\/\/www.instagram.com\/nekmar_srbija\/"]}]}},"_links":{"self":[{"href":"https:\/\/nekmar.eu\/rs\/wp-json\/wp\/v2\/pages\/799","targetHints":{"allow":["GET"]}}],"collection":[{"href":"https:\/\/nekmar.eu\/rs\/wp-json\/wp\/v2\/pages"}],"about":[{"href":"https:\/\/nekmar.eu\/rs\/wp-json\/wp\/v2\/types\/page"}],"author":[{"embeddable":true,"href":"https:\/\/nekmar.eu\/rs\/wp-json\/wp\/v2\/users\/1"}],"replies":[{"embeddable":true,"href":"https:\/\/nekmar.eu\/rs\/wp-json\/wp\/v2\/comments?post=799"}],"version-history":[{"count":0,"href":"https:\/\/nekmar.eu\/rs\/wp-json\/wp\/v2\/pages\/799\/revisions"}],"wp:attachment":[{"href":"https:\/\/nekmar.eu\/rs\/wp-json\/wp\/v2\/media?parent=799"}],"curies":[{"name":"wp","href":"https:\/\/api.w.org\/{rel}","templated":true}]}}