{"id":807,"date":"2019-10-16T12:19:02","date_gmt":"2019-10-16T12:19:02","guid":{"rendered":"https:\/\/nekmar.eu\/rs\/?page_id=807"},"modified":"2019-12-30T20:12:54","modified_gmt":"2019-12-30T20:12:54","slug":"reklamacije","status":"publish","type":"page","link":"https:\/\/nekmar.eu\/rs\/reklamacije\/","title":{"rendered":"Reklamacije"},"content":{"rendered":"<div class=\"wpb-content-wrapper\"><p>[vc_row css_animation=&#8221;&#8221; row_type=&#8221;row&#8221; use_row_as_full_screen_section=&#8221;no&#8221; type=&#8221;full_width&#8221; angled_section=&#8221;no&#8221; text_align=&#8221;left&#8221; background_image_as_pattern=&#8221;without_pattern&#8221;][vc_column][vc_empty_space height=&#8221;100px&#8221;][\/vc_column][\/vc_row][vc_row css_animation=&#8221;&#8221; row_type=&#8221;row&#8221; use_row_as_full_screen_section=&#8221;no&#8221; type=&#8221;grid&#8221; angled_section=&#8221;no&#8221; text_align=&#8221;left&#8221; background_image_as_pattern=&#8221;without_pattern&#8221; z_index=&#8221;&#8221;][vc_column][vc_column_text]<\/p>\n<h3>REKLAMACIJE<\/h3>\n<p>&nbsp;<\/p>\n<p><strong>Reklamacije na o\u0161te\u0107enje u transportu<\/strong><\/p>\n<p>Veoma je va\u017eno da sva o\u0161te\u0107enja u transportu, vidjliva na pakovanju proizvoda odmah prijavite kuriru koji vam isporu\u010di robu. Svako o\u0161te\u0107enje pri transportu kupac je du\u017ean da prijavi u roku od 24h od prijema robe, pozivom na telefonski broj 062 88 10 866, ili slanjem e-mail-a sa svojim podacima (ime, prezime, telefon) na e-mail srbija@nekmar.rs sa opisom uo\u010denog o\u0161te\u0107enja ili manjka delova.<\/p>\n<p>&nbsp;<\/p>\n<p>Ukoliko uo\u010dite o\u0161te\u0107enje, nemojte potpisati prijem po\u0161iljke ili zamolite kurira da sa\u010deka dok proverite da li o\u0161te\u0107enje na pakovanju uslovilo i o\u0161te\u0107enje samog proizvodaili gubitak sadr\u017eaja. Ukoliko proizvod nije o\u0161te\u0107en, i svi delovi su na broju, potpi\u0161ite prijempo\u0161iljke.<\/p>\n<p>&nbsp;<\/p>\n<p><strong>Reklamacije na podatke ili pogre\u0161nu vrstu robe<\/strong><\/p>\n<p>&nbsp;<\/p>\n<p>Ukoliko ste primili po\u0161iljku i nakon otvaranja kutije ustanovili da isporu\u010dena roba neodgovaranaru\u010denoj ili podaci na ra\u010dunu nisu odgovaraju\u0107i, molimo Vas da nas,najkasnije u roku od 24h od trenutka prijema po\u0161iljke, pozovite telefonom na broj 0604742267, ili po\u0161aljete e-mail sa svojim podacima (ime, prezime, telefon) na srbija@nekmar.rs i opi\u0161ete kakav problem imate.<\/p>\n<p>&nbsp;<\/p>\n<p>Na Va\u0161u prijavu problem posla\u0107emo kurirsku slu\u017ebu Dexpress koja \u0107e u roku od 24 do 72h od prijave problema preuzeti na Va\u0161oj ku\u0107noj adresi reklamirani proizvod zajedno sa uredno popunjenim reklamacionim listom sa linka na kraju ovog teksta i kopijom ra\u010duna-otrpemnice koji ste dobili uz porud\u017ebinu.<\/p>\n<p>&nbsp;<\/p>\n<p><strong>Radno vreme kurirske slu\u017ebe je svakog radnog dana od 8 do 17h.<\/strong><\/p>\n<p>Ako istek roka za preuzimanje reklamiranog proizvoda pada u nedelju ili neradne dane na teritoriji Republike Srbije za vreme dr\u017eavnih ili verskih praznika, rok za preuzimanje reklamiranog proizvoda isti\u010de prvog narednog radnog dana.<\/p>\n<p>&nbsp;<\/p>\n<p>U najkra\u0107em mogu\u0107em roku, odgovori\u0107emo potro\u0161a\u010du na izjavljenu reklamaciju elektronskim putem (e-mail) tako \u0161to \u0107emo potvrditi prijem reklamacije, odnosno saop\u0161titi broj pod kojim je zavedena Va\u0161a reklamacija u evidenciji primljenih reklamacija i obavesti\u0107emo Vas o daljem postupanju.<\/p>\n<p>&nbsp;<\/p>\n<p><strong>Rok za odgovor na reklamaciju je 8 dana a za re\u0161avanje reklamacije je 15 dana od trenutka prijave iste.<\/strong><\/p>\n<p>&nbsp;<\/p>\n<p><strong>Reklamacije zbog nesaobraznosti robe<\/strong><\/p>\n<p>Postupak reklamacije proizvoda zbog nesaobraznosti ugovoru, koja se pojavi u roku od dve godine od dana isporuke proizvoda potro\u0161a\u010du, se vr\u0161i na na\u010din opisan u delu &#8211; Reklamacije na podatke ili pogre\u0161nu vrstu robe -.<\/p>\n<p>&nbsp;<\/p>\n<p><strong>Postprodajne usluge i garancije<\/strong><\/p>\n<p>&nbsp;<\/p>\n<p>Za proizvode u pogledu kojih se pru\u017eaju postprodajne usluge i izdaje garancija, uslovi ostvarivanja postprodajnih usluga i garancije se dostavljaju u pisanom obliku zajedno sa isporu\u010denim proizvodom.<\/p>\n<p>Reklamacioni list mo\u017eete preuzeti <a href=\"https:\/\/nekmar.eu\/rs\/wp-content\/uploads\/2019\/12\/Reklamacioni-listRS.xlsx\" target=\"_blank\" rel=\"noopener noreferrer\">ovde<\/a>.[\/vc_column_text][\/vc_column][\/vc_row][vc_row css_animation=&#8221;&#8221; row_type=&#8221;row&#8221; use_row_as_full_screen_section=&#8221;no&#8221; type=&#8221;full_width&#8221; angled_section=&#8221;no&#8221; text_align=&#8221;left&#8221; background_image_as_pattern=&#8221;without_pattern&#8221;][vc_column][vc_empty_space height=&#8221;100px&#8221;][\/vc_column][\/vc_row]<\/p>\n<\/div>","protected":false},"excerpt":{"rendered":"<p>[vc_row css_animation=&#8221;&#8221; row_type=&#8221;row&#8221; use_row_as_full_screen_section=&#8221;no&#8221; type=&#8221;full_width&#8221; angled_section=&#8221;no&#8221; text_align=&#8221;left&#8221; background_image_as_pattern=&#8221;without_pattern&#8221;][vc_column][vc_empty_space height=&#8221;100px&#8221;][\/vc_column][\/vc_row][vc_row css_animation=&#8221;&#8221; row_type=&#8221;row&#8221; use_row_as_full_screen_section=&#8221;no&#8221; type=&#8221;grid&#8221; angled_section=&#8221;no&#8221; text_align=&#8221;left&#8221; background_image_as_pattern=&#8221;without_pattern&#8221; z_index=&#8221;&#8221;][vc_column][vc_column_text] REKLAMACIJE &nbsp; Reklamacije na o\u0161te\u0107enje u transportu Veoma je va\u017eno da sva o\u0161te\u0107enja u transportu, vidjliva na pakovanju proizvoda odmah prijavite kuriru koji vam isporu\u010di robu. Svako o\u0161te\u0107enje&#8230;<\/p>\n","protected":false},"author":1,"featured_media":0,"parent":0,"menu_order":0,"comment_status":"closed","ping_status":"closed","template":"full_width.php","meta":{"inline_featured_image":false,"footnotes":""},"class_list":["post-807","page","type-page","status-publish","hentry"],"yoast_head":"<!-- This site is optimized with the Yoast SEO plugin v27.5 - https:\/\/yoast.com\/product\/yoast-seo-wordpress\/ -->\n<title>Reklamacije | Nekmar<\/title>\n<meta name=\"robots\" content=\"noindex, follow\" \/>\n<meta property=\"og:locale\" content=\"hr_HR\" \/>\n<meta property=\"og:type\" content=\"article\" \/>\n<meta property=\"og:title\" content=\"Reklamacije | Nekmar\" \/>\n<meta property=\"og:description\" content=\"[vc_row css_animation=&#8221;&#8221; row_type=&#8221;row&#8221; use_row_as_full_screen_section=&#8221;no&#8221; type=&#8221;full_width&#8221; angled_section=&#8221;no&#8221; text_align=&#8221;left&#8221; background_image_as_pattern=&#8221;without_pattern&#8221;][vc_column][vc_empty_space height=&#8221;100px&#8221;][\/vc_column][\/vc_row][vc_row css_animation=&#8221;&#8221; row_type=&#8221;row&#8221; use_row_as_full_screen_section=&#8221;no&#8221; type=&#8221;grid&#8221; angled_section=&#8221;no&#8221; text_align=&#8221;left&#8221; background_image_as_pattern=&#8221;without_pattern&#8221; z_index=&#8221;&#8221;][vc_column][vc_column_text] REKLAMACIJE &nbsp; Reklamacije na o\u0161te\u0107enje u transportu Veoma je va\u017eno da sva o\u0161te\u0107enja u transportu, vidjliva na pakovanju proizvoda odmah prijavite kuriru koji vam isporu\u010di robu. Svako o\u0161te\u0107enje...\" \/>\n<meta property=\"og:url\" content=\"https:\/\/nekmar.eu\/rs\/reklamacije\/\" \/>\n<meta property=\"og:site_name\" content=\"Nekmar\" \/>\n<meta property=\"article:publisher\" content=\"https:\/\/www.facebook.com\/nekmarpetnutritionRS\/\" \/>\n<meta property=\"article:modified_time\" content=\"2019-12-30T20:12:54+00:00\" \/>\n<meta property=\"og:image\" content=\"https:\/\/nekmar.eu\/rs\/wp-content\/uploads\/2019\/08\/nekmar-f.jpg\" \/>\n\t<meta property=\"og:image:width\" content=\"1200\" \/>\n\t<meta property=\"og:image:height\" content=\"630\" \/>\n\t<meta property=\"og:image:type\" content=\"image\/jpeg\" \/>\n<meta name=\"twitter:card\" content=\"summary_large_image\" \/>\n<meta name=\"twitter:label1\" content=\"Procijenjeno vrijeme \u010ditanja\" \/>\n\t<meta name=\"twitter:data1\" content=\"3 minute\" \/>\n<script type=\"application\/ld+json\" class=\"yoast-schema-graph\">{\"@context\":\"https:\\\/\\\/schema.org\",\"@graph\":[{\"@type\":\"WebPage\",\"@id\":\"https:\\\/\\\/nekmar.eu\\\/rs\\\/reklamacije\\\/\",\"url\":\"https:\\\/\\\/nekmar.eu\\\/rs\\\/reklamacije\\\/\",\"name\":\"Reklamacije | Nekmar\",\"isPartOf\":{\"@id\":\"https:\\\/\\\/nekmar.eu\\\/rs\\\/#website\"},\"datePublished\":\"2019-10-16T12:19:02+00:00\",\"dateModified\":\"2019-12-30T20:12:54+00:00\",\"breadcrumb\":{\"@id\":\"https:\\\/\\\/nekmar.eu\\\/rs\\\/reklamacije\\\/#breadcrumb\"},\"inLanguage\":\"hr\",\"potentialAction\":[{\"@type\":\"ReadAction\",\"target\":[\"https:\\\/\\\/nekmar.eu\\\/rs\\\/reklamacije\\\/\"]}]},{\"@type\":\"BreadcrumbList\",\"@id\":\"https:\\\/\\\/nekmar.eu\\\/rs\\\/reklamacije\\\/#breadcrumb\",\"itemListElement\":[{\"@type\":\"ListItem\",\"position\":1,\"name\":\"Home\",\"item\":\"https:\\\/\\\/nekmar.eu\\\/rs\\\/\"},{\"@type\":\"ListItem\",\"position\":2,\"name\":\"Reklamacije\"}]},{\"@type\":\"WebSite\",\"@id\":\"https:\\\/\\\/nekmar.eu\\\/rs\\\/#website\",\"url\":\"https:\\\/\\\/nekmar.eu\\\/rs\\\/\",\"name\":\"Nekmar Srbija\",\"description\":\"Pet Nutrition\",\"publisher\":{\"@id\":\"https:\\\/\\\/nekmar.eu\\\/rs\\\/#organization\"},\"potentialAction\":[{\"@type\":\"SearchAction\",\"target\":{\"@type\":\"EntryPoint\",\"urlTemplate\":\"https:\\\/\\\/nekmar.eu\\\/rs\\\/?s={search_term_string}\"},\"query-input\":{\"@type\":\"PropertyValueSpecification\",\"valueRequired\":true,\"valueName\":\"search_term_string\"}}],\"inLanguage\":\"hr\"},{\"@type\":\"Organization\",\"@id\":\"https:\\\/\\\/nekmar.eu\\\/rs\\\/#organization\",\"name\":\"Nekmar Pet Nutrition Srbija\",\"url\":\"https:\\\/\\\/nekmar.eu\\\/rs\\\/\",\"logo\":{\"@type\":\"ImageObject\",\"inLanguage\":\"hr\",\"@id\":\"https:\\\/\\\/nekmar.eu\\\/rs\\\/#\\\/schema\\\/logo\\\/image\\\/\",\"url\":\"https:\\\/\\\/nekmar.eu\\\/rs\\\/wp-content\\\/uploads\\\/2019\\\/08\\\/Nekmar-contact.jpg\",\"contentUrl\":\"https:\\\/\\\/nekmar.eu\\\/rs\\\/wp-content\\\/uploads\\\/2019\\\/08\\\/Nekmar-contact.jpg\",\"width\":600,\"height\":142,\"caption\":\"Nekmar Pet Nutrition Srbija\"},\"image\":{\"@id\":\"https:\\\/\\\/nekmar.eu\\\/rs\\\/#\\\/schema\\\/logo\\\/image\\\/\"},\"sameAs\":[\"https:\\\/\\\/www.facebook.com\\\/nekmarpetnutritionRS\\\/\",\"https:\\\/\\\/www.instagram.com\\\/nekmar_srbija\\\/\"]}]}<\/script>\n<!-- \/ Yoast SEO plugin. -->","yoast_head_json":{"title":"Reklamacije | Nekmar","robots":{"index":"noindex","follow":"follow"},"og_locale":"hr_HR","og_type":"article","og_title":"Reklamacije | Nekmar","og_description":"[vc_row css_animation=&#8221;&#8221; row_type=&#8221;row&#8221; use_row_as_full_screen_section=&#8221;no&#8221; type=&#8221;full_width&#8221; angled_section=&#8221;no&#8221; text_align=&#8221;left&#8221; background_image_as_pattern=&#8221;without_pattern&#8221;][vc_column][vc_empty_space height=&#8221;100px&#8221;][\/vc_column][\/vc_row][vc_row css_animation=&#8221;&#8221; row_type=&#8221;row&#8221; use_row_as_full_screen_section=&#8221;no&#8221; type=&#8221;grid&#8221; angled_section=&#8221;no&#8221; text_align=&#8221;left&#8221; background_image_as_pattern=&#8221;without_pattern&#8221; z_index=&#8221;&#8221;][vc_column][vc_column_text] REKLAMACIJE &nbsp; Reklamacije na o\u0161te\u0107enje u transportu Veoma je va\u017eno da sva o\u0161te\u0107enja u transportu, vidjliva na pakovanju proizvoda odmah prijavite kuriru koji vam isporu\u010di robu. Svako o\u0161te\u0107enje...","og_url":"https:\/\/nekmar.eu\/rs\/reklamacije\/","og_site_name":"Nekmar","article_publisher":"https:\/\/www.facebook.com\/nekmarpetnutritionRS\/","article_modified_time":"2019-12-30T20:12:54+00:00","og_image":[{"width":1200,"height":630,"url":"https:\/\/nekmar.eu\/rs\/wp-content\/uploads\/2019\/08\/nekmar-f.jpg","type":"image\/jpeg"}],"twitter_card":"summary_large_image","twitter_misc":{"Procijenjeno vrijeme \u010ditanja":"3 minute"},"schema":{"@context":"https:\/\/schema.org","@graph":[{"@type":"WebPage","@id":"https:\/\/nekmar.eu\/rs\/reklamacije\/","url":"https:\/\/nekmar.eu\/rs\/reklamacije\/","name":"Reklamacije | Nekmar","isPartOf":{"@id":"https:\/\/nekmar.eu\/rs\/#website"},"datePublished":"2019-10-16T12:19:02+00:00","dateModified":"2019-12-30T20:12:54+00:00","breadcrumb":{"@id":"https:\/\/nekmar.eu\/rs\/reklamacije\/#breadcrumb"},"inLanguage":"hr","potentialAction":[{"@type":"ReadAction","target":["https:\/\/nekmar.eu\/rs\/reklamacije\/"]}]},{"@type":"BreadcrumbList","@id":"https:\/\/nekmar.eu\/rs\/reklamacije\/#breadcrumb","itemListElement":[{"@type":"ListItem","position":1,"name":"Home","item":"https:\/\/nekmar.eu\/rs\/"},{"@type":"ListItem","position":2,"name":"Reklamacije"}]},{"@type":"WebSite","@id":"https:\/\/nekmar.eu\/rs\/#website","url":"https:\/\/nekmar.eu\/rs\/","name":"Nekmar Srbija","description":"Pet Nutrition","publisher":{"@id":"https:\/\/nekmar.eu\/rs\/#organization"},"potentialAction":[{"@type":"SearchAction","target":{"@type":"EntryPoint","urlTemplate":"https:\/\/nekmar.eu\/rs\/?s={search_term_string}"},"query-input":{"@type":"PropertyValueSpecification","valueRequired":true,"valueName":"search_term_string"}}],"inLanguage":"hr"},{"@type":"Organization","@id":"https:\/\/nekmar.eu\/rs\/#organization","name":"Nekmar Pet Nutrition Srbija","url":"https:\/\/nekmar.eu\/rs\/","logo":{"@type":"ImageObject","inLanguage":"hr","@id":"https:\/\/nekmar.eu\/rs\/#\/schema\/logo\/image\/","url":"https:\/\/nekmar.eu\/rs\/wp-content\/uploads\/2019\/08\/Nekmar-contact.jpg","contentUrl":"https:\/\/nekmar.eu\/rs\/wp-content\/uploads\/2019\/08\/Nekmar-contact.jpg","width":600,"height":142,"caption":"Nekmar Pet Nutrition Srbija"},"image":{"@id":"https:\/\/nekmar.eu\/rs\/#\/schema\/logo\/image\/"},"sameAs":["https:\/\/www.facebook.com\/nekmarpetnutritionRS\/","https:\/\/www.instagram.com\/nekmar_srbija\/"]}]}},"_links":{"self":[{"href":"https:\/\/nekmar.eu\/rs\/wp-json\/wp\/v2\/pages\/807","targetHints":{"allow":["GET"]}}],"collection":[{"href":"https:\/\/nekmar.eu\/rs\/wp-json\/wp\/v2\/pages"}],"about":[{"href":"https:\/\/nekmar.eu\/rs\/wp-json\/wp\/v2\/types\/page"}],"author":[{"embeddable":true,"href":"https:\/\/nekmar.eu\/rs\/wp-json\/wp\/v2\/users\/1"}],"replies":[{"embeddable":true,"href":"https:\/\/nekmar.eu\/rs\/wp-json\/wp\/v2\/comments?post=807"}],"version-history":[{"count":0,"href":"https:\/\/nekmar.eu\/rs\/wp-json\/wp\/v2\/pages\/807\/revisions"}],"wp:attachment":[{"href":"https:\/\/nekmar.eu\/rs\/wp-json\/wp\/v2\/media?parent=807"}],"curies":[{"name":"wp","href":"https:\/\/api.w.org\/{rel}","templated":true}]}}