{"id":891,"date":"2019-11-15T14:16:55","date_gmt":"2019-11-15T14:16:55","guid":{"rendered":"https:\/\/nekmar.eu\/rs\/?page_id=891"},"modified":"2020-01-12T18:54:48","modified_gmt":"2020-01-12T18:54:48","slug":"uzorci","status":"publish","type":"page","link":"https:\/\/nekmar.eu\/rs\/uzorci\/","title":{"rendered":"Uzorci"},"content":{"rendered":"<div class=\"wpb-content-wrapper\"><p>[vc_row css_animation=&#8221;&#8221; row_type=&#8221;row&#8221; use_row_as_full_screen_section=&#8221;no&#8221; type=&#8221;full_width&#8221; angled_section=&#8221;no&#8221; text_align=&#8221;left&#8221; background_image_as_pattern=&#8221;without_pattern&#8221;][vc_column]\n\t\t\t<!-- START Contact 1 REVOLUTION SLIDER 6.7.37 --><p class=\"rs-p-wp-fix\"><\/p>\n\t\t\t<rs-module-wrap id=\"rev_slider_35_1_wrapper\" data-source=\"gallery\" style=\"visibility:hidden;background:transparent;padding:0;margin:0px auto;margin-top:0;margin-bottom:0;\">\n\t\t\t\t<rs-module id=\"rev_slider_35_1\" style=\"\" data-version=\"6.7.37\">\n\t\t\t\t\t<rs-slides style=\"overflow: hidden; position: absolute;\">\n\t\t\t\t\t\t<rs-slide style=\"position: absolute;\" data-key=\"rs-175\" data-title=\"Slide\" data-anim=\"ms:600;r:0;\" data-in=\"o:0;\" data-out=\"a:false;\">\n\t\t\t\t\t\t\t<img decoding=\"async\" src=\"\/\/nekmar.eu\/rs\/wp-content\/plugins\/revslider\/sr6\/assets\/assets\/dummy.png\" alt=\"\" title=\"uz\" width=\"1920\" height=\"600\" class=\"rev-slidebg tp-rs-img rs-lazyload\" data-lazyload=\"\/\/nekmar.eu\/rs\/wp-content\/uploads\/2019\/11\/uz.jpg\" data-no-retina>\n<!--\n\t\t\t\t\t\t\t--><rs-layer\n\t\t\t\t\t\t\t\tid=\"slider-35-slide-175-layer-6\" \n\t\t\t\t\t\t\t\tdata-type=\"text\"\n\t\t\t\t\t\t\t\tdata-rsp_ch=\"on\"\n\t\t\t\t\t\t\t\tdata-xy=\"xo:448px,448px,484px,20px;yo:196px,196px,37px,394px;\"\n\t\t\t\t\t\t\t\tdata-text=\"s:60,60,40,40;l:60,60,40,40;fw:700;a:inherit;\"\n\t\t\t\t\t\t\t\tdata-frame_0=\"x:left;o:1;tp:600;\"\n\t\t\t\t\t\t\t\tdata-frame_1=\"tp:600;sp:2000;sR:10;\"\n\t\t\t\t\t\t\t\tdata-frame_999=\"o:0;tp:600;st:w;sR:6990;\"\n\t\t\t\t\t\t\t\tstyle=\"z-index:5;font-family:'Montserrat';\"\n\t\t\t\t\t\t\t>PROBNI<br>\nUZORCI \n\t\t\t\t\t\t\t<\/rs-layer><!--\n-->\t\t\t\t\t<\/rs-slide>\n\t\t\t\t\t<\/rs-slides>\n\t\t\t\t<\/rs-module>\n\t\t\t\t<script>\n\t\t\t\t\tsetREVStartSize({c: 'rev_slider_35_1',rl:[1240,1240,778,480],el:[522,522,500,500],gw:[1920,1920,778,480],gh:[522,522,500,500],type:'standard',justify:'',layout:'fullwidth',mh:\"0\"});if (window.RS_MODULES!==undefined && window.RS_MODULES.modules!==undefined && window.RS_MODULES.modules[\"revslider351\"]!==undefined) {window.RS_MODULES.modules[\"revslider351\"].once = false;window.revapi35 = undefined;if (window.RS_MODULES.checkMinimal!==undefined) window.RS_MODULES.checkMinimal()}\n\t\t\t\t<\/script>\n\t\t\t<\/rs-module-wrap>\n\t\t\t<!-- END REVOLUTION SLIDER -->\n[\/vc_column][\/vc_row][vc_row css_animation=&#8221;&#8221; row_type=&#8221;row&#8221; use_row_as_full_screen_section=&#8221;no&#8221; type=&#8221;grid&#8221; angled_section=&#8221;no&#8221; text_align=&#8221;left&#8221; background_image_as_pattern=&#8221;without_pattern&#8221; z_index=&#8221;&#8221;][vc_column][vc_empty_space][vc_column_text]<\/p>\n<p style=\"text-align: center;\">Probni uzorak 600,00 RSD, sa svim ura\u010dunatim tro\u0161kovima.<\/p>\n<p>[\/vc_column_text][\/vc_column][\/vc_row][vc_row css_animation=&#8221;&#8221; row_type=&#8221;row&#8221; use_row_as_full_screen_section=&#8221;no&#8221; type=&#8221;grid&#8221; angled_section=&#8221;no&#8221; text_align=&#8221;center&#8221; background_image_as_pattern=&#8221;without_pattern&#8221; css=&#8221;.vc_custom_1573827634888{padding-top: 40px !important;padding-bottom: 40px !important;}&#8221; z_index=&#8221;&#8221;][vc_column width=&#8221;1\/3&#8243; offset=&#8221;vc_col-lg-offset-1 vc_col-lg-10 vc_col-md-offset-1 vc_col-md-10&#8243;][vc_column_text]<\/p>\n<h6><span style=\"color: #b7702e;\">Ispunite prazna polja<\/span><\/h6>\n<p>[\/vc_column_text][vc_separator type=&#8221;transparent&#8221; thickness=&#8221;0&#8243; up=&#8221;11&#8243; down=&#8221;0&#8243;][vc_column_text]<\/p>\n<h3>Naru\u010dite probni uzorak<\/h3>\n<p>[\/vc_column_text][\/vc_column][\/vc_row][vc_row css_animation=&#8221;&#8221; row_type=&#8221;row&#8221; use_row_as_full_screen_section=&#8221;no&#8221; type=&#8221;full_width&#8221; angled_section=&#8221;no&#8221; text_align=&#8221;left&#8221; background_image_as_pattern=&#8221;without_pattern&#8221;][vc_column width=&#8221;1\/3&#8243;][\/vc_column][vc_column width=&#8221;1\/3&#8243; css=&#8221;.vc_custom_1573827914610{padding-right: 20px !important;padding-left: 20px !important;}&#8221;]\n<div class=\"wpcf7 no-js\" id=\"wpcf7-f882-o1\" lang=\"hr\" dir=\"ltr\" data-wpcf7-id=\"882\">\n<div class=\"screen-reader-response\"><p role=\"status\" aria-live=\"polite\" aria-atomic=\"true\"><\/p> <ul><\/ul><\/div>\n<form action=\"\/rs\/wp-json\/wp\/v2\/pages\/891#wpcf7-f882-o1\" method=\"post\" class=\"wpcf7-form init cf7_custom_style_1\" aria-label=\"Kontakt obrazac\" novalidate=\"novalidate\" data-status=\"init\">\n<fieldset class=\"hidden-fields-container\"><input type=\"hidden\" name=\"_wpcf7\" value=\"882\" \/><input type=\"hidden\" name=\"_wpcf7_version\" value=\"6.1.5\" \/><input type=\"hidden\" name=\"_wpcf7_locale\" value=\"hr\" \/><input type=\"hidden\" name=\"_wpcf7_unit_tag\" value=\"wpcf7-f882-o1\" \/><input type=\"hidden\" name=\"_wpcf7_container_post\" value=\"0\" \/><input type=\"hidden\" name=\"_wpcf7_posted_data_hash\" value=\"\" \/><input type=\"hidden\" name=\"_wpcf7_recaptcha_response\" value=\"\" \/>\n<\/fieldset>\n<p><label> Ime i prezime (obavezno)<br \/>\n<span class=\"wpcf7-form-control-wrap\" data-name=\"Imeiprezime\"><input size=\"40\" maxlength=\"400\" class=\"wpcf7-form-control wpcf7-text wpcf7-validates-as-required\" aria-required=\"true\" aria-invalid=\"false\" value=\"\" type=\"text\" name=\"Imeiprezime\" \/><\/span> <\/label>\n<\/p>\n<p><label> Ulica i ku\u0107ni broj (obavezno)<br \/>\n<span class=\"wpcf7-form-control-wrap\" data-name=\"ulica\"><input size=\"40\" maxlength=\"400\" class=\"wpcf7-form-control wpcf7-text wpcf7-validates-as-required\" aria-required=\"true\" aria-invalid=\"false\" value=\"\" type=\"text\" name=\"ulica\" \/><\/span> <\/label>\n<\/p>\n<p><label> Mesto (obavezno)<br \/>\n<span class=\"wpcf7-form-control-wrap\" data-name=\"mjesto\"><input size=\"40\" maxlength=\"400\" class=\"wpcf7-form-control wpcf7-text wpcf7-validates-as-required\" aria-required=\"true\" aria-invalid=\"false\" value=\"\" type=\"text\" name=\"mjesto\" \/><\/span> <\/label>\n<\/p>\n<p><label> Po\u0161tanski broj (obavezno)<br \/>\n<\/label><label><span class=\"wpcf7-form-control-wrap\" data-name=\"Postanskibroj\"><input size=\"40\" maxlength=\"400\" class=\"wpcf7-form-control wpcf7-text wpcf7-validates-as-required\" aria-required=\"true\" aria-invalid=\"false\" value=\"\" type=\"text\" name=\"Postanskibroj\" \/><\/span><\/label>\n<\/p>\n<p><label>E-mail (obavezno)<br \/>\n<span class=\"wpcf7-form-control-wrap\" data-name=\"your-email\"><input size=\"40\" maxlength=\"400\" class=\"wpcf7-form-control wpcf7-email wpcf7-validates-as-required wpcf7-text wpcf7-validates-as-email\" aria-required=\"true\" aria-invalid=\"false\" value=\"\" type=\"email\" name=\"your-email\" \/><\/span><\/label>\n<\/p>\n<p><label>Telefon (obavezno)<br \/>\n<span class=\"wpcf7-form-control-wrap\" data-name=\"Telefon\"><input size=\"40\" maxlength=\"400\" class=\"wpcf7-form-control wpcf7-tel wpcf7-validates-as-required wpcf7-text wpcf7-validates-as-tel\" aria-required=\"true\" aria-invalid=\"false\" value=\"\" type=\"tel\" name=\"Telefon\" \/><\/span> <\/label>\n<\/p>\n<p>IZABERI \u017dELJENI UZORAK :<br \/>\n<span class=\"wpcf7-form-control-wrap\" data-name=\"Uzorakizbornik\"><select class=\"wpcf7-form-control wpcf7-select wpcf7-validates-as-required\" aria-required=\"true\" aria-invalid=\"false\" name=\"Uzorakizbornik\"><option value=\"\">&#8212;Molimo odaberite jednu opciju&#8212;<\/option><option value=\"Nekmar Low Grain Adult Medium &amp; Large\">Nekmar Low Grain Adult Medium &amp; Large<\/option><option value=\"Nekmar Low Grain Adult Small &amp; Medium\">Nekmar Low Grain Adult Small &amp; Medium<\/option><option value=\"Nekmar Low Grain Puppy &amp; Baby 0-6 months\">Nekmar Low Grain Puppy &amp; Baby 0-6 months<\/option><option value=\"Nekmar Low Grain Puppy &amp; Junior 1-12 months\">Nekmar Low Grain Puppy &amp; Junior 1-12 months<\/option><option value=\"Nekmar Grain Free Adult Salmon &amp; Trout\">Nekmar Grain Free Adult Salmon &amp; Trout<\/option><option value=\"Nekmar Grain Free Adult Rabbit &amp; Iberico\">Nekmar Grain Free Adult Rabbit &amp; Iberico<\/option><option value=\"Nekmar Grain Free Puppy &amp; Junior\">Nekmar Grain Free Puppy &amp; Junior<\/option><option value=\"Nekmar Low Grain Adult Fresh Duck\">Nekmar Low Grain Adult Fresh Duck<\/option><option value=\"Nekmar Low Grain Adult Fresh Lamb\">Nekmar Low Grain Adult Fresh Lamb<\/option><option value=\"Nekmar Low Grain Adult Fresh Trout\">Nekmar Low Grain Adult Fresh Trout<\/option><option value=\"Nekmar Low Grain Vitality with fresh Horse Meat\">Nekmar Low Grain Vitality with fresh Horse Meat<\/option><option value=\"Nekmar Low Grain Vitality with fresh Buffalo Meat\">Nekmar Low Grain Vitality with fresh Buffalo Meat<\/option><option value=\"Aston Adult Complete\">Aston Adult Complete<\/option><option value=\"Aston Lamb Adult Complete\">Aston Lamb Adult Complete<\/option><option value=\"Aston Skin &amp; Coat fish adult\">Aston Skin &amp; Coat fish adult<\/option><option value=\"Aston Supreme Adult Taste of Country\">Aston Supreme Adult Taste of Country<\/option><option value=\"Aston Supreme Adult Ocean &amp; Country\">Aston Supreme Adult Ocean &amp; Country<\/option><option value=\"Aston Supreme Puppy Taste of Country\">Aston Supreme Puppy Taste of Country<\/option><option value=\"Aston Supreme Puppy &amp; Junior chicken\">Aston Supreme Puppy &amp; Junior chicken<\/option><\/select><\/span>\n<\/p>\n<p><span class=\"wpcf7-form-control-wrap\" data-name=\"accept-1\"><span class=\"wpcf7-form-control wpcf7-acceptance\"><span class=\"wpcf7-list-item\"><label><input type=\"checkbox\" name=\"accept-1\" value=\"1\" aria-invalid=\"false\" \/><span class=\"wpcf7-list-item-label\">Pro\u010ditao\/la sam <a href=\"https:\/\/nekmar.eu\/rs\/privacy-policy\/\" target=\"_blank\">Pravila privatnosti<\/a> i  i naru\u010dujem probni uzorak po ceni 600,00 RSD sa uklju\u010denim PDV-om i dostavom. Navedeni uzorak \u0107u platiti prilikom preuzimanja.<\/span><\/label><\/span><\/span><\/span>\n<\/p>\n<p><input class=\"wpcf7-form-control wpcf7-submit has-spinner\" type=\"submit\" value=\"Naru\u010di\" \/>\n<\/p><div class=\"wpcf7-response-output\" aria-hidden=\"true\"><\/div>\n<\/form>\n<\/div>\n[\/vc_column][vc_column width=&#8221;1\/3&#8243;][\/vc_column][\/vc_row]<\/p>\n<\/div>","protected":false},"excerpt":{"rendered":"<p>[vc_row css_animation=&#8221;&#8221; row_type=&#8221;row&#8221; use_row_as_full_screen_section=&#8221;no&#8221; type=&#8221;full_width&#8221; angled_section=&#8221;no&#8221; text_align=&#8221;left&#8221; background_image_as_pattern=&#8221;without_pattern&#8221;][vc_column][\/vc_column][\/vc_row][vc_row css_animation=&#8221;&#8221; row_type=&#8221;row&#8221; use_row_as_full_screen_section=&#8221;no&#8221; type=&#8221;grid&#8221; angled_section=&#8221;no&#8221; text_align=&#8221;left&#8221; background_image_as_pattern=&#8221;without_pattern&#8221; z_index=&#8221;&#8221;][vc_column][vc_empty_space][vc_column_text] Probni uzorak 600,00 RSD, sa svim ura\u010dunatim tro\u0161kovima. [\/vc_column_text][\/vc_column][\/vc_row][vc_row css_animation=&#8221;&#8221; row_type=&#8221;row&#8221; use_row_as_full_screen_section=&#8221;no&#8221; type=&#8221;grid&#8221; angled_section=&#8221;no&#8221; text_align=&#8221;center&#8221; background_image_as_pattern=&#8221;without_pattern&#8221; css=&#8221;.vc_custom_1573827634888{padding-top: 40px !important;padding-bottom: 40px !important;}&#8221; z_index=&#8221;&#8221;][vc_column width=&#8221;1\/3&#8243; offset=&#8221;vc_col-lg-offset-1 vc_col-lg-10 vc_col-md-offset-1 vc_col-md-10&#8243;][vc_column_text] Ispunite prazna&#8230;<\/p>\n","protected":false},"author":1,"featured_media":0,"parent":0,"menu_order":0,"comment_status":"closed","ping_status":"closed","template":"full_width.php","meta":{"inline_featured_image":false,"footnotes":""},"class_list":["post-891","page","type-page","status-publish","hentry"],"yoast_head":"<!-- This site is optimized with the Yoast SEO plugin v27.5 - https:\/\/yoast.com\/product\/yoast-seo-wordpress\/ -->\n<title>Uzorci | Nekmar<\/title>\n<meta name=\"robots\" content=\"noindex, follow\" \/>\n<meta property=\"og:locale\" content=\"hr_HR\" \/>\n<meta property=\"og:type\" content=\"article\" \/>\n<meta property=\"og:title\" content=\"NEKMAR\" \/>\n<meta property=\"og:description\" content=\"Contact us\" \/>\n<meta property=\"og:url\" content=\"https:\/\/nekmar.eu\/rs\/uzorci\/\" \/>\n<meta property=\"og:site_name\" content=\"Nekmar\" \/>\n<meta property=\"article:publisher\" content=\"https:\/\/www.facebook.com\/nekmarpetnutritionRS\/\" \/>\n<meta property=\"article:modified_time\" content=\"2020-01-12T18:54:48+00:00\" \/>\n<meta property=\"og:image\" content=\"https:\/\/nekmar.eu\/rs\/wp-content\/uploads\/2019\/08\/nekmar-f.jpg\" \/>\n\t<meta property=\"og:image:width\" content=\"1200\" \/>\n\t<meta property=\"og:image:height\" content=\"630\" \/>\n\t<meta property=\"og:image:type\" content=\"image\/jpeg\" \/>\n<meta name=\"twitter:card\" content=\"summary_large_image\" \/>\n<meta name=\"twitter:label1\" content=\"Procijenjeno vrijeme \u010ditanja\" \/>\n\t<meta name=\"twitter:data1\" content=\"1 minuta\" \/>\n<script type=\"application\/ld+json\" class=\"yoast-schema-graph\">{\"@context\":\"https:\\\/\\\/schema.org\",\"@graph\":[{\"@type\":\"WebPage\",\"@id\":\"https:\\\/\\\/nekmar.eu\\\/rs\\\/uzorci\\\/\",\"url\":\"https:\\\/\\\/nekmar.eu\\\/rs\\\/uzorci\\\/\",\"name\":\"Uzorci | Nekmar\",\"isPartOf\":{\"@id\":\"https:\\\/\\\/nekmar.eu\\\/rs\\\/#website\"},\"datePublished\":\"2019-11-15T14:16:55+00:00\",\"dateModified\":\"2020-01-12T18:54:48+00:00\",\"breadcrumb\":{\"@id\":\"https:\\\/\\\/nekmar.eu\\\/rs\\\/uzorci\\\/#breadcrumb\"},\"inLanguage\":\"hr\",\"potentialAction\":[{\"@type\":\"ReadAction\",\"target\":[\"https:\\\/\\\/nekmar.eu\\\/rs\\\/uzorci\\\/\"]}]},{\"@type\":\"BreadcrumbList\",\"@id\":\"https:\\\/\\\/nekmar.eu\\\/rs\\\/uzorci\\\/#breadcrumb\",\"itemListElement\":[{\"@type\":\"ListItem\",\"position\":1,\"name\":\"Home\",\"item\":\"https:\\\/\\\/nekmar.eu\\\/rs\\\/\"},{\"@type\":\"ListItem\",\"position\":2,\"name\":\"Uzorci\"}]},{\"@type\":\"WebSite\",\"@id\":\"https:\\\/\\\/nekmar.eu\\\/rs\\\/#website\",\"url\":\"https:\\\/\\\/nekmar.eu\\\/rs\\\/\",\"name\":\"Nekmar Srbija\",\"description\":\"Pet Nutrition\",\"publisher\":{\"@id\":\"https:\\\/\\\/nekmar.eu\\\/rs\\\/#organization\"},\"potentialAction\":[{\"@type\":\"SearchAction\",\"target\":{\"@type\":\"EntryPoint\",\"urlTemplate\":\"https:\\\/\\\/nekmar.eu\\\/rs\\\/?s={search_term_string}\"},\"query-input\":{\"@type\":\"PropertyValueSpecification\",\"valueRequired\":true,\"valueName\":\"search_term_string\"}}],\"inLanguage\":\"hr\"},{\"@type\":\"Organization\",\"@id\":\"https:\\\/\\\/nekmar.eu\\\/rs\\\/#organization\",\"name\":\"Nekmar Pet Nutrition Srbija\",\"url\":\"https:\\\/\\\/nekmar.eu\\\/rs\\\/\",\"logo\":{\"@type\":\"ImageObject\",\"inLanguage\":\"hr\",\"@id\":\"https:\\\/\\\/nekmar.eu\\\/rs\\\/#\\\/schema\\\/logo\\\/image\\\/\",\"url\":\"https:\\\/\\\/nekmar.eu\\\/rs\\\/wp-content\\\/uploads\\\/2019\\\/08\\\/Nekmar-contact.jpg\",\"contentUrl\":\"https:\\\/\\\/nekmar.eu\\\/rs\\\/wp-content\\\/uploads\\\/2019\\\/08\\\/Nekmar-contact.jpg\",\"width\":600,\"height\":142,\"caption\":\"Nekmar Pet Nutrition Srbija\"},\"image\":{\"@id\":\"https:\\\/\\\/nekmar.eu\\\/rs\\\/#\\\/schema\\\/logo\\\/image\\\/\"},\"sameAs\":[\"https:\\\/\\\/www.facebook.com\\\/nekmarpetnutritionRS\\\/\",\"https:\\\/\\\/www.instagram.com\\\/nekmar_srbija\\\/\"]}]}<\/script>\n<!-- \/ Yoast SEO plugin. -->","yoast_head_json":{"title":"Uzorci | Nekmar","robots":{"index":"noindex","follow":"follow"},"og_locale":"hr_HR","og_type":"article","og_title":"NEKMAR","og_description":"Contact us","og_url":"https:\/\/nekmar.eu\/rs\/uzorci\/","og_site_name":"Nekmar","article_publisher":"https:\/\/www.facebook.com\/nekmarpetnutritionRS\/","article_modified_time":"2020-01-12T18:54:48+00:00","og_image":[{"width":1200,"height":630,"url":"https:\/\/nekmar.eu\/rs\/wp-content\/uploads\/2019\/08\/nekmar-f.jpg","type":"image\/jpeg"}],"twitter_card":"summary_large_image","twitter_misc":{"Procijenjeno vrijeme \u010ditanja":"1 minuta"},"schema":{"@context":"https:\/\/schema.org","@graph":[{"@type":"WebPage","@id":"https:\/\/nekmar.eu\/rs\/uzorci\/","url":"https:\/\/nekmar.eu\/rs\/uzorci\/","name":"Uzorci | Nekmar","isPartOf":{"@id":"https:\/\/nekmar.eu\/rs\/#website"},"datePublished":"2019-11-15T14:16:55+00:00","dateModified":"2020-01-12T18:54:48+00:00","breadcrumb":{"@id":"https:\/\/nekmar.eu\/rs\/uzorci\/#breadcrumb"},"inLanguage":"hr","potentialAction":[{"@type":"ReadAction","target":["https:\/\/nekmar.eu\/rs\/uzorci\/"]}]},{"@type":"BreadcrumbList","@id":"https:\/\/nekmar.eu\/rs\/uzorci\/#breadcrumb","itemListElement":[{"@type":"ListItem","position":1,"name":"Home","item":"https:\/\/nekmar.eu\/rs\/"},{"@type":"ListItem","position":2,"name":"Uzorci"}]},{"@type":"WebSite","@id":"https:\/\/nekmar.eu\/rs\/#website","url":"https:\/\/nekmar.eu\/rs\/","name":"Nekmar Srbija","description":"Pet Nutrition","publisher":{"@id":"https:\/\/nekmar.eu\/rs\/#organization"},"potentialAction":[{"@type":"SearchAction","target":{"@type":"EntryPoint","urlTemplate":"https:\/\/nekmar.eu\/rs\/?s={search_term_string}"},"query-input":{"@type":"PropertyValueSpecification","valueRequired":true,"valueName":"search_term_string"}}],"inLanguage":"hr"},{"@type":"Organization","@id":"https:\/\/nekmar.eu\/rs\/#organization","name":"Nekmar Pet Nutrition Srbija","url":"https:\/\/nekmar.eu\/rs\/","logo":{"@type":"ImageObject","inLanguage":"hr","@id":"https:\/\/nekmar.eu\/rs\/#\/schema\/logo\/image\/","url":"https:\/\/nekmar.eu\/rs\/wp-content\/uploads\/2019\/08\/Nekmar-contact.jpg","contentUrl":"https:\/\/nekmar.eu\/rs\/wp-content\/uploads\/2019\/08\/Nekmar-contact.jpg","width":600,"height":142,"caption":"Nekmar Pet Nutrition Srbija"},"image":{"@id":"https:\/\/nekmar.eu\/rs\/#\/schema\/logo\/image\/"},"sameAs":["https:\/\/www.facebook.com\/nekmarpetnutritionRS\/","https:\/\/www.instagram.com\/nekmar_srbija\/"]}]}},"_links":{"self":[{"href":"https:\/\/nekmar.eu\/rs\/wp-json\/wp\/v2\/pages\/891","targetHints":{"allow":["GET"]}}],"collection":[{"href":"https:\/\/nekmar.eu\/rs\/wp-json\/wp\/v2\/pages"}],"about":[{"href":"https:\/\/nekmar.eu\/rs\/wp-json\/wp\/v2\/types\/page"}],"author":[{"embeddable":true,"href":"https:\/\/nekmar.eu\/rs\/wp-json\/wp\/v2\/users\/1"}],"replies":[{"embeddable":true,"href":"https:\/\/nekmar.eu\/rs\/wp-json\/wp\/v2\/comments?post=891"}],"version-history":[{"count":0,"href":"https:\/\/nekmar.eu\/rs\/wp-json\/wp\/v2\/pages\/891\/revisions"}],"wp:attachment":[{"href":"https:\/\/nekmar.eu\/rs\/wp-json\/wp\/v2\/media?parent=891"}],"curies":[{"name":"wp","href":"https:\/\/api.w.org\/{rel}","templated":true}]}}