{"id":2834,"date":"2023-01-31T06:56:25","date_gmt":"2023-01-31T05:56:25","guid":{"rendered":"https:\/\/nekmar.eu\/rs\/?post_type=product&#038;p=2834"},"modified":"2025-11-10T09:46:39","modified_gmt":"2025-11-10T08:46:39","slug":"nekmar-cat-low-grain-sensible-lamb","status":"publish","type":"product","link":"https:\/\/nekmar.eu\/rs\/proizvod\/nekmar-cat-low-grain-sensible-lamb\/","title":{"rendered":"Nekmar Cat Low Grain Sensible Lamb"},"content":{"rendered":"<div class=\"wpb-content-wrapper\"><p>[vc_row css_animation=&#8221;&#8221; row_type=&#8221;row&#8221; use_row_as_full_screen_section=&#8221;no&#8221; type=&#8221;full_width&#8221; angled_section=&#8221;no&#8221; text_align=&#8221;left&#8221; background_image_as_pattern=&#8221;without_pattern&#8221;][vc_column][vc_column_text]<strong>Sastav:<\/strong> dehidrirano pile\u0107e meso 24%, sme\u0111i pirina\u010d 22%, svje\u017ee jagnje\u0107e meso 15%, gra\u0161ak, slatki krompir, pile\u0107a masno\u0107a, dehidrirana riba, seme lana, su\u0161ena repina pulpa, hidrolizirana pile\u0107a jetra, kvasci, dehidrirane morske alge 0,24%, mananoligosaharidi (MOS) 0,16%, Yucca schidigerra 0,0265%, koncentrat borovnice (Vaccinium myrtillus) 0,016%.<\/p>\n<p>&nbsp;<\/p>\n<p><strong>Analiti\u010dki sastav:<\/strong> sirovi proteini 32%, sirova ulja i masno\u0107e 14%, sirova vlakna 2,4%, pepeo 7,4%, vlaga 8%, kalcijum 1,10%, fosfor 0,95%, magnezijum 0,1%, omega-3 masne kiseline 0,45%, omega 6-masne kiseline 2,2%.<\/p>\n<p>&nbsp;<\/p>\n<p><strong>Prehrambeni dodaci po kg:<\/strong> 3a672a vitamin A 18500 IJ, 3a671 vitamin D3 1250 IJ, 3a700 vitamin E (y.r. alfa toc. Acet) 160mg, E4 bakar 16 mg, E1 gvo\u017e\u0111e 32 mg, E5 mangan 64 mg, 3b605 cink 74 mg, 3b201 jod 3,28 mg, E8 selen 0,17 mg, 3a370 taurin 1000 mg.<\/p>\n<p>&nbsp;<\/p>\n<p><strong>Energetska vrednost<\/strong><strong>:<\/strong> 3800 kCal\/kg[\/vc_column_text][vc_empty_space][vc_column_text]<\/p>\n<div class=\"wpb_text_column wpb_content_element \">\n<div class=\"wpb_wrapper\">\n<p>Preporu\u010dena dnevna koli\u010dina (g\/dan)<\/p>\n<\/div>\n<\/div>\n<p>[\/vc_column_text][vc_empty_space height=&#8221;10px&#8221;][vc_column_text]<\/p>\n<table class=\"gridtable\">\n<tbody>\n<tr>\n<th class=\"table-first-row\" style=\"text-align: left;\">Te\u017eina ma\u010dke<\/th>\n<th class=\"table-first-row\" style=\"text-align: center;\">2kg<\/th>\n<th class=\"table-first-row\" style=\"text-align: center;\">3kg<\/th>\n<th class=\"table-first-row\" style=\"text-align: center;\">4kg<\/th>\n<th class=\"table-first-row\" style=\"text-align: center;\">5kg<\/th>\n<th class=\"table-first-row\" style=\"text-align: center;\">6kg<\/th>\n<th class=\"table-first-row\" style=\"text-align: center;\">7kg<\/th>\n<th class=\"table-first-row\" style=\"text-align: center;\">8kg<\/th>\n<th class=\"table-first-row\" style=\"text-align: center;\">10kg<\/th>\n<th class=\"table-first-row\" style=\"text-align: center;\">12kg<\/th>\n<\/tr>\n<tr>\n<td class=\"table-first-row\" style=\"text-align: left;\">Dnevna koli\u010dina<\/td>\n<td style=\"text-align: center;\">30g<\/td>\n<td style=\"text-align: center;\">45g<\/td>\n<td style=\"text-align: center;\">65g<\/td>\n<td style=\"text-align: center;\">80g<\/td>\n<td style=\"text-align: center;\">95g<\/td>\n<td style=\"text-align: center;\">110g<\/td>\n<td style=\"text-align: center;\">125g<\/td>\n<td style=\"text-align: center;\">150g<\/td>\n<td style=\"text-align: center;\">170g<\/td>\n<\/tr>\n<\/tbody>\n<\/table>\n<p>[\/vc_column_text][vc_empty_space height=&#8221;22px&#8221;][vc_column_text]<strong>Preporuka za hranjenje:<\/strong> ma\u010dki mo\u017eete ponuditi hranu suvu ili natopljenu. Ma\u010dka uvek treba imati dostupnost sve\u017ee i \u010diste vode. \u010cuvati na suvom i hladnom mestu udaljeno od izvora toplote.[\/vc_column_text][\/vc_column][\/vc_row]<\/p>\n<\/div>","protected":false},"excerpt":{"rendered":"<p>Ultrapremium hrana za ma\u010dke<\/p>\n","protected":false},"featured_media":2852,"template":"","meta":{"inline_featured_image":false},"product_brand":[],"product_cat":[125,126],"product_tag":[],"class_list":{"0":"post-2834","1":"product","2":"type-product","3":"status-publish","4":"has-post-thumbnail","6":"product_cat-hrana-za-macke","7":"product_cat-nekmar-hrana-za-macke","9":"first","10":"instock","11":"taxable","12":"shipping-taxable","13":"purchasable","14":"product-type-variable"},"yoast_head":"<!-- This site is optimized with the Yoast SEO plugin v27.5 - https:\/\/yoast.com\/product\/yoast-seo-wordpress\/ -->\n<title>Nekmar Cat Low Grain Sensible Lamb | Nekmar<\/title>\n<meta name=\"description\" content=\"Nekmar Ultrapremium hrana ma\u010dke\" \/>\n<meta name=\"robots\" content=\"index, follow, max-snippet:-1, max-image-preview:large, max-video-preview:-1\" \/>\n<link rel=\"canonical\" href=\"https:\/\/nekmar.eu\/rs\/proizvod\/nekmar-cat-low-grain-sensible-lamb\/\" \/>\n<meta property=\"og:locale\" content=\"hr_HR\" \/>\n<meta property=\"og:type\" content=\"article\" \/>\n<meta property=\"og:title\" content=\"Nekmar Cat Low Grain Sensible Lamb\" \/>\n<meta property=\"og:description\" content=\"Ultrapremium hrana za ma\u010dke\" \/>\n<meta property=\"og:url\" content=\"https:\/\/nekmar.eu\/rs\/proizvod\/nekmar-cat-low-grain-sensible-lamb\/\" \/>\n<meta property=\"og:site_name\" content=\"Nekmar\" \/>\n<meta property=\"article:publisher\" content=\"https:\/\/www.facebook.com\/nekmarpetnutritionRS\/\" \/>\n<meta property=\"article:modified_time\" content=\"2025-11-10T08:46:39+00:00\" \/>\n<meta property=\"og:image\" content=\"https:\/\/nekmar.eu\/rs\/wp-content\/uploads\/2023\/01\/nekmar_cat_lowgrain_sensible_lamb.jpg\" \/>\n\t<meta property=\"og:image:width\" content=\"1000\" \/>\n\t<meta property=\"og:image:height\" content=\"1000\" \/>\n\t<meta property=\"og:image:type\" content=\"image\/jpeg\" \/>\n<meta name=\"twitter:card\" content=\"summary_large_image\" \/>\n<meta name=\"twitter:label1\" content=\"Procijenjeno vrijeme \u010ditanja\" \/>\n\t<meta name=\"twitter:data1\" content=\"2 minute\" \/>\n<script type=\"application\/ld+json\" class=\"yoast-schema-graph\">{\"@context\":\"https:\\\/\\\/schema.org\",\"@graph\":[{\"@type\":\"WebPage\",\"@id\":\"https:\\\/\\\/nekmar.eu\\\/rs\\\/proizvod\\\/nekmar-cat-low-grain-sensible-lamb\\\/\",\"url\":\"https:\\\/\\\/nekmar.eu\\\/rs\\\/proizvod\\\/nekmar-cat-low-grain-sensible-lamb\\\/\",\"name\":\"Nekmar Cat Low Grain Sensible Lamb | Nekmar\",\"isPartOf\":{\"@id\":\"https:\\\/\\\/nekmar.eu\\\/rs\\\/#website\"},\"primaryImageOfPage\":{\"@id\":\"https:\\\/\\\/nekmar.eu\\\/rs\\\/proizvod\\\/nekmar-cat-low-grain-sensible-lamb\\\/#primaryimage\"},\"image\":{\"@id\":\"https:\\\/\\\/nekmar.eu\\\/rs\\\/proizvod\\\/nekmar-cat-low-grain-sensible-lamb\\\/#primaryimage\"},\"thumbnailUrl\":\"https:\\\/\\\/nekmar.eu\\\/rs\\\/wp-content\\\/uploads\\\/2023\\\/01\\\/nekmar_cat_lowgrain_sensible_lamb.jpg\",\"datePublished\":\"2023-01-31T05:56:25+00:00\",\"dateModified\":\"2025-11-10T08:46:39+00:00\",\"description\":\"Nekmar Ultrapremium hrana ma\u010dke\",\"breadcrumb\":{\"@id\":\"https:\\\/\\\/nekmar.eu\\\/rs\\\/proizvod\\\/nekmar-cat-low-grain-sensible-lamb\\\/#breadcrumb\"},\"inLanguage\":\"hr\",\"potentialAction\":[{\"@type\":\"ReadAction\",\"target\":[\"https:\\\/\\\/nekmar.eu\\\/rs\\\/proizvod\\\/nekmar-cat-low-grain-sensible-lamb\\\/\"]}]},{\"@type\":\"ImageObject\",\"inLanguage\":\"hr\",\"@id\":\"https:\\\/\\\/nekmar.eu\\\/rs\\\/proizvod\\\/nekmar-cat-low-grain-sensible-lamb\\\/#primaryimage\",\"url\":\"https:\\\/\\\/nekmar.eu\\\/rs\\\/wp-content\\\/uploads\\\/2023\\\/01\\\/nekmar_cat_lowgrain_sensible_lamb.jpg\",\"contentUrl\":\"https:\\\/\\\/nekmar.eu\\\/rs\\\/wp-content\\\/uploads\\\/2023\\\/01\\\/nekmar_cat_lowgrain_sensible_lamb.jpg\",\"width\":1000,\"height\":1000},{\"@type\":\"BreadcrumbList\",\"@id\":\"https:\\\/\\\/nekmar.eu\\\/rs\\\/proizvod\\\/nekmar-cat-low-grain-sensible-lamb\\\/#breadcrumb\",\"itemListElement\":[{\"@type\":\"ListItem\",\"position\":1,\"name\":\"Home\",\"item\":\"https:\\\/\\\/nekmar.eu\\\/rs\\\/\"},{\"@type\":\"ListItem\",\"position\":2,\"name\":\"Prodavnica\",\"item\":\"https:\\\/\\\/nekmar.eu\\\/rs\\\/prodavnica\\\/\"},{\"@type\":\"ListItem\",\"position\":3,\"name\":\"Nekmar Cat Low Grain Sensible Lamb\"}]},{\"@type\":\"WebSite\",\"@id\":\"https:\\\/\\\/nekmar.eu\\\/rs\\\/#website\",\"url\":\"https:\\\/\\\/nekmar.eu\\\/rs\\\/\",\"name\":\"Nekmar Srbija\",\"description\":\"Pet Nutrition\",\"publisher\":{\"@id\":\"https:\\\/\\\/nekmar.eu\\\/rs\\\/#organization\"},\"potentialAction\":[{\"@type\":\"SearchAction\",\"target\":{\"@type\":\"EntryPoint\",\"urlTemplate\":\"https:\\\/\\\/nekmar.eu\\\/rs\\\/?s={search_term_string}\"},\"query-input\":{\"@type\":\"PropertyValueSpecification\",\"valueRequired\":true,\"valueName\":\"search_term_string\"}}],\"inLanguage\":\"hr\"},{\"@type\":\"Organization\",\"@id\":\"https:\\\/\\\/nekmar.eu\\\/rs\\\/#organization\",\"name\":\"Nekmar Pet Nutrition Srbija\",\"url\":\"https:\\\/\\\/nekmar.eu\\\/rs\\\/\",\"logo\":{\"@type\":\"ImageObject\",\"inLanguage\":\"hr\",\"@id\":\"https:\\\/\\\/nekmar.eu\\\/rs\\\/#\\\/schema\\\/logo\\\/image\\\/\",\"url\":\"https:\\\/\\\/nekmar.eu\\\/rs\\\/wp-content\\\/uploads\\\/2019\\\/08\\\/Nekmar-contact.jpg\",\"contentUrl\":\"https:\\\/\\\/nekmar.eu\\\/rs\\\/wp-content\\\/uploads\\\/2019\\\/08\\\/Nekmar-contact.jpg\",\"width\":600,\"height\":142,\"caption\":\"Nekmar Pet Nutrition Srbija\"},\"image\":{\"@id\":\"https:\\\/\\\/nekmar.eu\\\/rs\\\/#\\\/schema\\\/logo\\\/image\\\/\"},\"sameAs\":[\"https:\\\/\\\/www.facebook.com\\\/nekmarpetnutritionRS\\\/\",\"https:\\\/\\\/www.instagram.com\\\/nekmar_srbija\\\/\"]}]}<\/script>\n<!-- \/ Yoast SEO plugin. -->","yoast_head_json":{"title":"Nekmar Cat Low Grain Sensible Lamb | Nekmar","description":"Nekmar Ultrapremium hrana ma\u010dke","robots":{"index":"index","follow":"follow","max-snippet":"max-snippet:-1","max-image-preview":"max-image-preview:large","max-video-preview":"max-video-preview:-1"},"canonical":"https:\/\/nekmar.eu\/rs\/proizvod\/nekmar-cat-low-grain-sensible-lamb\/","og_locale":"hr_HR","og_type":"article","og_title":"Nekmar Cat Low Grain Sensible Lamb","og_description":"Ultrapremium hrana za ma\u010dke","og_url":"https:\/\/nekmar.eu\/rs\/proizvod\/nekmar-cat-low-grain-sensible-lamb\/","og_site_name":"Nekmar","article_publisher":"https:\/\/www.facebook.com\/nekmarpetnutritionRS\/","article_modified_time":"2025-11-10T08:46:39+00:00","og_image":[{"width":1000,"height":1000,"url":"https:\/\/nekmar.eu\/rs\/wp-content\/uploads\/2023\/01\/nekmar_cat_lowgrain_sensible_lamb.jpg","type":"image\/jpeg"}],"twitter_card":"summary_large_image","twitter_misc":{"Procijenjeno vrijeme \u010ditanja":"2 minute"},"schema":{"@context":"https:\/\/schema.org","@graph":[{"@type":"WebPage","@id":"https:\/\/nekmar.eu\/rs\/proizvod\/nekmar-cat-low-grain-sensible-lamb\/","url":"https:\/\/nekmar.eu\/rs\/proizvod\/nekmar-cat-low-grain-sensible-lamb\/","name":"Nekmar Cat Low Grain Sensible Lamb | Nekmar","isPartOf":{"@id":"https:\/\/nekmar.eu\/rs\/#website"},"primaryImageOfPage":{"@id":"https:\/\/nekmar.eu\/rs\/proizvod\/nekmar-cat-low-grain-sensible-lamb\/#primaryimage"},"image":{"@id":"https:\/\/nekmar.eu\/rs\/proizvod\/nekmar-cat-low-grain-sensible-lamb\/#primaryimage"},"thumbnailUrl":"https:\/\/nekmar.eu\/rs\/wp-content\/uploads\/2023\/01\/nekmar_cat_lowgrain_sensible_lamb.jpg","datePublished":"2023-01-31T05:56:25+00:00","dateModified":"2025-11-10T08:46:39+00:00","description":"Nekmar Ultrapremium hrana ma\u010dke","breadcrumb":{"@id":"https:\/\/nekmar.eu\/rs\/proizvod\/nekmar-cat-low-grain-sensible-lamb\/#breadcrumb"},"inLanguage":"hr","potentialAction":[{"@type":"ReadAction","target":["https:\/\/nekmar.eu\/rs\/proizvod\/nekmar-cat-low-grain-sensible-lamb\/"]}]},{"@type":"ImageObject","inLanguage":"hr","@id":"https:\/\/nekmar.eu\/rs\/proizvod\/nekmar-cat-low-grain-sensible-lamb\/#primaryimage","url":"https:\/\/nekmar.eu\/rs\/wp-content\/uploads\/2023\/01\/nekmar_cat_lowgrain_sensible_lamb.jpg","contentUrl":"https:\/\/nekmar.eu\/rs\/wp-content\/uploads\/2023\/01\/nekmar_cat_lowgrain_sensible_lamb.jpg","width":1000,"height":1000},{"@type":"BreadcrumbList","@id":"https:\/\/nekmar.eu\/rs\/proizvod\/nekmar-cat-low-grain-sensible-lamb\/#breadcrumb","itemListElement":[{"@type":"ListItem","position":1,"name":"Home","item":"https:\/\/nekmar.eu\/rs\/"},{"@type":"ListItem","position":2,"name":"Prodavnica","item":"https:\/\/nekmar.eu\/rs\/prodavnica\/"},{"@type":"ListItem","position":3,"name":"Nekmar Cat Low Grain Sensible Lamb"}]},{"@type":"WebSite","@id":"https:\/\/nekmar.eu\/rs\/#website","url":"https:\/\/nekmar.eu\/rs\/","name":"Nekmar Srbija","description":"Pet Nutrition","publisher":{"@id":"https:\/\/nekmar.eu\/rs\/#organization"},"potentialAction":[{"@type":"SearchAction","target":{"@type":"EntryPoint","urlTemplate":"https:\/\/nekmar.eu\/rs\/?s={search_term_string}"},"query-input":{"@type":"PropertyValueSpecification","valueRequired":true,"valueName":"search_term_string"}}],"inLanguage":"hr"},{"@type":"Organization","@id":"https:\/\/nekmar.eu\/rs\/#organization","name":"Nekmar Pet Nutrition Srbija","url":"https:\/\/nekmar.eu\/rs\/","logo":{"@type":"ImageObject","inLanguage":"hr","@id":"https:\/\/nekmar.eu\/rs\/#\/schema\/logo\/image\/","url":"https:\/\/nekmar.eu\/rs\/wp-content\/uploads\/2019\/08\/Nekmar-contact.jpg","contentUrl":"https:\/\/nekmar.eu\/rs\/wp-content\/uploads\/2019\/08\/Nekmar-contact.jpg","width":600,"height":142,"caption":"Nekmar Pet Nutrition Srbija"},"image":{"@id":"https:\/\/nekmar.eu\/rs\/#\/schema\/logo\/image\/"},"sameAs":["https:\/\/www.facebook.com\/nekmarpetnutritionRS\/","https:\/\/www.instagram.com\/nekmar_srbija\/"]}]}},"_links":{"self":[{"href":"https:\/\/nekmar.eu\/rs\/wp-json\/wp\/v2\/product\/2834","targetHints":{"allow":["GET"]}}],"collection":[{"href":"https:\/\/nekmar.eu\/rs\/wp-json\/wp\/v2\/product"}],"about":[{"href":"https:\/\/nekmar.eu\/rs\/wp-json\/wp\/v2\/types\/product"}],"wp:featuredmedia":[{"embeddable":true,"href":"https:\/\/nekmar.eu\/rs\/wp-json\/wp\/v2\/media\/2852"}],"wp:attachment":[{"href":"https:\/\/nekmar.eu\/rs\/wp-json\/wp\/v2\/media?parent=2834"}],"wp:term":[{"taxonomy":"product_brand","embeddable":true,"href":"https:\/\/nekmar.eu\/rs\/wp-json\/wp\/v2\/product_brand?post=2834"},{"taxonomy":"product_cat","embeddable":true,"href":"https:\/\/nekmar.eu\/rs\/wp-json\/wp\/v2\/product_cat?post=2834"},{"taxonomy":"product_tag","embeddable":true,"href":"https:\/\/nekmar.eu\/rs\/wp-json\/wp\/v2\/product_tag?post=2834"}],"curies":[{"name":"wp","href":"https:\/\/api.w.org\/{rel}","templated":true}]}}