{"id":3846,"date":"2025-07-02T06:34:30","date_gmt":"2025-07-02T05:34:30","guid":{"rendered":"https:\/\/nekmar.eu\/rs\/?post_type=product&#038;p=3846"},"modified":"2025-12-11T00:45:07","modified_gmt":"2025-12-10T23:45:07","slug":"nekmar-low-grain-vitality-with-fresh-buffalo-meat","status":"publish","type":"product","link":"https:\/\/nekmar.eu\/rs\/proizvod\/nekmar-low-grain-vitality-with-fresh-buffalo-meat\/","title":{"rendered":"Nekmar Low Grain Vitality with Fresh Buffalo Meat"},"content":{"rendered":"<div class=\"wpb-content-wrapper\"><p>[vc_row css_animation=&#8221;&#8221; row_type=&#8221;row&#8221; use_row_as_full_screen_section=&#8221;no&#8221; type=&#8221;full_width&#8221; angled_section=&#8221;no&#8221; text_align=&#8221;left&#8221; background_image_as_pattern=&#8221;without_pattern&#8221;][vc_column][vc_column_text css=&#8221;&#8221;]<strong>SASTAV:<\/strong> bivolje meso 36% (od toga sve\u017ee bivolje meso 15%), sme\u0111i pirina\u010d 20%, skrob od gra\u0161ka, gra\u0161ak, svinjska mast 9%, pasulj, laneno seme 3%, hidrolizovani proteini jetre 3%, pivski kvasac, su\u0161ena pulpa \u0161e\u0107erne repe, minerali, dehidrirane alge 0,3%, manan-oligosaharidi (MOS 0,2%), dehidrirani masla\u010dak (Taraxacum officinale W.), dehidrirana nar (Punica granatum L.), yucca schidigera.<\/p>\n<p>&nbsp;<\/p>\n<p><strong>ANALITI\u010cKI SASTAV:<\/strong> sirovi proteini 25%, sirove masti i ulja 14%, sirova vlakna 3,1%, pepeo 8,3%, vlaga 8%.<\/p>\n<p>&nbsp;<\/p>\n<p><strong>DODACI po KG:<\/strong> Prehrambeni dodaci: 3a672a vitamin A 18500 IJ, E671 vitamin D3 1200 IJ, 3a700 vitamin E 150 mg, E4 bakar 14,5 mg, E1 gvo\u017e\u0111e 29 mg, E5 mangan 58 mg, 3b605 cink 65 mg, 3b201 jod 3,14 mg, E8 selen 0,152 mg. Organolepti\u010dki dodaci: prirodan proizvod, botani\u010dki definisan.<\/p>\n<p>&nbsp;<\/p>\n<p><strong>ENERGETSKA VREDNOST:<\/strong> 3700 Kcal\/kg.[\/vc_column_text][\/vc_column][\/vc_row][vc_row css_animation=&#8221;&#8221; row_type=&#8221;row&#8221; use_row_as_full_screen_section=&#8221;no&#8221; type=&#8221;full_width&#8221; angled_section=&#8221;no&#8221; text_align=&#8221;left&#8221; background_image_as_pattern=&#8221;without_pattern&#8221;][vc_column][vc_empty_space][vc_column_text]Preporu\u010dena dnevna koli\u010dina (g\/dan)[\/vc_column_text][vc_empty_space height=&#8221;12px&#8221;][vc_column_text]<\/p>\n<table class=\"gridtable\">\n<tbody>\n<tr>\n<th class=\"table-first-row\">Te\u017eina<\/th>\n<th class=\"table-first-row\">5kg<\/th>\n<th class=\"table-first-row\">10kg<\/th>\n<th class=\"table-first-row\">15kg<\/th>\n<th class=\"table-first-row\">20kg<\/th>\n<th class=\"table-first-row\">25kg<\/th>\n<th class=\"table-first-row\">30kg<\/th>\n<th class=\"table-first-row\">35kg<\/th>\n<th class=\"table-first-row\">40kg<\/th>\n<th class=\"table-first-row\">45kg<\/th>\n<th class=\"table-first-row\">50kg<\/th>\n<th class=\"table-first-row\">60kg<\/th>\n<th class=\"table-first-row\">70kg<\/th>\n<th class=\"table-first-row\">80kg<\/th>\n<\/tr>\n<tr>\n<td class=\"table-first-row\">Normalna aktvnost<\/td>\n<td>100g<\/td>\n<td>150g<\/td>\n<td>200g<\/td>\n<td>255g<\/td>\n<td>285g<\/td>\n<td>320g<\/td>\n<td>360g<\/td>\n<td>400g<\/td>\n<td>440g<\/td>\n<td>480g<\/td>\n<td>550g<\/td>\n<td>620g<\/td>\n<td>680g<\/td>\n<\/tr>\n<tr>\n<td class=\"table-first-row\">Srednja aktivnost<\/td>\n<td>120g<\/td>\n<td>180g<\/td>\n<td>240g<\/td>\n<td>305g<\/td>\n<td>360g<\/td>\n<td>370g<\/td>\n<td>405g<\/td>\n<td>440g<\/td>\n<td>520g<\/td>\n<td>570g<\/td>\n<td>660g<\/td>\n<td>740g<\/td>\n<td>810g<\/td>\n<\/tr>\n<tr>\n<td class=\"table-first-row\">Visoka aktivnost<\/td>\n<td>140g<\/td>\n<td>215g<\/td>\n<td>285g<\/td>\n<td>360g<\/td>\n<td>420g<\/td>\n<td>440g<\/td>\n<td>480g<\/td>\n<td>520g<\/td>\n<td>630g<\/td>\n<td>680g<\/td>\n<td>790g<\/td>\n<td>890g<\/td>\n<td>975g<\/td>\n<\/tr>\n<\/tbody>\n<\/table>\n<p>[\/vc_column_text][vc_empty_space height=&#8221;22px&#8221;][vc_column_text]<strong>PREPORUKA ZA HRANJENJE:<\/strong> hranu mo\u017eete psu dati suhu ili namo\u010denu (mi preporu\u010damo da se prilikom hranjenja preko hrane uvijek doda mala koli\u010dina mla\u010dne vode neposredno prije hranjenja radi olak\u0161anog probavljanja i intenzivnijeg okusa). Koli\u010dine mogu varirati ovisno o specifi\u010dnim potrebama nekih pasa. Pas treba uvijek imati dostupnu svje\u017eu pitku vodu. \u010cuvati na suhom i hladnom mjestu udaljeno od izvora topline.[\/vc_column_text][\/vc_column][\/vc_row][vc_row css_animation=&#8221;&#8221; row_type=&#8221;row&#8221; use_row_as_full_screen_section=&#8221;no&#8221; type=&#8221;full_width&#8221; angled_section=&#8221;no&#8221; text_align=&#8221;left&#8221; background_image_as_pattern=&#8221;without_pattern&#8221;][vc_column css=&#8221;.vc_custom_1574268599849{padding-top: 20px !important;padding-bottom: 20px !important;}&#8221;]<a  itemprop=\"url\" href=\"\/rs\/uzorci\/\" target=\"_self\" data-hover-background-color=\"#dddddd\" class=\"qbutton  medium center default\" style=\"color: #2e3d5c; border-color: #2e3d5c; \">Naru\u010dite probni uzorak<\/a>[\/vc_column][\/vc_row]<\/p>\n<\/div>","protected":false},"excerpt":{"rendered":"<p>Ultrapremium monoprotein hrana za pse<\/p>\n","protected":false},"featured_media":3852,"template":"","meta":{"inline_featured_image":false},"product_brand":[],"product_cat":[99,130,101],"product_tag":[111,109],"class_list":{"0":"post-3846","1":"product","2":"type-product","3":"status-publish","4":"has-post-thumbnail","6":"product_cat-hrana-za-pse","7":"product_cat-low-grain-monoprotein-vitality","8":"product_cat-nekmar","9":"product_tag-lowgrain-monoprotein","10":"product_tag-nekmar","12":"first","13":"instock","14":"taxable","15":"shipping-taxable","16":"purchasable","17":"product-type-variable"},"yoast_head":"<!-- This site is optimized with the Yoast SEO plugin v27.5 - https:\/\/yoast.com\/product\/yoast-seo-wordpress\/ -->\n<title>Nekmar Low Grain Vitality with Fresh Buffalo Meat | Nekmar<\/title>\n<meta name=\"robots\" content=\"index, follow, max-snippet:-1, max-image-preview:large, max-video-preview:-1\" \/>\n<link rel=\"canonical\" href=\"https:\/\/nekmar.eu\/rs\/proizvod\/nekmar-low-grain-vitality-with-fresh-buffalo-meat\/\" \/>\n<meta property=\"og:locale\" content=\"hr_HR\" \/>\n<meta property=\"og:type\" content=\"article\" \/>\n<meta property=\"og:title\" content=\"Nekmar Low Grain Vitality with Fresh Buffalo Meat | Nekmar\" \/>\n<meta property=\"og:description\" content=\"Ultrapremium monoprotein hrana za pse\" \/>\n<meta property=\"og:url\" content=\"https:\/\/nekmar.eu\/rs\/proizvod\/nekmar-low-grain-vitality-with-fresh-buffalo-meat\/\" \/>\n<meta property=\"og:site_name\" content=\"Nekmar\" \/>\n<meta property=\"article:publisher\" content=\"https:\/\/www.facebook.com\/nekmarpetnutritionRS\/\" \/>\n<meta property=\"article:modified_time\" content=\"2025-12-10T23:45:07+00:00\" \/>\n<meta property=\"og:image\" content=\"https:\/\/nekmar.eu\/rs\/wp-content\/uploads\/2025\/07\/nekmar_lowgrain_with_fresh_buddalo_meat_novi_proizvod.jpg\" \/>\n\t<meta property=\"og:image:width\" content=\"1000\" \/>\n\t<meta property=\"og:image:height\" content=\"1000\" \/>\n\t<meta property=\"og:image:type\" content=\"image\/jpeg\" \/>\n<meta name=\"twitter:card\" content=\"summary_large_image\" \/>\n<meta name=\"twitter:label1\" content=\"Procijenjeno vrijeme \u010ditanja\" \/>\n\t<meta name=\"twitter:data1\" content=\"2 minute\" \/>\n<script type=\"application\/ld+json\" class=\"yoast-schema-graph\">{\"@context\":\"https:\\\/\\\/schema.org\",\"@graph\":[{\"@type\":\"WebPage\",\"@id\":\"https:\\\/\\\/nekmar.eu\\\/rs\\\/proizvod\\\/nekmar-low-grain-vitality-with-fresh-buffalo-meat\\\/\",\"url\":\"https:\\\/\\\/nekmar.eu\\\/rs\\\/proizvod\\\/nekmar-low-grain-vitality-with-fresh-buffalo-meat\\\/\",\"name\":\"Nekmar Low Grain Vitality with Fresh Buffalo Meat | Nekmar\",\"isPartOf\":{\"@id\":\"https:\\\/\\\/nekmar.eu\\\/rs\\\/#website\"},\"primaryImageOfPage\":{\"@id\":\"https:\\\/\\\/nekmar.eu\\\/rs\\\/proizvod\\\/nekmar-low-grain-vitality-with-fresh-buffalo-meat\\\/#primaryimage\"},\"image\":{\"@id\":\"https:\\\/\\\/nekmar.eu\\\/rs\\\/proizvod\\\/nekmar-low-grain-vitality-with-fresh-buffalo-meat\\\/#primaryimage\"},\"thumbnailUrl\":\"https:\\\/\\\/nekmar.eu\\\/rs\\\/wp-content\\\/uploads\\\/2025\\\/07\\\/nekmar_lowgrain_with_fresh_buddalo_meat_novi_proizvod.jpg\",\"datePublished\":\"2025-07-02T05:34:30+00:00\",\"dateModified\":\"2025-12-10T23:45:07+00:00\",\"breadcrumb\":{\"@id\":\"https:\\\/\\\/nekmar.eu\\\/rs\\\/proizvod\\\/nekmar-low-grain-vitality-with-fresh-buffalo-meat\\\/#breadcrumb\"},\"inLanguage\":\"hr\",\"potentialAction\":[{\"@type\":\"ReadAction\",\"target\":[\"https:\\\/\\\/nekmar.eu\\\/rs\\\/proizvod\\\/nekmar-low-grain-vitality-with-fresh-buffalo-meat\\\/\"]}]},{\"@type\":\"ImageObject\",\"inLanguage\":\"hr\",\"@id\":\"https:\\\/\\\/nekmar.eu\\\/rs\\\/proizvod\\\/nekmar-low-grain-vitality-with-fresh-buffalo-meat\\\/#primaryimage\",\"url\":\"https:\\\/\\\/nekmar.eu\\\/rs\\\/wp-content\\\/uploads\\\/2025\\\/07\\\/nekmar_lowgrain_with_fresh_buddalo_meat_novi_proizvod.jpg\",\"contentUrl\":\"https:\\\/\\\/nekmar.eu\\\/rs\\\/wp-content\\\/uploads\\\/2025\\\/07\\\/nekmar_lowgrain_with_fresh_buddalo_meat_novi_proizvod.jpg\",\"width\":1000,\"height\":1000},{\"@type\":\"BreadcrumbList\",\"@id\":\"https:\\\/\\\/nekmar.eu\\\/rs\\\/proizvod\\\/nekmar-low-grain-vitality-with-fresh-buffalo-meat\\\/#breadcrumb\",\"itemListElement\":[{\"@type\":\"ListItem\",\"position\":1,\"name\":\"Home\",\"item\":\"https:\\\/\\\/nekmar.eu\\\/rs\\\/\"},{\"@type\":\"ListItem\",\"position\":2,\"name\":\"Prodavnica\",\"item\":\"https:\\\/\\\/nekmar.eu\\\/rs\\\/prodavnica\\\/\"},{\"@type\":\"ListItem\",\"position\":3,\"name\":\"Nekmar Low Grain Vitality with Fresh Buffalo Meat\"}]},{\"@type\":\"WebSite\",\"@id\":\"https:\\\/\\\/nekmar.eu\\\/rs\\\/#website\",\"url\":\"https:\\\/\\\/nekmar.eu\\\/rs\\\/\",\"name\":\"Nekmar Srbija\",\"description\":\"Pet Nutrition\",\"publisher\":{\"@id\":\"https:\\\/\\\/nekmar.eu\\\/rs\\\/#organization\"},\"potentialAction\":[{\"@type\":\"SearchAction\",\"target\":{\"@type\":\"EntryPoint\",\"urlTemplate\":\"https:\\\/\\\/nekmar.eu\\\/rs\\\/?s={search_term_string}\"},\"query-input\":{\"@type\":\"PropertyValueSpecification\",\"valueRequired\":true,\"valueName\":\"search_term_string\"}}],\"inLanguage\":\"hr\"},{\"@type\":\"Organization\",\"@id\":\"https:\\\/\\\/nekmar.eu\\\/rs\\\/#organization\",\"name\":\"Nekmar Pet Nutrition Srbija\",\"url\":\"https:\\\/\\\/nekmar.eu\\\/rs\\\/\",\"logo\":{\"@type\":\"ImageObject\",\"inLanguage\":\"hr\",\"@id\":\"https:\\\/\\\/nekmar.eu\\\/rs\\\/#\\\/schema\\\/logo\\\/image\\\/\",\"url\":\"https:\\\/\\\/nekmar.eu\\\/rs\\\/wp-content\\\/uploads\\\/2019\\\/08\\\/Nekmar-contact.jpg\",\"contentUrl\":\"https:\\\/\\\/nekmar.eu\\\/rs\\\/wp-content\\\/uploads\\\/2019\\\/08\\\/Nekmar-contact.jpg\",\"width\":600,\"height\":142,\"caption\":\"Nekmar Pet Nutrition Srbija\"},\"image\":{\"@id\":\"https:\\\/\\\/nekmar.eu\\\/rs\\\/#\\\/schema\\\/logo\\\/image\\\/\"},\"sameAs\":[\"https:\\\/\\\/www.facebook.com\\\/nekmarpetnutritionRS\\\/\",\"https:\\\/\\\/www.instagram.com\\\/nekmar_srbija\\\/\"]}]}<\/script>\n<!-- \/ Yoast SEO plugin. -->","yoast_head_json":{"title":"Nekmar Low Grain Vitality with Fresh Buffalo Meat | Nekmar","robots":{"index":"index","follow":"follow","max-snippet":"max-snippet:-1","max-image-preview":"max-image-preview:large","max-video-preview":"max-video-preview:-1"},"canonical":"https:\/\/nekmar.eu\/rs\/proizvod\/nekmar-low-grain-vitality-with-fresh-buffalo-meat\/","og_locale":"hr_HR","og_type":"article","og_title":"Nekmar Low Grain Vitality with Fresh Buffalo Meat | Nekmar","og_description":"Ultrapremium monoprotein hrana za pse","og_url":"https:\/\/nekmar.eu\/rs\/proizvod\/nekmar-low-grain-vitality-with-fresh-buffalo-meat\/","og_site_name":"Nekmar","article_publisher":"https:\/\/www.facebook.com\/nekmarpetnutritionRS\/","article_modified_time":"2025-12-10T23:45:07+00:00","og_image":[{"width":1000,"height":1000,"url":"https:\/\/nekmar.eu\/rs\/wp-content\/uploads\/2025\/07\/nekmar_lowgrain_with_fresh_buddalo_meat_novi_proizvod.jpg","type":"image\/jpeg"}],"twitter_card":"summary_large_image","twitter_misc":{"Procijenjeno vrijeme \u010ditanja":"2 minute"},"schema":{"@context":"https:\/\/schema.org","@graph":[{"@type":"WebPage","@id":"https:\/\/nekmar.eu\/rs\/proizvod\/nekmar-low-grain-vitality-with-fresh-buffalo-meat\/","url":"https:\/\/nekmar.eu\/rs\/proizvod\/nekmar-low-grain-vitality-with-fresh-buffalo-meat\/","name":"Nekmar Low Grain Vitality with Fresh Buffalo Meat | Nekmar","isPartOf":{"@id":"https:\/\/nekmar.eu\/rs\/#website"},"primaryImageOfPage":{"@id":"https:\/\/nekmar.eu\/rs\/proizvod\/nekmar-low-grain-vitality-with-fresh-buffalo-meat\/#primaryimage"},"image":{"@id":"https:\/\/nekmar.eu\/rs\/proizvod\/nekmar-low-grain-vitality-with-fresh-buffalo-meat\/#primaryimage"},"thumbnailUrl":"https:\/\/nekmar.eu\/rs\/wp-content\/uploads\/2025\/07\/nekmar_lowgrain_with_fresh_buddalo_meat_novi_proizvod.jpg","datePublished":"2025-07-02T05:34:30+00:00","dateModified":"2025-12-10T23:45:07+00:00","breadcrumb":{"@id":"https:\/\/nekmar.eu\/rs\/proizvod\/nekmar-low-grain-vitality-with-fresh-buffalo-meat\/#breadcrumb"},"inLanguage":"hr","potentialAction":[{"@type":"ReadAction","target":["https:\/\/nekmar.eu\/rs\/proizvod\/nekmar-low-grain-vitality-with-fresh-buffalo-meat\/"]}]},{"@type":"ImageObject","inLanguage":"hr","@id":"https:\/\/nekmar.eu\/rs\/proizvod\/nekmar-low-grain-vitality-with-fresh-buffalo-meat\/#primaryimage","url":"https:\/\/nekmar.eu\/rs\/wp-content\/uploads\/2025\/07\/nekmar_lowgrain_with_fresh_buddalo_meat_novi_proizvod.jpg","contentUrl":"https:\/\/nekmar.eu\/rs\/wp-content\/uploads\/2025\/07\/nekmar_lowgrain_with_fresh_buddalo_meat_novi_proizvod.jpg","width":1000,"height":1000},{"@type":"BreadcrumbList","@id":"https:\/\/nekmar.eu\/rs\/proizvod\/nekmar-low-grain-vitality-with-fresh-buffalo-meat\/#breadcrumb","itemListElement":[{"@type":"ListItem","position":1,"name":"Home","item":"https:\/\/nekmar.eu\/rs\/"},{"@type":"ListItem","position":2,"name":"Prodavnica","item":"https:\/\/nekmar.eu\/rs\/prodavnica\/"},{"@type":"ListItem","position":3,"name":"Nekmar Low Grain Vitality with Fresh Buffalo Meat"}]},{"@type":"WebSite","@id":"https:\/\/nekmar.eu\/rs\/#website","url":"https:\/\/nekmar.eu\/rs\/","name":"Nekmar Srbija","description":"Pet Nutrition","publisher":{"@id":"https:\/\/nekmar.eu\/rs\/#organization"},"potentialAction":[{"@type":"SearchAction","target":{"@type":"EntryPoint","urlTemplate":"https:\/\/nekmar.eu\/rs\/?s={search_term_string}"},"query-input":{"@type":"PropertyValueSpecification","valueRequired":true,"valueName":"search_term_string"}}],"inLanguage":"hr"},{"@type":"Organization","@id":"https:\/\/nekmar.eu\/rs\/#organization","name":"Nekmar Pet Nutrition Srbija","url":"https:\/\/nekmar.eu\/rs\/","logo":{"@type":"ImageObject","inLanguage":"hr","@id":"https:\/\/nekmar.eu\/rs\/#\/schema\/logo\/image\/","url":"https:\/\/nekmar.eu\/rs\/wp-content\/uploads\/2019\/08\/Nekmar-contact.jpg","contentUrl":"https:\/\/nekmar.eu\/rs\/wp-content\/uploads\/2019\/08\/Nekmar-contact.jpg","width":600,"height":142,"caption":"Nekmar Pet Nutrition Srbija"},"image":{"@id":"https:\/\/nekmar.eu\/rs\/#\/schema\/logo\/image\/"},"sameAs":["https:\/\/www.facebook.com\/nekmarpetnutritionRS\/","https:\/\/www.instagram.com\/nekmar_srbija\/"]}]}},"_links":{"self":[{"href":"https:\/\/nekmar.eu\/rs\/wp-json\/wp\/v2\/product\/3846","targetHints":{"allow":["GET"]}}],"collection":[{"href":"https:\/\/nekmar.eu\/rs\/wp-json\/wp\/v2\/product"}],"about":[{"href":"https:\/\/nekmar.eu\/rs\/wp-json\/wp\/v2\/types\/product"}],"wp:featuredmedia":[{"embeddable":true,"href":"https:\/\/nekmar.eu\/rs\/wp-json\/wp\/v2\/media\/3852"}],"wp:attachment":[{"href":"https:\/\/nekmar.eu\/rs\/wp-json\/wp\/v2\/media?parent=3846"}],"wp:term":[{"taxonomy":"product_brand","embeddable":true,"href":"https:\/\/nekmar.eu\/rs\/wp-json\/wp\/v2\/product_brand?post=3846"},{"taxonomy":"product_cat","embeddable":true,"href":"https:\/\/nekmar.eu\/rs\/wp-json\/wp\/v2\/product_cat?post=3846"},{"taxonomy":"product_tag","embeddable":true,"href":"https:\/\/nekmar.eu\/rs\/wp-json\/wp\/v2\/product_tag?post=3846"}],"curies":[{"name":"wp","href":"https:\/\/api.w.org\/{rel}","templated":true}]}}