{"id":657,"date":"2019-09-08T07:44:46","date_gmt":"2019-09-08T06:44:46","guid":{"rendered":"https:\/\/nekmar.eu\/rs\/?post_type=product&#038;p=657"},"modified":"2025-01-24T07:48:18","modified_gmt":"2025-01-24T06:48:18","slug":"aston-supreme-adult","status":"publish","type":"product","link":"https:\/\/nekmar.eu\/rs\/proizvod\/aston-supreme-adult\/","title":{"rendered":"Aston Supreme Adult Taste of Country"},"content":{"rendered":"<div class=\"wpb-content-wrapper\"><p>[vc_row css_animation=&#8221;&#8221; row_type=&#8221;row&#8221; use_row_as_full_screen_section=&#8221;no&#8221; type=&#8221;full_width&#8221; angled_section=&#8221;no&#8221; text_align=&#8221;left&#8221; background_image_as_pattern=&#8221;without_pattern&#8221;][vc_column][vc_column_text]<strong>SASTAV:<\/strong> dehidrirano meso 40% (od \u010dega piletina 16%, govedina 12%, svinjetina 12%), kukuruz, pile\u0107a masno\u0107a, gra\u0161ak, seme lana, su\u0161ena repina pulpa, kvasci, minerali, vitamini.<\/p>\n<p>&nbsp;<\/p>\n<p><strong>ANALITI\u010cKI SASTAV:<\/strong> sirovi proteini 29%, sirova ulja i masno\u0107e 20%, sirova vlakna 2,6%, pepeo 8%, vlaga 8%.<\/p>\n<p>&nbsp;<\/p>\n<p><strong>PREHRAMBENI DODACI po KG:<\/strong> 3a672a Vitamin A 13500 IJ, E671 Vitamin D3 950 IJ, 3a700 Vitamin E 115 mg, E4 bakar 47mg, E1 gvo\u017e\u0111e 50mg, E5 mangan 62 mg, 3b605 cink 148 mg, 3b201 jod 1,2 mg, E8 selen 0,27 mg.<\/p>\n<p>&nbsp;<\/p>\n<p><strong>TEHNOLO\u0160KI DODACI:<\/strong> antioksidanti.<\/p>\n<p>&nbsp;<\/p>\n<p><strong>ENERGETSKA VREDNOST:<\/strong> 4050 Kcal\/kg.[\/vc_column_text][\/vc_column][\/vc_row][vc_row css_animation=&#8221;&#8221; row_type=&#8221;row&#8221; use_row_as_full_screen_section=&#8221;no&#8221; type=&#8221;full_width&#8221; angled_section=&#8221;no&#8221; text_align=&#8221;left&#8221; background_image_as_pattern=&#8221;without_pattern&#8221;][vc_column][vc_empty_space][vc_column_text]Preporu\u010dena dnevna koli\u010dina (g\/dan)[\/vc_column_text][vc_empty_space height=&#8221;10px&#8221;][vc_column_text]<\/p>\n<table class=\"gridtable\">\n<tbody>\n<tr>\n<th class=\"table-first-row\">Te\u017eina<\/th>\n<th class=\"table-first-row\">5kg<\/th>\n<th class=\"table-first-row\">8kg<\/th>\n<th class=\"table-first-row\">12kg<\/th>\n<th class=\"table-first-row\">16kg<\/th>\n<th class=\"table-first-row\">20kg<\/th>\n<th class=\"table-first-row\">25kg<\/th>\n<th class=\"table-first-row\">30kg<\/th>\n<th class=\"table-first-row\">35kg<\/th>\n<th class=\"table-first-row\">40kg<\/th>\n<th class=\"table-first-row\">45kg<\/th>\n<th class=\"table-first-row\">50kg<\/th>\n<th class=\"table-first-row\">60kg<\/th>\n<th class=\"table-first-row\">70kg<\/th>\n<th class=\"table-first-row\">80kg<\/th>\n<\/tr>\n<tr>\n<td class=\"table-first-row\">Normalna aktivnost<\/td>\n<td>85g<\/td>\n<td>120g<\/td>\n<td>160g<\/td>\n<td>200g<\/td>\n<td>235g<\/td>\n<td>275g<\/td>\n<td>315g<\/td>\n<td>355g<\/td>\n<td>395g<\/td>\n<td>435g<\/td>\n<td>485g<\/td>\n<td>560g<\/td>\n<td>640g<\/td>\n<td>720g<\/td>\n<\/tr>\n<tr>\n<td class=\"table-first-row\">Srednja aktivnost<\/td>\n<td>105g<\/td>\n<td>145g<\/td>\n<td>195g<\/td>\n<td>240g<\/td>\n<td>280g<\/td>\n<td>330g<\/td>\n<td>380g<\/td>\n<td>425g<\/td>\n<td>475g<\/td>\n<td>525g<\/td>\n<td>580g<\/td>\n<td>670g<\/td>\n<td>770g<\/td>\n<td>865g<\/td>\n<\/tr>\n<tr>\n<td class=\"table-first-row\">Visoka aktivnost<\/td>\n<td>125g<\/td>\n<td>175g<\/td>\n<td>230g<\/td>\n<td>290g<\/td>\n<td>340g<\/td>\n<td>395g<\/td>\n<td>455g<\/td>\n<td>510g<\/td>\n<td>570g<\/td>\n<td>625g<\/td>\n<td>700g<\/td>\n<td>805g<\/td>\n<td>920g<\/td>\n<td>1040g<\/td>\n<\/tr>\n<\/tbody>\n<\/table>\n<p>[\/vc_column_text][vc_empty_space height=&#8221;22px&#8221;][vc_column_text]<strong>PREPORUKA ZA HRANJENJE:<\/strong> hranu mo\u017eete dati suvu ili nakva\u0161enu (mi preporu\u010dujemo da se prilikom hranjenja preko hrane uvek doda mala koli\u010dina mlake vode neposredno pre hranjenja radi olaksanog probavljanja i intenzivnijeg ukusa). Koli\u010dine mogu varirati zavisno od specifi\u010dnih potreba nekih pasa. Pas treba uvek imati sve\u017eu pitku vodu. \u010cuvati na suvom i hladnom mestu udaljeno od izvora toplote.[\/vc_column_text][\/vc_column][\/vc_row][vc_row css_animation=&#8221;&#8221; row_type=&#8221;row&#8221; use_row_as_full_screen_section=&#8221;no&#8221; type=&#8221;full_width&#8221; angled_section=&#8221;no&#8221; text_align=&#8221;left&#8221; background_image_as_pattern=&#8221;without_pattern&#8221;][vc_column css=&#8221;.vc_custom_1574268599849{padding-top: 20px !important;padding-bottom: 20px !important;}&#8221;]<a  itemprop=\"url\" href=\"\/rs\/uzorci\/\" target=\"_self\" data-hover-background-color=\"#dddddd\" class=\"qbutton  medium center default\" style=\"color: #2e3d5c; border-color: #2e3d5c; \">Naru\u010dite probni uzorak<\/a>[\/vc_column][\/vc_row]<\/p>\n<\/div>","protected":false},"excerpt":{"rendered":"<p>Superpremium hrana za pse<\/p>\n","protected":false},"featured_media":3612,"template":"","meta":{"inline_featured_image":false},"product_brand":[],"product_cat":[100,99,103],"product_tag":[97,108],"class_list":{"0":"post-657","1":"product","2":"type-product","3":"status-publish","4":"has-post-thumbnail","6":"product_cat-aston","7":"product_cat-hrana-za-pse","8":"product_cat-superpremium","9":"product_tag-aston","10":"product_tag-superpremium","12":"first","13":"instock","14":"taxable","15":"shipping-taxable","16":"purchasable","17":"product-type-variable"},"yoast_head":"<!-- This site is optimized with the Yoast SEO plugin v27.5 - https:\/\/yoast.com\/product\/yoast-seo-wordpress\/ -->\n<title>Aston | Supreme Adult Taste of Country<\/title>\n<meta name=\"description\" content=\"Superpremium hrana za odrasle pse. Posjetite na\u0161u web trgovinu.\" \/>\n<meta name=\"robots\" content=\"index, follow, max-snippet:-1, max-image-preview:large, max-video-preview:-1\" \/>\n<link rel=\"canonical\" href=\"https:\/\/nekmar.eu\/rs\/proizvod\/aston-supreme-adult\/\" \/>\n<meta property=\"og:locale\" content=\"hr_HR\" \/>\n<meta property=\"og:type\" content=\"article\" \/>\n<meta property=\"og:title\" content=\"Aston Supreme Adult Taste of Country\" \/>\n<meta property=\"og:description\" content=\"Posjetite web trgovinu\" \/>\n<meta property=\"og:url\" content=\"https:\/\/nekmar.eu\/rs\/proizvod\/aston-supreme-adult\/\" \/>\n<meta property=\"og:site_name\" content=\"Nekmar\" \/>\n<meta property=\"article:publisher\" content=\"https:\/\/www.facebook.com\/nekmarpetnutritionRS\/\" \/>\n<meta property=\"article:modified_time\" content=\"2025-01-24T06:48:18+00:00\" \/>\n<meta property=\"og:image\" content=\"https:\/\/nekmar.eu\/rs\/wp-content\/uploads\/2019\/08\/aston-f-nekmar.jpg\" \/>\n\t<meta property=\"og:image:width\" content=\"1200\" \/>\n\t<meta property=\"og:image:height\" content=\"630\" \/>\n\t<meta property=\"og:image:type\" content=\"image\/jpeg\" \/>\n<meta name=\"twitter:card\" content=\"summary_large_image\" \/>\n<meta name=\"twitter:label1\" content=\"Procijenjeno vrijeme \u010ditanja\" \/>\n\t<meta name=\"twitter:data1\" content=\"2 minute\" \/>\n<script type=\"application\/ld+json\" class=\"yoast-schema-graph\">{\"@context\":\"https:\\\/\\\/schema.org\",\"@graph\":[{\"@type\":\"WebPage\",\"@id\":\"https:\\\/\\\/nekmar.eu\\\/rs\\\/proizvod\\\/aston-supreme-adult\\\/\",\"url\":\"https:\\\/\\\/nekmar.eu\\\/rs\\\/proizvod\\\/aston-supreme-adult\\\/\",\"name\":\"Aston | Supreme Adult Taste of Country\",\"isPartOf\":{\"@id\":\"https:\\\/\\\/nekmar.eu\\\/rs\\\/#website\"},\"primaryImageOfPage\":{\"@id\":\"https:\\\/\\\/nekmar.eu\\\/rs\\\/proizvod\\\/aston-supreme-adult\\\/#primaryimage\"},\"image\":{\"@id\":\"https:\\\/\\\/nekmar.eu\\\/rs\\\/proizvod\\\/aston-supreme-adult\\\/#primaryimage\"},\"thumbnailUrl\":\"https:\\\/\\\/nekmar.eu\\\/rs\\\/wp-content\\\/uploads\\\/2025\\\/01\\\/aston_supreme_adult_taste_of_country.jpg\",\"datePublished\":\"2019-09-08T06:44:46+00:00\",\"dateModified\":\"2025-01-24T06:48:18+00:00\",\"description\":\"Superpremium hrana za odrasle pse. Posjetite na\u0161u web trgovinu.\",\"breadcrumb\":{\"@id\":\"https:\\\/\\\/nekmar.eu\\\/rs\\\/proizvod\\\/aston-supreme-adult\\\/#breadcrumb\"},\"inLanguage\":\"hr\",\"potentialAction\":[{\"@type\":\"ReadAction\",\"target\":[\"https:\\\/\\\/nekmar.eu\\\/rs\\\/proizvod\\\/aston-supreme-adult\\\/\"]}]},{\"@type\":\"ImageObject\",\"inLanguage\":\"hr\",\"@id\":\"https:\\\/\\\/nekmar.eu\\\/rs\\\/proizvod\\\/aston-supreme-adult\\\/#primaryimage\",\"url\":\"https:\\\/\\\/nekmar.eu\\\/rs\\\/wp-content\\\/uploads\\\/2025\\\/01\\\/aston_supreme_adult_taste_of_country.jpg\",\"contentUrl\":\"https:\\\/\\\/nekmar.eu\\\/rs\\\/wp-content\\\/uploads\\\/2025\\\/01\\\/aston_supreme_adult_taste_of_country.jpg\",\"width\":1000,\"height\":1000},{\"@type\":\"BreadcrumbList\",\"@id\":\"https:\\\/\\\/nekmar.eu\\\/rs\\\/proizvod\\\/aston-supreme-adult\\\/#breadcrumb\",\"itemListElement\":[{\"@type\":\"ListItem\",\"position\":1,\"name\":\"Home\",\"item\":\"https:\\\/\\\/nekmar.eu\\\/rs\\\/\"},{\"@type\":\"ListItem\",\"position\":2,\"name\":\"Prodavnica\",\"item\":\"https:\\\/\\\/nekmar.eu\\\/rs\\\/prodavnica\\\/\"},{\"@type\":\"ListItem\",\"position\":3,\"name\":\"Aston Supreme Adult Taste of Country\"}]},{\"@type\":\"WebSite\",\"@id\":\"https:\\\/\\\/nekmar.eu\\\/rs\\\/#website\",\"url\":\"https:\\\/\\\/nekmar.eu\\\/rs\\\/\",\"name\":\"Nekmar Srbija\",\"description\":\"Pet Nutrition\",\"publisher\":{\"@id\":\"https:\\\/\\\/nekmar.eu\\\/rs\\\/#organization\"},\"potentialAction\":[{\"@type\":\"SearchAction\",\"target\":{\"@type\":\"EntryPoint\",\"urlTemplate\":\"https:\\\/\\\/nekmar.eu\\\/rs\\\/?s={search_term_string}\"},\"query-input\":{\"@type\":\"PropertyValueSpecification\",\"valueRequired\":true,\"valueName\":\"search_term_string\"}}],\"inLanguage\":\"hr\"},{\"@type\":\"Organization\",\"@id\":\"https:\\\/\\\/nekmar.eu\\\/rs\\\/#organization\",\"name\":\"Nekmar Pet Nutrition Srbija\",\"url\":\"https:\\\/\\\/nekmar.eu\\\/rs\\\/\",\"logo\":{\"@type\":\"ImageObject\",\"inLanguage\":\"hr\",\"@id\":\"https:\\\/\\\/nekmar.eu\\\/rs\\\/#\\\/schema\\\/logo\\\/image\\\/\",\"url\":\"https:\\\/\\\/nekmar.eu\\\/rs\\\/wp-content\\\/uploads\\\/2019\\\/08\\\/Nekmar-contact.jpg\",\"contentUrl\":\"https:\\\/\\\/nekmar.eu\\\/rs\\\/wp-content\\\/uploads\\\/2019\\\/08\\\/Nekmar-contact.jpg\",\"width\":600,\"height\":142,\"caption\":\"Nekmar Pet Nutrition Srbija\"},\"image\":{\"@id\":\"https:\\\/\\\/nekmar.eu\\\/rs\\\/#\\\/schema\\\/logo\\\/image\\\/\"},\"sameAs\":[\"https:\\\/\\\/www.facebook.com\\\/nekmarpetnutritionRS\\\/\",\"https:\\\/\\\/www.instagram.com\\\/nekmar_srbija\\\/\"]}]}<\/script>\n<!-- \/ Yoast SEO plugin. -->","yoast_head_json":{"title":"Aston | Supreme Adult Taste of Country","description":"Superpremium hrana za odrasle pse. Posjetite na\u0161u web trgovinu.","robots":{"index":"index","follow":"follow","max-snippet":"max-snippet:-1","max-image-preview":"max-image-preview:large","max-video-preview":"max-video-preview:-1"},"canonical":"https:\/\/nekmar.eu\/rs\/proizvod\/aston-supreme-adult\/","og_locale":"hr_HR","og_type":"article","og_title":"Aston Supreme Adult Taste of Country","og_description":"Posjetite web trgovinu","og_url":"https:\/\/nekmar.eu\/rs\/proizvod\/aston-supreme-adult\/","og_site_name":"Nekmar","article_publisher":"https:\/\/www.facebook.com\/nekmarpetnutritionRS\/","article_modified_time":"2025-01-24T06:48:18+00:00","og_image":[{"width":1200,"height":630,"url":"https:\/\/nekmar.eu\/rs\/wp-content\/uploads\/2019\/08\/aston-f-nekmar.jpg","type":"image\/jpeg"}],"twitter_card":"summary_large_image","twitter_misc":{"Procijenjeno vrijeme \u010ditanja":"2 minute"},"schema":{"@context":"https:\/\/schema.org","@graph":[{"@type":"WebPage","@id":"https:\/\/nekmar.eu\/rs\/proizvod\/aston-supreme-adult\/","url":"https:\/\/nekmar.eu\/rs\/proizvod\/aston-supreme-adult\/","name":"Aston | Supreme Adult Taste of Country","isPartOf":{"@id":"https:\/\/nekmar.eu\/rs\/#website"},"primaryImageOfPage":{"@id":"https:\/\/nekmar.eu\/rs\/proizvod\/aston-supreme-adult\/#primaryimage"},"image":{"@id":"https:\/\/nekmar.eu\/rs\/proizvod\/aston-supreme-adult\/#primaryimage"},"thumbnailUrl":"https:\/\/nekmar.eu\/rs\/wp-content\/uploads\/2025\/01\/aston_supreme_adult_taste_of_country.jpg","datePublished":"2019-09-08T06:44:46+00:00","dateModified":"2025-01-24T06:48:18+00:00","description":"Superpremium hrana za odrasle pse. Posjetite na\u0161u web trgovinu.","breadcrumb":{"@id":"https:\/\/nekmar.eu\/rs\/proizvod\/aston-supreme-adult\/#breadcrumb"},"inLanguage":"hr","potentialAction":[{"@type":"ReadAction","target":["https:\/\/nekmar.eu\/rs\/proizvod\/aston-supreme-adult\/"]}]},{"@type":"ImageObject","inLanguage":"hr","@id":"https:\/\/nekmar.eu\/rs\/proizvod\/aston-supreme-adult\/#primaryimage","url":"https:\/\/nekmar.eu\/rs\/wp-content\/uploads\/2025\/01\/aston_supreme_adult_taste_of_country.jpg","contentUrl":"https:\/\/nekmar.eu\/rs\/wp-content\/uploads\/2025\/01\/aston_supreme_adult_taste_of_country.jpg","width":1000,"height":1000},{"@type":"BreadcrumbList","@id":"https:\/\/nekmar.eu\/rs\/proizvod\/aston-supreme-adult\/#breadcrumb","itemListElement":[{"@type":"ListItem","position":1,"name":"Home","item":"https:\/\/nekmar.eu\/rs\/"},{"@type":"ListItem","position":2,"name":"Prodavnica","item":"https:\/\/nekmar.eu\/rs\/prodavnica\/"},{"@type":"ListItem","position":3,"name":"Aston Supreme Adult Taste of Country"}]},{"@type":"WebSite","@id":"https:\/\/nekmar.eu\/rs\/#website","url":"https:\/\/nekmar.eu\/rs\/","name":"Nekmar Srbija","description":"Pet Nutrition","publisher":{"@id":"https:\/\/nekmar.eu\/rs\/#organization"},"potentialAction":[{"@type":"SearchAction","target":{"@type":"EntryPoint","urlTemplate":"https:\/\/nekmar.eu\/rs\/?s={search_term_string}"},"query-input":{"@type":"PropertyValueSpecification","valueRequired":true,"valueName":"search_term_string"}}],"inLanguage":"hr"},{"@type":"Organization","@id":"https:\/\/nekmar.eu\/rs\/#organization","name":"Nekmar Pet Nutrition Srbija","url":"https:\/\/nekmar.eu\/rs\/","logo":{"@type":"ImageObject","inLanguage":"hr","@id":"https:\/\/nekmar.eu\/rs\/#\/schema\/logo\/image\/","url":"https:\/\/nekmar.eu\/rs\/wp-content\/uploads\/2019\/08\/Nekmar-contact.jpg","contentUrl":"https:\/\/nekmar.eu\/rs\/wp-content\/uploads\/2019\/08\/Nekmar-contact.jpg","width":600,"height":142,"caption":"Nekmar Pet Nutrition Srbija"},"image":{"@id":"https:\/\/nekmar.eu\/rs\/#\/schema\/logo\/image\/"},"sameAs":["https:\/\/www.facebook.com\/nekmarpetnutritionRS\/","https:\/\/www.instagram.com\/nekmar_srbija\/"]}]}},"_links":{"self":[{"href":"https:\/\/nekmar.eu\/rs\/wp-json\/wp\/v2\/product\/657","targetHints":{"allow":["GET"]}}],"collection":[{"href":"https:\/\/nekmar.eu\/rs\/wp-json\/wp\/v2\/product"}],"about":[{"href":"https:\/\/nekmar.eu\/rs\/wp-json\/wp\/v2\/types\/product"}],"wp:featuredmedia":[{"embeddable":true,"href":"https:\/\/nekmar.eu\/rs\/wp-json\/wp\/v2\/media\/3612"}],"wp:attachment":[{"href":"https:\/\/nekmar.eu\/rs\/wp-json\/wp\/v2\/media?parent=657"}],"wp:term":[{"taxonomy":"product_brand","embeddable":true,"href":"https:\/\/nekmar.eu\/rs\/wp-json\/wp\/v2\/product_brand?post=657"},{"taxonomy":"product_cat","embeddable":true,"href":"https:\/\/nekmar.eu\/rs\/wp-json\/wp\/v2\/product_cat?post=657"},{"taxonomy":"product_tag","embeddable":true,"href":"https:\/\/nekmar.eu\/rs\/wp-json\/wp\/v2\/product_tag?post=657"}],"curies":[{"name":"wp","href":"https:\/\/api.w.org\/{rel}","templated":true}]}}