{"id":668,"date":"2019-09-08T08:30:20","date_gmt":"2019-09-08T07:30:20","guid":{"rendered":"https:\/\/nekmar.eu\/rs\/?post_type=product&#038;p=668"},"modified":"2025-11-10T09:44:58","modified_gmt":"2025-11-10T08:44:58","slug":"nekmar-adult-rabbit-iberico","status":"publish","type":"product","link":"https:\/\/nekmar.eu\/rs\/proizvod\/nekmar-adult-rabbit-iberico\/","title":{"rendered":"Nekmar Grain Free Adult Rabbit &#038; Iberico"},"content":{"rendered":"<div class=\"wpb-content-wrapper\"><p>[vc_row css_animation=&#8221;&#8221; row_type=&#8221;row&#8221; use_row_as_full_screen_section=&#8221;no&#8221; type=&#8221;full_width&#8221; angled_section=&#8221;no&#8221; text_align=&#8221;left&#8221; background_image_as_pattern=&#8221;without_pattern&#8221;][vc_column][vc_column_text]<strong>SASTAV:<\/strong> Sve\u017ee meso zeca 30%, dehidrirano meso svinje 20%, krompir 15%, gra\u0161ak, pile\u0107a masno\u0107a, dehidrirana riba 5%, bob, seme lana, kvasac, dehidrirane alge 0,3%, frukto-oligosaharidi (FOS 0,2%), manan-oligosaharidi (MOS 0,2%), yucca schidigera, dehidrirana sikavica (Silybum marianum), dehidrirani nar (Punica granatum), dehidrirani plod \u0161ipka (Rosa Canina L.R.,Pendulina L.), glukozamin,kondroitin sulfat.<\/p>\n<p>&nbsp;<\/p>\n<p><strong>ANALITI\u010cKI SASTAV:<\/strong> sirovi proteini 31%, sirova ulja i masno\u0107e 19%, sirova vlakna 2,5%, pepeo 8,2%, vlaga 8%.<\/p>\n<p>&nbsp;<\/p>\n<p><strong>DODACI po KG:<\/strong> Prehrambeni dodaci: 3a672a Vitamin A 21000 IJ, E671 Vitamin D3 1400 IJ, 3a700 Vitamin E 180 mg, E4 bakar 15mg, E1 gvo\u017e\u0111e 30mg, E5 mangan 60 mg, 3b605 cink 68 mg, 3b201 jod 3,7 mg, E8 selen 0,16 mg.<\/p>\n<p>&nbsp;<\/p>\n<p><strong>ENERGETSKA VREDNOST:<\/strong> 4000 Kcal\/kg.[\/vc_column_text][\/vc_column][\/vc_row][vc_row css_animation=&#8221;&#8221; row_type=&#8221;row&#8221; use_row_as_full_screen_section=&#8221;no&#8221; type=&#8221;full_width&#8221; angled_section=&#8221;no&#8221; text_align=&#8221;left&#8221; background_image_as_pattern=&#8221;without_pattern&#8221;][vc_column][vc_empty_space][vc_column_text]Preporu\u010dena dnevna koli\u010dina (g\/dan)[\/vc_column_text][vc_empty_space height=&#8221;10px&#8221;][vc_column_text]<\/p>\n<table class=\"gridtable\">\n<tbody>\n<tr>\n<th class=\"table-first-row\">Te\u017eina<\/th>\n<th class=\"table-first-row\">2,5kg<\/th>\n<th class=\"table-first-row\">5kg<\/th>\n<th class=\"table-first-row\">7kg<\/th>\n<th class=\"table-first-row\">10kg<\/th>\n<th class=\"table-first-row\">15kg<\/th>\n<th class=\"table-first-row\">20kg<\/th>\n<th class=\"table-first-row\">25kg<\/th>\n<th class=\"table-first-row\">30kg<\/th>\n<th class=\"table-first-row\">35kg<\/th>\n<th class=\"table-first-row\">40kg<\/th>\n<th class=\"table-first-row\">45kg<\/th>\n<th class=\"table-first-row\">50kg<\/th>\n<th class=\"table-first-row\">60kg<\/th>\n<th class=\"table-first-row\">70kg<\/th>\n<th class=\"table-first-row\">80kg<\/th>\n<\/tr>\n<tr>\n<td class=\"table-first-row\">Normalna aktivnost<\/td>\n<td>45g<\/td>\n<td>70g<\/td>\n<td>105g<\/td>\n<td>135g<\/td>\n<td>180g<\/td>\n<td>235g<\/td>\n<td>280g<\/td>\n<td>320g<\/td>\n<td>360g<\/td>\n<td>400g<\/td>\n<td>435g<\/td>\n<td>470g<\/td>\n<td>540g<\/td>\n<td>610g<\/td>\n<td>680g<\/td>\n<\/tr>\n<tr>\n<td class=\"table-first-row\">Srednja aktivnost<\/td>\n<td>55g<\/td>\n<td>84g<\/td>\n<td>125g<\/td>\n<td>160g<\/td>\n<td>215g<\/td>\n<td>280g<\/td>\n<td>335g<\/td>\n<td>385g<\/td>\n<td>430g<\/td>\n<td>480g<\/td>\n<td>520g<\/td>\n<td>565g<\/td>\n<td>645g<\/td>\n<td>730g<\/td>\n<td>810g<\/td>\n<\/tr>\n<tr>\n<td class=\"table-first-row\">Visoka aktivnost<\/td>\n<td>65g<\/td>\n<td>100g<\/td>\n<td>150g<\/td>\n<td>190g<\/td>\n<td>260g<\/td>\n<td>335g<\/td>\n<td>400g<\/td>\n<td>460g<\/td>\n<td>515g<\/td>\n<td>575g<\/td>\n<td>620g<\/td>\n<td>675g<\/td>\n<td>770g<\/td>\n<td>870g<\/td>\n<td>970g<\/td>\n<\/tr>\n<\/tbody>\n<\/table>\n<p>[\/vc_column_text][vc_empty_space height=&#8221;22px&#8221;][vc_column_text]<strong>PREPORUKA ZA HRANJENJE:<\/strong> hranu mo\u017eete dati suvu ili nakva\u0161enu (mi preporu\u010dujemo da se prilikom hranjenja preko hrane uvek doda mala koli\u010dina mlake vode neposredno pre hranjenja radi olaksanog probavljanja i intenzivnijeg ukusa). Koli\u010dine mogu varirati zavisno od specifi\u010dnih potreba nekih pasa. Pas treba uvek imati sve\u017eu pitku vodu. \u010cuvati na suvom i hladnom mestu udaljeno od izvora toplote.[\/vc_column_text][\/vc_column][\/vc_row][vc_row css_animation=&#8221;&#8221; row_type=&#8221;row&#8221; use_row_as_full_screen_section=&#8221;no&#8221; type=&#8221;full_width&#8221; angled_section=&#8221;no&#8221; text_align=&#8221;left&#8221; background_image_as_pattern=&#8221;without_pattern&#8221;][vc_column css=&#8221;.vc_custom_1574268599849{padding-top: 20px !important;padding-bottom: 20px !important;}&#8221;]<a  itemprop=\"url\" href=\"\/rs\/uzorci\/\" target=\"_self\" data-hover-background-color=\"#dddddd\" class=\"qbutton  medium center default\" style=\"color: #2e3d5c; border-color: #2e3d5c; \">Naru\u010dite probni uzorak<\/a>[\/vc_column][\/vc_row]<\/p>\n<\/div>","protected":false},"excerpt":{"rendered":"<p>Ultrapremium hrana za pse<\/p>\n","protected":false},"featured_media":3641,"template":"","meta":{"inline_featured_image":false},"product_brand":[],"product_cat":[107,99,101],"product_tag":[112,109],"class_list":{"0":"post-668","1":"product","2":"type-product","3":"status-publish","4":"has-post-thumbnail","6":"product_cat-grainfree","7":"product_cat-hrana-za-pse","8":"product_cat-nekmar","9":"product_tag-grainfree","10":"product_tag-nekmar","12":"first","13":"instock","14":"taxable","15":"shipping-taxable","16":"purchasable","17":"product-type-variable"},"yoast_head":"<!-- This site is optimized with the Yoast SEO plugin v27.5 - https:\/\/yoast.com\/product\/yoast-seo-wordpress\/ -->\n<title>Nekmar | Grain Free Adult Rabbit &amp; Iberico<\/title>\n<meta name=\"description\" content=\"Ultrapremium Holistic hrana bez \u017eitarica za odrasle pse. Glavni sastojci: svje\u017ee meso kuni\u0107a 30%, dehidrirano meso svinje 20%. Posjetite na\u0161u web trgovinu.\" \/>\n<meta name=\"robots\" content=\"index, follow, max-snippet:-1, max-image-preview:large, max-video-preview:-1\" \/>\n<link rel=\"canonical\" href=\"https:\/\/nekmar.eu\/rs\/proizvod\/nekmar-adult-rabbit-iberico\/\" \/>\n<meta property=\"og:locale\" content=\"hr_HR\" \/>\n<meta property=\"og:type\" content=\"article\" \/>\n<meta property=\"og:title\" content=\"Nekmar Grain Free Adult Rabbit &amp; Iberico\" \/>\n<meta property=\"og:description\" content=\"Posjetite web trgovinu\" \/>\n<meta property=\"og:url\" content=\"https:\/\/nekmar.eu\/rs\/proizvod\/nekmar-adult-rabbit-iberico\/\" \/>\n<meta property=\"og:site_name\" content=\"Nekmar\" \/>\n<meta property=\"article:publisher\" content=\"https:\/\/www.facebook.com\/nekmarpetnutritionRS\/\" \/>\n<meta property=\"article:modified_time\" content=\"2025-11-10T08:44:58+00:00\" \/>\n<meta property=\"og:image\" content=\"https:\/\/nekmar.eu\/rs\/wp-content\/uploads\/2019\/08\/nekmar-holistic.jpg\" \/>\n\t<meta property=\"og:image:width\" content=\"1200\" \/>\n\t<meta property=\"og:image:height\" content=\"630\" \/>\n\t<meta property=\"og:image:type\" content=\"image\/jpeg\" \/>\n<meta name=\"twitter:card\" content=\"summary_large_image\" \/>\n<meta name=\"twitter:label1\" content=\"Procijenjeno vrijeme \u010ditanja\" \/>\n\t<meta name=\"twitter:data1\" content=\"2 minute\" \/>\n<script type=\"application\/ld+json\" class=\"yoast-schema-graph\">{\"@context\":\"https:\\\/\\\/schema.org\",\"@graph\":[{\"@type\":\"WebPage\",\"@id\":\"https:\\\/\\\/nekmar.eu\\\/rs\\\/proizvod\\\/nekmar-adult-rabbit-iberico\\\/\",\"url\":\"https:\\\/\\\/nekmar.eu\\\/rs\\\/proizvod\\\/nekmar-adult-rabbit-iberico\\\/\",\"name\":\"Nekmar | Grain Free Adult Rabbit & Iberico\",\"isPartOf\":{\"@id\":\"https:\\\/\\\/nekmar.eu\\\/rs\\\/#website\"},\"primaryImageOfPage\":{\"@id\":\"https:\\\/\\\/nekmar.eu\\\/rs\\\/proizvod\\\/nekmar-adult-rabbit-iberico\\\/#primaryimage\"},\"image\":{\"@id\":\"https:\\\/\\\/nekmar.eu\\\/rs\\\/proizvod\\\/nekmar-adult-rabbit-iberico\\\/#primaryimage\"},\"thumbnailUrl\":\"https:\\\/\\\/nekmar.eu\\\/rs\\\/wp-content\\\/uploads\\\/2019\\\/09\\\/nekmar_grain_free_adult_rabbit_iberico.jpg\",\"datePublished\":\"2019-09-08T07:30:20+00:00\",\"dateModified\":\"2025-11-10T08:44:58+00:00\",\"description\":\"Ultrapremium Holistic hrana bez \u017eitarica za odrasle pse. Glavni sastojci: svje\u017ee meso kuni\u0107a 30%, dehidrirano meso svinje 20%. Posjetite na\u0161u web trgovinu.\",\"breadcrumb\":{\"@id\":\"https:\\\/\\\/nekmar.eu\\\/rs\\\/proizvod\\\/nekmar-adult-rabbit-iberico\\\/#breadcrumb\"},\"inLanguage\":\"hr\",\"potentialAction\":[{\"@type\":\"ReadAction\",\"target\":[\"https:\\\/\\\/nekmar.eu\\\/rs\\\/proizvod\\\/nekmar-adult-rabbit-iberico\\\/\"]}]},{\"@type\":\"ImageObject\",\"inLanguage\":\"hr\",\"@id\":\"https:\\\/\\\/nekmar.eu\\\/rs\\\/proizvod\\\/nekmar-adult-rabbit-iberico\\\/#primaryimage\",\"url\":\"https:\\\/\\\/nekmar.eu\\\/rs\\\/wp-content\\\/uploads\\\/2019\\\/09\\\/nekmar_grain_free_adult_rabbit_iberico.jpg\",\"contentUrl\":\"https:\\\/\\\/nekmar.eu\\\/rs\\\/wp-content\\\/uploads\\\/2019\\\/09\\\/nekmar_grain_free_adult_rabbit_iberico.jpg\",\"width\":1000,\"height\":1000},{\"@type\":\"BreadcrumbList\",\"@id\":\"https:\\\/\\\/nekmar.eu\\\/rs\\\/proizvod\\\/nekmar-adult-rabbit-iberico\\\/#breadcrumb\",\"itemListElement\":[{\"@type\":\"ListItem\",\"position\":1,\"name\":\"Home\",\"item\":\"https:\\\/\\\/nekmar.eu\\\/rs\\\/\"},{\"@type\":\"ListItem\",\"position\":2,\"name\":\"Prodavnica\",\"item\":\"https:\\\/\\\/nekmar.eu\\\/rs\\\/prodavnica\\\/\"},{\"@type\":\"ListItem\",\"position\":3,\"name\":\"Nekmar Grain Free Adult Rabbit &#038; Iberico\"}]},{\"@type\":\"WebSite\",\"@id\":\"https:\\\/\\\/nekmar.eu\\\/rs\\\/#website\",\"url\":\"https:\\\/\\\/nekmar.eu\\\/rs\\\/\",\"name\":\"Nekmar Srbija\",\"description\":\"Pet Nutrition\",\"publisher\":{\"@id\":\"https:\\\/\\\/nekmar.eu\\\/rs\\\/#organization\"},\"potentialAction\":[{\"@type\":\"SearchAction\",\"target\":{\"@type\":\"EntryPoint\",\"urlTemplate\":\"https:\\\/\\\/nekmar.eu\\\/rs\\\/?s={search_term_string}\"},\"query-input\":{\"@type\":\"PropertyValueSpecification\",\"valueRequired\":true,\"valueName\":\"search_term_string\"}}],\"inLanguage\":\"hr\"},{\"@type\":\"Organization\",\"@id\":\"https:\\\/\\\/nekmar.eu\\\/rs\\\/#organization\",\"name\":\"Nekmar Pet Nutrition Srbija\",\"url\":\"https:\\\/\\\/nekmar.eu\\\/rs\\\/\",\"logo\":{\"@type\":\"ImageObject\",\"inLanguage\":\"hr\",\"@id\":\"https:\\\/\\\/nekmar.eu\\\/rs\\\/#\\\/schema\\\/logo\\\/image\\\/\",\"url\":\"https:\\\/\\\/nekmar.eu\\\/rs\\\/wp-content\\\/uploads\\\/2019\\\/08\\\/Nekmar-contact.jpg\",\"contentUrl\":\"https:\\\/\\\/nekmar.eu\\\/rs\\\/wp-content\\\/uploads\\\/2019\\\/08\\\/Nekmar-contact.jpg\",\"width\":600,\"height\":142,\"caption\":\"Nekmar Pet Nutrition Srbija\"},\"image\":{\"@id\":\"https:\\\/\\\/nekmar.eu\\\/rs\\\/#\\\/schema\\\/logo\\\/image\\\/\"},\"sameAs\":[\"https:\\\/\\\/www.facebook.com\\\/nekmarpetnutritionRS\\\/\",\"https:\\\/\\\/www.instagram.com\\\/nekmar_srbija\\\/\"]}]}<\/script>\n<!-- \/ Yoast SEO plugin. -->","yoast_head_json":{"title":"Nekmar | Grain Free Adult Rabbit & Iberico","description":"Ultrapremium Holistic hrana bez \u017eitarica za odrasle pse. Glavni sastojci: svje\u017ee meso kuni\u0107a 30%, dehidrirano meso svinje 20%. Posjetite na\u0161u web trgovinu.","robots":{"index":"index","follow":"follow","max-snippet":"max-snippet:-1","max-image-preview":"max-image-preview:large","max-video-preview":"max-video-preview:-1"},"canonical":"https:\/\/nekmar.eu\/rs\/proizvod\/nekmar-adult-rabbit-iberico\/","og_locale":"hr_HR","og_type":"article","og_title":"Nekmar Grain Free Adult Rabbit & Iberico","og_description":"Posjetite web trgovinu","og_url":"https:\/\/nekmar.eu\/rs\/proizvod\/nekmar-adult-rabbit-iberico\/","og_site_name":"Nekmar","article_publisher":"https:\/\/www.facebook.com\/nekmarpetnutritionRS\/","article_modified_time":"2025-11-10T08:44:58+00:00","og_image":[{"width":1200,"height":630,"url":"https:\/\/nekmar.eu\/rs\/wp-content\/uploads\/2019\/08\/nekmar-holistic.jpg","type":"image\/jpeg"}],"twitter_card":"summary_large_image","twitter_misc":{"Procijenjeno vrijeme \u010ditanja":"2 minute"},"schema":{"@context":"https:\/\/schema.org","@graph":[{"@type":"WebPage","@id":"https:\/\/nekmar.eu\/rs\/proizvod\/nekmar-adult-rabbit-iberico\/","url":"https:\/\/nekmar.eu\/rs\/proizvod\/nekmar-adult-rabbit-iberico\/","name":"Nekmar | Grain Free Adult Rabbit & Iberico","isPartOf":{"@id":"https:\/\/nekmar.eu\/rs\/#website"},"primaryImageOfPage":{"@id":"https:\/\/nekmar.eu\/rs\/proizvod\/nekmar-adult-rabbit-iberico\/#primaryimage"},"image":{"@id":"https:\/\/nekmar.eu\/rs\/proizvod\/nekmar-adult-rabbit-iberico\/#primaryimage"},"thumbnailUrl":"https:\/\/nekmar.eu\/rs\/wp-content\/uploads\/2019\/09\/nekmar_grain_free_adult_rabbit_iberico.jpg","datePublished":"2019-09-08T07:30:20+00:00","dateModified":"2025-11-10T08:44:58+00:00","description":"Ultrapremium Holistic hrana bez \u017eitarica za odrasle pse. Glavni sastojci: svje\u017ee meso kuni\u0107a 30%, dehidrirano meso svinje 20%. Posjetite na\u0161u web trgovinu.","breadcrumb":{"@id":"https:\/\/nekmar.eu\/rs\/proizvod\/nekmar-adult-rabbit-iberico\/#breadcrumb"},"inLanguage":"hr","potentialAction":[{"@type":"ReadAction","target":["https:\/\/nekmar.eu\/rs\/proizvod\/nekmar-adult-rabbit-iberico\/"]}]},{"@type":"ImageObject","inLanguage":"hr","@id":"https:\/\/nekmar.eu\/rs\/proizvod\/nekmar-adult-rabbit-iberico\/#primaryimage","url":"https:\/\/nekmar.eu\/rs\/wp-content\/uploads\/2019\/09\/nekmar_grain_free_adult_rabbit_iberico.jpg","contentUrl":"https:\/\/nekmar.eu\/rs\/wp-content\/uploads\/2019\/09\/nekmar_grain_free_adult_rabbit_iberico.jpg","width":1000,"height":1000},{"@type":"BreadcrumbList","@id":"https:\/\/nekmar.eu\/rs\/proizvod\/nekmar-adult-rabbit-iberico\/#breadcrumb","itemListElement":[{"@type":"ListItem","position":1,"name":"Home","item":"https:\/\/nekmar.eu\/rs\/"},{"@type":"ListItem","position":2,"name":"Prodavnica","item":"https:\/\/nekmar.eu\/rs\/prodavnica\/"},{"@type":"ListItem","position":3,"name":"Nekmar Grain Free Adult Rabbit &#038; Iberico"}]},{"@type":"WebSite","@id":"https:\/\/nekmar.eu\/rs\/#website","url":"https:\/\/nekmar.eu\/rs\/","name":"Nekmar Srbija","description":"Pet Nutrition","publisher":{"@id":"https:\/\/nekmar.eu\/rs\/#organization"},"potentialAction":[{"@type":"SearchAction","target":{"@type":"EntryPoint","urlTemplate":"https:\/\/nekmar.eu\/rs\/?s={search_term_string}"},"query-input":{"@type":"PropertyValueSpecification","valueRequired":true,"valueName":"search_term_string"}}],"inLanguage":"hr"},{"@type":"Organization","@id":"https:\/\/nekmar.eu\/rs\/#organization","name":"Nekmar Pet Nutrition Srbija","url":"https:\/\/nekmar.eu\/rs\/","logo":{"@type":"ImageObject","inLanguage":"hr","@id":"https:\/\/nekmar.eu\/rs\/#\/schema\/logo\/image\/","url":"https:\/\/nekmar.eu\/rs\/wp-content\/uploads\/2019\/08\/Nekmar-contact.jpg","contentUrl":"https:\/\/nekmar.eu\/rs\/wp-content\/uploads\/2019\/08\/Nekmar-contact.jpg","width":600,"height":142,"caption":"Nekmar Pet Nutrition Srbija"},"image":{"@id":"https:\/\/nekmar.eu\/rs\/#\/schema\/logo\/image\/"},"sameAs":["https:\/\/www.facebook.com\/nekmarpetnutritionRS\/","https:\/\/www.instagram.com\/nekmar_srbija\/"]}]}},"_links":{"self":[{"href":"https:\/\/nekmar.eu\/rs\/wp-json\/wp\/v2\/product\/668","targetHints":{"allow":["GET"]}}],"collection":[{"href":"https:\/\/nekmar.eu\/rs\/wp-json\/wp\/v2\/product"}],"about":[{"href":"https:\/\/nekmar.eu\/rs\/wp-json\/wp\/v2\/types\/product"}],"wp:featuredmedia":[{"embeddable":true,"href":"https:\/\/nekmar.eu\/rs\/wp-json\/wp\/v2\/media\/3641"}],"wp:attachment":[{"href":"https:\/\/nekmar.eu\/rs\/wp-json\/wp\/v2\/media?parent=668"}],"wp:term":[{"taxonomy":"product_brand","embeddable":true,"href":"https:\/\/nekmar.eu\/rs\/wp-json\/wp\/v2\/product_brand?post=668"},{"taxonomy":"product_cat","embeddable":true,"href":"https:\/\/nekmar.eu\/rs\/wp-json\/wp\/v2\/product_cat?post=668"},{"taxonomy":"product_tag","embeddable":true,"href":"https:\/\/nekmar.eu\/rs\/wp-json\/wp\/v2\/product_tag?post=668"}],"curies":[{"name":"wp","href":"https:\/\/api.w.org\/{rel}","templated":true}]}}