{"id":14,"date":"2016-02-23T13:24:53","date_gmt":"2016-02-23T13:24:53","guid":{"rendered":"http:\/\/bridge12.qodeinteractive.com\/?page_id=14"},"modified":"2021-03-24T12:09:54","modified_gmt":"2021-03-24T12:09:54","slug":"home","status":"publish","type":"page","link":"https:\/\/nekmar.eu\/sk\/","title":{"rendered":"Home"},"content":{"rendered":"<div class=\"wpb-content-wrapper\"><p>[vc_row css_animation=&#8220;&#8220; row_type=&#8220;row&#8220; use_row_as_full_screen_section=&#8220;no&#8220; type=&#8220;full_width&#8220; angled_section=&#8220;no&#8220; text_align=&#8220;left&#8220; background_image_as_pattern=&#8220;without_pattern&#8220;][vc_column]\n\t\t\t\t<p class=\"rs-p-wp-fix\"><\/p>\n\t\t\t\t<sr7-module data-alias=\"slHRhome\" data-id=\"36\" id=\"SR7_36_1\" data-version=\"6.7.51\">\n\t\t\t\t\t<sr7-adjuster><\/sr7-adjuster>\n\t\t\t\t\t<sr7-content>\n\t\t\t\t\t\t<sr7-slide id=\"SR7_36_1-170\" data-key=\"170\">\n\t\t\t\t\t\t\t<sr7-bg id=\"SR7_36_1-170-slidebg\" class=\"sr7-layer\"><noscript><img decoding=\"async\" src=\"https:\/\/nekmar.eu\/sk\/wp-content\/uploads\/2019\/11\/nekic.jpg\" alt=\"\" title=\"nekic\"><\/noscript><\/sr7-bg>\n\t\t\t\t\t\t\t<a id=\"SR7_36_1-170-6\" class=\"sr7-layer\" href=\"https:\/\/nekmar.eu\/sk\/obchod\/\" target=\"_self\" rel=\"nofollow\">NAV\u0160T\u00cdVTE INTERNETOV\u00dd OBCHOD<\/a>\n\t\t\t\t\t\t<\/sr7-slide>\n\t\t\t\t\t\t<sr7-slide id=\"SR7_36_1-183\" data-key=\"183\">\n\t\t\t\t\t\t<\/sr7-slide>\n\t\t\t\t\t<\/sr7-content>\n\t\t\t\t<\/sr7-module>\n\t\t\t\t<script>\n\t\t\t\t\twindow.SR7 ??={};SR7.PMH ??={}; SR7.PMH[\"SR7_36_1\"] = {cn:100,state:false,fn: function() { if (window._tpt!==undefined && window._tpt.prepareModuleHeight !== undefined) {  _tpt.prepareModuleHeight({id:\"SR7_36_1\",el:[900,768,960,720],type:'standard',shdw:'0',gh:[900,768,960,720],gw:[1920,1024,778,480],vpt:['-200px'],size:{fullWidth:true, fullHeight:true},offsetContainer:'',offset:'',mh:'0',onh:0,onw:0,bg:{color:'transparent'},plType:'0',plColor:'#ffffff'});   SR7.PMH[\"SR7_36_1\"].state=true;} else if(SR7.PMH[\"SR7_36_1\"].cn-->0)\tsetTimeout( SR7.PMH[\"SR7_36_1\"].fn,19);}};SR7.PMH[\"SR7_36_1\" ].fn();\n\t\t\t\t<\/script>\n[\/vc_column][\/vc_row][vc_row css_animation=&#8220;&#8220; row_type=&#8220;row&#8220; use_row_as_full_screen_section=&#8220;no&#8220; type=&#8220;grid&#8220; angled_section=&#8220;no&#8220; text_align=&#8220;left&#8220; background_image_as_pattern=&#8220;without_pattern&#8220; padding_top=&#8220;84&#8243; z_index=&#8220;&#8220;][vc_column offset=&#8220;vc_col-md-5&#8243;][qode_elements_holder number_of_columns=&#8220;one_column&#8220;][qode_elements_holder_item vertical_alignment=&#8220;middle&#8220; advanced_animations=&#8220;no&#8220; item_padding_1024_1280=&#8220;72px 40px 0 0&#8243; item_padding_768_1024=&#8220;35px 40px 0 0&#8243; item_padding_600_768=&#8220;0px 40px 60px 0&#8243; item_padding_480_600=&#8220;0 0 60px 0&#8243; item_padding_480=&#8220;0 0 60px 0&#8243; item_padding=&#8220;30px 40px 0 8px&#8220;][vc_column_text]<\/p>\n<h3>BY DOG PEOPLE<\/h3>\n<p>[\/vc_column_text][vc_separator type=&#8220;small&#8220; position=&#8220;left&#8220; color=&#8220;#b7702e&#8220; thickness=&#8220;1&#8243; width=&#8220;63&#8243; up=&#8220;28&#8243; down=&#8220;28&#8243;][vc_column_text]Nekmar Pets Nutrition nie je krmivo, ktor\u00e9 by vzniklo \u00faplne klasick\u00fdm sp\u00f4sobom. Tvorcovia tohto produktu sa nerozhodli podnika\u0165 s krmivom pre zvierat\u00e1 len preto \u017ee to bola dobr\u00e1 investi\u010dn\u00e1 pr\u00edle\u017eitos\u0165. Ich z\u00e1mer vych\u00e1dza z dlhoro\u010dn\u00fdch sk\u00fasenosti a l\u00e1ske k zvierat\u00e1m.<\/p>\n<p>&nbsp;<\/p>\n<p>Spolo\u010dnos\u0165 Nekmar Pets Nutrition vytvorili jedni z naj\u00faspe\u0161nej\u0161\u00edch svetov\u00fdch odborn\u00edkov na psy Ivana &amp; Marin Neki\u0107 z \u201eNekmar Akitas fame\u201d. Potom, \u010do sa tento t\u00edm stal viacn\u00e1sobn\u00fdm Svetov\u00fdm a Eur\u00f3psky v\u00ed\u0165azom so svojimi milovan\u00fdmi akitami, sa toto dynamick\u00e9 duo rozhodlo podeli\u0165 sa o svoje vedomosti a sk\u00fasenosti a oplati\u0165 to zvierat\u00e1m. Preto n\u00e1\u0161 slogan znie \u201eOD PS\u00ddCH \u013dUD\u00cd PRE PSOV A ICH \u013dUD\u00cd\u201c.[\/vc_column_text][\/qode_elements_holder_item][\/qode_elements_holder][\/vc_column][vc_column offset=&#8220;vc_col-md-7&#8243;][qode_elements_holder number_of_columns=&#8220;one_column&#8220;][qode_elements_holder_item advanced_animations=&#8220;no&#8220; item_padding=&#8220;0 0px 0 41px&#8220; item_padding_600_768=&#8220;0 0px 0 0px&#8220; item_padding_480_600=&#8220;0 0px 0 0px&#8220; item_padding_480=&#8220;0 0px 0 0px&#8220;][vc_single_image image=&#8220;870&#8243; img_size=&#8220;full&#8220; qode_css_animation=&#8220;&#8220;][\/qode_elements_holder_item][\/qode_elements_holder][\/vc_column][\/vc_row][vc_row css_animation=&#8220;&#8220; row_type=&#8220;row&#8220; use_row_as_full_screen_section=&#8220;no&#8220; type=&#8220;grid&#8220; angled_section=&#8220;no&#8220; text_align=&#8220;left&#8220; background_image_as_pattern=&#8220;without_pattern&#8220; padding_top=&#8220;84&#8243; z_index=&#8220;&#8220; el_id=&#8220;hide_on_mobiles&#8220;][vc_column offset=&#8220;vc_col-md-7&#8243;][qode_elements_holder number_of_columns=&#8220;one_column&#8220;][qode_elements_holder_item advanced_animations=&#8220;no&#8220; item_padding=&#8220;0px 9px 0 9px&#8220; item_padding_600_768=&#8220;0 0px 0 0px&#8220; item_padding_480_600=&#8220;0 0px 0 0px&#8220; item_padding_480=&#8220;0 0px 0 0px&#8220;][vc_single_image image=&#8220;872&#8243; img_size=&#8220;full&#8220; qode_css_animation=&#8220;&#8220;][\/qode_elements_holder_item][\/qode_elements_holder][\/vc_column][vc_column offset=&#8220;vc_col-md-5&#8243;][qode_elements_holder number_of_columns=&#8220;one_column&#8220;][qode_elements_holder_item advanced_animations=&#8220;no&#8220; item_padding=&#8220;108px 40px 0 8px&#8220; item_padding_1024_1280=&#8220;72px 40px 0 0&#8243; item_padding_768_1024=&#8220;35px 40px 0 0&#8243; item_padding_600_768=&#8220;60px 40px 0px 0&#8243;][vc_column_text]<\/p>\n<h3>NEKMAR KONCEPT<\/h3>\n<p>[\/vc_column_text][vc_separator type=&#8220;small&#8220; position=&#8220;left&#8220; color=&#8220;#b7702e&#8220; thickness=&#8220;1&#8243; width=&#8220;63&#8243; up=&#8220;28&#8243; down=&#8220;28&#8243;][vc_column_text]Pevne ver\u00edme v silu vedomost\u00ed, vzdelania a vz\u00e1jomn\u00fdch odpor\u00fa\u010dan\u00ed. A pr\u00e1ve preto je predaj produktov Nekmar Pet Nutrition povolen\u00fd v\u00fdlu\u010dne prostredn\u00edctvom odborn\u00edkov \u201eHANDS ON\u201c, ktor\u00ed sa zaoberaj\u00fa zvieratami v svojom ka\u017edodennom \u017eivote.<\/p>\n<p>&nbsp;<\/p>\n<p>T\u00e1to koncepcia bola vytvoren\u00e1 s cie\u013eom zabezpe\u010di\u0165, ka\u017ed\u00e9mu zviera\u0165u vhodn\u00fd produkt bez oh\u013eadu na mar\u017ee, rozpo\u010det alebo reklamu.[\/vc_column_text][\/qode_elements_holder_item][\/qode_elements_holder][\/vc_column][\/vc_row][vc_row css_animation=&#8220;&#8220; row_type=&#8220;row&#8220; use_row_as_full_screen_section=&#8220;no&#8220; type=&#8220;grid&#8220; angled_section=&#8220;no&#8220; text_align=&#8220;left&#8220; background_image_as_pattern=&#8220;without_pattern&#8220; padding_top=&#8220;84&#8243; z_index=&#8220;&#8220; el_id=&#8220;hide_on_mobiles&#8220;][vc_column offset=&#8220;vc_col-md-5&#8243;][qode_elements_holder number_of_columns=&#8220;one_column&#8220;][qode_elements_holder_item advanced_animations=&#8220;no&#8220; item_padding=&#8220;102px 40px 0 10px&#8220; item_padding_1024_1280=&#8220;72px 40px 0 0&#8243; item_padding_768_1024=&#8220;35px 40px 0 0&#8243; item_padding_600_768=&#8220;0px 40px 60px 0&#8243; item_padding_480_600=&#8220;0 0 60px 0&#8243; item_padding_480=&#8220;0 0 60px 0&#8243;][vc_column_text]<\/p>\n<h3>N\u00c1\u0160 CiE\u013d<\/h3>\n<p>[\/vc_column_text][vc_separator type=&#8220;small&#8220; position=&#8220;left&#8220; color=&#8220;#b7702e&#8220; thickness=&#8220;1&#8243; width=&#8220;63&#8243; up=&#8220;28&#8243; down=&#8220;28&#8243;][vc_column_text]Pon\u00faknu\u0165 tie najlep\u0161ie produkty pre zvierat\u00e1 z cel\u00e9ho sveta nielen pre uspokojenie ich v\u00fd\u017eivov\u00fdch potrieb, ale aj na podporu ich zdravia, vzh\u013eadu a dlhovekosti.[\/vc_column_text][\/qode_elements_holder_item][\/qode_elements_holder][\/vc_column][vc_column offset=&#8220;vc_col-md-7&#8243;][qode_elements_holder number_of_columns=&#8220;one_column&#8220;][qode_elements_holder_item advanced_animations=&#8220;no&#8220; item_padding=&#8220;0 0px 0 41px&#8220; item_padding_600_768=&#8220;0 0px 0 0px&#8220; item_padding_480_600=&#8220;0 0px 0 0px&#8220; item_padding_480=&#8220;0 0px 0 0px&#8220;][vc_single_image image=&#8220;871&#8243; img_size=&#8220;full&#8220; qode_css_animation=&#8220;&#8220;][\/qode_elements_holder_item][\/qode_elements_holder][\/vc_column][\/vc_row][vc_row css_animation=&#8220;&#8220; row_type=&#8220;row&#8220; use_row_as_full_screen_section=&#8220;no&#8220; type=&#8220;full_width&#8220; angled_section=&#8220;no&#8220; text_align=&#8220;left&#8220; background_image_as_pattern=&#8220;without_pattern&#8220; z_index=&#8220;&#8220;][vc_column][vc_empty_space height=&#8220;50px&#8220;][\/vc_column][\/vc_row]<\/p>\n<\/div>","protected":false},"excerpt":{"rendered":"<p>[vc_row css_animation=&#8220;&#8220; row_type=&#8220;row&#8220; use_row_as_full_screen_section=&#8220;no&#8220; type=&#8220;full_width&#8220; angled_section=&#8220;no&#8220; text_align=&#8220;left&#8220; background_image_as_pattern=&#8220;without_pattern&#8220;][vc_column][\/vc_column][\/vc_row][vc_row css_animation=&#8220;&#8220; row_type=&#8220;row&#8220; use_row_as_full_screen_section=&#8220;no&#8220; type=&#8220;grid&#8220; angled_section=&#8220;no&#8220; text_align=&#8220;left&#8220; background_image_as_pattern=&#8220;without_pattern&#8220; padding_top=&#8220;84&#8243; z_index=&#8220;&#8220;][vc_column offset=&#8220;vc_col-md-5&#8243;][qode_elements_holder number_of_columns=&#8220;one_column&#8220;][qode_elements_holder_item vertical_alignment=&#8220;middle&#8220; advanced_animations=&#8220;no&#8220; item_padding_1024_1280=&#8220;72px 40px 0 0&#8243; item_padding_768_1024=&#8220;35px 40px 0 0&#8243; item_padding_600_768=&#8220;0px 40px 60px 0&#8243; item_padding_480_600=&#8220;0 0 60px 0&#8243; item_padding_480=&#8220;0 0 60px 0&#8243; item_padding=&#8220;30px 40px 0 8px&#8220;][vc_column_text]&#8230;<\/p>\n","protected":false},"author":1,"featured_media":0,"parent":0,"menu_order":0,"comment_status":"closed","ping_status":"closed","template":"full_width.php","meta":{"footnotes":""},"class_list":["post-14","page","type-page","status-publish","hentry"],"yoast_head":"<!-- This site is optimized with the Yoast SEO plugin v27.1.1 - https:\/\/yoast.com\/product\/yoast-seo-wordpress\/ -->\n<title>NEKMAR PET NUTRITION SLOVENSKO | Psie krmivo<\/title>\n<meta name=\"description\" content=\"NEKMAR PET NUTRITION je pod\u013ea n\u00e1\u0161ho \u00faprimn\u00e9ho presved\u010denia najlep\u0161\u00edm krmivom pre na\u0161ich \u0161tvornoh\u00fdch priate\u013eov.\" \/>\n<meta name=\"robots\" content=\"index, follow, max-snippet:-1, max-image-preview:large, max-video-preview:-1\" \/>\n<link rel=\"canonical\" href=\"https:\/\/nekmar.eu\/sk\/\" \/>\n<meta property=\"og:locale\" content=\"sk_SK\" \/>\n<meta property=\"og:type\" content=\"article\" \/>\n<meta property=\"og:title\" content=\"NEKMAR\" \/>\n<meta property=\"og:description\" content=\"Ultrapremium psie krmivo\" \/>\n<meta property=\"og:url\" content=\"https:\/\/nekmar.eu\/sk\/\" \/>\n<meta property=\"og:site_name\" content=\"Nekmar\" \/>\n<meta property=\"article:publisher\" content=\"https:\/\/www.facebook.com\/nekmarpetnutrition\/\" \/>\n<meta property=\"article:modified_time\" content=\"2021-03-24T12:09:54+00:00\" \/>\n<meta property=\"og:image\" content=\"https:\/\/nekmar.eu\/sk\/wp-content\/uploads\/2019\/08\/nekmar-f.jpg\" \/>\n\t<meta property=\"og:image:width\" content=\"1200\" \/>\n\t<meta property=\"og:image:height\" content=\"630\" \/>\n\t<meta property=\"og:image:type\" content=\"image\/jpeg\" \/>\n<meta name=\"twitter:card\" content=\"summary_large_image\" \/>\n<meta name=\"twitter:label1\" content=\"Predpokladan\u00fd \u010das \u010d\u00edtania\" \/>\n\t<meta name=\"twitter:data1\" content=\"2 min\u00faty\" \/>\n<script type=\"application\/ld+json\" class=\"yoast-schema-graph\">{\"@context\":\"https:\/\/schema.org\",\"@graph\":[{\"@type\":\"WebPage\",\"@id\":\"https:\/\/nekmar.eu\/sk\/\",\"url\":\"https:\/\/nekmar.eu\/sk\/\",\"name\":\"NEKMAR PET NUTRITION SLOVENSKO | Psie krmivo\",\"isPartOf\":{\"@id\":\"https:\/\/nekmar.eu\/sk\/#website\"},\"datePublished\":\"2016-02-23T13:24:53+00:00\",\"dateModified\":\"2021-03-24T12:09:54+00:00\",\"description\":\"NEKMAR PET NUTRITION je pod\u013ea n\u00e1\u0161ho \u00faprimn\u00e9ho presved\u010denia najlep\u0161\u00edm krmivom pre na\u0161ich \u0161tvornoh\u00fdch priate\u013eov.\",\"breadcrumb\":{\"@id\":\"https:\/\/nekmar.eu\/sk\/#breadcrumb\"},\"inLanguage\":\"sk-SK\",\"potentialAction\":[{\"@type\":\"ReadAction\",\"target\":[\"https:\/\/nekmar.eu\/sk\/\"]}]},{\"@type\":\"BreadcrumbList\",\"@id\":\"https:\/\/nekmar.eu\/sk\/#breadcrumb\",\"itemListElement\":[{\"@type\":\"ListItem\",\"position\":1,\"name\":\"Home\",\"item\":\"https:\/\/nekmar.eu\/sk\/\"},{\"@type\":\"ListItem\",\"position\":2,\"name\":\"Home\"}]},{\"@type\":\"WebSite\",\"@id\":\"https:\/\/nekmar.eu\/sk\/#website\",\"url\":\"https:\/\/nekmar.eu\/sk\/\",\"name\":\"Nekmar\",\"description\":\"Pet Nutrition\",\"publisher\":{\"@id\":\"https:\/\/nekmar.eu\/sk\/#organization\"},\"potentialAction\":[{\"@type\":\"SearchAction\",\"target\":{\"@type\":\"EntryPoint\",\"urlTemplate\":\"https:\/\/nekmar.eu\/sk\/?s={search_term_string}\"},\"query-input\":{\"@type\":\"PropertyValueSpecification\",\"valueRequired\":true,\"valueName\":\"search_term_string\"}}],\"inLanguage\":\"sk-SK\"},{\"@type\":\"Organization\",\"@id\":\"https:\/\/nekmar.eu\/sk\/#organization\",\"name\":\"Nekmar Pet Nutrition\",\"url\":\"https:\/\/nekmar.eu\/sk\/\",\"logo\":{\"@type\":\"ImageObject\",\"inLanguage\":\"sk-SK\",\"@id\":\"https:\/\/nekmar.eu\/sk\/#\/schema\/logo\/image\/\",\"url\":\"https:\/\/nekmar.eu\/sk\/wp-content\/uploads\/2019\/08\/Nekmar-contact.jpg\",\"contentUrl\":\"https:\/\/nekmar.eu\/sk\/wp-content\/uploads\/2019\/08\/Nekmar-contact.jpg\",\"width\":600,\"height\":142,\"caption\":\"Nekmar Pet Nutrition\"},\"image\":{\"@id\":\"https:\/\/nekmar.eu\/sk\/#\/schema\/logo\/image\/\"},\"sameAs\":[\"https:\/\/www.facebook.com\/nekmarpetnutrition\/\",\"https:\/\/www.instagram.com\/nekmarpetnutrition\/\"]}]}<\/script>\n<!-- \/ Yoast SEO plugin. -->","yoast_head_json":{"title":"NEKMAR PET NUTRITION SLOVENSKO | Psie krmivo","description":"NEKMAR PET NUTRITION je pod\u013ea n\u00e1\u0161ho \u00faprimn\u00e9ho presved\u010denia najlep\u0161\u00edm krmivom pre na\u0161ich \u0161tvornoh\u00fdch priate\u013eov.","robots":{"index":"index","follow":"follow","max-snippet":"max-snippet:-1","max-image-preview":"max-image-preview:large","max-video-preview":"max-video-preview:-1"},"canonical":"https:\/\/nekmar.eu\/sk\/","og_locale":"sk_SK","og_type":"article","og_title":"NEKMAR","og_description":"Ultrapremium psie krmivo","og_url":"https:\/\/nekmar.eu\/sk\/","og_site_name":"Nekmar","article_publisher":"https:\/\/www.facebook.com\/nekmarpetnutrition\/","article_modified_time":"2021-03-24T12:09:54+00:00","og_image":[{"width":1200,"height":630,"url":"https:\/\/nekmar.eu\/sk\/wp-content\/uploads\/2019\/08\/nekmar-f.jpg","type":"image\/jpeg"}],"twitter_card":"summary_large_image","twitter_misc":{"Predpokladan\u00fd \u010das \u010d\u00edtania":"2 min\u00faty"},"schema":{"@context":"https:\/\/schema.org","@graph":[{"@type":"WebPage","@id":"https:\/\/nekmar.eu\/sk\/","url":"https:\/\/nekmar.eu\/sk\/","name":"NEKMAR PET NUTRITION SLOVENSKO | Psie krmivo","isPartOf":{"@id":"https:\/\/nekmar.eu\/sk\/#website"},"datePublished":"2016-02-23T13:24:53+00:00","dateModified":"2021-03-24T12:09:54+00:00","description":"NEKMAR PET NUTRITION je pod\u013ea n\u00e1\u0161ho \u00faprimn\u00e9ho presved\u010denia najlep\u0161\u00edm krmivom pre na\u0161ich \u0161tvornoh\u00fdch priate\u013eov.","breadcrumb":{"@id":"https:\/\/nekmar.eu\/sk\/#breadcrumb"},"inLanguage":"sk-SK","potentialAction":[{"@type":"ReadAction","target":["https:\/\/nekmar.eu\/sk\/"]}]},{"@type":"BreadcrumbList","@id":"https:\/\/nekmar.eu\/sk\/#breadcrumb","itemListElement":[{"@type":"ListItem","position":1,"name":"Home","item":"https:\/\/nekmar.eu\/sk\/"},{"@type":"ListItem","position":2,"name":"Home"}]},{"@type":"WebSite","@id":"https:\/\/nekmar.eu\/sk\/#website","url":"https:\/\/nekmar.eu\/sk\/","name":"Nekmar","description":"Pet Nutrition","publisher":{"@id":"https:\/\/nekmar.eu\/sk\/#organization"},"potentialAction":[{"@type":"SearchAction","target":{"@type":"EntryPoint","urlTemplate":"https:\/\/nekmar.eu\/sk\/?s={search_term_string}"},"query-input":{"@type":"PropertyValueSpecification","valueRequired":true,"valueName":"search_term_string"}}],"inLanguage":"sk-SK"},{"@type":"Organization","@id":"https:\/\/nekmar.eu\/sk\/#organization","name":"Nekmar Pet Nutrition","url":"https:\/\/nekmar.eu\/sk\/","logo":{"@type":"ImageObject","inLanguage":"sk-SK","@id":"https:\/\/nekmar.eu\/sk\/#\/schema\/logo\/image\/","url":"https:\/\/nekmar.eu\/sk\/wp-content\/uploads\/2019\/08\/Nekmar-contact.jpg","contentUrl":"https:\/\/nekmar.eu\/sk\/wp-content\/uploads\/2019\/08\/Nekmar-contact.jpg","width":600,"height":142,"caption":"Nekmar Pet Nutrition"},"image":{"@id":"https:\/\/nekmar.eu\/sk\/#\/schema\/logo\/image\/"},"sameAs":["https:\/\/www.facebook.com\/nekmarpetnutrition\/","https:\/\/www.instagram.com\/nekmarpetnutrition\/"]}]}},"_links":{"self":[{"href":"https:\/\/nekmar.eu\/sk\/wp-json\/wp\/v2\/pages\/14","targetHints":{"allow":["GET"]}}],"collection":[{"href":"https:\/\/nekmar.eu\/sk\/wp-json\/wp\/v2\/pages"}],"about":[{"href":"https:\/\/nekmar.eu\/sk\/wp-json\/wp\/v2\/types\/page"}],"author":[{"embeddable":true,"href":"https:\/\/nekmar.eu\/sk\/wp-json\/wp\/v2\/users\/1"}],"replies":[{"embeddable":true,"href":"https:\/\/nekmar.eu\/sk\/wp-json\/wp\/v2\/comments?post=14"}],"version-history":[{"count":7,"href":"https:\/\/nekmar.eu\/sk\/wp-json\/wp\/v2\/pages\/14\/revisions"}],"predecessor-version":[{"id":1662,"href":"https:\/\/nekmar.eu\/sk\/wp-json\/wp\/v2\/pages\/14\/revisions\/1662"}],"wp:attachment":[{"href":"https:\/\/nekmar.eu\/sk\/wp-json\/wp\/v2\/media?parent=14"}],"curies":[{"name":"wp","href":"https:\/\/api.w.org\/{rel}","templated":true}]}}