{"id":255,"date":"2019-08-22T08:18:41","date_gmt":"2019-08-22T08:18:41","guid":{"rendered":"http:\/\/nekmar.eu\/sk\/?page_id=255"},"modified":"2021-03-09T07:34:46","modified_gmt":"2021-03-09T07:34:46","slug":"partneri","status":"publish","type":"page","link":"https:\/\/nekmar.eu\/sk\/partneri\/","title":{"rendered":"Partneri"},"content":{"rendered":"<div class=\"wpb-content-wrapper\"><p>[vc_row css_animation=&#8220;&#8220; row_type=&#8220;row&#8220; use_row_as_full_screen_section=&#8220;no&#8220; type=&#8220;full_width&#8220; angled_section=&#8220;no&#8220; text_align=&#8220;left&#8220; background_image_as_pattern=&#8220;without_pattern&#8220;][vc_column]\n\t\t\t\t<p class=\"rs-p-wp-fix\"><\/p>\n\t\t\t\t<sr7-module data-alias=\"distributors\" data-id=\"10\" id=\"SR7_10_1\" data-version=\"6.7.51\">\n\t\t\t\t\t<sr7-adjuster><\/sr7-adjuster>\n\t\t\t\t\t<sr7-content>\n\t\t\t\t\t\t<sr7-slide id=\"SR7_10_1-10\" data-key=\"10\">\n\t\t\t\t\t\t\t<sr7-bg id=\"SR7_10_1-10-slidebg\" class=\"sr7-layer\"><noscript><img decoding=\"async\" src=\"https:\/\/nekmar.eu\/sk\/wp-content\/uploads\/2019\/08\/Nekmar-distributors.jpg\" alt=\"\" title=\"Partneri\"><\/noscript><\/sr7-bg>\n\t\t\t\t\t\t\t<sr7-txt id=\"SR7_10_1-10-6\" class=\"sr7-layer\">STA\u0147 SA<\/br>\nNEKMAR<\/br>\nPARTNER\n<\/sr7-txt>\n\t\t\t\t\t\t<\/sr7-slide>\n\t\t\t\t\t\t<sr7-slide id=\"SR7_10_1-174\" data-key=\"174\">\n\t\t\t\t\t\t<\/sr7-slide>\n\t\t\t\t\t<\/sr7-content>\n\t\t\t\t<\/sr7-module>\n\t\t\t\t<script>\n\t\t\t\t\twindow.SR7 ??={};SR7.PMH ??={}; SR7.PMH[\"SR7_10_1\"] = {cn:100,state:false,fn: function() { if (window._tpt!==undefined && window._tpt.prepareModuleHeight !== undefined) {  _tpt.prepareModuleHeight({id:\"SR7_10_1\",el:[522,522,500,500],type:'standard',shdw:'0',gh:[522,522,500,500],gw:[1920,1920,778,480],vpt:['-200px'],size:{fullWidth:true, fullHeight:false},mh:'0',onh:0,onw:0,bg:{color:'transparent'},plType:'0',plColor:'#FFFFFF'});   SR7.PMH[\"SR7_10_1\"].state=true;} else if(SR7.PMH[\"SR7_10_1\"].cn-->0)\tsetTimeout( SR7.PMH[\"SR7_10_1\"].fn,19);}};SR7.PMH[\"SR7_10_1\" ].fn();\n\t\t\t\t<\/script>\n[\/vc_column][\/vc_row][vc_row css_animation=&#8220;&#8220; row_type=&#8220;row&#8220; use_row_as_full_screen_section=&#8220;no&#8220; type=&#8220;grid&#8220; angled_section=&#8220;no&#8220; text_align=&#8220;center&#8220; background_image_as_pattern=&#8220;without_pattern&#8220; z_index=&#8220;&#8220;][vc_column][vc_empty_space height=&#8220;50px&#8220;][vc_column_text]<\/p>\n<h3 style=\"text-align: center;\">CHCETE BY\u0164 S\u00da\u010cAS\u0164OU RODINY NEKMAR?<\/h3>\n<p>[\/vc_column_text][vc_empty_space height=&#8220;50px&#8220;][vc_column_text]Nekmar Pet Nutrition m\u00e1 jedine\u010dn\u00fd sp\u00f4sob distrib\u00facie a predaja, ktor\u00fd umo\u017e\u0148uje na\u0161im partnerom s na\u0161ou podporou rozv\u00edja\u0165 ich vlastn\u00e9 podnikanie.<\/p>\n<p>N\u00e1\u0161 koncept je ur\u010den\u00fd pre v\u0161etk\u00fdch \u201eprofesion\u00e1lov\u201c, ktor\u00ed sa zaoberaj\u00fa zvieratami prakticky, ako s\u00fa veterin\u00e1ri, \u00fatulky pre zvierat\u00e1, zdru\u017eenia a kluby, chovatelia, o\u0161etrovatelia, tr\u00e9neri, poskytovatelia starostlivosti o dom\u00e1ce zvierat\u00e1 a podobne.<\/p>\n<p>&nbsp;<\/p>\n<h5 style=\"text-align: center;\">ZNIE TO ZAUJ\u00cdMAVO A CHCETE SA DOZVEDIE\u0164 VIAC?<\/h5>\n<p>[\/vc_column_text][vc_empty_space height=&#8220;20px&#8220;]<a  itemprop=\"url\" href=\"\/sk\/formular\/\" target=\"_self\" data-hover-background-color=\"#dddddd\" class=\"qbutton  medium center default\" style=\"color: #2e3d5c; border-color: #2e3d5c; \">VYPL\u0147TE KONTAKTN\u00dd FORMUL\u00c1R<\/a>[\/vc_column][\/vc_row][vc_row css_animation=&#8220;&#8220; row_type=&#8220;row&#8220; use_row_as_full_screen_section=&#8220;no&#8220; type=&#8220;grid&#8220; angled_section=&#8220;no&#8220; text_align=&#8220;center&#8220; background_image_as_pattern=&#8220;without_pattern&#8220; z_index=&#8220;&#8220;][vc_column][vc_empty_space height=&#8220;100px&#8220;][vc_separator css_animation=&#8220;bounceInUp&#8220; type=&#8220;normal&#8220; color=&#8220;#2e3d5c&#8220;][vc_empty_space height=&#8220;100px&#8220;][vc_column_text]<\/p>\n<h3 style=\"text-align: center;\">PR\u00cdSTUP PRE EXISTUJ\u00daCICH PARTNEROV<\/h3>\n<p>[\/vc_column_text][vc_column_text]<\/p>\n<p style=\"text-align: center;\"><div class=\"uap-login-form-wrap uap-login-template-7\"><form method=\"post\" id=\"uap_login_form\"><input type=\"hidden\" name=\"uapaction\" value=\"login\" \/><div class=\"uap-form-line-fr\"><span class=\"uap-form-label-fr uap-form-label-username\">Username:<\/span><input type=\"text\" value=\"\" id=\"uap_login_username\" name=\"log\" \/><\/div><div class=\"uap-form-line-fr\"><span class=\"uap-form-label-fr uap-form-label-pass\">Password:<\/span><input type=\"password\" id=\"uap_login_password\" value=\"\" name=\"pwd\" \/><\/div><div class=\"uap-temp5-row\"><div class=\"uap-temp5-row-left\"><div class=\"uap-remember-wrapper\"><input type=\"checkbox\" value=\"forever\" name=\"rememberme\" class=\"uap-form-input-remember\" \/><span class=\"uap-form-label-fr uap-form-label-remember\">Remember Me<\/span> <\/div><\/div><div class=\"uap-form-submit\"><input type=\"submit\" value=\"Log In\" name=\"Submit\" \/><\/div><div class=\"uap-clear\"><\/div><\/div><input type='hidden' value='2d0cba146d' name='uap_login_nonce' \/><\/form>\r\r\n\t<span class=\"uap-js-login-form-details\"\r\r\n\tdata-username_selector=\"#uap_login_username\"\r\r\n\tdata-password_selector=\"#uap_login_password\"\r\r\n\tdata-error_message=\"Please complete all require fields!\"><\/span>\r\r\n\t<\/div>\n<p>[\/vc_column_text][vc_empty_space height=&#8220;20px&#8220;][\/vc_column][\/vc_row]<\/p>\n<\/div>","protected":false},"excerpt":{"rendered":"<p>[vc_row css_animation=&#8220;&#8220; row_type=&#8220;row&#8220; use_row_as_full_screen_section=&#8220;no&#8220; type=&#8220;full_width&#8220; angled_section=&#8220;no&#8220; text_align=&#8220;left&#8220; background_image_as_pattern=&#8220;without_pattern&#8220;][vc_column][\/vc_column][\/vc_row][vc_row css_animation=&#8220;&#8220; row_type=&#8220;row&#8220; use_row_as_full_screen_section=&#8220;no&#8220; type=&#8220;grid&#8220; angled_section=&#8220;no&#8220; text_align=&#8220;center&#8220; background_image_as_pattern=&#8220;without_pattern&#8220; z_index=&#8220;&#8220;][vc_column][vc_empty_space height=&#8220;50px&#8220;][vc_column_text] CHCETE BY\u0164 S\u00da\u010cAS\u0164OU RODINY NEKMAR? [\/vc_column_text][vc_empty_space height=&#8220;50px&#8220;][vc_column_text]Nekmar Pet Nutrition m\u00e1 jedine\u010dn\u00fd sp\u00f4sob distrib\u00facie a predaja, ktor\u00fd umo\u017e\u0148uje na\u0161im partnerom s na\u0161ou podporou rozv\u00edja\u0165 ich vlastn\u00e9 podnikanie. N\u00e1\u0161 koncept&#8230;<\/p>\n","protected":false},"author":1,"featured_media":0,"parent":0,"menu_order":0,"comment_status":"closed","ping_status":"closed","template":"full_width.php","meta":{"footnotes":""},"class_list":["post-255","page","type-page","status-publish","hentry"],"yoast_head":"<!-- This site is optimized with the Yoast SEO plugin v27.1.1 - https:\/\/yoast.com\/product\/yoast-seo-wordpress\/ -->\n<title>Nekmar | Partneri<\/title>\n<meta name=\"description\" content=\"Nekmar pet nutrition ima jedinstven na\u010din distribucije i prodaje koji na\u0161im partnerima omogu\u0107ava razvijanje profitabilnog vlastitog biznisa uz na\u0161u potporu.\" \/>\n<meta name=\"robots\" content=\"index, follow, max-snippet:-1, max-image-preview:large, max-video-preview:-1\" \/>\n<link rel=\"canonical\" href=\"https:\/\/nekmar.eu\/sk\/partneri\/\" \/>\n<meta property=\"og:locale\" content=\"sk_SK\" \/>\n<meta property=\"og:type\" content=\"article\" \/>\n<meta property=\"og:title\" content=\"NEKMAR\" \/>\n<meta property=\"og:description\" content=\"Partneri\" \/>\n<meta property=\"og:url\" content=\"https:\/\/nekmar.eu\/sk\/partneri\/\" \/>\n<meta property=\"og:site_name\" content=\"Nekmar\" \/>\n<meta property=\"article:publisher\" content=\"https:\/\/www.facebook.com\/nekmarpetnutrition\/\" \/>\n<meta property=\"article:modified_time\" content=\"2021-03-09T07:34:46+00:00\" \/>\n<meta property=\"og:image\" content=\"https:\/\/nekmar.eu\/sk\/wp-content\/uploads\/2019\/08\/nekmar-f.jpg\" \/>\n\t<meta property=\"og:image:width\" content=\"1200\" \/>\n\t<meta property=\"og:image:height\" content=\"630\" \/>\n\t<meta property=\"og:image:type\" content=\"image\/jpeg\" \/>\n<meta name=\"twitter:card\" content=\"summary_large_image\" \/>\n<meta name=\"twitter:label1\" content=\"Predpokladan\u00fd \u010das \u010d\u00edtania\" \/>\n\t<meta name=\"twitter:data1\" content=\"1 min\u00fata\" \/>\n<script type=\"application\/ld+json\" class=\"yoast-schema-graph\">{\"@context\":\"https:\/\/schema.org\",\"@graph\":[{\"@type\":\"WebPage\",\"@id\":\"https:\/\/nekmar.eu\/sk\/partneri\/\",\"url\":\"https:\/\/nekmar.eu\/sk\/partneri\/\",\"name\":\"Nekmar | Partneri\",\"isPartOf\":{\"@id\":\"https:\/\/nekmar.eu\/sk\/#website\"},\"datePublished\":\"2019-08-22T08:18:41+00:00\",\"dateModified\":\"2021-03-09T07:34:46+00:00\",\"description\":\"Nekmar pet nutrition ima jedinstven na\u010din distribucije i prodaje koji na\u0161im partnerima omogu\u0107ava razvijanje profitabilnog vlastitog biznisa uz na\u0161u potporu.\",\"breadcrumb\":{\"@id\":\"https:\/\/nekmar.eu\/sk\/partneri\/#breadcrumb\"},\"inLanguage\":\"sk-SK\",\"potentialAction\":[{\"@type\":\"ReadAction\",\"target\":[\"https:\/\/nekmar.eu\/sk\/partneri\/\"]}]},{\"@type\":\"BreadcrumbList\",\"@id\":\"https:\/\/nekmar.eu\/sk\/partneri\/#breadcrumb\",\"itemListElement\":[{\"@type\":\"ListItem\",\"position\":1,\"name\":\"Home\",\"item\":\"https:\/\/nekmar.eu\/sk\/\"},{\"@type\":\"ListItem\",\"position\":2,\"name\":\"Partneri\"}]},{\"@type\":\"WebSite\",\"@id\":\"https:\/\/nekmar.eu\/sk\/#website\",\"url\":\"https:\/\/nekmar.eu\/sk\/\",\"name\":\"Nekmar\",\"description\":\"Pet Nutrition\",\"publisher\":{\"@id\":\"https:\/\/nekmar.eu\/sk\/#organization\"},\"potentialAction\":[{\"@type\":\"SearchAction\",\"target\":{\"@type\":\"EntryPoint\",\"urlTemplate\":\"https:\/\/nekmar.eu\/sk\/?s={search_term_string}\"},\"query-input\":{\"@type\":\"PropertyValueSpecification\",\"valueRequired\":true,\"valueName\":\"search_term_string\"}}],\"inLanguage\":\"sk-SK\"},{\"@type\":\"Organization\",\"@id\":\"https:\/\/nekmar.eu\/sk\/#organization\",\"name\":\"Nekmar Pet Nutrition\",\"url\":\"https:\/\/nekmar.eu\/sk\/\",\"logo\":{\"@type\":\"ImageObject\",\"inLanguage\":\"sk-SK\",\"@id\":\"https:\/\/nekmar.eu\/sk\/#\/schema\/logo\/image\/\",\"url\":\"https:\/\/nekmar.eu\/sk\/wp-content\/uploads\/2019\/08\/Nekmar-contact.jpg\",\"contentUrl\":\"https:\/\/nekmar.eu\/sk\/wp-content\/uploads\/2019\/08\/Nekmar-contact.jpg\",\"width\":600,\"height\":142,\"caption\":\"Nekmar Pet Nutrition\"},\"image\":{\"@id\":\"https:\/\/nekmar.eu\/sk\/#\/schema\/logo\/image\/\"},\"sameAs\":[\"https:\/\/www.facebook.com\/nekmarpetnutrition\/\",\"https:\/\/www.instagram.com\/nekmarpetnutrition\/\"]}]}<\/script>\n<!-- \/ Yoast SEO plugin. -->","yoast_head_json":{"title":"Nekmar | Partneri","description":"Nekmar pet nutrition ima jedinstven na\u010din distribucije i prodaje koji na\u0161im partnerima omogu\u0107ava razvijanje profitabilnog vlastitog biznisa uz na\u0161u potporu.","robots":{"index":"index","follow":"follow","max-snippet":"max-snippet:-1","max-image-preview":"max-image-preview:large","max-video-preview":"max-video-preview:-1"},"canonical":"https:\/\/nekmar.eu\/sk\/partneri\/","og_locale":"sk_SK","og_type":"article","og_title":"NEKMAR","og_description":"Partneri","og_url":"https:\/\/nekmar.eu\/sk\/partneri\/","og_site_name":"Nekmar","article_publisher":"https:\/\/www.facebook.com\/nekmarpetnutrition\/","article_modified_time":"2021-03-09T07:34:46+00:00","og_image":[{"width":1200,"height":630,"url":"https:\/\/nekmar.eu\/sk\/wp-content\/uploads\/2019\/08\/nekmar-f.jpg","type":"image\/jpeg"}],"twitter_card":"summary_large_image","twitter_misc":{"Predpokladan\u00fd \u010das \u010d\u00edtania":"1 min\u00fata"},"schema":{"@context":"https:\/\/schema.org","@graph":[{"@type":"WebPage","@id":"https:\/\/nekmar.eu\/sk\/partneri\/","url":"https:\/\/nekmar.eu\/sk\/partneri\/","name":"Nekmar | Partneri","isPartOf":{"@id":"https:\/\/nekmar.eu\/sk\/#website"},"datePublished":"2019-08-22T08:18:41+00:00","dateModified":"2021-03-09T07:34:46+00:00","description":"Nekmar pet nutrition ima jedinstven na\u010din distribucije i prodaje koji na\u0161im partnerima omogu\u0107ava razvijanje profitabilnog vlastitog biznisa uz na\u0161u potporu.","breadcrumb":{"@id":"https:\/\/nekmar.eu\/sk\/partneri\/#breadcrumb"},"inLanguage":"sk-SK","potentialAction":[{"@type":"ReadAction","target":["https:\/\/nekmar.eu\/sk\/partneri\/"]}]},{"@type":"BreadcrumbList","@id":"https:\/\/nekmar.eu\/sk\/partneri\/#breadcrumb","itemListElement":[{"@type":"ListItem","position":1,"name":"Home","item":"https:\/\/nekmar.eu\/sk\/"},{"@type":"ListItem","position":2,"name":"Partneri"}]},{"@type":"WebSite","@id":"https:\/\/nekmar.eu\/sk\/#website","url":"https:\/\/nekmar.eu\/sk\/","name":"Nekmar","description":"Pet Nutrition","publisher":{"@id":"https:\/\/nekmar.eu\/sk\/#organization"},"potentialAction":[{"@type":"SearchAction","target":{"@type":"EntryPoint","urlTemplate":"https:\/\/nekmar.eu\/sk\/?s={search_term_string}"},"query-input":{"@type":"PropertyValueSpecification","valueRequired":true,"valueName":"search_term_string"}}],"inLanguage":"sk-SK"},{"@type":"Organization","@id":"https:\/\/nekmar.eu\/sk\/#organization","name":"Nekmar Pet Nutrition","url":"https:\/\/nekmar.eu\/sk\/","logo":{"@type":"ImageObject","inLanguage":"sk-SK","@id":"https:\/\/nekmar.eu\/sk\/#\/schema\/logo\/image\/","url":"https:\/\/nekmar.eu\/sk\/wp-content\/uploads\/2019\/08\/Nekmar-contact.jpg","contentUrl":"https:\/\/nekmar.eu\/sk\/wp-content\/uploads\/2019\/08\/Nekmar-contact.jpg","width":600,"height":142,"caption":"Nekmar Pet Nutrition"},"image":{"@id":"https:\/\/nekmar.eu\/sk\/#\/schema\/logo\/image\/"},"sameAs":["https:\/\/www.facebook.com\/nekmarpetnutrition\/","https:\/\/www.instagram.com\/nekmarpetnutrition\/"]}]}},"_links":{"self":[{"href":"https:\/\/nekmar.eu\/sk\/wp-json\/wp\/v2\/pages\/255","targetHints":{"allow":["GET"]}}],"collection":[{"href":"https:\/\/nekmar.eu\/sk\/wp-json\/wp\/v2\/pages"}],"about":[{"href":"https:\/\/nekmar.eu\/sk\/wp-json\/wp\/v2\/types\/page"}],"author":[{"embeddable":true,"href":"https:\/\/nekmar.eu\/sk\/wp-json\/wp\/v2\/users\/1"}],"replies":[{"embeddable":true,"href":"https:\/\/nekmar.eu\/sk\/wp-json\/wp\/v2\/comments?post=255"}],"version-history":[{"count":4,"href":"https:\/\/nekmar.eu\/sk\/wp-json\/wp\/v2\/pages\/255\/revisions"}],"predecessor-version":[{"id":1656,"href":"https:\/\/nekmar.eu\/sk\/wp-json\/wp\/v2\/pages\/255\/revisions\/1656"}],"wp:attachment":[{"href":"https:\/\/nekmar.eu\/sk\/wp-json\/wp\/v2\/media?parent=255"}],"curies":[{"name":"wp","href":"https:\/\/api.w.org\/{rel}","templated":true}]}}