{"id":413,"date":"2019-08-25T19:18:51","date_gmt":"2019-08-25T19:18:51","guid":{"rendered":"http:\/\/nekmar.eu\/sk\/?page_id=413"},"modified":"2022-01-15T22:47:24","modified_gmt":"2022-01-15T22:47:24","slug":"aston-psie-krmivo","status":"publish","type":"page","link":"https:\/\/nekmar.eu\/sk\/aston-psie-krmivo\/","title":{"rendered":"Aston psie krmivo"},"content":{"rendered":"<div class=\"wpb-content-wrapper\"><p>[vc_row css_animation=&#8220;&#8220; row_type=&#8220;row&#8220; use_row_as_full_screen_section=&#8220;no&#8220; type=&#8220;full_width&#8220; angled_section=&#8220;no&#8220; text_align=&#8220;left&#8220; background_image_as_pattern=&#8220;without_pattern&#8220;][vc_column]\n\t\t\t\t<p class=\"rs-p-wp-fix\"><\/p>\n\t\t\t\t<sr7-module data-alias=\"aston-food\" data-id=\"7\" id=\"SR7_7_1\" data-version=\"6.7.51\">\n\t\t\t\t\t<sr7-adjuster><\/sr7-adjuster>\n\t\t\t\t\t<sr7-content>\n\t\t\t\t\t\t<sr7-slide id=\"SR7_7_1-7\" data-key=\"7\">\n\t\t\t\t\t\t\t<sr7-bg id=\"SR7_7_1-7-slidebg\" class=\"sr7-layer\"><noscript><img decoding=\"async\" src=\"https:\/\/nekmar.eu\/sk\/wp-content\/uploads\/2019\/08\/aston-title-1.jpg\" alt=\"\" title=\"Aston psie krmivo\"><\/noscript><\/sr7-bg>\n\t\t\t\t\t\t<\/sr7-slide>\n\t\t\t\t\t\t<sr7-slide id=\"SR7_7_1-19\" data-key=\"19\">\n\t\t\t\t\t\t\t<sr7-bg id=\"SR7_7_1-19-slidebg\" class=\"sr7-layer\"><noscript><img decoding=\"async\" src=\"https:\/\/nekmar.eu\/sk\/wp-content\/uploads\/2019\/08\/aston-country.jpg\" alt=\"\" title=\"Aston psie krmivo\"><\/noscript><\/sr7-bg>\n\t\t\t\t\t\t<\/sr7-slide>\n\t\t\t\t\t\t<sr7-slide id=\"SR7_7_1-21\" data-key=\"21\">\n\t\t\t\t\t\t\t<sr7-bg id=\"SR7_7_1-21-slidebg\" class=\"sr7-layer\"><noscript><img decoding=\"async\" src=\"https:\/\/nekmar.eu\/sk\/wp-content\/uploads\/2019\/08\/aston-lamb.jpg\" alt=\"\" title=\"Aston psie krmivo\"><\/noscript><\/sr7-bg>\n\t\t\t\t\t\t<\/sr7-slide>\n\t\t\t\t\t\t<sr7-slide id=\"SR7_7_1-23\" data-key=\"23\">\n\t\t\t\t\t\t\t<sr7-bg id=\"SR7_7_1-23-slidebg\" class=\"sr7-layer\"><noscript><img decoding=\"async\" src=\"https:\/\/nekmar.eu\/sk\/wp-content\/uploads\/2019\/08\/aston-fish.jpg\" alt=\"\" title=\"Aston psie krmivo\"><\/noscript><\/sr7-bg>\n\t\t\t\t\t\t<\/sr7-slide>\n\t\t\t\t\t<\/sr7-content>\n\t\t\t\t<\/sr7-module>\n\t\t\t\t<script>\n\t\t\t\t\twindow.SR7 ??={};SR7.PMH ??={}; SR7.PMH[\"SR7_7_1\"] = {cn:100,state:false,fn: function() { if (window._tpt!==undefined && window._tpt.prepareModuleHeight !== undefined) {  _tpt.prepareModuleHeight({id:\"SR7_7_1\",el:[],type:'standard',shdw:'0',gh:[522,522,500,500],gw:[1920,1920,778,480],vpt:['-200px'],size:{fullWidth:true, fullHeight:false},mh:'0',onh:0,onw:0,bg:{color:'transparent'},plType:'0',plColor:'#FFFFFF'});   SR7.PMH[\"SR7_7_1\"].state=true;} else if(SR7.PMH[\"SR7_7_1\"].cn-->0)\tsetTimeout( SR7.PMH[\"SR7_7_1\"].fn,19);}};SR7.PMH[\"SR7_7_1\" ].fn();\n\t\t\t\t<\/script>\n[\/vc_column][\/vc_row][vc_row css_animation=&#8220;&#8220; row_type=&#8220;row&#8220; use_row_as_full_screen_section=&#8220;no&#8220; type=&#8220;grid&#8220; angled_section=&#8220;no&#8220; text_align=&#8220;left&#8220; background_image_as_pattern=&#8220;without_pattern&#8220; z_index=&#8220;&#8220;][vc_column][vc_empty_space height=&#8220;50px&#8220;][vc_column_text]Produkty <strong>ASTON<\/strong> s\u00fa kompletnou a vyv\u00e1\u017eenou stravou pre psy. Recept\u00fary s\u00fa vyroben\u00e9 z vysoko kvalitn\u00fdch surov\u00edn, bohat\u00fdch na bielkoviny, vitam\u00edny a miner\u00e1ly, v\u010faka ktor\u00fdm bude v\u00e1\u0161 mazn\u00e1\u010dik \u201eFIT\u201c.<\/p>\n<p>&nbsp;<\/p>\n<p>Pri objavovan\u00ed produktov ASTON n\u00e1jdete r\u00f4zne zdroje bielkov\u00edn, ako aj ich kombin\u00e1ciu, v\u010faka ktor\u00fdm bude strava v\u00e1\u0161ho \u0161tvornoh\u00e9ho priate\u013ea \u010do najlep\u0161ia.[\/vc_column_text][vc_empty_space height=&#8220;50px&#8220;][\/vc_column][\/vc_row][vc_row css_animation=&#8220;&#8220; row_type=&#8220;row&#8220; use_row_as_full_screen_section=&#8220;no&#8220; type=&#8220;grid&#8220; angled_section=&#8220;no&#8220; text_align=&#8220;left&#8220; background_image_as_pattern=&#8220;without_pattern&#8220; z_index=&#8220;&#8220;][vc_column width=&#8220;1\/4&#8243;][vc_column_text]<\/p>\n<h1 style=\"text-align: center;\"><span style=\"color: #b08636;\">SUPERPREMIUM<\/span><\/h1>\n<p>[\/vc_column_text][vc_empty_space height=&#8220;20px&#8220;][vc_column_text]Ak chcete svojmu ps\u00edkovi da\u0165 o nie\u010do viac, \u010do sa t\u00fdka chute a kvality, s\u00fa to pr\u00e1ve na\u0161e recept\u00fary, ktor\u00e9 h\u013ead\u00e1te.<\/p>\n<p>Produkt ASTON Supreme Adult Taste Of Country obsahuje 40% dehydrovan\u00e9ho m\u00e4sa (kombin\u00e1cia 3 r\u00f4znych druhov).<\/p>\n<p>V\u010faka viac ako 4 000 kcal\/kg ktor\u00e9 t\u00e1to recept\u00fara poskytuje, je ob\u013e\u00faben\u00e1 medzi akt\u00edvnymi a pracovn\u00fdmi psami.[\/vc_column_text][\/vc_column][vc_column width=&#8220;1\/4&#8243;][vc_single_image image=&#8220;1181&#8243; img_size=&#8220;full&#8220; alignment=&#8220;center&#8220; onclick=&#8220;custom_link&#8220; qode_css_animation=&#8220;element_from_fade&#8220; qode_hover_animation=&#8220;zoom_in&#8220; transition_delay=&#8220;0.2&#8243; link=&#8220;\/sk\/produkt\/aston-supreme-puppy-taste-of-country\/&#8220;][vc_column_text]<\/p>\n<p style=\"text-align: center;\"><strong>ASTON SUPREME<\/strong><br \/>\n<strong>PUPPY TASTE OF COUNTRY<\/strong><\/p>\n<p>[\/vc_column_text][\/vc_column][vc_column width=&#8220;1\/4&#8243;][vc_single_image image=&#8220;442&#8243; img_size=&#8220;full&#8220; alignment=&#8220;center&#8220; onclick=&#8220;custom_link&#8220; qode_css_animation=&#8220;element_from_fade&#8220; qode_hover_animation=&#8220;zoom_in&#8220; transition_delay=&#8220;0.2&#8243; link=&#8220;\/sk\/produkt\/aston-supreme-puppy-junior\/&#8220;][vc_column_text]<\/p>\n<p style=\"text-align: center;\"><strong>ASTON SUPREME<\/strong><br \/>\n<strong>PUPPY AND JUNIOR CHICKEN<\/strong><\/p>\n<p>[\/vc_column_text][\/vc_column][vc_column width=&#8220;1\/4&#8243;][vc_single_image image=&#8220;440&#8243; img_size=&#8220;full&#8220; alignment=&#8220;center&#8220; onclick=&#8220;custom_link&#8220; qode_css_animation=&#8220;element_from_fade&#8220; qode_hover_animation=&#8220;zoom_in&#8220; transition_delay=&#8220;0.2&#8243; link=&#8220;\/sk\/produkt\/aston-supreme-adult\/&#8220;][vc_column_text]<\/p>\n<p style=\"text-align: center;\"><strong>ASTON SUPREME<\/strong><br \/>\n<strong>ADULT TASTE OF COUNTRY<\/strong><\/p>\n<p>[\/vc_column_text][\/vc_column][\/vc_row][vc_row css_animation=&#8220;&#8220; row_type=&#8220;row&#8220; use_row_as_full_screen_section=&#8220;no&#8220; type=&#8220;grid&#8220; angled_section=&#8220;no&#8220; text_align=&#8220;left&#8220; background_image_as_pattern=&#8220;without_pattern&#8220; z_index=&#8220;&#8220;][vc_column width=&#8220;1\/4&#8243;][\/vc_column][vc_column width=&#8220;1\/4&#8243;][vc_single_image image=&#8220;1769&#8243; img_size=&#8220;full&#8220; alignment=&#8220;center&#8220; onclick=&#8220;custom_link&#8220; qode_css_animation=&#8220;element_from_fade&#8220; qode_hover_animation=&#8220;zoom_in&#8220; transition_delay=&#8220;0.2&#8243; link=&#8220;\/sk\/produkt\/aston-supreme-adult-ocean-country\/&#8220;][vc_column_text]<\/p>\n<p style=\"text-align: center;\"><strong>ASTON SUPREME<\/strong><br \/>\n<strong>ADULT OCEAN &amp; COUNTRY<\/strong><\/p>\n<p>[\/vc_column_text][\/vc_column][vc_column width=&#8220;1\/4&#8243;][\/vc_column][vc_column width=&#8220;1\/4&#8243;][\/vc_column][\/vc_row][vc_row css_animation=&#8220;&#8220; row_type=&#8220;row&#8220; use_row_as_full_screen_section=&#8220;no&#8220; type=&#8220;grid&#8220; angled_section=&#8220;no&#8220; text_align=&#8220;left&#8220; background_image_as_pattern=&#8220;without_pattern&#8220; z_index=&#8220;&#8220;][vc_column][vc_empty_space height=&#8220;100px&#8220;][\/vc_column][\/vc_row][vc_row css_animation=&#8220;&#8220; row_type=&#8220;row&#8220; use_row_as_full_screen_section=&#8220;no&#8220; type=&#8220;grid&#8220; angled_section=&#8220;no&#8220; text_align=&#8220;left&#8220; background_image_as_pattern=&#8220;without_pattern&#8220; z_index=&#8220;&#8220;][vc_column width=&#8220;1\/4&#8243;][vc_column_text]<\/p>\n<h1 style=\"text-align: center;\"><span style=\"color: #060503;\">HIGHPREMIUM<\/span><\/h1>\n<p>[\/vc_column_text][vc_empty_space height=&#8220;20px&#8220;][vc_column_text]Vyberte si jeden z t\u00fdchto produktov, ktor\u00fd zodpoved\u00e1 ka\u017edodenn\u00fdm potreb\u00e1m V\u00e1\u0161ho psa.<\/p>\n<p>Tieto recept\u00fary s\u00fa nutri\u010dne vyv\u00e1\u017een\u00e9, aby poskytli vynikaj\u00facu odpove\u010f na potreby na\u0161ich psov a z\u00e1rove\u0148 poskytovali vynikaj\u00faci pomer medzi kvalitou a cenou.[\/vc_column_text][\/vc_column][vc_column width=&#8220;1\/4&#8243;][vc_single_image image=&#8220;443&#8243; img_size=&#8220;full&#8220; alignment=&#8220;center&#8220; onclick=&#8220;custom_link&#8220; qode_css_animation=&#8220;element_from_fade&#8220; qode_hover_animation=&#8220;zoom_in&#8220; transition_delay=&#8220;0.2&#8243; link=&#8220;\/sk\/produkt\/aston-adult-complete\/&#8220;][vc_column_text]<\/p>\n<p style=\"text-align: center;\"><strong>ASTON\u00a0<\/strong><br \/>\n<strong>ADULT COMPLETE<\/strong><\/p>\n<p>[\/vc_column_text][\/vc_column][vc_column width=&#8220;1\/4&#8243;][vc_single_image image=&#8220;444&#8243; img_size=&#8220;full&#8220; alignment=&#8220;center&#8220; onclick=&#8220;custom_link&#8220; qode_css_animation=&#8220;element_from_fade&#8220; qode_hover_animation=&#8220;zoom_in&#8220; transition_delay=&#8220;0.2&#8243; link=&#8220;\/sk\/produkt\/aston-lamb-adult-complete\/&#8220;][vc_column_text]<\/p>\n<p style=\"text-align: center;\"><strong>ASTON\u00a0<\/strong><br \/>\n<strong>LAMB ADULT COMPLETE<\/strong><\/p>\n<p>[\/vc_column_text][\/vc_column][vc_column width=&#8220;1\/4&#8243;][vc_single_image image=&#8220;445&#8243; img_size=&#8220;full&#8220; alignment=&#8220;center&#8220; onclick=&#8220;custom_link&#8220; qode_css_animation=&#8220;element_from_fade&#8220; qode_hover_animation=&#8220;zoom_in&#8220; transition_delay=&#8220;0.2&#8243; link=&#8220;\/sk\/produkt\/aston-skin-coat-fish-adult\/&#8220;][vc_column_text]<\/p>\n<p style=\"text-align: center;\"><strong>ASTON\u00a0<\/strong><br \/>\n<strong>SKIN &amp; COAT FISH ADULT<\/strong><\/p>\n<p>[\/vc_column_text][\/vc_column][\/vc_row][vc_row css_animation=&#8220;&#8220; row_type=&#8220;row&#8220; use_row_as_full_screen_section=&#8220;no&#8220; type=&#8220;grid&#8220; angled_section=&#8220;no&#8220; text_align=&#8220;left&#8220; background_image_as_pattern=&#8220;without_pattern&#8220; z_index=&#8220;&#8220;][vc_column][vc_empty_space height=&#8220;100px&#8220;][\/vc_column][\/vc_row]<\/p>\n<\/div>","protected":false},"excerpt":{"rendered":"<p>[vc_row css_animation=&#8220;&#8220; row_type=&#8220;row&#8220; use_row_as_full_screen_section=&#8220;no&#8220; type=&#8220;full_width&#8220; angled_section=&#8220;no&#8220; text_align=&#8220;left&#8220; background_image_as_pattern=&#8220;without_pattern&#8220;][vc_column][\/vc_column][\/vc_row][vc_row css_animation=&#8220;&#8220; row_type=&#8220;row&#8220; use_row_as_full_screen_section=&#8220;no&#8220; type=&#8220;grid&#8220; angled_section=&#8220;no&#8220; text_align=&#8220;left&#8220; background_image_as_pattern=&#8220;without_pattern&#8220; z_index=&#8220;&#8220;][vc_column][vc_empty_space height=&#8220;50px&#8220;][vc_column_text]Produkty ASTON s\u00fa kompletnou a vyv\u00e1\u017eenou stravou pre psy. Recept\u00fary s\u00fa vyroben\u00e9 z vysoko kvalitn\u00fdch surov\u00edn, bohat\u00fdch na bielkoviny, vitam\u00edny a miner\u00e1ly, v\u010faka ktor\u00fdm bude v\u00e1\u0161 mazn\u00e1\u010dik \u201eFIT\u201c. &nbsp;&#8230;<\/p>\n","protected":false},"author":1,"featured_media":0,"parent":0,"menu_order":0,"comment_status":"closed","ping_status":"closed","template":"full_width.php","meta":{"footnotes":""},"class_list":["post-413","page","type-page","status-publish","hentry"],"yoast_head":"<!-- This site is optimized with the Yoast SEO plugin v27.1.1 - https:\/\/yoast.com\/product\/yoast-seo-wordpress\/ -->\n<title>Aston | Superpremium a Highpremium psie krmivo<\/title>\n<meta name=\"description\" content=\"Produkty ASTON s\u00fa kompletnou a vyv\u00e1\u017eenou stravou pre psy.\" \/>\n<meta name=\"robots\" content=\"index, follow, max-snippet:-1, max-image-preview:large, max-video-preview:-1\" \/>\n<link rel=\"canonical\" href=\"https:\/\/nekmar.eu\/sk\/aston-psie-krmivo\/\" \/>\n<meta property=\"og:locale\" content=\"sk_SK\" \/>\n<meta property=\"og:type\" content=\"article\" \/>\n<meta property=\"og:title\" content=\"ASTON\" \/>\n<meta property=\"og:description\" content=\"Superpremium a Highpremium psie \u017er\u00e1dlo\" \/>\n<meta property=\"og:url\" content=\"https:\/\/nekmar.eu\/sk\/aston-psie-krmivo\/\" \/>\n<meta property=\"og:site_name\" content=\"Nekmar\" \/>\n<meta property=\"article:publisher\" content=\"https:\/\/www.facebook.com\/nekmarpetnutrition\/\" \/>\n<meta property=\"article:modified_time\" content=\"2022-01-15T22:47:24+00:00\" \/>\n<meta property=\"og:image\" content=\"https:\/\/nekmar.eu\/sk\/wp-content\/uploads\/2019\/08\/aston-f-nekmar.jpg\" \/>\n\t<meta property=\"og:image:width\" content=\"1200\" \/>\n\t<meta property=\"og:image:height\" content=\"630\" \/>\n\t<meta property=\"og:image:type\" content=\"image\/jpeg\" \/>\n<meta name=\"twitter:card\" content=\"summary_large_image\" \/>\n<meta name=\"twitter:label1\" content=\"Predpokladan\u00fd \u010das \u010d\u00edtania\" \/>\n\t<meta name=\"twitter:data1\" content=\"2 min\u00faty\" \/>\n<script type=\"application\/ld+json\" class=\"yoast-schema-graph\">{\"@context\":\"https:\/\/schema.org\",\"@graph\":[{\"@type\":\"WebPage\",\"@id\":\"https:\/\/nekmar.eu\/sk\/aston-psie-krmivo\/\",\"url\":\"https:\/\/nekmar.eu\/sk\/aston-psie-krmivo\/\",\"name\":\"Aston | Superpremium a Highpremium psie krmivo\",\"isPartOf\":{\"@id\":\"https:\/\/nekmar.eu\/sk\/#website\"},\"datePublished\":\"2019-08-25T19:18:51+00:00\",\"dateModified\":\"2022-01-15T22:47:24+00:00\",\"description\":\"Produkty ASTON s\u00fa kompletnou a vyv\u00e1\u017eenou stravou pre psy.\",\"breadcrumb\":{\"@id\":\"https:\/\/nekmar.eu\/sk\/aston-psie-krmivo\/#breadcrumb\"},\"inLanguage\":\"sk-SK\",\"potentialAction\":[{\"@type\":\"ReadAction\",\"target\":[\"https:\/\/nekmar.eu\/sk\/aston-psie-krmivo\/\"]}]},{\"@type\":\"BreadcrumbList\",\"@id\":\"https:\/\/nekmar.eu\/sk\/aston-psie-krmivo\/#breadcrumb\",\"itemListElement\":[{\"@type\":\"ListItem\",\"position\":1,\"name\":\"Home\",\"item\":\"https:\/\/nekmar.eu\/sk\/\"},{\"@type\":\"ListItem\",\"position\":2,\"name\":\"Aston psie krmivo\"}]},{\"@type\":\"WebSite\",\"@id\":\"https:\/\/nekmar.eu\/sk\/#website\",\"url\":\"https:\/\/nekmar.eu\/sk\/\",\"name\":\"Nekmar\",\"description\":\"Pet Nutrition\",\"publisher\":{\"@id\":\"https:\/\/nekmar.eu\/sk\/#organization\"},\"potentialAction\":[{\"@type\":\"SearchAction\",\"target\":{\"@type\":\"EntryPoint\",\"urlTemplate\":\"https:\/\/nekmar.eu\/sk\/?s={search_term_string}\"},\"query-input\":{\"@type\":\"PropertyValueSpecification\",\"valueRequired\":true,\"valueName\":\"search_term_string\"}}],\"inLanguage\":\"sk-SK\"},{\"@type\":\"Organization\",\"@id\":\"https:\/\/nekmar.eu\/sk\/#organization\",\"name\":\"Nekmar Pet Nutrition\",\"url\":\"https:\/\/nekmar.eu\/sk\/\",\"logo\":{\"@type\":\"ImageObject\",\"inLanguage\":\"sk-SK\",\"@id\":\"https:\/\/nekmar.eu\/sk\/#\/schema\/logo\/image\/\",\"url\":\"https:\/\/nekmar.eu\/sk\/wp-content\/uploads\/2019\/08\/Nekmar-contact.jpg\",\"contentUrl\":\"https:\/\/nekmar.eu\/sk\/wp-content\/uploads\/2019\/08\/Nekmar-contact.jpg\",\"width\":600,\"height\":142,\"caption\":\"Nekmar Pet Nutrition\"},\"image\":{\"@id\":\"https:\/\/nekmar.eu\/sk\/#\/schema\/logo\/image\/\"},\"sameAs\":[\"https:\/\/www.facebook.com\/nekmarpetnutrition\/\",\"https:\/\/www.instagram.com\/nekmarpetnutrition\/\"]}]}<\/script>\n<!-- \/ Yoast SEO plugin. -->","yoast_head_json":{"title":"Aston | Superpremium a Highpremium psie krmivo","description":"Produkty ASTON s\u00fa kompletnou a vyv\u00e1\u017eenou stravou pre psy.","robots":{"index":"index","follow":"follow","max-snippet":"max-snippet:-1","max-image-preview":"max-image-preview:large","max-video-preview":"max-video-preview:-1"},"canonical":"https:\/\/nekmar.eu\/sk\/aston-psie-krmivo\/","og_locale":"sk_SK","og_type":"article","og_title":"ASTON","og_description":"Superpremium a Highpremium psie \u017er\u00e1dlo","og_url":"https:\/\/nekmar.eu\/sk\/aston-psie-krmivo\/","og_site_name":"Nekmar","article_publisher":"https:\/\/www.facebook.com\/nekmarpetnutrition\/","article_modified_time":"2022-01-15T22:47:24+00:00","og_image":[{"width":1200,"height":630,"url":"https:\/\/nekmar.eu\/sk\/wp-content\/uploads\/2019\/08\/aston-f-nekmar.jpg","type":"image\/jpeg"}],"twitter_card":"summary_large_image","twitter_misc":{"Predpokladan\u00fd \u010das \u010d\u00edtania":"2 min\u00faty"},"schema":{"@context":"https:\/\/schema.org","@graph":[{"@type":"WebPage","@id":"https:\/\/nekmar.eu\/sk\/aston-psie-krmivo\/","url":"https:\/\/nekmar.eu\/sk\/aston-psie-krmivo\/","name":"Aston | Superpremium a Highpremium psie krmivo","isPartOf":{"@id":"https:\/\/nekmar.eu\/sk\/#website"},"datePublished":"2019-08-25T19:18:51+00:00","dateModified":"2022-01-15T22:47:24+00:00","description":"Produkty ASTON s\u00fa kompletnou a vyv\u00e1\u017eenou stravou pre psy.","breadcrumb":{"@id":"https:\/\/nekmar.eu\/sk\/aston-psie-krmivo\/#breadcrumb"},"inLanguage":"sk-SK","potentialAction":[{"@type":"ReadAction","target":["https:\/\/nekmar.eu\/sk\/aston-psie-krmivo\/"]}]},{"@type":"BreadcrumbList","@id":"https:\/\/nekmar.eu\/sk\/aston-psie-krmivo\/#breadcrumb","itemListElement":[{"@type":"ListItem","position":1,"name":"Home","item":"https:\/\/nekmar.eu\/sk\/"},{"@type":"ListItem","position":2,"name":"Aston psie krmivo"}]},{"@type":"WebSite","@id":"https:\/\/nekmar.eu\/sk\/#website","url":"https:\/\/nekmar.eu\/sk\/","name":"Nekmar","description":"Pet Nutrition","publisher":{"@id":"https:\/\/nekmar.eu\/sk\/#organization"},"potentialAction":[{"@type":"SearchAction","target":{"@type":"EntryPoint","urlTemplate":"https:\/\/nekmar.eu\/sk\/?s={search_term_string}"},"query-input":{"@type":"PropertyValueSpecification","valueRequired":true,"valueName":"search_term_string"}}],"inLanguage":"sk-SK"},{"@type":"Organization","@id":"https:\/\/nekmar.eu\/sk\/#organization","name":"Nekmar Pet Nutrition","url":"https:\/\/nekmar.eu\/sk\/","logo":{"@type":"ImageObject","inLanguage":"sk-SK","@id":"https:\/\/nekmar.eu\/sk\/#\/schema\/logo\/image\/","url":"https:\/\/nekmar.eu\/sk\/wp-content\/uploads\/2019\/08\/Nekmar-contact.jpg","contentUrl":"https:\/\/nekmar.eu\/sk\/wp-content\/uploads\/2019\/08\/Nekmar-contact.jpg","width":600,"height":142,"caption":"Nekmar Pet Nutrition"},"image":{"@id":"https:\/\/nekmar.eu\/sk\/#\/schema\/logo\/image\/"},"sameAs":["https:\/\/www.facebook.com\/nekmarpetnutrition\/","https:\/\/www.instagram.com\/nekmarpetnutrition\/"]}]}},"_links":{"self":[{"href":"https:\/\/nekmar.eu\/sk\/wp-json\/wp\/v2\/pages\/413","targetHints":{"allow":["GET"]}}],"collection":[{"href":"https:\/\/nekmar.eu\/sk\/wp-json\/wp\/v2\/pages"}],"about":[{"href":"https:\/\/nekmar.eu\/sk\/wp-json\/wp\/v2\/types\/page"}],"author":[{"embeddable":true,"href":"https:\/\/nekmar.eu\/sk\/wp-json\/wp\/v2\/users\/1"}],"replies":[{"embeddable":true,"href":"https:\/\/nekmar.eu\/sk\/wp-json\/wp\/v2\/comments?post=413"}],"version-history":[{"count":10,"href":"https:\/\/nekmar.eu\/sk\/wp-json\/wp\/v2\/pages\/413\/revisions"}],"predecessor-version":[{"id":1816,"href":"https:\/\/nekmar.eu\/sk\/wp-json\/wp\/v2\/pages\/413\/revisions\/1816"}],"wp:attachment":[{"href":"https:\/\/nekmar.eu\/sk\/wp-json\/wp\/v2\/media?parent=413"}],"curies":[{"name":"wp","href":"https:\/\/api.w.org\/{rel}","templated":true}]}}