{"id":415,"date":"2019-08-25T19:19:49","date_gmt":"2019-08-25T19:19:49","guid":{"rendered":"http:\/\/nekmar.eu\/sk\/?page_id=415"},"modified":"2022-01-21T08:45:30","modified_gmt":"2022-01-21T08:45:30","slug":"nekmar-psie-krmivo","status":"publish","type":"page","link":"https:\/\/nekmar.eu\/sk\/nekmar-psie-krmivo\/","title":{"rendered":"Nekmar psie krmivo"},"content":{"rendered":"<div class=\"wpb-content-wrapper\"><p>[vc_row css_animation=&#8220;&#8220; row_type=&#8220;row&#8220; use_row_as_full_screen_section=&#8220;no&#8220; type=&#8220;full_width&#8220; angled_section=&#8220;no&#8220; text_align=&#8220;left&#8220; background_image_as_pattern=&#8220;without_pattern&#8220;][vc_column]\n\t\t\t\t<p class=\"rs-p-wp-fix\"><\/p>\n\t\t\t\t<sr7-module data-alias=\"nekmar-food\" data-id=\"6\" id=\"SR7_6_1\" data-version=\"6.7.51\">\n\t\t\t\t\t<sr7-adjuster><\/sr7-adjuster>\n\t\t\t\t\t<sr7-content>\n\t\t\t\t\t\t<sr7-slide id=\"SR7_6_1-6\" data-key=\"6\">\n\t\t\t\t\t\t\t<sr7-bg id=\"SR7_6_1-6-slidebg\" class=\"sr7-layer\"><noscript><img decoding=\"async\" src=\"https:\/\/nekmar.eu\/sk\/wp-content\/uploads\/2019\/08\/nekmar-title-4.jpg\" alt=\"\" title=\"Nekmar psie krmivo\"><\/noscript><\/sr7-bg>\n\t\t\t\t\t\t<\/sr7-slide>\n\t\t\t\t\t\t<sr7-slide id=\"SR7_6_1-11\" data-key=\"11\">\n\t\t\t\t\t\t\t<sr7-bg id=\"SR7_6_1-11-slidebg\" class=\"sr7-layer\"><noscript><img decoding=\"async\" src=\"https:\/\/nekmar.eu\/sk\/wp-content\/uploads\/2019\/08\/we-feed-meat.jpg\" alt=\"\" title=\"Nekmar psie krmivo\"><\/noscript><\/sr7-bg>\n\t\t\t\t\t\t<\/sr7-slide>\n\t\t\t\t\t\t<sr7-slide id=\"SR7_6_1-15\" data-key=\"15\">\n\t\t\t\t\t\t\t<sr7-bg id=\"SR7_6_1-15-slidebg\" class=\"sr7-layer\"><noscript><img decoding=\"async\" src=\"https:\/\/nekmar.eu\/sk\/wp-content\/uploads\/2019\/08\/nekmar-trout.jpg\" alt=\"\" title=\"Nekmar psie krmivo\"><\/noscript><\/sr7-bg>\n\t\t\t\t\t\t<\/sr7-slide>\n\t\t\t\t\t\t<sr7-slide id=\"SR7_6_1-12\" data-key=\"12\">\n\t\t\t\t\t\t\t<sr7-bg id=\"SR7_6_1-12-slidebg\" class=\"sr7-layer\"><noscript><img decoding=\"async\" src=\"https:\/\/nekmar.eu\/sk\/wp-content\/uploads\/2019\/08\/nekmar-lamb.jpg\" alt=\"\" title=\"Nekmar psie krmivo\"><\/noscript><\/sr7-bg>\n\t\t\t\t\t\t<\/sr7-slide>\n\t\t\t\t\t<\/sr7-content>\n\t\t\t\t<\/sr7-module>\n\t\t\t\t<script>\n\t\t\t\t\twindow.SR7 ??={};SR7.PMH ??={}; SR7.PMH[\"SR7_6_1\"] = {cn:100,state:false,fn: function() { if (window._tpt!==undefined && window._tpt.prepareModuleHeight !== undefined) {  _tpt.prepareModuleHeight({id:\"SR7_6_1\",el:[],type:'standard',shdw:'0',gh:[522,522,500,500],gw:[1920,1920,778,480],vpt:['-200px'],size:{fullWidth:true, fullHeight:false},mh:'0',onh:0,onw:0,bg:{color:'transparent'},plType:'0',plColor:'#FFFFFF'});   SR7.PMH[\"SR7_6_1\"].state=true;} else if(SR7.PMH[\"SR7_6_1\"].cn-->0)\tsetTimeout( SR7.PMH[\"SR7_6_1\"].fn,19);}};SR7.PMH[\"SR7_6_1\" ].fn();\n\t\t\t\t<\/script>\n[\/vc_column][\/vc_row][vc_row css_animation=&#8220;&#8220; row_type=&#8220;row&#8220; use_row_as_full_screen_section=&#8220;no&#8220; type=&#8220;grid&#8220; angled_section=&#8220;no&#8220; text_align=&#8220;left&#8220; background_image_as_pattern=&#8220;without_pattern&#8220; z_index=&#8220;&#8220;][vc_column][vc_empty_space height=&#8220;50px&#8220;][vc_column_text]<strong>NEKMAR HOLISTIC ULTRAPREMIUM<\/strong> je pod\u013ea n\u00e1\u0161ho \u00faprimn\u00e9ho presved\u010denia najlep\u0161\u00edm krmivom pre na\u0161ich \u0161tvornoh\u00fdch priate\u013eov, ktor\u00e9 dne\u0161n\u00e9 vedomosti, technol\u00f3gie a zdroje m\u00f4\u017eu poskytn\u00fa\u0165.<\/p>\n<p>Ka\u017ed\u00fd v\u00fdrobok Nekmar mus\u00ed sp\u013a\u0148a\u0165 dve z\u00e1kladn\u00e9 podmienky, prv\u00e1 je, \u017ee mus\u00ed by\u0165 v\u00fd\u017eivovo kvalitn\u00fd, a druh\u00e1, \u017ee mus\u00ed poskytova\u0165 akt\u00edvnu podporu zdravia pr\u00edrodn\u00fdm a holistick\u00fdm sp\u00f4sobom.[\/vc_column_text][vc_empty_space height=&#8220;50px&#8220;][\/vc_column][\/vc_row][vc_row css_animation=&#8220;&#8220; row_type=&#8220;row&#8220; use_row_as_full_screen_section=&#8220;no&#8220; type=&#8220;grid&#8220; angled_section=&#8220;no&#8220; text_align=&#8220;left&#8220; background_image_as_pattern=&#8220;without_pattern&#8220; z_index=&#8220;&#8220;][vc_column width=&#8220;1\/4&#8243;][vc_column_text]<\/p>\n<h1 style=\"text-align: center;\"><span style=\"color: #b7702e;\">LOW GRAIN<\/span><\/h1>\n<p>[\/vc_column_text][vc_empty_space height=&#8220;20px&#8220;][vc_column_text]Na\u0161e recept\u00fary s \u201en\u00edzkym obsahom obiln\u00edn\u201c s\u00fa fantastickou kombin\u00e1ciou vysoko kvalitn\u00e9ho m\u00e4sa (\u010derstv\u00e9 m\u00e4so je s\u00fa\u010das\u0165ou ka\u017edej recept\u00fary) a hnedej ry\u017ee, ktor\u00e1 je pod\u013ea n\u00e1\u0161ho n\u00e1zoru najlep\u0161\u00edm dostupn\u00fdm zdrojom uh\u013eohydr\u00e1tov z h\u013eadiska vyu\u017eitia ich v\u00fd\u017eivov\u00fdch hodn\u00f4t a za\u017e\u00edvac\u00edch v\u00fdhod.<\/p>\n<p>&nbsp;<\/p>\n<p>Ka\u017ed\u00e1 recept\u00fara s n\u00edzkym obsahom obiln\u00edn obsahuje starostlivo vybran\u00e9 bylinky, ktor\u00e9 poskytuj\u00fa akt\u00edvnu podporu zdravia psa.<\/p>\n<p>&nbsp;<\/p>\n<p>Zdrav\u00fd znamen\u00e1 spokojn\u00fd! [\/vc_column_text][\/vc_column][vc_column width=&#8220;1\/4&#8243;][vc_single_image image=&#8220;467&#8243; img_size=&#8220;full&#8220; alignment=&#8220;center&#8220; onclick=&#8220;custom_link&#8220; qode_css_animation=&#8220;element_from_fade&#8220; qode_hover_animation=&#8220;zoom_in&#8220; transition_delay=&#8220;0.2&#8243; link=&#8220;\/sk\/produkt\/nekmar-puppy-baby\/&#8220;][vc_column_text]<\/p>\n<p style=\"text-align: center;\"><strong>NEKMAR<\/strong><br \/>\n<strong>PUPPY &amp; BABY 0-6 MONTHS<\/strong><\/p>\n<p>[\/vc_column_text][vc_empty_space][\/vc_column][vc_column width=&#8220;1\/4&#8243;][vc_single_image image=&#8220;468&#8243; img_size=&#8220;full&#8220; alignment=&#8220;center&#8220; onclick=&#8220;custom_link&#8220; qode_css_animation=&#8220;element_from_fade&#8220; qode_hover_animation=&#8220;zoom_in&#8220; transition_delay=&#8220;0.2&#8243; link=&#8220;\/sk\/produkt\/nekmar-puppy-junior-1-12-months\/&#8220;][vc_column_text]<\/p>\n<p style=\"text-align: center;\"><strong>NEKMAR<\/strong><br \/>\n<strong>PUPPY &amp; JUNIOR 1-12 MONTHS<\/strong><\/p>\n<p>[\/vc_column_text][vc_empty_space][\/vc_column][vc_column width=&#8220;1\/4&#8243;][vc_single_image image=&#8220;470&#8243; img_size=&#8220;full&#8220; alignment=&#8220;center&#8220; onclick=&#8220;custom_link&#8220; qode_css_animation=&#8220;element_from_fade&#8220; qode_hover_animation=&#8220;zoom_in&#8220; transition_delay=&#8220;0.2&#8243; link=&#8220;\/sk\/produkt\/nekmar-adult-small-medium\/&#8220;][vc_column_text]<\/p>\n<p style=\"text-align: center;\"><strong>NEKMAR<\/strong><br \/>\n<strong>ADULT SMALL &amp; MEDIUM<\/strong><\/p>\n<p>[\/vc_column_text][vc_empty_space][\/vc_column][\/vc_row][vc_row css_animation=&#8220;&#8220; row_type=&#8220;row&#8220; use_row_as_full_screen_section=&#8220;no&#8220; type=&#8220;grid&#8220; angled_section=&#8220;no&#8220; text_align=&#8220;left&#8220; background_image_as_pattern=&#8220;without_pattern&#8220; z_index=&#8220;&#8220;][vc_column width=&#8220;1\/4&#8243;][\/vc_column][vc_column width=&#8220;1\/4&#8243;][vc_single_image image=&#8220;471&#8243; img_size=&#8220;full&#8220; alignment=&#8220;center&#8220; onclick=&#8220;custom_link&#8220; qode_css_animation=&#8220;element_from_fade&#8220; qode_hover_animation=&#8220;zoom_in&#8220; transition_delay=&#8220;0.2&#8243; link=&#8220;\/sk\/produkt\/nekmar-low-grain-puppy-royale\/&#8220;][vc_column_text]<\/p>\n<p style=\"text-align: center;\"><strong>NEKMAR<\/strong><br \/>\n<strong>ADULT MEDIUM &amp; LARGE<\/strong><\/p>\n<p>[\/vc_column_text][vc_empty_space][\/vc_column][vc_column width=&#8220;1\/4&#8243;][\/vc_column][vc_column width=&#8220;1\/4&#8243;][\/vc_column][\/vc_row][vc_row css_animation=&#8220;&#8220; row_type=&#8220;row&#8220; use_row_as_full_screen_section=&#8220;no&#8220; type=&#8220;grid&#8220; angled_section=&#8220;no&#8220; text_align=&#8220;left&#8220; background_image_as_pattern=&#8220;without_pattern&#8220; z_index=&#8220;&#8220;][vc_column][vc_empty_space height=&#8220;100px&#8220;][\/vc_column][\/vc_row][vc_row css_animation=&#8220;&#8220; row_type=&#8220;row&#8220; use_row_as_full_screen_section=&#8220;no&#8220; type=&#8220;grid&#8220; angled_section=&#8220;no&#8220; text_align=&#8220;left&#8220; background_image_as_pattern=&#8220;without_pattern&#8220; z_index=&#8220;&#8220;][vc_column width=&#8220;1\/4&#8243;][vc_column_text]<\/p>\n<h1 style=\"text-align: center;\"><span style=\"color: #b7702e;\">GRAIN FREE<\/span><\/h1>\n<p>[\/vc_column_text][vc_empty_space height=&#8220;20px&#8220;][vc_column_text]H\u013ead\u00e1te krmivo bez obiln\u00edn pre svojho psa a viete, \u017ee v\u00e1\u0161 \u0161tvornoh\u00fd mil\u00e1\u010dik si zasl\u00fa\u017ei len to najlep\u0161ie?<\/p>\n<p>&nbsp;<\/p>\n<p>Vyberte si jednu z na\u0161ich recept\u00far bez obiln\u00edn, \u010di u\u017e je to pre \u0161te\u0148a, mlad\u00e9ho psa alebo dospel\u00e9ho psa, a budete ma\u0165 \u010dist\u00e9 svedomie, \u017ee ste pre svojho mil\u00e1\u010dika urobili maximum. Rovnako ako na\u0161e receptury s n\u00edzkym obsahom obiln\u00edn, tak aj v\u0161etky recept\u00fary bez obiln\u00edn obsahuj\u00fa pr\u00eddavok starostlivo vybran\u00fdch byl\u00edn, ktor\u00e9 akt\u00edvne podporuj\u00fa zdravie v\u00e1\u0161ho psa.[\/vc_column_text][\/vc_column][vc_column width=&#8220;1\/4&#8243;][vc_single_image image=&#8220;473&#8243; img_size=&#8220;full&#8220; alignment=&#8220;center&#8220; onclick=&#8220;custom_link&#8220; qode_css_animation=&#8220;element_from_fade&#8220; qode_hover_animation=&#8220;zoom_in&#8220; transition_delay=&#8220;0.2&#8243; link=&#8220;\/sk\/produkt\/nekmar-puppy-junior-grainfree\/&#8220;][vc_column_text]<\/p>\n<p style=\"text-align: center;\"><strong>NEKMAR<\/strong><br \/>\n<strong>PUPPY &amp; JUNIOR GRAIN FREE<\/strong><\/p>\n<p>[\/vc_column_text][vc_empty_space][\/vc_column][vc_column width=&#8220;1\/4&#8243;][vc_single_image image=&#8220;474&#8243; img_size=&#8220;full&#8220; alignment=&#8220;center&#8220; onclick=&#8220;custom_link&#8220; qode_css_animation=&#8220;element_from_fade&#8220; qode_hover_animation=&#8220;zoom_in&#8220; transition_delay=&#8220;0.2&#8243; link=&#8220;\/sk\/produkt\/nekmar-adult-rabbit-iberico\/&#8220;][vc_column_text]<\/p>\n<p style=\"text-align: center;\"><strong>NEKMAR<\/strong><br \/>\n<strong>ADULT RABBIT &amp; IBERICO<\/strong><\/p>\n<p>[\/vc_column_text][vc_empty_space][\/vc_column][vc_column width=&#8220;1\/4&#8243;][vc_single_image image=&#8220;475&#8243; img_size=&#8220;full&#8220; alignment=&#8220;center&#8220; onclick=&#8220;custom_link&#8220; qode_css_animation=&#8220;element_from_fade&#8220; qode_hover_animation=&#8220;zoom_in&#8220; transition_delay=&#8220;0.2&#8243; link=&#8220;\/sk\/produkt\/nekmar-adult-salmon-trout\/&#8220;][vc_column_text]<\/p>\n<p style=\"text-align: center;\"><strong>NEKMAR<\/strong><br \/>\n<strong>ADULT SALMON &amp; TROUT<\/strong><\/p>\n<p>[\/vc_column_text][vc_empty_space][\/vc_column][\/vc_row][vc_row css_animation=&#8220;&#8220; row_type=&#8220;row&#8220; use_row_as_full_screen_section=&#8220;no&#8220; type=&#8220;grid&#8220; angled_section=&#8220;no&#8220; text_align=&#8220;left&#8220; background_image_as_pattern=&#8220;without_pattern&#8220; z_index=&#8220;&#8220;][vc_column][vc_empty_space height=&#8220;100px&#8220;][\/vc_column][\/vc_row][vc_row css_animation=&#8220;&#8220; row_type=&#8220;row&#8220; use_row_as_full_screen_section=&#8220;no&#8220; type=&#8220;grid&#8220; angled_section=&#8220;no&#8220; text_align=&#8220;left&#8220; background_image_as_pattern=&#8220;without_pattern&#8220; z_index=&#8220;&#8220;][vc_column width=&#8220;1\/4&#8243;][vc_column_text]<\/p>\n<h1 style=\"text-align: center;\"><span style=\"color: #b7702e;\">LOW GRAIN MONOPROTEIN<\/span><\/h1>\n<p>[\/vc_column_text][vc_empty_space height=&#8220;20px&#8220;][vc_column_text]Ke\u010f sme vytv\u00e1rali tieto recept\u00fary, nechceli sme pon\u00faknu\u0165 iba \u010fal\u0161iu pr\u00edchu\u0165. V tomto pr\u00edpade sme chceli pon\u00faknu\u0165 rie\u0161enie pre psov, ktor\u00fdch zdravie je naru\u0161en\u00e9 pr\u00edjmom ur\u010dit\u00e9ho druhu bielkov\u00edn. Je to skvel\u00fd pocit, ke\u010f viete, \u017ee produkt s n\u00e1zvom JAH\u0147ACINA &amp; RY\u017dA sa skuto\u010dne sklad\u00e1 z jah\u0148acieho m\u00e4sa a ry\u017ee![\/vc_column_text][\/vc_column][vc_column width=&#8220;1\/4&#8243;][vc_single_image image=&#8220;1808&#8243; img_size=&#8220;full&#8220; alignment=&#8220;center&#8220; onclick=&#8220;custom_link&#8220; qode_css_animation=&#8220;element_from_fade&#8220; qode_hover_animation=&#8220;zoom_in&#8220; transition_delay=&#8220;0.2&#8243; link=&#8220;\/sk\/produkt\/nekmar-low-grain-puppy-royale\/&#8220;][vc_column_text]<\/p>\n<p style=\"text-align: center;\"><strong>NEKMAR<\/strong><br \/>\n<strong>PUPPY ROYALE<\/strong><\/p>\n<p>[\/vc_column_text][vc_empty_space][\/vc_column][vc_column width=&#8220;1\/4&#8243;][vc_single_image image=&#8220;477&#8243; img_size=&#8220;full&#8220; alignment=&#8220;center&#8220; onclick=&#8220;custom_link&#8220; qode_css_animation=&#8220;element_from_fade&#8220; qode_hover_animation=&#8220;zoom_in&#8220; transition_delay=&#8220;0.2&#8243; link=&#8220;\/sk\/produkt\/nekmar-adult-fresh-lamb\/&#8220;][vc_column_text]<\/p>\n<p style=\"text-align: center;\"><strong>NEKMAR<\/strong><br \/>\n<strong>ADULT FRESH LAMB<\/strong><\/p>\n<p>[\/vc_column_text][vc_empty_space][\/vc_column][vc_column width=&#8220;1\/4&#8243;][vc_single_image image=&#8220;478&#8243; img_size=&#8220;full&#8220; alignment=&#8220;center&#8220; onclick=&#8220;custom_link&#8220; qode_css_animation=&#8220;element_from_fade&#8220; qode_hover_animation=&#8220;zoom_in&#8220; transition_delay=&#8220;0.2&#8243; link=&#8220;\/sk\/produkt\/nekmar-adult-fresh-duck\/&#8220;][vc_column_text]<\/p>\n<p style=\"text-align: center;\"><strong>NEKMAR<\/strong><br \/>\n<strong>ADULT FRESH DUCK<\/strong><\/p>\n<p>[\/vc_column_text][vc_empty_space][\/vc_column][\/vc_row][vc_row css_animation=&#8220;&#8220; row_type=&#8220;row&#8220; use_row_as_full_screen_section=&#8220;no&#8220; type=&#8220;grid&#8220; angled_section=&#8220;no&#8220; text_align=&#8220;left&#8220; background_image_as_pattern=&#8220;without_pattern&#8220; z_index=&#8220;&#8220;][vc_column width=&#8220;1\/4&#8243;][\/vc_column][vc_column width=&#8220;1\/4&#8243;][vc_single_image image=&#8220;479&#8243; img_size=&#8220;full&#8220; alignment=&#8220;center&#8220; onclick=&#8220;custom_link&#8220; qode_css_animation=&#8220;element_from_fade&#8220; qode_hover_animation=&#8220;zoom_in&#8220; transition_delay=&#8220;0.2&#8243; link=&#8220;\/sk\/produkt\/nekmar-adult-fresh-trout\/&#8220;][vc_column_text]<\/p>\n<p style=\"text-align: center;\"><strong>NEKMAR<\/strong><br \/>\n<strong>ADULT FRESH TROUT<\/strong><\/p>\n<p>[\/vc_column_text][vc_empty_space][\/vc_column][\/vc_row][vc_row css_animation=&#8220;&#8220; row_type=&#8220;row&#8220; use_row_as_full_screen_section=&#8220;no&#8220; type=&#8220;grid&#8220; angled_section=&#8220;no&#8220; text_align=&#8220;left&#8220; background_image_as_pattern=&#8220;without_pattern&#8220; z_index=&#8220;&#8220;][vc_column][vc_empty_space height=&#8220;100px&#8220;][\/vc_column][\/vc_row]<\/p>\n<\/div>","protected":false},"excerpt":{"rendered":"<p>[vc_row css_animation=&#8220;&#8220; row_type=&#8220;row&#8220; use_row_as_full_screen_section=&#8220;no&#8220; type=&#8220;full_width&#8220; angled_section=&#8220;no&#8220; text_align=&#8220;left&#8220; background_image_as_pattern=&#8220;without_pattern&#8220;][vc_column][\/vc_column][\/vc_row][vc_row css_animation=&#8220;&#8220; row_type=&#8220;row&#8220; use_row_as_full_screen_section=&#8220;no&#8220; type=&#8220;grid&#8220; angled_section=&#8220;no&#8220; text_align=&#8220;left&#8220; background_image_as_pattern=&#8220;without_pattern&#8220; z_index=&#8220;&#8220;][vc_column][vc_empty_space height=&#8220;50px&#8220;][vc_column_text]NEKMAR HOLISTIC ULTRAPREMIUM je pod\u013ea n\u00e1\u0161ho \u00faprimn\u00e9ho presved\u010denia najlep\u0161\u00edm krmivom pre na\u0161ich \u0161tvornoh\u00fdch priate\u013eov, ktor\u00e9 dne\u0161n\u00e9 vedomosti, technol\u00f3gie a zdroje m\u00f4\u017eu poskytn\u00fa\u0165. Ka\u017ed\u00fd v\u00fdrobok Nekmar mus\u00ed sp\u013a\u0148a\u0165 dve z\u00e1kladn\u00e9&#8230;<\/p>\n","protected":false},"author":1,"featured_media":0,"parent":0,"menu_order":0,"comment_status":"closed","ping_status":"closed","template":"full_width.php","meta":{"footnotes":""},"class_list":["post-415","page","type-page","status-publish","hentry"],"yoast_head":"<!-- This site is optimized with the Yoast SEO plugin v27.1.1 - https:\/\/yoast.com\/product\/yoast-seo-wordpress\/ -->\n<title>Nekmar | Ultrapremium psie krmivo<\/title>\n<meta name=\"description\" content=\"Nekmar Grain Free, Low Grain, Low Grain Monoprotein\" \/>\n<meta name=\"robots\" content=\"index, follow, max-snippet:-1, max-image-preview:large, max-video-preview:-1\" \/>\n<link rel=\"canonical\" href=\"https:\/\/nekmar.eu\/sk\/nekmar-psie-krmivo\/\" \/>\n<meta property=\"og:locale\" content=\"sk_SK\" \/>\n<meta property=\"og:type\" content=\"article\" \/>\n<meta property=\"og:title\" content=\"Nekmar Ultrapremium psie \u017er\u00e1dlo\" \/>\n<meta property=\"og:description\" content=\"Nekmar Grain Free, Low Grain, Low Grain Monoprotein\" \/>\n<meta property=\"og:url\" content=\"https:\/\/nekmar.eu\/sk\/nekmar-psie-krmivo\/\" \/>\n<meta property=\"og:site_name\" content=\"Nekmar\" \/>\n<meta property=\"article:publisher\" content=\"https:\/\/www.facebook.com\/nekmarpetnutrition\/\" \/>\n<meta property=\"article:modified_time\" content=\"2022-01-21T08:45:30+00:00\" \/>\n<meta property=\"og:image\" content=\"https:\/\/nekmar.eu\/sk\/wp-content\/uploads\/2019\/08\/nekmar-holistic.jpg\" \/>\n\t<meta property=\"og:image:width\" content=\"1200\" \/>\n\t<meta property=\"og:image:height\" content=\"630\" \/>\n\t<meta property=\"og:image:type\" content=\"image\/jpeg\" \/>\n<meta name=\"twitter:card\" content=\"summary_large_image\" \/>\n<meta name=\"twitter:label1\" content=\"Predpokladan\u00fd \u010das \u010d\u00edtania\" \/>\n\t<meta name=\"twitter:data1\" content=\"3 min\u00faty\" \/>\n<script type=\"application\/ld+json\" class=\"yoast-schema-graph\">{\"@context\":\"https:\/\/schema.org\",\"@graph\":[{\"@type\":\"WebPage\",\"@id\":\"https:\/\/nekmar.eu\/sk\/nekmar-psie-krmivo\/\",\"url\":\"https:\/\/nekmar.eu\/sk\/nekmar-psie-krmivo\/\",\"name\":\"Nekmar | Ultrapremium psie krmivo\",\"isPartOf\":{\"@id\":\"https:\/\/nekmar.eu\/sk\/#website\"},\"datePublished\":\"2019-08-25T19:19:49+00:00\",\"dateModified\":\"2022-01-21T08:45:30+00:00\",\"description\":\"Nekmar Grain Free, Low Grain, Low Grain Monoprotein\",\"breadcrumb\":{\"@id\":\"https:\/\/nekmar.eu\/sk\/nekmar-psie-krmivo\/#breadcrumb\"},\"inLanguage\":\"sk-SK\",\"potentialAction\":[{\"@type\":\"ReadAction\",\"target\":[\"https:\/\/nekmar.eu\/sk\/nekmar-psie-krmivo\/\"]}]},{\"@type\":\"BreadcrumbList\",\"@id\":\"https:\/\/nekmar.eu\/sk\/nekmar-psie-krmivo\/#breadcrumb\",\"itemListElement\":[{\"@type\":\"ListItem\",\"position\":1,\"name\":\"Home\",\"item\":\"https:\/\/nekmar.eu\/sk\/\"},{\"@type\":\"ListItem\",\"position\":2,\"name\":\"Nekmar psie krmivo\"}]},{\"@type\":\"WebSite\",\"@id\":\"https:\/\/nekmar.eu\/sk\/#website\",\"url\":\"https:\/\/nekmar.eu\/sk\/\",\"name\":\"Nekmar\",\"description\":\"Pet Nutrition\",\"publisher\":{\"@id\":\"https:\/\/nekmar.eu\/sk\/#organization\"},\"potentialAction\":[{\"@type\":\"SearchAction\",\"target\":{\"@type\":\"EntryPoint\",\"urlTemplate\":\"https:\/\/nekmar.eu\/sk\/?s={search_term_string}\"},\"query-input\":{\"@type\":\"PropertyValueSpecification\",\"valueRequired\":true,\"valueName\":\"search_term_string\"}}],\"inLanguage\":\"sk-SK\"},{\"@type\":\"Organization\",\"@id\":\"https:\/\/nekmar.eu\/sk\/#organization\",\"name\":\"Nekmar Pet Nutrition\",\"url\":\"https:\/\/nekmar.eu\/sk\/\",\"logo\":{\"@type\":\"ImageObject\",\"inLanguage\":\"sk-SK\",\"@id\":\"https:\/\/nekmar.eu\/sk\/#\/schema\/logo\/image\/\",\"url\":\"https:\/\/nekmar.eu\/sk\/wp-content\/uploads\/2019\/08\/Nekmar-contact.jpg\",\"contentUrl\":\"https:\/\/nekmar.eu\/sk\/wp-content\/uploads\/2019\/08\/Nekmar-contact.jpg\",\"width\":600,\"height\":142,\"caption\":\"Nekmar Pet Nutrition\"},\"image\":{\"@id\":\"https:\/\/nekmar.eu\/sk\/#\/schema\/logo\/image\/\"},\"sameAs\":[\"https:\/\/www.facebook.com\/nekmarpetnutrition\/\",\"https:\/\/www.instagram.com\/nekmarpetnutrition\/\"]}]}<\/script>\n<!-- \/ Yoast SEO plugin. -->","yoast_head_json":{"title":"Nekmar | Ultrapremium psie krmivo","description":"Nekmar Grain Free, Low Grain, Low Grain Monoprotein","robots":{"index":"index","follow":"follow","max-snippet":"max-snippet:-1","max-image-preview":"max-image-preview:large","max-video-preview":"max-video-preview:-1"},"canonical":"https:\/\/nekmar.eu\/sk\/nekmar-psie-krmivo\/","og_locale":"sk_SK","og_type":"article","og_title":"Nekmar Ultrapremium psie \u017er\u00e1dlo","og_description":"Nekmar Grain Free, Low Grain, Low Grain Monoprotein","og_url":"https:\/\/nekmar.eu\/sk\/nekmar-psie-krmivo\/","og_site_name":"Nekmar","article_publisher":"https:\/\/www.facebook.com\/nekmarpetnutrition\/","article_modified_time":"2022-01-21T08:45:30+00:00","og_image":[{"width":1200,"height":630,"url":"https:\/\/nekmar.eu\/sk\/wp-content\/uploads\/2019\/08\/nekmar-holistic.jpg","type":"image\/jpeg"}],"twitter_card":"summary_large_image","twitter_misc":{"Predpokladan\u00fd \u010das \u010d\u00edtania":"3 min\u00faty"},"schema":{"@context":"https:\/\/schema.org","@graph":[{"@type":"WebPage","@id":"https:\/\/nekmar.eu\/sk\/nekmar-psie-krmivo\/","url":"https:\/\/nekmar.eu\/sk\/nekmar-psie-krmivo\/","name":"Nekmar | Ultrapremium psie krmivo","isPartOf":{"@id":"https:\/\/nekmar.eu\/sk\/#website"},"datePublished":"2019-08-25T19:19:49+00:00","dateModified":"2022-01-21T08:45:30+00:00","description":"Nekmar Grain Free, Low Grain, Low Grain Monoprotein","breadcrumb":{"@id":"https:\/\/nekmar.eu\/sk\/nekmar-psie-krmivo\/#breadcrumb"},"inLanguage":"sk-SK","potentialAction":[{"@type":"ReadAction","target":["https:\/\/nekmar.eu\/sk\/nekmar-psie-krmivo\/"]}]},{"@type":"BreadcrumbList","@id":"https:\/\/nekmar.eu\/sk\/nekmar-psie-krmivo\/#breadcrumb","itemListElement":[{"@type":"ListItem","position":1,"name":"Home","item":"https:\/\/nekmar.eu\/sk\/"},{"@type":"ListItem","position":2,"name":"Nekmar psie krmivo"}]},{"@type":"WebSite","@id":"https:\/\/nekmar.eu\/sk\/#website","url":"https:\/\/nekmar.eu\/sk\/","name":"Nekmar","description":"Pet Nutrition","publisher":{"@id":"https:\/\/nekmar.eu\/sk\/#organization"},"potentialAction":[{"@type":"SearchAction","target":{"@type":"EntryPoint","urlTemplate":"https:\/\/nekmar.eu\/sk\/?s={search_term_string}"},"query-input":{"@type":"PropertyValueSpecification","valueRequired":true,"valueName":"search_term_string"}}],"inLanguage":"sk-SK"},{"@type":"Organization","@id":"https:\/\/nekmar.eu\/sk\/#organization","name":"Nekmar Pet Nutrition","url":"https:\/\/nekmar.eu\/sk\/","logo":{"@type":"ImageObject","inLanguage":"sk-SK","@id":"https:\/\/nekmar.eu\/sk\/#\/schema\/logo\/image\/","url":"https:\/\/nekmar.eu\/sk\/wp-content\/uploads\/2019\/08\/Nekmar-contact.jpg","contentUrl":"https:\/\/nekmar.eu\/sk\/wp-content\/uploads\/2019\/08\/Nekmar-contact.jpg","width":600,"height":142,"caption":"Nekmar Pet Nutrition"},"image":{"@id":"https:\/\/nekmar.eu\/sk\/#\/schema\/logo\/image\/"},"sameAs":["https:\/\/www.facebook.com\/nekmarpetnutrition\/","https:\/\/www.instagram.com\/nekmarpetnutrition\/"]}]}},"_links":{"self":[{"href":"https:\/\/nekmar.eu\/sk\/wp-json\/wp\/v2\/pages\/415","targetHints":{"allow":["GET"]}}],"collection":[{"href":"https:\/\/nekmar.eu\/sk\/wp-json\/wp\/v2\/pages"}],"about":[{"href":"https:\/\/nekmar.eu\/sk\/wp-json\/wp\/v2\/types\/page"}],"author":[{"embeddable":true,"href":"https:\/\/nekmar.eu\/sk\/wp-json\/wp\/v2\/users\/1"}],"replies":[{"embeddable":true,"href":"https:\/\/nekmar.eu\/sk\/wp-json\/wp\/v2\/comments?post=415"}],"version-history":[{"count":10,"href":"https:\/\/nekmar.eu\/sk\/wp-json\/wp\/v2\/pages\/415\/revisions"}],"predecessor-version":[{"id":1819,"href":"https:\/\/nekmar.eu\/sk\/wp-json\/wp\/v2\/pages\/415\/revisions\/1819"}],"wp:attachment":[{"href":"https:\/\/nekmar.eu\/sk\/wp-json\/wp\/v2\/media?parent=415"}],"curies":[{"name":"wp","href":"https:\/\/api.w.org\/{rel}","templated":true}]}}