{"id":801,"date":"2019-10-16T12:13:17","date_gmt":"2019-10-16T12:13:17","guid":{"rendered":"http:\/\/nekmar.eu\/sk\/?page_id=801"},"modified":"2021-03-09T07:46:13","modified_gmt":"2021-03-09T07:46:13","slug":"doprava","status":"publish","type":"page","link":"https:\/\/nekmar.eu\/sk\/doprava\/","title":{"rendered":"Doprava"},"content":{"rendered":"<div class=\"wpb-content-wrapper\"><p>[vc_row css_animation=&#8220;&#8220; row_type=&#8220;row&#8220; use_row_as_full_screen_section=&#8220;no&#8220; type=&#8220;full_width&#8220; angled_section=&#8220;no&#8220; text_align=&#8220;left&#8220; background_image_as_pattern=&#8220;without_pattern&#8220;][vc_column][vc_empty_space height=&#8220;100px&#8220;][\/vc_column][\/vc_row][vc_row css_animation=&#8220;&#8220; row_type=&#8220;row&#8220; use_row_as_full_screen_section=&#8220;no&#8220; type=&#8220;grid&#8220; angled_section=&#8220;no&#8220; text_align=&#8220;left&#8220; background_image_as_pattern=&#8220;without_pattern&#8220; z_index=&#8220;&#8220;][vc_column][vc_column_text]<strong>DOPRAVA<\/strong><\/p>\n<p>&nbsp;<\/p>\n<p>Cena dopravy 4,- EUR<\/p>\n<p>&nbsp;<\/p>\n<p>Vo\u013eba sp\u00f4sobu dodania sa vykon\u00e1va po\u010das objedn\u00e1vania tovaru.<br \/>\nN\u00e1klady na dodanie tovaru v z\u00e1vislosti na sp\u00f4sobe odoslania a prevzatia tovaru s\u00fa uveden\u00e9 v objedn\u00e1vke kupuj\u00faceho a v potvrden\u00ed objedn\u00e1vky pred\u00e1vaj\u00facim. V pr\u00edpade, \u017ee je sp\u00f4sob dopravy dohodnut\u00fd na z\u00e1klade osobitn\u00e9ho po\u017eiadavky kupuj\u00faceho, nesie kupuj\u00faci riziko a pr\u00edpadn\u00e9 dodato\u010dn\u00e9 n\u00e1klady spojen\u00e9 s t\u00fdmto sp\u00f4sobom dopravy.[\/vc_column_text][vc_empty_space height=&#8220;100px&#8220;][\/vc_column][\/vc_row]<\/p>\n<\/div>","protected":false},"excerpt":{"rendered":"<p>[vc_row css_animation=&#8220;&#8220; row_type=&#8220;row&#8220; use_row_as_full_screen_section=&#8220;no&#8220; type=&#8220;full_width&#8220; angled_section=&#8220;no&#8220; text_align=&#8220;left&#8220; background_image_as_pattern=&#8220;without_pattern&#8220;][vc_column][vc_empty_space height=&#8220;100px&#8220;][\/vc_column][\/vc_row][vc_row css_animation=&#8220;&#8220; row_type=&#8220;row&#8220; use_row_as_full_screen_section=&#8220;no&#8220; type=&#8220;grid&#8220; angled_section=&#8220;no&#8220; text_align=&#8220;left&#8220; background_image_as_pattern=&#8220;without_pattern&#8220; z_index=&#8220;&#8220;][vc_column][vc_column_text]DOPRAVA &nbsp; Cena dopravy 4,- EUR &nbsp; Vo\u013eba sp\u00f4sobu dodania sa vykon\u00e1va po\u010das objedn\u00e1vania tovaru. N\u00e1klady na dodanie tovaru v z\u00e1vislosti na sp\u00f4sobe odoslania a prevzatia tovaru s\u00fa uveden\u00e9&#8230;<\/p>\n","protected":false},"author":1,"featured_media":0,"parent":0,"menu_order":0,"comment_status":"closed","ping_status":"closed","template":"full_width.php","meta":{"footnotes":""},"class_list":["post-801","page","type-page","status-publish","hentry"],"yoast_head":"<!-- This site is optimized with the Yoast SEO plugin v27.1.1 - https:\/\/yoast.com\/product\/yoast-seo-wordpress\/ -->\n<title>Doprava | Nekmar<\/title>\n<meta name=\"robots\" content=\"noindex, follow\" \/>\n<meta property=\"og:locale\" content=\"sk_SK\" \/>\n<meta property=\"og:type\" content=\"article\" \/>\n<meta property=\"og:title\" content=\"Doprava | Nekmar\" \/>\n<meta property=\"og:description\" content=\"[vc_row css_animation=&#8220;&#8220; row_type=&#8220;row&#8220; use_row_as_full_screen_section=&#8220;no&#8220; type=&#8220;full_width&#8220; angled_section=&#8220;no&#8220; text_align=&#8220;left&#8220; background_image_as_pattern=&#8220;without_pattern&#8220;][vc_column][vc_empty_space height=&#8220;100px&#8220;][\/vc_column][\/vc_row][vc_row css_animation=&#8220;&#8220; row_type=&#8220;row&#8220; use_row_as_full_screen_section=&#8220;no&#8220; type=&#8220;grid&#8220; angled_section=&#8220;no&#8220; text_align=&#8220;left&#8220; background_image_as_pattern=&#8220;without_pattern&#8220; z_index=&#8220;&#8220;][vc_column][vc_column_text]DOPRAVA &nbsp; Cena dopravy 4,- EUR &nbsp; Vo\u013eba sp\u00f4sobu dodania sa vykon\u00e1va po\u010das objedn\u00e1vania tovaru. N\u00e1klady na dodanie tovaru v z\u00e1vislosti na sp\u00f4sobe odoslania a prevzatia tovaru s\u00fa uveden\u00e9...\" \/>\n<meta property=\"og:url\" content=\"https:\/\/nekmar.eu\/sk\/doprava\/\" \/>\n<meta property=\"og:site_name\" content=\"Nekmar\" \/>\n<meta property=\"article:publisher\" content=\"https:\/\/www.facebook.com\/nekmarpetnutrition\/\" \/>\n<meta property=\"article:modified_time\" content=\"2021-03-09T07:46:13+00:00\" \/>\n<meta property=\"og:image\" content=\"https:\/\/nekmar.eu\/sk\/wp-content\/uploads\/2019\/08\/nekmar-f.jpg\" \/>\n\t<meta property=\"og:image:width\" content=\"1200\" \/>\n\t<meta property=\"og:image:height\" content=\"630\" \/>\n\t<meta property=\"og:image:type\" content=\"image\/jpeg\" \/>\n<meta name=\"twitter:card\" content=\"summary_large_image\" \/>\n<meta name=\"twitter:label1\" content=\"Predpokladan\u00fd \u010das \u010d\u00edtania\" \/>\n\t<meta name=\"twitter:data1\" content=\"1 min\u00fata\" \/>\n<script type=\"application\/ld+json\" class=\"yoast-schema-graph\">{\"@context\":\"https:\/\/schema.org\",\"@graph\":[{\"@type\":\"WebPage\",\"@id\":\"https:\/\/nekmar.eu\/sk\/doprava\/\",\"url\":\"https:\/\/nekmar.eu\/sk\/doprava\/\",\"name\":\"Doprava | Nekmar\",\"isPartOf\":{\"@id\":\"https:\/\/nekmar.eu\/sk\/#website\"},\"datePublished\":\"2019-10-16T12:13:17+00:00\",\"dateModified\":\"2021-03-09T07:46:13+00:00\",\"breadcrumb\":{\"@id\":\"https:\/\/nekmar.eu\/sk\/doprava\/#breadcrumb\"},\"inLanguage\":\"sk-SK\",\"potentialAction\":[{\"@type\":\"ReadAction\",\"target\":[\"https:\/\/nekmar.eu\/sk\/doprava\/\"]}]},{\"@type\":\"BreadcrumbList\",\"@id\":\"https:\/\/nekmar.eu\/sk\/doprava\/#breadcrumb\",\"itemListElement\":[{\"@type\":\"ListItem\",\"position\":1,\"name\":\"Home\",\"item\":\"https:\/\/nekmar.eu\/sk\/\"},{\"@type\":\"ListItem\",\"position\":2,\"name\":\"Doprava\"}]},{\"@type\":\"WebSite\",\"@id\":\"https:\/\/nekmar.eu\/sk\/#website\",\"url\":\"https:\/\/nekmar.eu\/sk\/\",\"name\":\"Nekmar\",\"description\":\"Pet Nutrition\",\"publisher\":{\"@id\":\"https:\/\/nekmar.eu\/sk\/#organization\"},\"potentialAction\":[{\"@type\":\"SearchAction\",\"target\":{\"@type\":\"EntryPoint\",\"urlTemplate\":\"https:\/\/nekmar.eu\/sk\/?s={search_term_string}\"},\"query-input\":{\"@type\":\"PropertyValueSpecification\",\"valueRequired\":true,\"valueName\":\"search_term_string\"}}],\"inLanguage\":\"sk-SK\"},{\"@type\":\"Organization\",\"@id\":\"https:\/\/nekmar.eu\/sk\/#organization\",\"name\":\"Nekmar Pet Nutrition\",\"url\":\"https:\/\/nekmar.eu\/sk\/\",\"logo\":{\"@type\":\"ImageObject\",\"inLanguage\":\"sk-SK\",\"@id\":\"https:\/\/nekmar.eu\/sk\/#\/schema\/logo\/image\/\",\"url\":\"https:\/\/nekmar.eu\/sk\/wp-content\/uploads\/2019\/08\/Nekmar-contact.jpg\",\"contentUrl\":\"https:\/\/nekmar.eu\/sk\/wp-content\/uploads\/2019\/08\/Nekmar-contact.jpg\",\"width\":600,\"height\":142,\"caption\":\"Nekmar Pet Nutrition\"},\"image\":{\"@id\":\"https:\/\/nekmar.eu\/sk\/#\/schema\/logo\/image\/\"},\"sameAs\":[\"https:\/\/www.facebook.com\/nekmarpetnutrition\/\",\"https:\/\/www.instagram.com\/nekmarpetnutrition\/\"]}]}<\/script>\n<!-- \/ Yoast SEO plugin. -->","yoast_head_json":{"title":"Doprava | Nekmar","robots":{"index":"noindex","follow":"follow"},"og_locale":"sk_SK","og_type":"article","og_title":"Doprava | Nekmar","og_description":"[vc_row css_animation=&#8220;&#8220; row_type=&#8220;row&#8220; use_row_as_full_screen_section=&#8220;no&#8220; type=&#8220;full_width&#8220; angled_section=&#8220;no&#8220; text_align=&#8220;left&#8220; background_image_as_pattern=&#8220;without_pattern&#8220;][vc_column][vc_empty_space height=&#8220;100px&#8220;][\/vc_column][\/vc_row][vc_row css_animation=&#8220;&#8220; row_type=&#8220;row&#8220; use_row_as_full_screen_section=&#8220;no&#8220; type=&#8220;grid&#8220; angled_section=&#8220;no&#8220; text_align=&#8220;left&#8220; background_image_as_pattern=&#8220;without_pattern&#8220; z_index=&#8220;&#8220;][vc_column][vc_column_text]DOPRAVA &nbsp; Cena dopravy 4,- EUR &nbsp; Vo\u013eba sp\u00f4sobu dodania sa vykon\u00e1va po\u010das objedn\u00e1vania tovaru. N\u00e1klady na dodanie tovaru v z\u00e1vislosti na sp\u00f4sobe odoslania a prevzatia tovaru s\u00fa uveden\u00e9...","og_url":"https:\/\/nekmar.eu\/sk\/doprava\/","og_site_name":"Nekmar","article_publisher":"https:\/\/www.facebook.com\/nekmarpetnutrition\/","article_modified_time":"2021-03-09T07:46:13+00:00","og_image":[{"width":1200,"height":630,"url":"https:\/\/nekmar.eu\/sk\/wp-content\/uploads\/2019\/08\/nekmar-f.jpg","type":"image\/jpeg"}],"twitter_card":"summary_large_image","twitter_misc":{"Predpokladan\u00fd \u010das \u010d\u00edtania":"1 min\u00fata"},"schema":{"@context":"https:\/\/schema.org","@graph":[{"@type":"WebPage","@id":"https:\/\/nekmar.eu\/sk\/doprava\/","url":"https:\/\/nekmar.eu\/sk\/doprava\/","name":"Doprava | Nekmar","isPartOf":{"@id":"https:\/\/nekmar.eu\/sk\/#website"},"datePublished":"2019-10-16T12:13:17+00:00","dateModified":"2021-03-09T07:46:13+00:00","breadcrumb":{"@id":"https:\/\/nekmar.eu\/sk\/doprava\/#breadcrumb"},"inLanguage":"sk-SK","potentialAction":[{"@type":"ReadAction","target":["https:\/\/nekmar.eu\/sk\/doprava\/"]}]},{"@type":"BreadcrumbList","@id":"https:\/\/nekmar.eu\/sk\/doprava\/#breadcrumb","itemListElement":[{"@type":"ListItem","position":1,"name":"Home","item":"https:\/\/nekmar.eu\/sk\/"},{"@type":"ListItem","position":2,"name":"Doprava"}]},{"@type":"WebSite","@id":"https:\/\/nekmar.eu\/sk\/#website","url":"https:\/\/nekmar.eu\/sk\/","name":"Nekmar","description":"Pet Nutrition","publisher":{"@id":"https:\/\/nekmar.eu\/sk\/#organization"},"potentialAction":[{"@type":"SearchAction","target":{"@type":"EntryPoint","urlTemplate":"https:\/\/nekmar.eu\/sk\/?s={search_term_string}"},"query-input":{"@type":"PropertyValueSpecification","valueRequired":true,"valueName":"search_term_string"}}],"inLanguage":"sk-SK"},{"@type":"Organization","@id":"https:\/\/nekmar.eu\/sk\/#organization","name":"Nekmar Pet Nutrition","url":"https:\/\/nekmar.eu\/sk\/","logo":{"@type":"ImageObject","inLanguage":"sk-SK","@id":"https:\/\/nekmar.eu\/sk\/#\/schema\/logo\/image\/","url":"https:\/\/nekmar.eu\/sk\/wp-content\/uploads\/2019\/08\/Nekmar-contact.jpg","contentUrl":"https:\/\/nekmar.eu\/sk\/wp-content\/uploads\/2019\/08\/Nekmar-contact.jpg","width":600,"height":142,"caption":"Nekmar Pet Nutrition"},"image":{"@id":"https:\/\/nekmar.eu\/sk\/#\/schema\/logo\/image\/"},"sameAs":["https:\/\/www.facebook.com\/nekmarpetnutrition\/","https:\/\/www.instagram.com\/nekmarpetnutrition\/"]}]}},"_links":{"self":[{"href":"https:\/\/nekmar.eu\/sk\/wp-json\/wp\/v2\/pages\/801","targetHints":{"allow":["GET"]}}],"collection":[{"href":"https:\/\/nekmar.eu\/sk\/wp-json\/wp\/v2\/pages"}],"about":[{"href":"https:\/\/nekmar.eu\/sk\/wp-json\/wp\/v2\/types\/page"}],"author":[{"embeddable":true,"href":"https:\/\/nekmar.eu\/sk\/wp-json\/wp\/v2\/users\/1"}],"replies":[{"embeddable":true,"href":"https:\/\/nekmar.eu\/sk\/wp-json\/wp\/v2\/comments?post=801"}],"version-history":[{"count":5,"href":"https:\/\/nekmar.eu\/sk\/wp-json\/wp\/v2\/pages\/801\/revisions"}],"predecessor-version":[{"id":922,"href":"https:\/\/nekmar.eu\/sk\/wp-json\/wp\/v2\/pages\/801\/revisions\/922"}],"wp:attachment":[{"href":"https:\/\/nekmar.eu\/sk\/wp-json\/wp\/v2\/media?parent=801"}],"curies":[{"name":"wp","href":"https:\/\/api.w.org\/{rel}","templated":true}]}}