{"id":805,"date":"2019-10-16T12:17:40","date_gmt":"2019-10-16T12:17:40","guid":{"rendered":"http:\/\/nekmar.eu\/sk\/?page_id=805"},"modified":"2021-03-09T07:47:34","modified_gmt":"2021-03-09T07:47:34","slug":"sposob-platby","status":"publish","type":"page","link":"https:\/\/nekmar.eu\/sk\/sposob-platby\/","title":{"rendered":"Sp\u00f4sob platby"},"content":{"rendered":"<div class=\"wpb-content-wrapper\"><p>[vc_row css_animation=&#8220;&#8220; row_type=&#8220;row&#8220; use_row_as_full_screen_section=&#8220;no&#8220; type=&#8220;full_width&#8220; angled_section=&#8220;no&#8220; text_align=&#8220;left&#8220; background_image_as_pattern=&#8220;without_pattern&#8220;][vc_column][vc_empty_space height=&#8220;100px&#8220;][\/vc_column][\/vc_row][vc_row css_animation=&#8220;&#8220; row_type=&#8220;row&#8220; use_row_as_full_screen_section=&#8220;no&#8220; type=&#8220;grid&#8220; angled_section=&#8220;no&#8220; text_align=&#8220;left&#8220; background_image_as_pattern=&#8220;without_pattern&#8220; z_index=&#8220;&#8220;][vc_column][vc_column_text]<strong>SP\u00d4SOB PLATBY:\u00a0<\/strong><\/p>\n<p>&nbsp;<\/p>\n<p>&#8211; <strong>DOBIERKA<\/strong> &#8211; poplatok 1,- EUR<br \/>\n&#8211; <strong>PLATBA KARTOU<\/strong> &#8211; system STRIPE<\/p>\n<p>&nbsp;<\/p>\n<p>1.Cenu tovaru a pr\u00edpadn\u00e9 n\u00e1klady spojen\u00e9 s dodan\u00edm tovaru pod\u013ea k\u00fapnej zmluvy m\u00f4\u017ee kupuj\u00faci uhradi\u0165 nasledovn\u00fdmi sp\u00f4sobmi:<br \/>\n\u2022 bezhotovostne prevodom na \u00fa\u010det pred\u00e1vaj\u00faceho prostredn\u00edctvom platobnej br\u00e1ny,<br \/>\n\u2022 dobierkou v hotovosti pri odovzdan\u00ed tovaru,<br \/>\n\u2022 v hotovosti pri osobnom odbere v prev\u00e1dzke.<\/p>\n<p>&nbsp;<\/p>\n<p>2. Spolo\u010dne s k\u00fapnou cenou je kupuj\u00faci povinn\u00fd uhradi\u0165 pred\u00e1vaj\u00facemu n\u00e1klady spojen\u00e9 s balen\u00edm a dodan\u00edm tovaru v dohodnutej v\u00fd\u0161ke. Ak nie je \u010falej uveden\u00e9 v\u00fdslovne inak, rozumie sa \u010falej k\u00fapnou cenou aj n\u00e1klady spojen\u00e9 s dodan\u00edm tovaru.<\/p>\n<p>&nbsp;<\/p>\n<p>3. V pr\u00edpade platby v hotovosti je k\u00fapna cena splatn\u00e1 pri prevzat\u00ed tovaru.<\/p>\n<p>&nbsp;<\/p>\n<p>4. V pr\u00edpade platby prostredn\u00edctvom platobnej br\u00e1ny postupuje kupuj\u00faci pod\u013ea pokynov pr\u00edslu\u0161n\u00e9ho poskytovate\u013ea elektronick\u00fdch platieb.<\/p>\n<p>&nbsp;<\/p>\n<p>5. V pr\u00edpade bezhotovostnej platby je z\u00e1v\u00e4zok kupuj\u00faceho uhradi\u0165 k\u00fapnu cenu splnen\u00fd okamihom prip\u00edsania pr\u00edslu\u0161nej \u010diastky na bankov\u00fd \u00fa\u010det pred\u00e1vaj\u00faceho.<\/p>\n<p>&nbsp;<\/p>\n<p>6. Pred\u00e1vaj\u00faci nepo\u017eaduje od kupuj\u00faceho vopred \u017eiadnu z\u00e1lohu \u010di in\u00fa obdobn\u00fa platbu. \u00dahrada k\u00fapnej ceny pred odoslan\u00edm tovaru nie je z\u00e1lohou.[\/vc_column_text][\/vc_column][\/vc_row][vc_row css_animation=&#8220;&#8220; row_type=&#8220;row&#8220; use_row_as_full_screen_section=&#8220;no&#8220; type=&#8220;full_width&#8220; angled_section=&#8220;no&#8220; text_align=&#8220;left&#8220; background_image_as_pattern=&#8220;without_pattern&#8220;][vc_column][vc_empty_space height=&#8220;100px&#8220;][\/vc_column][\/vc_row]<\/p>\n<\/div>","protected":false},"excerpt":{"rendered":"<p>[vc_row css_animation=&#8220;&#8220; row_type=&#8220;row&#8220; use_row_as_full_screen_section=&#8220;no&#8220; type=&#8220;full_width&#8220; angled_section=&#8220;no&#8220; text_align=&#8220;left&#8220; background_image_as_pattern=&#8220;without_pattern&#8220;][vc_column][vc_empty_space height=&#8220;100px&#8220;][\/vc_column][\/vc_row][vc_row css_animation=&#8220;&#8220; row_type=&#8220;row&#8220; use_row_as_full_screen_section=&#8220;no&#8220; type=&#8220;grid&#8220; angled_section=&#8220;no&#8220; text_align=&#8220;left&#8220; background_image_as_pattern=&#8220;without_pattern&#8220; z_index=&#8220;&#8220;][vc_column][vc_column_text]SP\u00d4SOB PLATBY:\u00a0 &nbsp; &#8211; DOBIERKA &#8211; poplatok 1,- EUR &#8211; PLATBA KARTOU &#8211; system STRIPE &nbsp; 1.Cenu tovaru a pr\u00edpadn\u00e9 n\u00e1klady spojen\u00e9 s dodan\u00edm tovaru pod\u013ea k\u00fapnej zmluvy m\u00f4\u017ee&#8230;<\/p>\n","protected":false},"author":1,"featured_media":0,"parent":0,"menu_order":0,"comment_status":"closed","ping_status":"closed","template":"full_width.php","meta":{"footnotes":""},"class_list":["post-805","page","type-page","status-publish","hentry"],"yoast_head":"<!-- This site is optimized with the Yoast SEO plugin v27.1.1 - https:\/\/yoast.com\/product\/yoast-seo-wordpress\/ -->\n<title>Sp\u00f4sob platby | Nekmar<\/title>\n<meta name=\"robots\" content=\"noindex, follow\" \/>\n<meta property=\"og:locale\" content=\"sk_SK\" \/>\n<meta property=\"og:type\" content=\"article\" \/>\n<meta property=\"og:title\" content=\"Sp\u00f4sob platby | Nekmar\" \/>\n<meta property=\"og:description\" content=\"[vc_row css_animation=&#8220;&#8220; row_type=&#8220;row&#8220; use_row_as_full_screen_section=&#8220;no&#8220; type=&#8220;full_width&#8220; angled_section=&#8220;no&#8220; text_align=&#8220;left&#8220; background_image_as_pattern=&#8220;without_pattern&#8220;][vc_column][vc_empty_space height=&#8220;100px&#8220;][\/vc_column][\/vc_row][vc_row css_animation=&#8220;&#8220; row_type=&#8220;row&#8220; use_row_as_full_screen_section=&#8220;no&#8220; type=&#8220;grid&#8220; angled_section=&#8220;no&#8220; text_align=&#8220;left&#8220; background_image_as_pattern=&#8220;without_pattern&#8220; z_index=&#8220;&#8220;][vc_column][vc_column_text]SP\u00d4SOB PLATBY:\u00a0 &nbsp; &#8211; DOBIERKA &#8211; poplatok 1,- EUR &#8211; PLATBA KARTOU &#8211; system STRIPE &nbsp; 1.Cenu tovaru a pr\u00edpadn\u00e9 n\u00e1klady spojen\u00e9 s dodan\u00edm tovaru pod\u013ea k\u00fapnej zmluvy m\u00f4\u017ee...\" \/>\n<meta property=\"og:url\" content=\"https:\/\/nekmar.eu\/sk\/sposob-platby\/\" \/>\n<meta property=\"og:site_name\" content=\"Nekmar\" \/>\n<meta property=\"article:publisher\" content=\"https:\/\/www.facebook.com\/nekmarpetnutrition\/\" \/>\n<meta property=\"article:modified_time\" content=\"2021-03-09T07:47:34+00:00\" \/>\n<meta property=\"og:image\" content=\"https:\/\/nekmar.eu\/sk\/wp-content\/uploads\/2019\/08\/nekmar-f.jpg\" \/>\n\t<meta property=\"og:image:width\" content=\"1200\" \/>\n\t<meta property=\"og:image:height\" content=\"630\" \/>\n\t<meta property=\"og:image:type\" content=\"image\/jpeg\" \/>\n<meta name=\"twitter:card\" content=\"summary_large_image\" \/>\n<meta name=\"twitter:label1\" content=\"Predpokladan\u00fd \u010das \u010d\u00edtania\" \/>\n\t<meta name=\"twitter:data1\" content=\"1 min\u00fata\" \/>\n<script type=\"application\/ld+json\" class=\"yoast-schema-graph\">{\"@context\":\"https:\/\/schema.org\",\"@graph\":[{\"@type\":\"WebPage\",\"@id\":\"https:\/\/nekmar.eu\/sk\/sposob-platby\/\",\"url\":\"https:\/\/nekmar.eu\/sk\/sposob-platby\/\",\"name\":\"Sp\u00f4sob platby | Nekmar\",\"isPartOf\":{\"@id\":\"https:\/\/nekmar.eu\/sk\/#website\"},\"datePublished\":\"2019-10-16T12:17:40+00:00\",\"dateModified\":\"2021-03-09T07:47:34+00:00\",\"breadcrumb\":{\"@id\":\"https:\/\/nekmar.eu\/sk\/sposob-platby\/#breadcrumb\"},\"inLanguage\":\"sk-SK\",\"potentialAction\":[{\"@type\":\"ReadAction\",\"target\":[\"https:\/\/nekmar.eu\/sk\/sposob-platby\/\"]}]},{\"@type\":\"BreadcrumbList\",\"@id\":\"https:\/\/nekmar.eu\/sk\/sposob-platby\/#breadcrumb\",\"itemListElement\":[{\"@type\":\"ListItem\",\"position\":1,\"name\":\"Home\",\"item\":\"https:\/\/nekmar.eu\/sk\/\"},{\"@type\":\"ListItem\",\"position\":2,\"name\":\"Sp\u00f4sob platby\"}]},{\"@type\":\"WebSite\",\"@id\":\"https:\/\/nekmar.eu\/sk\/#website\",\"url\":\"https:\/\/nekmar.eu\/sk\/\",\"name\":\"Nekmar\",\"description\":\"Pet Nutrition\",\"publisher\":{\"@id\":\"https:\/\/nekmar.eu\/sk\/#organization\"},\"potentialAction\":[{\"@type\":\"SearchAction\",\"target\":{\"@type\":\"EntryPoint\",\"urlTemplate\":\"https:\/\/nekmar.eu\/sk\/?s={search_term_string}\"},\"query-input\":{\"@type\":\"PropertyValueSpecification\",\"valueRequired\":true,\"valueName\":\"search_term_string\"}}],\"inLanguage\":\"sk-SK\"},{\"@type\":\"Organization\",\"@id\":\"https:\/\/nekmar.eu\/sk\/#organization\",\"name\":\"Nekmar Pet Nutrition\",\"url\":\"https:\/\/nekmar.eu\/sk\/\",\"logo\":{\"@type\":\"ImageObject\",\"inLanguage\":\"sk-SK\",\"@id\":\"https:\/\/nekmar.eu\/sk\/#\/schema\/logo\/image\/\",\"url\":\"https:\/\/nekmar.eu\/sk\/wp-content\/uploads\/2019\/08\/Nekmar-contact.jpg\",\"contentUrl\":\"https:\/\/nekmar.eu\/sk\/wp-content\/uploads\/2019\/08\/Nekmar-contact.jpg\",\"width\":600,\"height\":142,\"caption\":\"Nekmar Pet Nutrition\"},\"image\":{\"@id\":\"https:\/\/nekmar.eu\/sk\/#\/schema\/logo\/image\/\"},\"sameAs\":[\"https:\/\/www.facebook.com\/nekmarpetnutrition\/\",\"https:\/\/www.instagram.com\/nekmarpetnutrition\/\"]}]}<\/script>\n<!-- \/ Yoast SEO plugin. -->","yoast_head_json":{"title":"Sp\u00f4sob platby | Nekmar","robots":{"index":"noindex","follow":"follow"},"og_locale":"sk_SK","og_type":"article","og_title":"Sp\u00f4sob platby | Nekmar","og_description":"[vc_row css_animation=&#8220;&#8220; row_type=&#8220;row&#8220; use_row_as_full_screen_section=&#8220;no&#8220; type=&#8220;full_width&#8220; angled_section=&#8220;no&#8220; text_align=&#8220;left&#8220; background_image_as_pattern=&#8220;without_pattern&#8220;][vc_column][vc_empty_space height=&#8220;100px&#8220;][\/vc_column][\/vc_row][vc_row css_animation=&#8220;&#8220; row_type=&#8220;row&#8220; use_row_as_full_screen_section=&#8220;no&#8220; type=&#8220;grid&#8220; angled_section=&#8220;no&#8220; text_align=&#8220;left&#8220; background_image_as_pattern=&#8220;without_pattern&#8220; z_index=&#8220;&#8220;][vc_column][vc_column_text]SP\u00d4SOB PLATBY:\u00a0 &nbsp; &#8211; DOBIERKA &#8211; poplatok 1,- EUR &#8211; PLATBA KARTOU &#8211; system STRIPE &nbsp; 1.Cenu tovaru a pr\u00edpadn\u00e9 n\u00e1klady spojen\u00e9 s dodan\u00edm tovaru pod\u013ea k\u00fapnej zmluvy m\u00f4\u017ee...","og_url":"https:\/\/nekmar.eu\/sk\/sposob-platby\/","og_site_name":"Nekmar","article_publisher":"https:\/\/www.facebook.com\/nekmarpetnutrition\/","article_modified_time":"2021-03-09T07:47:34+00:00","og_image":[{"width":1200,"height":630,"url":"https:\/\/nekmar.eu\/sk\/wp-content\/uploads\/2019\/08\/nekmar-f.jpg","type":"image\/jpeg"}],"twitter_card":"summary_large_image","twitter_misc":{"Predpokladan\u00fd \u010das \u010d\u00edtania":"1 min\u00fata"},"schema":{"@context":"https:\/\/schema.org","@graph":[{"@type":"WebPage","@id":"https:\/\/nekmar.eu\/sk\/sposob-platby\/","url":"https:\/\/nekmar.eu\/sk\/sposob-platby\/","name":"Sp\u00f4sob platby | Nekmar","isPartOf":{"@id":"https:\/\/nekmar.eu\/sk\/#website"},"datePublished":"2019-10-16T12:17:40+00:00","dateModified":"2021-03-09T07:47:34+00:00","breadcrumb":{"@id":"https:\/\/nekmar.eu\/sk\/sposob-platby\/#breadcrumb"},"inLanguage":"sk-SK","potentialAction":[{"@type":"ReadAction","target":["https:\/\/nekmar.eu\/sk\/sposob-platby\/"]}]},{"@type":"BreadcrumbList","@id":"https:\/\/nekmar.eu\/sk\/sposob-platby\/#breadcrumb","itemListElement":[{"@type":"ListItem","position":1,"name":"Home","item":"https:\/\/nekmar.eu\/sk\/"},{"@type":"ListItem","position":2,"name":"Sp\u00f4sob platby"}]},{"@type":"WebSite","@id":"https:\/\/nekmar.eu\/sk\/#website","url":"https:\/\/nekmar.eu\/sk\/","name":"Nekmar","description":"Pet Nutrition","publisher":{"@id":"https:\/\/nekmar.eu\/sk\/#organization"},"potentialAction":[{"@type":"SearchAction","target":{"@type":"EntryPoint","urlTemplate":"https:\/\/nekmar.eu\/sk\/?s={search_term_string}"},"query-input":{"@type":"PropertyValueSpecification","valueRequired":true,"valueName":"search_term_string"}}],"inLanguage":"sk-SK"},{"@type":"Organization","@id":"https:\/\/nekmar.eu\/sk\/#organization","name":"Nekmar Pet Nutrition","url":"https:\/\/nekmar.eu\/sk\/","logo":{"@type":"ImageObject","inLanguage":"sk-SK","@id":"https:\/\/nekmar.eu\/sk\/#\/schema\/logo\/image\/","url":"https:\/\/nekmar.eu\/sk\/wp-content\/uploads\/2019\/08\/Nekmar-contact.jpg","contentUrl":"https:\/\/nekmar.eu\/sk\/wp-content\/uploads\/2019\/08\/Nekmar-contact.jpg","width":600,"height":142,"caption":"Nekmar Pet Nutrition"},"image":{"@id":"https:\/\/nekmar.eu\/sk\/#\/schema\/logo\/image\/"},"sameAs":["https:\/\/www.facebook.com\/nekmarpetnutrition\/","https:\/\/www.instagram.com\/nekmarpetnutrition\/"]}]}},"_links":{"self":[{"href":"https:\/\/nekmar.eu\/sk\/wp-json\/wp\/v2\/pages\/805","targetHints":{"allow":["GET"]}}],"collection":[{"href":"https:\/\/nekmar.eu\/sk\/wp-json\/wp\/v2\/pages"}],"about":[{"href":"https:\/\/nekmar.eu\/sk\/wp-json\/wp\/v2\/types\/page"}],"author":[{"embeddable":true,"href":"https:\/\/nekmar.eu\/sk\/wp-json\/wp\/v2\/users\/1"}],"replies":[{"embeddable":true,"href":"https:\/\/nekmar.eu\/sk\/wp-json\/wp\/v2\/comments?post=805"}],"version-history":[{"count":28,"href":"https:\/\/nekmar.eu\/sk\/wp-json\/wp\/v2\/pages\/805\/revisions"}],"predecessor-version":[{"id":1660,"href":"https:\/\/nekmar.eu\/sk\/wp-json\/wp\/v2\/pages\/805\/revisions\/1660"}],"wp:attachment":[{"href":"https:\/\/nekmar.eu\/sk\/wp-json\/wp\/v2\/media?parent=805"}],"curies":[{"name":"wp","href":"https:\/\/api.w.org\/{rel}","templated":true}]}}