{"id":807,"date":"2019-10-16T12:19:02","date_gmt":"2019-10-16T12:19:02","guid":{"rendered":"http:\/\/nekmar.eu\/sk\/?page_id=807"},"modified":"2021-01-08T20:53:59","modified_gmt":"2021-01-08T20:53:59","slug":"odstupenie-od-zmluvy","status":"publish","type":"page","link":"https:\/\/nekmar.eu\/sk\/odstupenie-od-zmluvy\/","title":{"rendered":"Odst\u00fapenie od zmluvy"},"content":{"rendered":"<div class=\"wpb-content-wrapper\"><p>[vc_row css_animation=&#8220;&#8220; row_type=&#8220;row&#8220; use_row_as_full_screen_section=&#8220;no&#8220; type=&#8220;full_width&#8220; angled_section=&#8220;no&#8220; text_align=&#8220;left&#8220; background_image_as_pattern=&#8220;without_pattern&#8220;][vc_column][vc_empty_space height=&#8220;100px&#8220;][\/vc_column][\/vc_row][vc_row css_animation=&#8220;&#8220; row_type=&#8220;row&#8220; use_row_as_full_screen_section=&#8220;no&#8220; type=&#8220;grid&#8220; angled_section=&#8220;no&#8220; text_align=&#8220;left&#8220; background_image_as_pattern=&#8220;without_pattern&#8220; z_index=&#8220;&#8220;][vc_column][vc_column_text]<\/p>\n<h3><strong>Odst\u00fapenie od zmluvy<\/strong><\/h3>\n<p>&nbsp;<\/p>\n<p>1.Kupuj\u00faci, ktor\u00fd uzavrel k\u00fapnu zmluvu mimo svoju podnikate\u013esk\u00fa \u010dinnos\u0165 ako spotrebite\u013e, m\u00e1 pr\u00e1vo od k\u00fapnej zmluvy odst\u00fapi\u0165.<\/p>\n<p>&nbsp;<\/p>\n<p>2. Pokia\u013e je k\u00fapna zmluva uzatvoren\u00e1 na dia\u013eku (prostredn\u00edctvom internetov\u00e9ho obchodu) alebo mimo prev\u00e1dzkov\u00fdch priestorov pred\u00e1vaj\u00faceho, a z\u00e1rove\u0148 ak pred\u00e1vaj\u00faci v\u010das a riadne poskytol kupuj\u00facemu inform\u00e1cie o pr\u00e1ve odst\u00fapi\u0165 od k\u00fapnej zmluvy, podmienkach, lehote a postupe pri up-lat\u0148ovan\u00ed pr\u00e1va na odst\u00fapenie od k\u00fapnej zmluvy vr\u00e1tane formul\u00e1ra na odst\u00fapenie od k\u00fapnej zmluvy (v s\u00falade s ustanoven\u00edm \u00a7 3 ods. 1 p\u00edsm. h) z\u00e1kona o ochrane spotrebite\u013ea pri predaji na dia\u013eku) a za s\u00fa\u010dasn\u00e9ho splnenia z\u00e1konom vy\u017eadovan\u00fdch skuto\u010dnost\u00ed, m\u00e1 kupuj\u00faci pod\u013ea z\u00e1kona o ochrane spot-rebite\u013ea pri predaji na dia\u013eku pr\u00e1vo bez uvedenia d\u00f4vodu a bez akejko\u013evek sankcie odst\u00fapi\u0165 od k\u00fapnej zmluvy.<\/p>\n<p>&nbsp;<\/p>\n<p>3. Lehota na odst\u00fapenie od zmluvy je 14 dn\u00ed<br \/>\n\u2022 okamihom prevzatia tovaru, ktor\u00fd bol dodan\u00fd ako posledn\u00fd, ak je predmetom k\u00fapnej zmluvy ob-jednan\u00fd tovar, ktor\u00fd sa dod\u00e1va oddelene<br \/>\n\u2022 okamihom prevzatia posledn\u00e9ho dielu alebo posledn\u00e9ho kusu, ak je predmetom k\u00fapnej zmluvy nieko\u013eko druhov tovaru alebo dodanie nieko\u013ek\u00fdch \u010dast\u00ed,<br \/>\n\u2022 okamihom prevzatia prv\u00e9ho dodan\u00e9ho tovaru, ak je predmetom k\u00fapnej zmluvy tovar, ktor\u00fd je do-d\u00e1van\u00fd po\u010das vymedzen\u00e9ho obdobia.<\/p>\n<p>&nbsp;<\/p>\n<p>4. Kupuj\u00faci berie na vedomie, \u017ee v s\u00falade s ustanoven\u00edm \u00a7 7 ods. 6 z\u00e1kona o ochrane spotrebite\u013ea pri predaji na dia\u013eku nem\u00f4\u017ee okrem in\u00e9ho odst\u00fapi\u0165 od k\u00fapnej zmluvy:<br \/>\n\u2022 poskytnutie slu\u017eby, ak sa jej poskytovanie za\u010dalo s v\u00fdslovn\u00fdm s\u00fahlasom spotrebite\u013ea a spotrebite\u013e vyhl\u00e1sil, \u017ee bol riadne pou\u010den\u00fd o tom, \u017ee vyjadren\u00edm tohto s\u00fahlasu str\u00e1ca pr\u00e1vo na odst\u00fapenie od zmluvy po \u00faplnom poskytnut\u00ed slu\u017eby, a ak do\u0161lo k \u00fapln\u00e9mu poskytnutiu slu\u017eby,<br \/>\n\u2022 predaj tovaru alebo poskytnutie slu\u017eby, ktor\u00fdch cena z\u00e1vis\u00ed od pohybu cien na finan\u010dnom trhu, ktor\u00fd pred\u00e1vaj\u00faci nem\u00f4\u017ee ovplyvni\u0165 a ku ktor\u00e9mu m\u00f4\u017ee d\u00f4js\u0165 po\u010das plynutia lehoty na odst\u00fapenie od zmluvy,<br \/>\n\u2022 predaj tovaru zhotoven\u00e9ho pod\u013ea osobitn\u00fdch po\u017eiadaviek spotrebite\u013ea, tovaru vyroben\u00e9ho na mie-ru alebo tovaru ur\u010den\u00e9ho osobitne pre jedn\u00e9ho spotrebite\u013ea,<br \/>\n\u2022 predaj tovaru, ktor\u00fd podlieha r\u00fdchlemu zn\u00ed\u017eeniu akosti alebo skaze,<br \/>\n\u2022 predaj tovaru uzavret\u00e9ho v ochrannom obale, ktor\u00fd nie je vhodn\u00e9 vr\u00e1ti\u0165 z d\u00f4vodu ochrany zdravia alebo z hygienick\u00fdch d\u00f4vodov a ktor\u00e9ho ochrann\u00fd obal bol po dodan\u00ed poru\u0161en\u00fd,<br \/>\n\u2022 predaj tovaru, ktor\u00fd m\u00f4\u017ee by\u0165 vzh\u013eadom na svoju povahu po dodan\u00ed neoddelite\u013ene zmie\u0161an\u00fd s in\u00fdm tovarom,<br \/>\n\u2022 predaj alkoholick\u00fdch n\u00e1pojov, ktor\u00fdch cena bola dohodnut\u00e1 v \u010dase uzavretia zmluvy, pri\u010dom ich dodanie je mo\u017en\u00e9 uskuto\u010dni\u0165 najsk\u00f4r po 30 d\u0148och a ich cena z\u00e1vis\u00ed od pohybu cien na trhu, ktor\u00e9 pred\u00e1vaj\u00faci nem\u00f4\u017ee ovplyvni\u0165,<br \/>\n\u2022 vykonanie naliehav\u00fdch opr\u00e1v alebo \u00fadr\u017eby, o ktor\u00e9 spotrebite\u013e v\u00fdslovne po\u017eiadal pred\u00e1vaj\u00faceho; to neplat\u00ed pre zmluvy o slu\u017eb\u00e1ch a zmluvy, ktor\u00fdch predmetom je predaj in\u00e9ho tovaru ako n\u00e1hrad-n\u00fdch dielov potrebn\u00fdch na vykonanie opravy alebo \u00fadr\u017eby, ak boli uzavret\u00e9 po\u010das n\u00e1v\u0161tevy pred\u00e1vaj\u00faceho u spotrebite\u013ea a spotrebite\u013e si tieto slu\u017eby alebo tovary vopred neobjednal,<br \/>\n\u2022 predaj periodickej tla\u010de s v\u00fdnimkou predaja na z\u00e1klade dohody o predplatnom a predaj kn\u00edh ne-dod\u00e1van\u00fdch v ochrannom obale,<br \/>\n\u2022 poskytnutie ubytovac\u00edch slu\u017eieb na in\u00fd ako ubytovac\u00ed \u00fa\u010del, preprava tovaru, n\u00e1jom automobilov, poskytnutie stravovac\u00edch slu\u017eieb alebo poskytnutie slu\u017eieb s\u00favisiacich s \u010dinnos\u0165ami v r\u00e1mci vo\u013en\u00e9ho \u010dasu a pod\u013ea ktorej sa pred\u00e1vaj\u00faci zav\u00e4zuje poskytn\u00fa\u0165 tieto slu\u017eby v dohodnutom \u010dase alebo v do-hodnutej lehote,<br \/>\n\u2022 poskytovanie elektronick\u00e9ho obsahu inak ako na hmotnom nosi\u010di, ak sa jeho poskytovanie za\u010dalo s v\u00fdslovn\u00fdm s\u00fahlasom spotrebite\u013ea a spotrebite\u013e vyhl\u00e1sil, \u017ee bol riadne pou\u010den\u00fd o tom, \u017ee vyjadren\u00edm tohto s\u00fahlasu str\u00e1ca pr\u00e1vo na odst\u00fapenie od zmluvy.<\/p>\n<p>&nbsp;<\/p>\n<p>5. Pre dodr\u017eanie lehoty na odst\u00fapenie od k\u00fapnej zmluvy mus\u00ed kupuj\u00faci odosla\u0165 ak\u00e9ko\u013evek jednoz-na\u010dn\u00e9 vyhl\u00e1senie vyjadruj\u00face jeho v\u00f4\u013eu odst\u00fapi\u0165 od k\u00fapnej zmluvy a to v stanovenej lehote pod\u013ea ods. 3 \u010dl\u00e1nku VI t\u00fdchto obchodn\u00fdch podmienok.<\/p>\n<p>&nbsp;<\/p>\n<p>6. Pre odst\u00fapenie od k\u00fapnej zmluvy m\u00f4\u017ee kupuj\u00faci vyu\u017ei\u0165 vzorov\u00fd formul\u00e1r na odst\u00fapenie od k\u00fapnej zmluvy poskytovan\u00fd pred\u00e1vaj\u00facim. Odst\u00fapenie od k\u00fapnej zmluvy za\u0161le kupuj\u00faci na emai-lov\u00fa alebo doru\u010dovaciu adresu pred\u00e1vaj\u00faceho uveden\u00fa v t\u00fdchto obchodn\u00fdch podmienkach. Pred\u00e1vaj\u00faci potvrd\u00ed kupuj\u00facemu bezodkladne prijatie formul\u00e1ra.<\/p>\n<p>&nbsp;<\/p>\n<p>7. Kupuj\u00faci, ktor\u00fd odst\u00fapil od k\u00fapnej zmluvy, je povinn\u00fd vr\u00e1ti\u0165 pred\u00e1vaj\u00facemu tovar do 14 dn\u00ed od odst\u00fapenia od k\u00fapnej zmluvy pred\u00e1vaj\u00facemu. Kupuj\u00faci nesie n\u00e1klady na vr\u00e1tenie tovaru pred\u00e1vaj\u00facemu, a to aj v tom pr\u00edpade, ke\u010f tovar nem\u00f4\u017ee by\u0165 vr\u00e1ten\u00fd pre svoju povahu po\u0161tou.<\/p>\n<p>&nbsp;<\/p>\n<p>8. Ak odst\u00fapi kupuj\u00faci od k\u00fapnej zmluvy, vr\u00e1ti mu pred\u00e1vaj\u00faci bezodkladne, najnesk\u00f4r v\u0161ak do 14 dn\u00ed od odst\u00fapenia od k\u00fapnej zmluvy, v\u0161etky pe\u0148a\u017en\u00e9 prostriedky vr\u00e1tane n\u00e1kladov na dodanie, ktor\u00e9 od neho prijal, a to rovnak\u00fdm sp\u00f4sobom. Pred\u00e1vaj\u00faci vr\u00e1ti kupuj\u00facemu prijat\u00e9 pe\u0148a\u017en\u00e9 pros-triedky in\u00fdm sp\u00f4sobom len vtedy, ak s t\u00fdm kupuj\u00faci s\u00fahlas\u00ed a ak mu t\u00fdm nevznikn\u00fa \u010fal\u0161ie n\u00e1klady.<\/p>\n<p>&nbsp;<\/p>\n<p>9. Ak kupuj\u00faci zvolil in\u00fd, ne\u017e najlacnej\u0161\u00ed sp\u00f4sob dodania tovaru, ktor\u00fd pred\u00e1vaj\u00faci pon\u00faka, vr\u00e1ti pred\u00e1vaj\u00faci kupuj\u00facemu n\u00e1klady na dodanie tovaru vo v\u00fd\u0161ke zodpovedaj\u00facej najlacnej\u0161iemu pon\u00fakan\u00e9mu sp\u00f4sobu dodania tovaru.<\/p>\n<p>&nbsp;<\/p>\n<p>10. Ak odst\u00fapi kupuj\u00faci od k\u00fapnej zmluvy, nie je pred\u00e1vaj\u00faci povinn\u00fd vr\u00e1ti\u0165 prijat\u00e9 pe\u0148a\u017en\u00e9 prostri-edky kupuj\u00facemu sk\u00f4r, ne\u017e mu kupuj\u00faci tovar odovzd\u00e1 alebo preuk\u00e1\u017ee, \u017ee tovar pred\u00e1vaj\u00facemu odoslal.<\/p>\n<p>&nbsp;<\/p>\n<p>11. Tovar mus\u00ed vr\u00e1ti\u0165 kupuj\u00faci pred\u00e1vaj\u00facemu nepo\u0161koden\u00fd, neopotrebovan\u00fd a nezne\u010disten\u00fd a ak je to mo\u017en\u00e9, v p\u00f4vodnom obale. N\u00e1rok na n\u00e1hradu \u0161kody vzniknut\u00e9 na tovare je pred\u00e1vaj\u00faci opr\u00e1v-nen\u00fd jednostranne zapo\u010d\u00edta\u0165 proti n\u00e1roku kupuj\u00faceho na vr\u00e1tenie k\u00fapnej ceny.<\/p>\n<p>&nbsp;<\/p>\n<p>12. Pred\u00e1vaj\u00faci je opr\u00e1vnen\u00fd odst\u00fapi\u0165 od k\u00fapnej zmluvy z d\u00f4vodu vypredania z\u00e1sob, nedostupnosti tovaru, alebo ke\u010f v\u00fdrobca, dovozca alebo dod\u00e1vate\u013e tovaru preru\u0161il v\u00fdrobu alebo dovoz tovaru. Pred\u00e1vaj\u00faci bezodkladne informuje kupuj\u00faceho prostredn\u00edctvo emailovej adresy uvedenej v objed-n\u00e1vke a vr\u00e1ti v lehote 14 dn\u00ed od ozn\u00e1menia o odst\u00fapen\u00ed od k\u00fapnej zmluvy v\u0161etky pe\u0148a\u017en\u00e9 prostri-edky vr\u00e1tane n\u00e1kladov na dodanie, ktor\u00e9 od neho na z\u00e1klade zmluvy prijal, a to rovnak\u00fdm sp\u00f4so-bom, pr\u00edpadne sp\u00f4sobom ur\u010den\u00fdm kupuj\u00facim.<\/p>\n<p>[\/vc_column_text][\/vc_column][\/vc_row][vc_row css_animation=&#8220;&#8220; row_type=&#8220;row&#8220; use_row_as_full_screen_section=&#8220;no&#8220; type=&#8220;full_width&#8220; angled_section=&#8220;no&#8220; text_align=&#8220;left&#8220; background_image_as_pattern=&#8220;without_pattern&#8220;][vc_column][vc_empty_space height=&#8220;100px&#8220;][\/vc_column][\/vc_row]<\/p>\n<\/div>","protected":false},"excerpt":{"rendered":"<p>[vc_row css_animation=&#8220;&#8220; row_type=&#8220;row&#8220; use_row_as_full_screen_section=&#8220;no&#8220; type=&#8220;full_width&#8220; angled_section=&#8220;no&#8220; text_align=&#8220;left&#8220; background_image_as_pattern=&#8220;without_pattern&#8220;][vc_column][vc_empty_space height=&#8220;100px&#8220;][\/vc_column][\/vc_row][vc_row css_animation=&#8220;&#8220; row_type=&#8220;row&#8220; use_row_as_full_screen_section=&#8220;no&#8220; type=&#8220;grid&#8220; angled_section=&#8220;no&#8220; text_align=&#8220;left&#8220; background_image_as_pattern=&#8220;without_pattern&#8220; z_index=&#8220;&#8220;][vc_column][vc_column_text] Odst\u00fapenie od zmluvy &nbsp; 1.Kupuj\u00faci, ktor\u00fd uzavrel k\u00fapnu zmluvu mimo svoju podnikate\u013esk\u00fa \u010dinnos\u0165 ako spotrebite\u013e, m\u00e1 pr\u00e1vo od k\u00fapnej zmluvy odst\u00fapi\u0165. &nbsp; 2. Pokia\u013e je k\u00fapna zmluva uzatvoren\u00e1&#8230;<\/p>\n","protected":false},"author":1,"featured_media":0,"parent":0,"menu_order":0,"comment_status":"closed","ping_status":"closed","template":"full_width.php","meta":{"footnotes":""},"class_list":["post-807","page","type-page","status-publish","hentry"],"yoast_head":"<!-- This site is optimized with the Yoast SEO plugin v27.1.1 - https:\/\/yoast.com\/product\/yoast-seo-wordpress\/ -->\n<title>Odst\u00fapenie od zmluvy | Nekmar<\/title>\n<meta name=\"robots\" content=\"noindex, follow\" \/>\n<meta property=\"og:locale\" content=\"sk_SK\" \/>\n<meta property=\"og:type\" content=\"article\" \/>\n<meta property=\"og:title\" content=\"Odst\u00fapenie od zmluvy | Nekmar\" \/>\n<meta property=\"og:description\" content=\"[vc_row css_animation=&#8220;&#8220; row_type=&#8220;row&#8220; use_row_as_full_screen_section=&#8220;no&#8220; type=&#8220;full_width&#8220; angled_section=&#8220;no&#8220; text_align=&#8220;left&#8220; background_image_as_pattern=&#8220;without_pattern&#8220;][vc_column][vc_empty_space height=&#8220;100px&#8220;][\/vc_column][\/vc_row][vc_row css_animation=&#8220;&#8220; row_type=&#8220;row&#8220; use_row_as_full_screen_section=&#8220;no&#8220; type=&#8220;grid&#8220; angled_section=&#8220;no&#8220; text_align=&#8220;left&#8220; background_image_as_pattern=&#8220;without_pattern&#8220; z_index=&#8220;&#8220;][vc_column][vc_column_text] Odst\u00fapenie od zmluvy &nbsp; 1.Kupuj\u00faci, ktor\u00fd uzavrel k\u00fapnu zmluvu mimo svoju podnikate\u013esk\u00fa \u010dinnos\u0165 ako spotrebite\u013e, m\u00e1 pr\u00e1vo od k\u00fapnej zmluvy odst\u00fapi\u0165. &nbsp; 2. Pokia\u013e je k\u00fapna zmluva uzatvoren\u00e1...\" \/>\n<meta property=\"og:url\" content=\"https:\/\/nekmar.eu\/sk\/odstupenie-od-zmluvy\/\" \/>\n<meta property=\"og:site_name\" content=\"Nekmar\" \/>\n<meta property=\"article:publisher\" content=\"https:\/\/www.facebook.com\/nekmarpetnutrition\/\" \/>\n<meta property=\"article:modified_time\" content=\"2021-01-08T20:53:59+00:00\" \/>\n<meta property=\"og:image\" content=\"https:\/\/nekmar.eu\/sk\/wp-content\/uploads\/2019\/08\/nekmar-f.jpg\" \/>\n\t<meta property=\"og:image:width\" content=\"1200\" \/>\n\t<meta property=\"og:image:height\" content=\"630\" \/>\n\t<meta property=\"og:image:type\" content=\"image\/jpeg\" \/>\n<meta name=\"twitter:card\" content=\"summary_large_image\" \/>\n<meta name=\"twitter:label1\" content=\"Predpokladan\u00fd \u010das \u010d\u00edtania\" \/>\n\t<meta name=\"twitter:data1\" content=\"7 min\u00fat\" \/>\n<script type=\"application\/ld+json\" class=\"yoast-schema-graph\">{\"@context\":\"https:\/\/schema.org\",\"@graph\":[{\"@type\":\"WebPage\",\"@id\":\"https:\/\/nekmar.eu\/sk\/odstupenie-od-zmluvy\/\",\"url\":\"https:\/\/nekmar.eu\/sk\/odstupenie-od-zmluvy\/\",\"name\":\"Odst\u00fapenie od zmluvy | Nekmar\",\"isPartOf\":{\"@id\":\"https:\/\/nekmar.eu\/sk\/#website\"},\"datePublished\":\"2019-10-16T12:19:02+00:00\",\"dateModified\":\"2021-01-08T20:53:59+00:00\",\"breadcrumb\":{\"@id\":\"https:\/\/nekmar.eu\/sk\/odstupenie-od-zmluvy\/#breadcrumb\"},\"inLanguage\":\"sk-SK\",\"potentialAction\":[{\"@type\":\"ReadAction\",\"target\":[\"https:\/\/nekmar.eu\/sk\/odstupenie-od-zmluvy\/\"]}]},{\"@type\":\"BreadcrumbList\",\"@id\":\"https:\/\/nekmar.eu\/sk\/odstupenie-od-zmluvy\/#breadcrumb\",\"itemListElement\":[{\"@type\":\"ListItem\",\"position\":1,\"name\":\"Home\",\"item\":\"https:\/\/nekmar.eu\/sk\/\"},{\"@type\":\"ListItem\",\"position\":2,\"name\":\"Odst\u00fapenie od zmluvy\"}]},{\"@type\":\"WebSite\",\"@id\":\"https:\/\/nekmar.eu\/sk\/#website\",\"url\":\"https:\/\/nekmar.eu\/sk\/\",\"name\":\"Nekmar\",\"description\":\"Pet Nutrition\",\"publisher\":{\"@id\":\"https:\/\/nekmar.eu\/sk\/#organization\"},\"potentialAction\":[{\"@type\":\"SearchAction\",\"target\":{\"@type\":\"EntryPoint\",\"urlTemplate\":\"https:\/\/nekmar.eu\/sk\/?s={search_term_string}\"},\"query-input\":{\"@type\":\"PropertyValueSpecification\",\"valueRequired\":true,\"valueName\":\"search_term_string\"}}],\"inLanguage\":\"sk-SK\"},{\"@type\":\"Organization\",\"@id\":\"https:\/\/nekmar.eu\/sk\/#organization\",\"name\":\"Nekmar Pet Nutrition\",\"url\":\"https:\/\/nekmar.eu\/sk\/\",\"logo\":{\"@type\":\"ImageObject\",\"inLanguage\":\"sk-SK\",\"@id\":\"https:\/\/nekmar.eu\/sk\/#\/schema\/logo\/image\/\",\"url\":\"https:\/\/nekmar.eu\/sk\/wp-content\/uploads\/2019\/08\/Nekmar-contact.jpg\",\"contentUrl\":\"https:\/\/nekmar.eu\/sk\/wp-content\/uploads\/2019\/08\/Nekmar-contact.jpg\",\"width\":600,\"height\":142,\"caption\":\"Nekmar Pet Nutrition\"},\"image\":{\"@id\":\"https:\/\/nekmar.eu\/sk\/#\/schema\/logo\/image\/\"},\"sameAs\":[\"https:\/\/www.facebook.com\/nekmarpetnutrition\/\",\"https:\/\/www.instagram.com\/nekmarpetnutrition\/\"]}]}<\/script>\n<!-- \/ Yoast SEO plugin. -->","yoast_head_json":{"title":"Odst\u00fapenie od zmluvy | Nekmar","robots":{"index":"noindex","follow":"follow"},"og_locale":"sk_SK","og_type":"article","og_title":"Odst\u00fapenie od zmluvy | Nekmar","og_description":"[vc_row css_animation=&#8220;&#8220; row_type=&#8220;row&#8220; use_row_as_full_screen_section=&#8220;no&#8220; type=&#8220;full_width&#8220; angled_section=&#8220;no&#8220; text_align=&#8220;left&#8220; background_image_as_pattern=&#8220;without_pattern&#8220;][vc_column][vc_empty_space height=&#8220;100px&#8220;][\/vc_column][\/vc_row][vc_row css_animation=&#8220;&#8220; row_type=&#8220;row&#8220; use_row_as_full_screen_section=&#8220;no&#8220; type=&#8220;grid&#8220; angled_section=&#8220;no&#8220; text_align=&#8220;left&#8220; background_image_as_pattern=&#8220;without_pattern&#8220; z_index=&#8220;&#8220;][vc_column][vc_column_text] Odst\u00fapenie od zmluvy &nbsp; 1.Kupuj\u00faci, ktor\u00fd uzavrel k\u00fapnu zmluvu mimo svoju podnikate\u013esk\u00fa \u010dinnos\u0165 ako spotrebite\u013e, m\u00e1 pr\u00e1vo od k\u00fapnej zmluvy odst\u00fapi\u0165. &nbsp; 2. Pokia\u013e je k\u00fapna zmluva uzatvoren\u00e1...","og_url":"https:\/\/nekmar.eu\/sk\/odstupenie-od-zmluvy\/","og_site_name":"Nekmar","article_publisher":"https:\/\/www.facebook.com\/nekmarpetnutrition\/","article_modified_time":"2021-01-08T20:53:59+00:00","og_image":[{"width":1200,"height":630,"url":"https:\/\/nekmar.eu\/sk\/wp-content\/uploads\/2019\/08\/nekmar-f.jpg","type":"image\/jpeg"}],"twitter_card":"summary_large_image","twitter_misc":{"Predpokladan\u00fd \u010das \u010d\u00edtania":"7 min\u00fat"},"schema":{"@context":"https:\/\/schema.org","@graph":[{"@type":"WebPage","@id":"https:\/\/nekmar.eu\/sk\/odstupenie-od-zmluvy\/","url":"https:\/\/nekmar.eu\/sk\/odstupenie-od-zmluvy\/","name":"Odst\u00fapenie od zmluvy | Nekmar","isPartOf":{"@id":"https:\/\/nekmar.eu\/sk\/#website"},"datePublished":"2019-10-16T12:19:02+00:00","dateModified":"2021-01-08T20:53:59+00:00","breadcrumb":{"@id":"https:\/\/nekmar.eu\/sk\/odstupenie-od-zmluvy\/#breadcrumb"},"inLanguage":"sk-SK","potentialAction":[{"@type":"ReadAction","target":["https:\/\/nekmar.eu\/sk\/odstupenie-od-zmluvy\/"]}]},{"@type":"BreadcrumbList","@id":"https:\/\/nekmar.eu\/sk\/odstupenie-od-zmluvy\/#breadcrumb","itemListElement":[{"@type":"ListItem","position":1,"name":"Home","item":"https:\/\/nekmar.eu\/sk\/"},{"@type":"ListItem","position":2,"name":"Odst\u00fapenie od zmluvy"}]},{"@type":"WebSite","@id":"https:\/\/nekmar.eu\/sk\/#website","url":"https:\/\/nekmar.eu\/sk\/","name":"Nekmar","description":"Pet Nutrition","publisher":{"@id":"https:\/\/nekmar.eu\/sk\/#organization"},"potentialAction":[{"@type":"SearchAction","target":{"@type":"EntryPoint","urlTemplate":"https:\/\/nekmar.eu\/sk\/?s={search_term_string}"},"query-input":{"@type":"PropertyValueSpecification","valueRequired":true,"valueName":"search_term_string"}}],"inLanguage":"sk-SK"},{"@type":"Organization","@id":"https:\/\/nekmar.eu\/sk\/#organization","name":"Nekmar Pet Nutrition","url":"https:\/\/nekmar.eu\/sk\/","logo":{"@type":"ImageObject","inLanguage":"sk-SK","@id":"https:\/\/nekmar.eu\/sk\/#\/schema\/logo\/image\/","url":"https:\/\/nekmar.eu\/sk\/wp-content\/uploads\/2019\/08\/Nekmar-contact.jpg","contentUrl":"https:\/\/nekmar.eu\/sk\/wp-content\/uploads\/2019\/08\/Nekmar-contact.jpg","width":600,"height":142,"caption":"Nekmar Pet Nutrition"},"image":{"@id":"https:\/\/nekmar.eu\/sk\/#\/schema\/logo\/image\/"},"sameAs":["https:\/\/www.facebook.com\/nekmarpetnutrition\/","https:\/\/www.instagram.com\/nekmarpetnutrition\/"]}]}},"_links":{"self":[{"href":"https:\/\/nekmar.eu\/sk\/wp-json\/wp\/v2\/pages\/807","targetHints":{"allow":["GET"]}}],"collection":[{"href":"https:\/\/nekmar.eu\/sk\/wp-json\/wp\/v2\/pages"}],"about":[{"href":"https:\/\/nekmar.eu\/sk\/wp-json\/wp\/v2\/types\/page"}],"author":[{"embeddable":true,"href":"https:\/\/nekmar.eu\/sk\/wp-json\/wp\/v2\/users\/1"}],"replies":[{"embeddable":true,"href":"https:\/\/nekmar.eu\/sk\/wp-json\/wp\/v2\/comments?post=807"}],"version-history":[{"count":6,"href":"https:\/\/nekmar.eu\/sk\/wp-json\/wp\/v2\/pages\/807\/revisions"}],"predecessor-version":[{"id":1613,"href":"https:\/\/nekmar.eu\/sk\/wp-json\/wp\/v2\/pages\/807\/revisions\/1613"}],"wp:attachment":[{"href":"https:\/\/nekmar.eu\/sk\/wp-json\/wp\/v2\/media?parent=807"}],"curies":[{"name":"wp","href":"https:\/\/api.w.org\/{rel}","templated":true}]}}