{"id":850,"date":"2019-11-05T11:07:04","date_gmt":"2019-11-05T11:07:04","guid":{"rendered":"http:\/\/nekmar.eu\/sk\/?page_id=850"},"modified":"2021-01-08T21:52:25","modified_gmt":"2021-01-08T21:52:25","slug":"formular","status":"publish","type":"page","link":"https:\/\/nekmar.eu\/sk\/formular\/","title":{"rendered":"Formular"},"content":{"rendered":"<div class=\"wpb-content-wrapper\"><p>[vc_row css_animation=&#8220;&#8220; row_type=&#8220;row&#8220; use_row_as_full_screen_section=&#8220;no&#8220; type=&#8220;full_width&#8220; angled_section=&#8220;no&#8220; text_align=&#8220;left&#8220; background_image_as_pattern=&#8220;without_pattern&#8220;][vc_column]\n\t\t\t\t<p class=\"rs-p-wp-fix\"><\/p>\n\t\t\t\t<sr7-module data-alias=\"distributors\" data-id=\"10\" id=\"SR7_10_1\" data-version=\"6.7.51\">\n\t\t\t\t\t<sr7-adjuster><\/sr7-adjuster>\n\t\t\t\t\t<sr7-content>\n\t\t\t\t\t\t<sr7-slide id=\"SR7_10_1-10\" data-key=\"10\">\n\t\t\t\t\t\t\t<sr7-bg id=\"SR7_10_1-10-slidebg\" class=\"sr7-layer\"><noscript><img decoding=\"async\" src=\"https:\/\/nekmar.eu\/sk\/wp-content\/uploads\/2019\/08\/Nekmar-distributors.jpg\" alt=\"\" title=\"Formular\"><\/noscript><\/sr7-bg>\n\t\t\t\t\t\t\t<sr7-txt id=\"SR7_10_1-10-6\" class=\"sr7-layer\">STA\u0147 SA<\/br>\nNEKMAR<\/br>\nPARTNER\n<\/sr7-txt>\n\t\t\t\t\t\t<\/sr7-slide>\n\t\t\t\t\t\t<sr7-slide id=\"SR7_10_1-174\" data-key=\"174\">\n\t\t\t\t\t\t<\/sr7-slide>\n\t\t\t\t\t<\/sr7-content>\n\t\t\t\t<\/sr7-module>\n\t\t\t\t<script>\n\t\t\t\t\twindow.SR7 ??={};SR7.PMH ??={}; SR7.PMH[\"SR7_10_1\"] = {cn:100,state:false,fn: function() { if (window._tpt!==undefined && window._tpt.prepareModuleHeight !== undefined) {  _tpt.prepareModuleHeight({id:\"SR7_10_1\",el:[522,522,500,500],type:'standard',shdw:'0',gh:[522,522,500,500],gw:[1920,1920,778,480],vpt:['-200px'],size:{fullWidth:true, fullHeight:false},mh:'0',onh:0,onw:0,bg:{color:'transparent'},plType:'0',plColor:'#FFFFFF'});   SR7.PMH[\"SR7_10_1\"].state=true;} else if(SR7.PMH[\"SR7_10_1\"].cn-->0)\tsetTimeout( SR7.PMH[\"SR7_10_1\"].fn,19);}};SR7.PMH[\"SR7_10_1\" ].fn();\n\t\t\t\t<\/script>\n[\/vc_column][\/vc_row][vc_row css_animation=&#8220;&#8220; row_type=&#8220;row&#8220; use_row_as_full_screen_section=&#8220;no&#8220; type=&#8220;grid&#8220; angled_section=&#8220;no&#8220; text_align=&#8220;center&#8220; background_image_as_pattern=&#8220;without_pattern&#8220; z_index=&#8220;&#8220;][vc_column][vc_empty_space height=&#8220;50px&#8220;][vc_column_text]<\/p>\n<h3 style=\"text-align: center;\">VYPL\u0147TE KONTAKTN\u00dd FORMUL\u00c1R<\/h3>\n<p>[\/vc_column_text][vc_empty_space height=&#8220;50px&#8220;][vc_column_text]<\/p>\n<p style=\"text-align: center;\">Po vyplnen\u00ed formul\u00e1ra v\u00e1s budeme kontaktova\u0165.<\/p>\n<p>[\/vc_column_text][vc_empty_space height=&#8220;20px&#8220;]\n<div class=\"wpcf7 no-js\" id=\"wpcf7-f849-o1\" lang=\"en-US\" dir=\"ltr\" data-wpcf7-id=\"849\">\n<div class=\"screen-reader-response\"><p role=\"status\" aria-live=\"polite\" aria-atomic=\"true\"><\/p> <ul><\/ul><\/div>\n<form action=\"\/sk\/wp-json\/wp\/v2\/pages\/850#wpcf7-f849-o1\" method=\"post\" class=\"wpcf7-form init cf7_custom_style_1\" aria-label=\"Contact form\" novalidate=\"novalidate\" data-status=\"init\">\n<fieldset class=\"hidden-fields-container\"><input type=\"hidden\" name=\"_wpcf7\" value=\"849\" \/><input type=\"hidden\" name=\"_wpcf7_version\" value=\"6.1.5\" \/><input type=\"hidden\" name=\"_wpcf7_locale\" value=\"en_US\" \/><input type=\"hidden\" name=\"_wpcf7_unit_tag\" value=\"wpcf7-f849-o1\" \/><input type=\"hidden\" name=\"_wpcf7_container_post\" value=\"0\" \/><input type=\"hidden\" name=\"_wpcf7_posted_data_hash\" value=\"\" \/><input type=\"hidden\" name=\"_wpcf7_recaptcha_response\" value=\"\" \/>\n<\/fieldset>\n<div class=\"two_columns_50_50 clearfix\">\n\t<div class=\"column1\">\n\t\t<div class=\"column_inner\">\n\t\t\t<p><span class=\"wpcf7-form-control-wrap\" data-name=\"your-name\"><input size=\"40\" maxlength=\"400\" class=\"wpcf7-form-control wpcf7-text wpcf7-validates-as-required\" aria-required=\"true\" aria-invalid=\"false\" placeholder=\"MENO A PRIEZVISKO\" value=\"\" type=\"text\" name=\"your-name\" \/><\/span>\n\t\t\t<\/p>\n\t\t<\/div>\n\t<\/div>\n\t<div class=\"column2\">\n\t\t<div class=\"column_inner\">\n\t\t\t<p><span class=\"wpcf7-form-control-wrap\" data-name=\"email\"><input size=\"40\" maxlength=\"400\" class=\"wpcf7-form-control wpcf7-email wpcf7-validates-as-required wpcf7-text wpcf7-validates-as-email\" aria-required=\"true\" aria-invalid=\"false\" placeholder=\"E-MAIL\" value=\"\" type=\"email\" name=\"email\" \/><\/span>\n\t\t\t<\/p>\n\t\t<\/div>\n\t<\/div>\n\t<div class=\"two_columns_50_50 clearfix\">\n\t\t<div class=\"column1\">\n\t\t\t<div class=\"column_inner\">\n\t\t\t\t<p><span class=\"wpcf7-form-control-wrap\" data-name=\"your-phone\"><input size=\"40\" maxlength=\"400\" class=\"wpcf7-form-control wpcf7-text wpcf7-validates-as-required\" aria-required=\"true\" aria-invalid=\"false\" placeholder=\"TELEF\u00d3N\" value=\"\" type=\"text\" name=\"your-phone\" \/><\/span>\n\t\t\t\t<\/p>\n\t\t\t<\/div>\n\t\t<\/div>\n\t\t<div class=\"column2\">\n\t\t\t<div class=\"column_inner\">\n\t\t\t\t<p><span class=\"wpcf7-form-control-wrap\" data-name=\"your-address\"><input size=\"40\" maxlength=\"400\" class=\"wpcf7-form-control wpcf7-text wpcf7-validates-as-required\" aria-required=\"true\" aria-invalid=\"false\" placeholder=\"ADRESA\" value=\"\" type=\"text\" name=\"your-address\" \/><\/span>\n\t\t\t\t<\/p>\n\t\t\t<\/div>\n\t\t<\/div>\n\t\t<div class=\"two_columns_50_50 clearfix\">\n\t\t\t<div class=\"column1\">\n\t\t\t\t<div class=\"column_inner\">\n\t\t\t\t\t<p><span class=\"wpcf7-form-control-wrap\" data-name=\"your-city\"><input size=\"40\" maxlength=\"400\" class=\"wpcf7-form-control wpcf7-text wpcf7-validates-as-required\" aria-required=\"true\" aria-invalid=\"false\" placeholder=\"PO\u0160TOV\u00c9 SMEROVACIE \u010c\u00cdSLO\" value=\"\" type=\"text\" name=\"your-city\" \/><\/span>\n\t\t\t\t\t<\/p>\n\t\t\t\t<\/div>\n\t\t\t<\/div>\n\t\t\t<div class=\"column2\">\n\t\t\t\t<div class=\"column_inner\">\n\t\t\t\t\t<p><span class=\"wpcf7-form-control-wrap\" data-name=\"your-firm\"><input size=\"40\" maxlength=\"400\" class=\"wpcf7-form-control wpcf7-text\" aria-invalid=\"false\" placeholder=\"N\u00c1ZOV SPOLO\u010cNOSTI alebo CHOVNEJ STANICE\" value=\"\" type=\"text\" name=\"your-firm\" \/><\/span>\n\t\t\t\t\t<\/p>\n\t\t\t\t<\/div>\n\t\t\t<\/div>\n\t\t<\/div>\n\t\t<div>\n\t\t\t<p><span class=\"wpcf7-form-control-wrap\" data-name=\"djelatnost\"><textarea cols=\"40\" rows=\"10\" maxlength=\"2000\" class=\"wpcf7-form-control wpcf7-textarea wpcf7-validates-as-required\" aria-required=\"true\" aria-invalid=\"false\" placeholder=\"POVEDZ N\u00c1M, AKO PRACUJE\u0160 SO ZVIERATAMI (SI VETERIN\u00c1R, CHOVATE\u013d, atd.)\" name=\"djelatnost\"><\/textarea><\/span>\n\t\t\t<\/p>\n\t\t<\/div>\n\t\t<div>\n\t\t\t<p><span class=\"wpcf7-form-control-wrap\" data-name=\"napomena\"><textarea cols=\"40\" rows=\"10\" maxlength=\"2000\" class=\"wpcf7-form-control wpcf7-textarea wpcf7-validates-as-required\" aria-required=\"true\" aria-invalid=\"false\" placeholder=\"Pozn\u00e1mka\" name=\"napomena\"><\/textarea><\/span>\n\t\t\t<\/p>\n\t\t<\/div>\n\t\t<p><span class=\"wpcf7-form-control-wrap\" data-name=\"accept-1\"><span class=\"wpcf7-form-control wpcf7-acceptance\"><span class=\"wpcf7-list-item\"><label><input type=\"checkbox\" name=\"accept-1\" value=\"1\" aria-invalid=\"false\" \/><span class=\"wpcf7-list-item-label\">Pre\u010d\u00edtal som si  <a href=\"https:\/\/nekmar.eu\/sk\/gdpr\/\" target=\"_blank\">Z\u00e1sady ochrany <\/a> osobn\u00fdch \u00fadajov a s\u00fahlas\u00edm s t\u00fdm, \u017ee moje inform\u00e1cie s\u00fa pou\u017eit\u00e9 na \u00fa\u010dely sp\u00e4tnej v\u00e4zby.<\/span><\/label><\/span><\/span><\/span>\n\t\t<\/p>\n\t<span class=\"wpcf7-form-control-wrap recaptcha\" data-name=\"recaptcha\"><span data-sitekey=\"6LfZKrgUAAAAAMfRABLoLy93aE9IAGvYDD982PR3\" class=\"wpcf7-form-control wpcf7-recaptcha g-recaptcha\"><\/span>\r\n<noscript>\r\n\t<div class=\"grecaptcha-noscript\">\r\n\t\t<iframe loading=\"lazy\" src=\"https:\/\/www.google.com\/recaptcha\/api\/fallback?k=6LfZKrgUAAAAAMfRABLoLy93aE9IAGvYDD982PR3\" frameborder=\"0\" scrolling=\"no\" width=\"310\" height=\"430\">\r\n\t\t<\/iframe>\r\n\t\t<textarea name=\"g-recaptcha-response\" rows=\"3\" cols=\"40\" placeholder=\"reCaptcha Response Here\">\r\n\t\t<\/textarea>\r\n\t<\/div>\r\n<\/noscript>\r\n<\/span>\n\t\t<div>\n\t\t\t<p><input class=\"wpcf7-form-control wpcf7-submit has-spinner\" type=\"submit\" value=\"ODOSLA\u0164\" \/>\n\t\t\t<\/p>\n\t\t<\/div>\n\t<\/div>\n<\/div><div class=\"wpcf7-response-output\" aria-hidden=\"true\"><\/div>\n<\/form>\n<\/div>\n[vc_empty_space height=&#8220;50px&#8220;][\/vc_column][\/vc_row]<\/p>\n<\/div>","protected":false},"excerpt":{"rendered":"<p>[vc_row css_animation=&#8220;&#8220; row_type=&#8220;row&#8220; use_row_as_full_screen_section=&#8220;no&#8220; type=&#8220;full_width&#8220; angled_section=&#8220;no&#8220; text_align=&#8220;left&#8220; background_image_as_pattern=&#8220;without_pattern&#8220;][vc_column][\/vc_column][\/vc_row][vc_row css_animation=&#8220;&#8220; row_type=&#8220;row&#8220; use_row_as_full_screen_section=&#8220;no&#8220; type=&#8220;grid&#8220; angled_section=&#8220;no&#8220; text_align=&#8220;center&#8220; background_image_as_pattern=&#8220;without_pattern&#8220; z_index=&#8220;&#8220;][vc_column][vc_empty_space height=&#8220;50px&#8220;][vc_column_text] VYPL\u0147TE KONTAKTN\u00dd FORMUL\u00c1R [\/vc_column_text][vc_empty_space height=&#8220;50px&#8220;][vc_column_text] Po vyplnen\u00ed formul\u00e1ra v\u00e1s budeme kontaktova\u0165. [\/vc_column_text][vc_empty_space height=&#8220;20px&#8220;][vc_empty_space height=&#8220;50px&#8220;][\/vc_column][\/vc_row]<\/p>\n","protected":false},"author":1,"featured_media":0,"parent":0,"menu_order":0,"comment_status":"closed","ping_status":"closed","template":"full_width.php","meta":{"footnotes":""},"class_list":["post-850","page","type-page","status-publish","hentry"],"yoast_head":"<!-- This site is optimized with the Yoast SEO plugin v27.1.1 - https:\/\/yoast.com\/product\/yoast-seo-wordpress\/ -->\n<title>Formular | Nekmar<\/title>\n<meta name=\"robots\" content=\"noindex, follow\" \/>\n<meta property=\"og:locale\" content=\"sk_SK\" \/>\n<meta property=\"og:type\" content=\"article\" \/>\n<meta property=\"og:title\" content=\"Formular | Nekmar\" \/>\n<meta property=\"og:description\" content=\"[vc_row css_animation=&#8220;&#8220; row_type=&#8220;row&#8220; use_row_as_full_screen_section=&#8220;no&#8220; type=&#8220;full_width&#8220; angled_section=&#8220;no&#8220; text_align=&#8220;left&#8220; background_image_as_pattern=&#8220;without_pattern&#8220;][vc_column][\/vc_column][\/vc_row][vc_row css_animation=&#8220;&#8220; row_type=&#8220;row&#8220; use_row_as_full_screen_section=&#8220;no&#8220; type=&#8220;grid&#8220; angled_section=&#8220;no&#8220; text_align=&#8220;center&#8220; background_image_as_pattern=&#8220;without_pattern&#8220; z_index=&#8220;&#8220;][vc_column][vc_empty_space height=&#8220;50px&#8220;][vc_column_text] VYPL\u0147TE KONTAKTN\u00dd FORMUL\u00c1R [\/vc_column_text][vc_empty_space height=&#8220;50px&#8220;][vc_column_text] Po vyplnen\u00ed formul\u00e1ra v\u00e1s budeme kontaktova\u0165. [\/vc_column_text][vc_empty_space height=&#8220;20px&#8220;][vc_empty_space height=&#8220;50px&#8220;][\/vc_column][\/vc_row]\" \/>\n<meta property=\"og:url\" content=\"https:\/\/nekmar.eu\/sk\/formular\/\" \/>\n<meta property=\"og:site_name\" content=\"Nekmar\" \/>\n<meta property=\"article:publisher\" content=\"https:\/\/www.facebook.com\/nekmarpetnutrition\/\" \/>\n<meta property=\"article:modified_time\" content=\"2021-01-08T21:52:25+00:00\" \/>\n<meta property=\"og:image\" content=\"https:\/\/nekmar.eu\/sk\/wp-content\/uploads\/2019\/08\/nekmar-f.jpg\" \/>\n\t<meta property=\"og:image:width\" content=\"1200\" \/>\n\t<meta property=\"og:image:height\" content=\"630\" \/>\n\t<meta property=\"og:image:type\" content=\"image\/jpeg\" \/>\n<meta name=\"twitter:card\" content=\"summary_large_image\" \/>\n<meta name=\"twitter:label1\" content=\"Predpokladan\u00fd \u010das \u010d\u00edtania\" \/>\n\t<meta name=\"twitter:data1\" content=\"1 min\u00fata\" \/>\n<script type=\"application\/ld+json\" class=\"yoast-schema-graph\">{\"@context\":\"https:\/\/schema.org\",\"@graph\":[{\"@type\":\"WebPage\",\"@id\":\"https:\/\/nekmar.eu\/sk\/formular\/\",\"url\":\"https:\/\/nekmar.eu\/sk\/formular\/\",\"name\":\"Formular | Nekmar\",\"isPartOf\":{\"@id\":\"https:\/\/nekmar.eu\/sk\/#website\"},\"datePublished\":\"2019-11-05T11:07:04+00:00\",\"dateModified\":\"2021-01-08T21:52:25+00:00\",\"breadcrumb\":{\"@id\":\"https:\/\/nekmar.eu\/sk\/formular\/#breadcrumb\"},\"inLanguage\":\"sk-SK\",\"potentialAction\":[{\"@type\":\"ReadAction\",\"target\":[\"https:\/\/nekmar.eu\/sk\/formular\/\"]}]},{\"@type\":\"BreadcrumbList\",\"@id\":\"https:\/\/nekmar.eu\/sk\/formular\/#breadcrumb\",\"itemListElement\":[{\"@type\":\"ListItem\",\"position\":1,\"name\":\"Home\",\"item\":\"https:\/\/nekmar.eu\/sk\/\"},{\"@type\":\"ListItem\",\"position\":2,\"name\":\"Formular\"}]},{\"@type\":\"WebSite\",\"@id\":\"https:\/\/nekmar.eu\/sk\/#website\",\"url\":\"https:\/\/nekmar.eu\/sk\/\",\"name\":\"Nekmar\",\"description\":\"Pet Nutrition\",\"publisher\":{\"@id\":\"https:\/\/nekmar.eu\/sk\/#organization\"},\"potentialAction\":[{\"@type\":\"SearchAction\",\"target\":{\"@type\":\"EntryPoint\",\"urlTemplate\":\"https:\/\/nekmar.eu\/sk\/?s={search_term_string}\"},\"query-input\":{\"@type\":\"PropertyValueSpecification\",\"valueRequired\":true,\"valueName\":\"search_term_string\"}}],\"inLanguage\":\"sk-SK\"},{\"@type\":\"Organization\",\"@id\":\"https:\/\/nekmar.eu\/sk\/#organization\",\"name\":\"Nekmar Pet Nutrition\",\"url\":\"https:\/\/nekmar.eu\/sk\/\",\"logo\":{\"@type\":\"ImageObject\",\"inLanguage\":\"sk-SK\",\"@id\":\"https:\/\/nekmar.eu\/sk\/#\/schema\/logo\/image\/\",\"url\":\"https:\/\/nekmar.eu\/sk\/wp-content\/uploads\/2019\/08\/Nekmar-contact.jpg\",\"contentUrl\":\"https:\/\/nekmar.eu\/sk\/wp-content\/uploads\/2019\/08\/Nekmar-contact.jpg\",\"width\":600,\"height\":142,\"caption\":\"Nekmar Pet Nutrition\"},\"image\":{\"@id\":\"https:\/\/nekmar.eu\/sk\/#\/schema\/logo\/image\/\"},\"sameAs\":[\"https:\/\/www.facebook.com\/nekmarpetnutrition\/\",\"https:\/\/www.instagram.com\/nekmarpetnutrition\/\"]}]}<\/script>\n<!-- \/ Yoast SEO plugin. -->","yoast_head_json":{"title":"Formular | Nekmar","robots":{"index":"noindex","follow":"follow"},"og_locale":"sk_SK","og_type":"article","og_title":"Formular | Nekmar","og_description":"[vc_row css_animation=&#8220;&#8220; row_type=&#8220;row&#8220; use_row_as_full_screen_section=&#8220;no&#8220; type=&#8220;full_width&#8220; angled_section=&#8220;no&#8220; text_align=&#8220;left&#8220; background_image_as_pattern=&#8220;without_pattern&#8220;][vc_column][\/vc_column][\/vc_row][vc_row css_animation=&#8220;&#8220; row_type=&#8220;row&#8220; use_row_as_full_screen_section=&#8220;no&#8220; type=&#8220;grid&#8220; angled_section=&#8220;no&#8220; text_align=&#8220;center&#8220; background_image_as_pattern=&#8220;without_pattern&#8220; z_index=&#8220;&#8220;][vc_column][vc_empty_space height=&#8220;50px&#8220;][vc_column_text] VYPL\u0147TE KONTAKTN\u00dd FORMUL\u00c1R [\/vc_column_text][vc_empty_space height=&#8220;50px&#8220;][vc_column_text] Po vyplnen\u00ed formul\u00e1ra v\u00e1s budeme kontaktova\u0165. [\/vc_column_text][vc_empty_space height=&#8220;20px&#8220;][vc_empty_space height=&#8220;50px&#8220;][\/vc_column][\/vc_row]","og_url":"https:\/\/nekmar.eu\/sk\/formular\/","og_site_name":"Nekmar","article_publisher":"https:\/\/www.facebook.com\/nekmarpetnutrition\/","article_modified_time":"2021-01-08T21:52:25+00:00","og_image":[{"width":1200,"height":630,"url":"https:\/\/nekmar.eu\/sk\/wp-content\/uploads\/2019\/08\/nekmar-f.jpg","type":"image\/jpeg"}],"twitter_card":"summary_large_image","twitter_misc":{"Predpokladan\u00fd \u010das \u010d\u00edtania":"1 min\u00fata"},"schema":{"@context":"https:\/\/schema.org","@graph":[{"@type":"WebPage","@id":"https:\/\/nekmar.eu\/sk\/formular\/","url":"https:\/\/nekmar.eu\/sk\/formular\/","name":"Formular | Nekmar","isPartOf":{"@id":"https:\/\/nekmar.eu\/sk\/#website"},"datePublished":"2019-11-05T11:07:04+00:00","dateModified":"2021-01-08T21:52:25+00:00","breadcrumb":{"@id":"https:\/\/nekmar.eu\/sk\/formular\/#breadcrumb"},"inLanguage":"sk-SK","potentialAction":[{"@type":"ReadAction","target":["https:\/\/nekmar.eu\/sk\/formular\/"]}]},{"@type":"BreadcrumbList","@id":"https:\/\/nekmar.eu\/sk\/formular\/#breadcrumb","itemListElement":[{"@type":"ListItem","position":1,"name":"Home","item":"https:\/\/nekmar.eu\/sk\/"},{"@type":"ListItem","position":2,"name":"Formular"}]},{"@type":"WebSite","@id":"https:\/\/nekmar.eu\/sk\/#website","url":"https:\/\/nekmar.eu\/sk\/","name":"Nekmar","description":"Pet Nutrition","publisher":{"@id":"https:\/\/nekmar.eu\/sk\/#organization"},"potentialAction":[{"@type":"SearchAction","target":{"@type":"EntryPoint","urlTemplate":"https:\/\/nekmar.eu\/sk\/?s={search_term_string}"},"query-input":{"@type":"PropertyValueSpecification","valueRequired":true,"valueName":"search_term_string"}}],"inLanguage":"sk-SK"},{"@type":"Organization","@id":"https:\/\/nekmar.eu\/sk\/#organization","name":"Nekmar Pet Nutrition","url":"https:\/\/nekmar.eu\/sk\/","logo":{"@type":"ImageObject","inLanguage":"sk-SK","@id":"https:\/\/nekmar.eu\/sk\/#\/schema\/logo\/image\/","url":"https:\/\/nekmar.eu\/sk\/wp-content\/uploads\/2019\/08\/Nekmar-contact.jpg","contentUrl":"https:\/\/nekmar.eu\/sk\/wp-content\/uploads\/2019\/08\/Nekmar-contact.jpg","width":600,"height":142,"caption":"Nekmar Pet Nutrition"},"image":{"@id":"https:\/\/nekmar.eu\/sk\/#\/schema\/logo\/image\/"},"sameAs":["https:\/\/www.facebook.com\/nekmarpetnutrition\/","https:\/\/www.instagram.com\/nekmarpetnutrition\/"]}]}},"_links":{"self":[{"href":"https:\/\/nekmar.eu\/sk\/wp-json\/wp\/v2\/pages\/850","targetHints":{"allow":["GET"]}}],"collection":[{"href":"https:\/\/nekmar.eu\/sk\/wp-json\/wp\/v2\/pages"}],"about":[{"href":"https:\/\/nekmar.eu\/sk\/wp-json\/wp\/v2\/types\/page"}],"author":[{"embeddable":true,"href":"https:\/\/nekmar.eu\/sk\/wp-json\/wp\/v2\/users\/1"}],"replies":[{"embeddable":true,"href":"https:\/\/nekmar.eu\/sk\/wp-json\/wp\/v2\/comments?post=850"}],"version-history":[{"count":3,"href":"https:\/\/nekmar.eu\/sk\/wp-json\/wp\/v2\/pages\/850\/revisions"}],"predecessor-version":[{"id":1590,"href":"https:\/\/nekmar.eu\/sk\/wp-json\/wp\/v2\/pages\/850\/revisions\/1590"}],"wp:attachment":[{"href":"https:\/\/nekmar.eu\/sk\/wp-json\/wp\/v2\/media?parent=850"}],"curies":[{"name":"wp","href":"https:\/\/api.w.org\/{rel}","templated":true}]}}