{"id":1904,"date":"2022-08-18T19:37:07","date_gmt":"2022-08-18T19:37:07","guid":{"rendered":"https:\/\/nekmar.eu\/sk\/?post_type=product&#038;p=1904"},"modified":"2024-09-07T18:45:04","modified_gmt":"2024-09-07T18:45:04","slug":"nekmar-lososovy-olej","status":"publish","type":"product","link":"https:\/\/nekmar.eu\/sk\/produkt\/nekmar-lososovy-olej\/","title":{"rendered":"NEKMAR Lososov\u00fd olej"},"content":{"rendered":"<div class=\"wpb-content-wrapper\"><p>[vc_row css_animation=&#8220;&#8220; row_type=&#8220;row&#8220; use_row_as_full_screen_section=&#8220;no&#8220; type=&#8220;full_width&#8220; angled_section=&#8220;no&#8220; text_align=&#8220;left&#8220; background_image_as_pattern=&#8220;without_pattern&#8220;][vc_column][vc_column_text]100% \u010dist\u00fd vysoko kvalitn\u00fd lososov\u00fd olej z\u00edskan\u00fd z eur\u00f3pskeho lososa vhodn\u00fd na \u013eudsk\u00fa spotrebu pod\u013ea CE reg 1069\/2009.<\/p>\n<p>&nbsp;<\/p>\n<p><strong>Pou\u017eitie:<\/strong>\u00a0Lososov\u00fd olej je krmivo pre psov a ma\u010dky, ktor\u00e9 okrem pozit\u00edvneho \u00fa\u010dinku na ko\u017eu a srs\u0165 zlep\u0161uje aj chu\u0165 do jedla a podporuje imunitn\u00fd syst\u00e9m.<\/p>\n<p>&nbsp;<\/p>\n<p><strong>Zlo\u017eenie:<\/strong>\u00a0lososov\u00fd olej 100%.<\/p>\n<p>&nbsp;<\/p>\n<p><strong>Antioxidanty:<\/strong>\u00a0extrakt bohat\u00fd na pr\u00edrodn\u00e9 tokoferoly.<\/p>\n<p>&nbsp;<\/p>\n<p><strong>Analytick\u00e9 zlo\u017eenie:<\/strong>\u00a0bielkoviny 0%, vl\u00e1knina 0%, oleje a tuky 100%.<\/p>\n<p>&nbsp;<\/p>\n<p><strong>Aplik\u00e1cia:\u00a0<\/strong>Pridajte lososov\u00fd olej do krmiva v\u00e1\u0161ho dom\u00e1ceho mazn\u00e1\u010dika.<\/p>\n<p>[\/vc_column_text][\/vc_column][\/vc_row][vc_row css_animation=&#8220;&#8220; row_type=&#8220;row&#8220; use_row_as_full_screen_section=&#8220;no&#8220; type=&#8220;full_width&#8220; angled_section=&#8220;no&#8220; text_align=&#8220;left&#8220; background_image_as_pattern=&#8220;without_pattern&#8220;][vc_column][vc_empty_space][vc_empty_space][vc_column_text]<strong>D\u00e1vkovanie za de\u0148:<\/strong>[\/vc_column_text][vc_empty_space height=&#8220;12px&#8220;][vc_column_text]<\/p>\n<table class=\"gridtable\">\n<tbody>\n<tr>\n<td>5 kg<\/td>\n<td>10 kg<\/td>\n<td>20 kg<\/td>\n<td>30 kg<\/td>\n<td>40 kg<\/td>\n<td>50 kg<\/td>\n<\/tr>\n<tr>\n<td>2 ml<\/td>\n<td>4 ml<\/td>\n<td>8 ml<\/td>\n<td>12 ml<\/td>\n<td>16 ml<\/td>\n<td>20 ml<\/td>\n<\/tr>\n<\/tbody>\n<\/table>\n<p>[\/vc_column_text][vc_empty_space height=&#8220;22px&#8220;][vc_column_text]Nie viac ako 20 ml na de\u0148.[\/vc_column_text][\/vc_column][\/vc_row]<\/p>\n<\/div>","protected":false},"excerpt":{"rendered":"<p>100% \u010dist\u00fd vysoko kvalitn\u00fd lososov\u00fd olej z\u00edskan\u00fd z eur\u00f3pskeho lososa vhodn\u00fd na \u013eudsk\u00fa spotrebu pod\u013ea CE reg 1069\/2009.<\/p>\n","protected":false},"featured_media":1905,"template":"","meta":[],"product_brand":[],"product_cat":[117,116,99],"product_tag":[109,122],"class_list":{"0":"post-1904","1":"product","2":"type-product","3":"status-publish","4":"has-post-thumbnail","6":"product_cat-lososovy-olej","7":"product_cat-oleje","8":"product_cat-psie-krmivo","9":"product_tag-nekmar","10":"product_tag-oleje","11":"product_shipping_class-nek","13":"first","14":"instock","15":"taxable","16":"shipping-taxable","17":"purchasable","18":"product-type-variable"},"yoast_head":"<!-- This site is optimized with the Yoast SEO plugin v27.1.1 - https:\/\/yoast.com\/product\/yoast-seo-wordpress\/ -->\n<title>Nekmar | Low Grain Puppy Royale NEKMAR Lososov\u00fd olej<\/title>\n<meta name=\"description\" content=\"Ultrapremium low grain monoprote\u00ednov\u00e9 krmivo pre \u0161teniatka\" \/>\n<meta name=\"robots\" content=\"index, follow, max-snippet:-1, max-image-preview:large, max-video-preview:-1\" \/>\n<link rel=\"canonical\" href=\"https:\/\/nekmar.eu\/sk\/produkt\/nekmar-lososovy-olej\/\" \/>\n<meta property=\"og:locale\" content=\"sk_SK\" \/>\n<meta property=\"og:type\" content=\"article\" \/>\n<meta property=\"og:title\" content=\"Nekmar Low Grain Adult Fresh Duck\" \/>\n<meta property=\"og:description\" content=\"Ultrapremium low grain monoprote\u00ednov\u00e9 krmivo pre dospel\u00fdch psov\" \/>\n<meta property=\"og:url\" content=\"https:\/\/nekmar.eu\/sk\/produkt\/nekmar-lososovy-olej\/\" \/>\n<meta property=\"og:site_name\" content=\"Nekmar\" \/>\n<meta property=\"article:publisher\" content=\"https:\/\/www.facebook.com\/nekmarpetnutrition\/\" \/>\n<meta property=\"article:modified_time\" content=\"2024-09-07T18:45:04+00:00\" \/>\n<meta property=\"og:image\" content=\"https:\/\/nekmar.eu\/sk\/wp-content\/uploads\/2019\/08\/nekmar-holistic.jpg\" \/>\n\t<meta property=\"og:image:width\" content=\"1200\" \/>\n\t<meta property=\"og:image:height\" content=\"630\" \/>\n\t<meta property=\"og:image:type\" content=\"image\/jpeg\" \/>\n<meta name=\"twitter:card\" content=\"summary_large_image\" \/>\n<meta name=\"twitter:label1\" content=\"Predpokladan\u00fd \u010das \u010d\u00edtania\" \/>\n\t<meta name=\"twitter:data1\" content=\"1 min\u00fata\" \/>\n<script type=\"application\/ld+json\" class=\"yoast-schema-graph\">{\"@context\":\"https:\/\/schema.org\",\"@graph\":[{\"@type\":\"WebPage\",\"@id\":\"https:\/\/nekmar.eu\/sk\/produkt\/nekmar-lososovy-olej\/\",\"url\":\"https:\/\/nekmar.eu\/sk\/produkt\/nekmar-lososovy-olej\/\",\"name\":\"Nekmar | Low Grain Puppy Royale NEKMAR Lososov\u00fd olej\",\"isPartOf\":{\"@id\":\"https:\/\/nekmar.eu\/sk\/#website\"},\"primaryImageOfPage\":{\"@id\":\"https:\/\/nekmar.eu\/sk\/produkt\/nekmar-lososovy-olej\/#primaryimage\"},\"image\":{\"@id\":\"https:\/\/nekmar.eu\/sk\/produkt\/nekmar-lososovy-olej\/#primaryimage\"},\"thumbnailUrl\":\"https:\/\/nekmar.eu\/sk\/wp-content\/uploads\/2022\/08\/Nekmar_Salmon_OIL.jpg\",\"datePublished\":\"2022-08-18T19:37:07+00:00\",\"dateModified\":\"2024-09-07T18:45:04+00:00\",\"description\":\"Ultrapremium low grain monoprote\u00ednov\u00e9 krmivo pre \u0161teniatka\",\"breadcrumb\":{\"@id\":\"https:\/\/nekmar.eu\/sk\/produkt\/nekmar-lososovy-olej\/#breadcrumb\"},\"inLanguage\":\"sk-SK\",\"potentialAction\":[{\"@type\":\"ReadAction\",\"target\":[\"https:\/\/nekmar.eu\/sk\/produkt\/nekmar-lososovy-olej\/\"]}]},{\"@type\":\"ImageObject\",\"inLanguage\":\"sk-SK\",\"@id\":\"https:\/\/nekmar.eu\/sk\/produkt\/nekmar-lososovy-olej\/#primaryimage\",\"url\":\"https:\/\/nekmar.eu\/sk\/wp-content\/uploads\/2022\/08\/Nekmar_Salmon_OIL.jpg\",\"contentUrl\":\"https:\/\/nekmar.eu\/sk\/wp-content\/uploads\/2022\/08\/Nekmar_Salmon_OIL.jpg\",\"width\":1000,\"height\":1000,\"caption\":\"NEKMAR Lososov\u00fd olej\"},{\"@type\":\"BreadcrumbList\",\"@id\":\"https:\/\/nekmar.eu\/sk\/produkt\/nekmar-lososovy-olej\/#breadcrumb\",\"itemListElement\":[{\"@type\":\"ListItem\",\"position\":1,\"name\":\"Home\",\"item\":\"https:\/\/nekmar.eu\/sk\/\"},{\"@type\":\"ListItem\",\"position\":2,\"name\":\"Obchod\",\"item\":\"https:\/\/nekmar.eu\/sk\/obchod\/\"},{\"@type\":\"ListItem\",\"position\":3,\"name\":\"NEKMAR Lososov\u00fd olej\"}]},{\"@type\":\"WebSite\",\"@id\":\"https:\/\/nekmar.eu\/sk\/#website\",\"url\":\"https:\/\/nekmar.eu\/sk\/\",\"name\":\"Nekmar\",\"description\":\"Pet Nutrition\",\"publisher\":{\"@id\":\"https:\/\/nekmar.eu\/sk\/#organization\"},\"potentialAction\":[{\"@type\":\"SearchAction\",\"target\":{\"@type\":\"EntryPoint\",\"urlTemplate\":\"https:\/\/nekmar.eu\/sk\/?s={search_term_string}\"},\"query-input\":{\"@type\":\"PropertyValueSpecification\",\"valueRequired\":true,\"valueName\":\"search_term_string\"}}],\"inLanguage\":\"sk-SK\"},{\"@type\":\"Organization\",\"@id\":\"https:\/\/nekmar.eu\/sk\/#organization\",\"name\":\"Nekmar Pet Nutrition\",\"url\":\"https:\/\/nekmar.eu\/sk\/\",\"logo\":{\"@type\":\"ImageObject\",\"inLanguage\":\"sk-SK\",\"@id\":\"https:\/\/nekmar.eu\/sk\/#\/schema\/logo\/image\/\",\"url\":\"https:\/\/nekmar.eu\/sk\/wp-content\/uploads\/2019\/08\/Nekmar-contact.jpg\",\"contentUrl\":\"https:\/\/nekmar.eu\/sk\/wp-content\/uploads\/2019\/08\/Nekmar-contact.jpg\",\"width\":600,\"height\":142,\"caption\":\"Nekmar Pet Nutrition\"},\"image\":{\"@id\":\"https:\/\/nekmar.eu\/sk\/#\/schema\/logo\/image\/\"},\"sameAs\":[\"https:\/\/www.facebook.com\/nekmarpetnutrition\/\",\"https:\/\/www.instagram.com\/nekmarpetnutrition\/\"]}]}<\/script>\n<!-- \/ Yoast SEO plugin. -->","yoast_head_json":{"title":"Nekmar | Low Grain Puppy Royale NEKMAR Lososov\u00fd olej","description":"Ultrapremium low grain monoprote\u00ednov\u00e9 krmivo pre \u0161teniatka","robots":{"index":"index","follow":"follow","max-snippet":"max-snippet:-1","max-image-preview":"max-image-preview:large","max-video-preview":"max-video-preview:-1"},"canonical":"https:\/\/nekmar.eu\/sk\/produkt\/nekmar-lososovy-olej\/","og_locale":"sk_SK","og_type":"article","og_title":"Nekmar Low Grain Adult Fresh Duck","og_description":"Ultrapremium low grain monoprote\u00ednov\u00e9 krmivo pre dospel\u00fdch psov","og_url":"https:\/\/nekmar.eu\/sk\/produkt\/nekmar-lososovy-olej\/","og_site_name":"Nekmar","article_publisher":"https:\/\/www.facebook.com\/nekmarpetnutrition\/","article_modified_time":"2024-09-07T18:45:04+00:00","og_image":[{"width":1200,"height":630,"url":"https:\/\/nekmar.eu\/sk\/wp-content\/uploads\/2019\/08\/nekmar-holistic.jpg","type":"image\/jpeg"}],"twitter_card":"summary_large_image","twitter_misc":{"Predpokladan\u00fd \u010das \u010d\u00edtania":"1 min\u00fata"},"schema":{"@context":"https:\/\/schema.org","@graph":[{"@type":"WebPage","@id":"https:\/\/nekmar.eu\/sk\/produkt\/nekmar-lososovy-olej\/","url":"https:\/\/nekmar.eu\/sk\/produkt\/nekmar-lososovy-olej\/","name":"Nekmar | Low Grain Puppy Royale NEKMAR Lososov\u00fd olej","isPartOf":{"@id":"https:\/\/nekmar.eu\/sk\/#website"},"primaryImageOfPage":{"@id":"https:\/\/nekmar.eu\/sk\/produkt\/nekmar-lososovy-olej\/#primaryimage"},"image":{"@id":"https:\/\/nekmar.eu\/sk\/produkt\/nekmar-lososovy-olej\/#primaryimage"},"thumbnailUrl":"https:\/\/nekmar.eu\/sk\/wp-content\/uploads\/2022\/08\/Nekmar_Salmon_OIL.jpg","datePublished":"2022-08-18T19:37:07+00:00","dateModified":"2024-09-07T18:45:04+00:00","description":"Ultrapremium low grain monoprote\u00ednov\u00e9 krmivo pre \u0161teniatka","breadcrumb":{"@id":"https:\/\/nekmar.eu\/sk\/produkt\/nekmar-lososovy-olej\/#breadcrumb"},"inLanguage":"sk-SK","potentialAction":[{"@type":"ReadAction","target":["https:\/\/nekmar.eu\/sk\/produkt\/nekmar-lososovy-olej\/"]}]},{"@type":"ImageObject","inLanguage":"sk-SK","@id":"https:\/\/nekmar.eu\/sk\/produkt\/nekmar-lososovy-olej\/#primaryimage","url":"https:\/\/nekmar.eu\/sk\/wp-content\/uploads\/2022\/08\/Nekmar_Salmon_OIL.jpg","contentUrl":"https:\/\/nekmar.eu\/sk\/wp-content\/uploads\/2022\/08\/Nekmar_Salmon_OIL.jpg","width":1000,"height":1000,"caption":"NEKMAR Lososov\u00fd olej"},{"@type":"BreadcrumbList","@id":"https:\/\/nekmar.eu\/sk\/produkt\/nekmar-lososovy-olej\/#breadcrumb","itemListElement":[{"@type":"ListItem","position":1,"name":"Home","item":"https:\/\/nekmar.eu\/sk\/"},{"@type":"ListItem","position":2,"name":"Obchod","item":"https:\/\/nekmar.eu\/sk\/obchod\/"},{"@type":"ListItem","position":3,"name":"NEKMAR Lososov\u00fd olej"}]},{"@type":"WebSite","@id":"https:\/\/nekmar.eu\/sk\/#website","url":"https:\/\/nekmar.eu\/sk\/","name":"Nekmar","description":"Pet Nutrition","publisher":{"@id":"https:\/\/nekmar.eu\/sk\/#organization"},"potentialAction":[{"@type":"SearchAction","target":{"@type":"EntryPoint","urlTemplate":"https:\/\/nekmar.eu\/sk\/?s={search_term_string}"},"query-input":{"@type":"PropertyValueSpecification","valueRequired":true,"valueName":"search_term_string"}}],"inLanguage":"sk-SK"},{"@type":"Organization","@id":"https:\/\/nekmar.eu\/sk\/#organization","name":"Nekmar Pet Nutrition","url":"https:\/\/nekmar.eu\/sk\/","logo":{"@type":"ImageObject","inLanguage":"sk-SK","@id":"https:\/\/nekmar.eu\/sk\/#\/schema\/logo\/image\/","url":"https:\/\/nekmar.eu\/sk\/wp-content\/uploads\/2019\/08\/Nekmar-contact.jpg","contentUrl":"https:\/\/nekmar.eu\/sk\/wp-content\/uploads\/2019\/08\/Nekmar-contact.jpg","width":600,"height":142,"caption":"Nekmar Pet Nutrition"},"image":{"@id":"https:\/\/nekmar.eu\/sk\/#\/schema\/logo\/image\/"},"sameAs":["https:\/\/www.facebook.com\/nekmarpetnutrition\/","https:\/\/www.instagram.com\/nekmarpetnutrition\/"]}]}},"_links":{"self":[{"href":"https:\/\/nekmar.eu\/sk\/wp-json\/wp\/v2\/product\/1904","targetHints":{"allow":["GET"]}}],"collection":[{"href":"https:\/\/nekmar.eu\/sk\/wp-json\/wp\/v2\/product"}],"about":[{"href":"https:\/\/nekmar.eu\/sk\/wp-json\/wp\/v2\/types\/product"}],"wp:featuredmedia":[{"embeddable":true,"href":"https:\/\/nekmar.eu\/sk\/wp-json\/wp\/v2\/media\/1905"}],"wp:attachment":[{"href":"https:\/\/nekmar.eu\/sk\/wp-json\/wp\/v2\/media?parent=1904"}],"wp:term":[{"taxonomy":"product_brand","embeddable":true,"href":"https:\/\/nekmar.eu\/sk\/wp-json\/wp\/v2\/product_brand?post=1904"},{"taxonomy":"product_cat","embeddable":true,"href":"https:\/\/nekmar.eu\/sk\/wp-json\/wp\/v2\/product_cat?post=1904"},{"taxonomy":"product_tag","embeddable":true,"href":"https:\/\/nekmar.eu\/sk\/wp-json\/wp\/v2\/product_tag?post=1904"}],"curies":[{"name":"wp","href":"https:\/\/api.w.org\/{rel}","templated":true}]}}