{"id":2198,"date":"2023-11-07T20:09:08","date_gmt":"2023-11-07T20:09:08","guid":{"rendered":"https:\/\/nekmar.eu\/sk\/?post_type=product&#038;p=2198"},"modified":"2026-01-23T13:49:29","modified_gmt":"2026-01-23T13:49:29","slug":"aston-supreme-maxi-puppy-taste-of-country","status":"publish","type":"product","link":"https:\/\/nekmar.eu\/sk\/produkt\/aston-supreme-maxi-puppy-taste-of-country\/","title":{"rendered":"ASTON SUPREME MAXI PUPPY TASTE OF COUNTRY"},"content":{"rendered":"<div class=\"wpb-content-wrapper\"><div class=\"vc_row wpb_row section vc_row-fluid \">\n<div class=\" full_section_inner clearfix\">\n<div class=\"wpb_column vc_column_container vc_col-sm-12\">\n<div class=\"vc_column-inner\">\n<div class=\"wpb_wrapper\">\n<div class=\"wpb_text_column wpb_content_element \">\n<div class=\"wpb_wrapper\">\n<p><strong>ZLO\u017dENIE:<\/strong> su\u0161en\u00e9 m\u00e4so 40% (z toho kuracie 16%, hov\u00e4dzie 12%, brav\u010dov\u00e9 12%), kukurica, kurac\u00ed tuk, hrach, \u013eanov\u00e9 semienka, su\u0161en\u00e1 repn\u00e1 du\u017eina, kvasnice, miner\u00e1ly, vitam\u00edny, glukosam\u00edn, chondroit\u00edn sulf\u00e1t.<\/p>\n<p>&nbsp;<\/p>\n<p><strong>ANALYTICK\u00c9 ZLO\u017dENIE:<\/strong>\u00a0bielkoviny 29%, oleje a tuky 20%, vl\u00e1knina 2,6%, popol 8%, vlhkos\u0165 8%.<\/p>\n<p>&nbsp;<\/p>\n<p><strong>POTRAVINOV\u00c9 DOPLNKY na KG:<\/strong>\u00a03a672a Vitam\u00edn A 13500 IJ, E671 Vitam\u00edn D3 950 IJ, 3a700 Vitam\u00edn E 115 mg, E4 me\u010f 47 mg, E1 \u017eelezo 50 mg, E5 mang\u00e1n 62 mg, 3b605 E205 zinok 30 mg sel\u00e9n 14d\u00edn 0,27 mg .<\/p>\n<p>&nbsp;<\/p>\n<p><strong>TECHNOLOGICK\u00c9 DOPLNKY:<\/strong>\u00a0antioxidanty.<\/p>\n<p>&nbsp;<\/p>\n<p><strong>METABOLIZOVAN\u00c1 ENERGIA:<\/strong>\u00a04100 Kcal\/kg.<\/p>\n<\/div>\n<\/div>\n<\/div>\n<\/div>\n<\/div>\n<\/div>\n<\/div>\n<div class=\"vc_row wpb_row section vc_row-fluid \">\n<div class=\" full_section_inner clearfix\">\n<div class=\"wpb_column vc_column_container vc_col-sm-12\">\n<div class=\"vc_column-inner\">\n<div class=\"wpb_wrapper\">\n<div class=\"vc_empty_space\"><\/div>\n<div class=\"wpb_text_column wpb_content_element \">\n<div class=\"wpb_wrapper\">\n<p>Odpor\u00fa\u010dan\u00e9 denn\u00e9 mno\u017estvo (g\/de\u0148)<\/p>\n<\/div>\n<\/div>\n<div class=\"vc_empty_space\"><\/div>\n<div class=\"wpb_text_column wpb_content_element \">\n<div class=\"wpb_wrapper\">\n<table class=\"gridtable\">\n<tbody>\n<tr>\n<th class=\"table-first-row\">Hmotnos\u0165 dospel\u00e9ho psa<\/th>\n<th class=\"table-first-row\">10 kg<\/th>\n<th class=\"table-first-row\">15 kg<\/th>\n<th class=\"table-first-row\">20 kg<\/th>\n<th class=\"table-first-row\">25 kg<\/th>\n<th class=\"table-first-row\">30 kg<\/th>\n<th class=\"table-first-row\">35 kg<\/th>\n<th class=\"table-first-row\">40 kg<\/th>\n<th class=\"table-first-row\">45 kg<\/th>\n<th class=\"table-first-row\">50 kg<\/th>\n<th class=\"table-first-row\">60 kg<\/th>\n<th class=\"table-first-row\">70 kg<\/th>\n<th class=\"table-first-row\">80 kg<\/th>\n<\/tr>\n<tr>\n<td class=\"table-first-row\">1-2 mj.<\/td>\n<td>&gt;150<\/td>\n<td>&gt;200<\/td>\n<td>&gt;240<\/td>\n<td>&gt;270<\/td>\n<td>&gt;310<\/td>\n<td>&gt;315<\/td>\n<td>&gt;320<\/td>\n<td>&gt;335<\/td>\n<td>&gt;350<\/td>\n<td>&gt;400<\/td>\n<td>&gt;450<\/td>\n<td>&gt;500<\/td>\n<\/tr>\n<tr>\n<td class=\"table-first-row\">2 mesiace<\/td>\n<td>150 g<\/td>\n<td>200 g<\/td>\n<td>240 g<\/td>\n<td>270 g<\/td>\n<td>310 g<\/td>\n<td>315 g<\/td>\n<td>320 g<\/td>\n<td>335 g<\/td>\n<td>350 g<\/td>\n<td>400 g<\/td>\n<td>450 g<\/td>\n<td>500 g<\/td>\n<\/tr>\n<tr>\n<td class=\"table-first-row\">3 mesiace<\/td>\n<td>165 g<\/td>\n<td>240 g<\/td>\n<td>300 g<\/td>\n<td>330 g<\/td>\n<td>380 g<\/td>\n<td>390 g<\/td>\n<td>400 g<\/td>\n<td>415 g<\/td>\n<td>425 g<\/td>\n<td>500 g<\/td>\n<td>550 g<\/td>\n<td>600 g<\/td>\n<\/tr>\n<tr>\n<td class=\"table-first-row\">4 mesiace<\/td>\n<td>175 g<\/td>\n<td>265 g<\/td>\n<td>310 g<\/td>\n<td>345 g<\/td>\n<td>390 g<\/td>\n<td>400 g<\/td>\n<td>410 g<\/td>\n<td>450 g<\/td>\n<td>500 g<\/td>\n<td>580 g<\/td>\n<td>660 g<\/td>\n<td>730 g<\/td>\n<\/tr>\n<tr>\n<td class=\"table-first-row\">6 mesiacov<\/td>\n<td>185 g<\/td>\n<td>260 g<\/td>\n<td>330 g<\/td>\n<td>370 g<\/td>\n<td>420 g<\/td>\n<td>480 g<\/td>\n<td>550 g<\/td>\n<td>600 g<\/td>\n<td>670 g<\/td>\n<td>770 g<\/td>\n<td>880 g<\/td>\n<td>980 g<\/td>\n<\/tr>\n<tr>\n<td class=\"table-first-row\">8 mesiacov<\/td>\n<td>185 g<\/td>\n<td>250 g<\/td>\n<td>330 g<\/td>\n<td>370 g<\/td>\n<td>420 g<\/td>\n<td>490 g<\/td>\n<td>540 g<\/td>\n<td>590 g<\/td>\n<td>680 g<\/td>\n<td>760 g<\/td>\n<td>870 g<\/td>\n<td>980 g<\/td>\n<\/tr>\n<tr>\n<td class=\"table-first-row\">10 mesiacov<\/td>\n<td>180 g<\/td>\n<td>250 g<\/td>\n<td>310 g<\/td>\n<td>360 g<\/td>\n<td>400 g<\/td>\n<td>480 g<\/td>\n<td>530 g<\/td>\n<td>580 g<\/td>\n<td>650 g<\/td>\n<td>740 g<\/td>\n<td>860 g<\/td>\n<td>950 g<\/td>\n<\/tr>\n<tr>\n<td class=\"table-first-row\">12 mesiacov<\/td>\n<td>180 g<\/td>\n<td>240 g<\/td>\n<td>300 g<\/td>\n<td>345 g<\/td>\n<td>390 g<\/td>\n<td>470 g<\/td>\n<td>520 g<\/td>\n<td>570 g<\/td>\n<td>640 g<\/td>\n<td>720 g<\/td>\n<td>840 g<\/td>\n<td>900 g<\/td>\n<\/tr>\n<\/tbody>\n<\/table>\n<\/div>\n<\/div>\n<div class=\"vc_empty_space\"><\/div>\n<div class=\"wpb_text_column wpb_content_element \">\n<div class=\"wpb_wrapper\">\n<p><strong>SUK\u010cKY V TEHOTENSTVE ALEBO LAKT\u00c1CII <\/strong><strong>:<\/strong>\u00a0Postupne zav\u00e1dzajte potravu gravidnej samici po 35. dni gravidity po\u010das 5 dn\u00ed.\u00a0V siedmom t\u00fd\u017edni gravidity postupne zvy\u0161ujte mno\u017estvo potravy, a\u017e k\u00fdm nedosiahnete o 50% vy\u0161\u0161ie mno\u017estvo denn\u00e9ho pr\u00edjmu potravy v porovnan\u00ed s obdob\u00edm pred graviditou (fenka by teraz mala dost\u00e1va\u0165 3 jedl\u00e1 denne).V poslednom t\u00fd\u017edni gravidity zv\u00fd\u0161i\u0165 mno\u017estvo krmiva o \u010fal\u0161\u00edch 15-20% a rovnak\u00e9 mno\u017estvo k\u0155mi\u0165 a\u017e do konca lakt\u00e1cie.<\/p>\n<\/div>\n<\/div>\n<div class=\"vc_empty_space\"><\/div>\n<div class=\"wpb_text_column wpb_content_element \">\n<div class=\"wpb_wrapper\">\n<p><strong>ODPOR\u00da\u010cANIE NA K\u0154MENIE:<\/strong>\u00a0krmivo m\u00f4\u017eete psovi pod\u00e1va\u0165 such\u00e9 alebo mokr\u00e9 (odpor\u00fa\u010dame pri k\u0155men\u00ed v\u017edy tesne pred k\u0155men\u00edm prida\u0165 mal\u00e9 mno\u017estvo vla\u017enej vody pre \u013eah\u0161ie tr\u00e1venie a intenz\u00edvnej\u0161iu chu\u0165).\u00a0Mno\u017estvo sa m\u00f4\u017ee l\u00ed\u0161i\u0165 v z\u00e1vislosti od \u0161pecifick\u00fdch potrieb niektor\u00fdch psov.\u00a0Pes by mal ma\u0165 v\u017edy k dispoz\u00edcii \u010derstv\u00fa pitn\u00fa vodu.\u00a0Skladujte na suchom a chladnom mieste mimo zdrojov tepla.<\/p>\n<\/div>\n<\/div>\n<\/div>\n<\/div>\n<\/div>\n<\/div>\n<\/div>\n<\/div>","protected":false},"excerpt":{"rendered":"<p>Superpremium krmivo pre \u0161teniatka a juniorov<\/p>\n<p><strong>20 kg<\/strong><\/p>\n","protected":false},"featured_media":2199,"template":"","meta":[],"product_brand":[],"product_cat":[100,99,103],"product_tag":[97,108],"class_list":{"0":"post-2198","1":"product","2":"type-product","3":"status-publish","4":"has-post-thumbnail","6":"product_cat-aston","7":"product_cat-psie-krmivo","8":"product_cat-superpremium","9":"product_tag-aston","10":"product_tag-superpremium","11":"product_shipping_class-nek","13":"first","14":"instock","15":"taxable","16":"shipping-taxable","17":"purchasable","18":"product-type-simple"},"yoast_head":"<!-- This site is optimized with the Yoast SEO plugin v27.1.1 - https:\/\/yoast.com\/product\/yoast-seo-wordpress\/ -->\n<title>Aston | Supreme Adult Taste of Country<\/title>\n<meta name=\"description\" content=\"Superpremium krmivo pre dospel\u00fdch psov\" \/>\n<meta name=\"robots\" content=\"index, follow, max-snippet:-1, max-image-preview:large, max-video-preview:-1\" \/>\n<link rel=\"canonical\" href=\"https:\/\/nekmar.eu\/sk\/produkt\/aston-supreme-maxi-puppy-taste-of-country\/\" \/>\n<meta property=\"og:locale\" content=\"sk_SK\" \/>\n<meta property=\"og:type\" content=\"article\" \/>\n<meta property=\"og:title\" content=\"Aston Supreme Adult Taste of Country\" \/>\n<meta property=\"og:description\" content=\"Superpremium krmivo pre dospel\u00fdch psov\" \/>\n<meta property=\"og:url\" content=\"https:\/\/nekmar.eu\/sk\/produkt\/aston-supreme-maxi-puppy-taste-of-country\/\" \/>\n<meta property=\"og:site_name\" content=\"Nekmar\" \/>\n<meta property=\"article:publisher\" content=\"https:\/\/www.facebook.com\/nekmarpetnutrition\/\" \/>\n<meta property=\"article:modified_time\" content=\"2026-01-23T13:49:29+00:00\" \/>\n<meta property=\"og:image\" content=\"https:\/\/nekmar.eu\/sk\/wp-content\/uploads\/2019\/08\/aston-f-nekmar.jpg\" \/>\n\t<meta property=\"og:image:width\" content=\"1200\" \/>\n\t<meta property=\"og:image:height\" content=\"630\" \/>\n\t<meta property=\"og:image:type\" content=\"image\/jpeg\" \/>\n<meta name=\"twitter:card\" content=\"summary_large_image\" \/>\n<meta name=\"twitter:label1\" content=\"Predpokladan\u00fd \u010das \u010d\u00edtania\" \/>\n\t<meta name=\"twitter:data1\" content=\"3 min\u00faty\" \/>\n<script type=\"application\/ld+json\" class=\"yoast-schema-graph\">{\"@context\":\"https:\/\/schema.org\",\"@graph\":[{\"@type\":\"WebPage\",\"@id\":\"https:\/\/nekmar.eu\/sk\/produkt\/aston-supreme-maxi-puppy-taste-of-country\/\",\"url\":\"https:\/\/nekmar.eu\/sk\/produkt\/aston-supreme-maxi-puppy-taste-of-country\/\",\"name\":\"Aston | Supreme Adult Taste of Country\",\"isPartOf\":{\"@id\":\"https:\/\/nekmar.eu\/sk\/#website\"},\"primaryImageOfPage\":{\"@id\":\"https:\/\/nekmar.eu\/sk\/produkt\/aston-supreme-maxi-puppy-taste-of-country\/#primaryimage\"},\"image\":{\"@id\":\"https:\/\/nekmar.eu\/sk\/produkt\/aston-supreme-maxi-puppy-taste-of-country\/#primaryimage\"},\"thumbnailUrl\":\"https:\/\/nekmar.eu\/sk\/wp-content\/uploads\/2023\/11\/aston_supreme_maxi_puppy_taste_of_country.jpg\",\"datePublished\":\"2023-11-07T20:09:08+00:00\",\"dateModified\":\"2026-01-23T13:49:29+00:00\",\"description\":\"Superpremium krmivo pre dospel\u00fdch psov\",\"breadcrumb\":{\"@id\":\"https:\/\/nekmar.eu\/sk\/produkt\/aston-supreme-maxi-puppy-taste-of-country\/#breadcrumb\"},\"inLanguage\":\"sk-SK\",\"potentialAction\":[{\"@type\":\"ReadAction\",\"target\":[\"https:\/\/nekmar.eu\/sk\/produkt\/aston-supreme-maxi-puppy-taste-of-country\/\"]}]},{\"@type\":\"ImageObject\",\"inLanguage\":\"sk-SK\",\"@id\":\"https:\/\/nekmar.eu\/sk\/produkt\/aston-supreme-maxi-puppy-taste-of-country\/#primaryimage\",\"url\":\"https:\/\/nekmar.eu\/sk\/wp-content\/uploads\/2023\/11\/aston_supreme_maxi_puppy_taste_of_country.jpg\",\"contentUrl\":\"https:\/\/nekmar.eu\/sk\/wp-content\/uploads\/2023\/11\/aston_supreme_maxi_puppy_taste_of_country.jpg\",\"width\":1000,\"height\":1000},{\"@type\":\"BreadcrumbList\",\"@id\":\"https:\/\/nekmar.eu\/sk\/produkt\/aston-supreme-maxi-puppy-taste-of-country\/#breadcrumb\",\"itemListElement\":[{\"@type\":\"ListItem\",\"position\":1,\"name\":\"Home\",\"item\":\"https:\/\/nekmar.eu\/sk\/\"},{\"@type\":\"ListItem\",\"position\":2,\"name\":\"Obchod\",\"item\":\"https:\/\/nekmar.eu\/sk\/obchod\/\"},{\"@type\":\"ListItem\",\"position\":3,\"name\":\"ASTON SUPREME MAXI PUPPY TASTE OF COUNTRY\"}]},{\"@type\":\"WebSite\",\"@id\":\"https:\/\/nekmar.eu\/sk\/#website\",\"url\":\"https:\/\/nekmar.eu\/sk\/\",\"name\":\"Nekmar\",\"description\":\"Pet Nutrition\",\"publisher\":{\"@id\":\"https:\/\/nekmar.eu\/sk\/#organization\"},\"potentialAction\":[{\"@type\":\"SearchAction\",\"target\":{\"@type\":\"EntryPoint\",\"urlTemplate\":\"https:\/\/nekmar.eu\/sk\/?s={search_term_string}\"},\"query-input\":{\"@type\":\"PropertyValueSpecification\",\"valueRequired\":true,\"valueName\":\"search_term_string\"}}],\"inLanguage\":\"sk-SK\"},{\"@type\":\"Organization\",\"@id\":\"https:\/\/nekmar.eu\/sk\/#organization\",\"name\":\"Nekmar Pet Nutrition\",\"url\":\"https:\/\/nekmar.eu\/sk\/\",\"logo\":{\"@type\":\"ImageObject\",\"inLanguage\":\"sk-SK\",\"@id\":\"https:\/\/nekmar.eu\/sk\/#\/schema\/logo\/image\/\",\"url\":\"https:\/\/nekmar.eu\/sk\/wp-content\/uploads\/2019\/08\/Nekmar-contact.jpg\",\"contentUrl\":\"https:\/\/nekmar.eu\/sk\/wp-content\/uploads\/2019\/08\/Nekmar-contact.jpg\",\"width\":600,\"height\":142,\"caption\":\"Nekmar Pet Nutrition\"},\"image\":{\"@id\":\"https:\/\/nekmar.eu\/sk\/#\/schema\/logo\/image\/\"},\"sameAs\":[\"https:\/\/www.facebook.com\/nekmarpetnutrition\/\",\"https:\/\/www.instagram.com\/nekmarpetnutrition\/\"]}]}<\/script>\n<!-- \/ Yoast SEO plugin. -->","yoast_head_json":{"title":"Aston | Supreme Adult Taste of Country","description":"Superpremium krmivo pre dospel\u00fdch psov","robots":{"index":"index","follow":"follow","max-snippet":"max-snippet:-1","max-image-preview":"max-image-preview:large","max-video-preview":"max-video-preview:-1"},"canonical":"https:\/\/nekmar.eu\/sk\/produkt\/aston-supreme-maxi-puppy-taste-of-country\/","og_locale":"sk_SK","og_type":"article","og_title":"Aston Supreme Adult Taste of Country","og_description":"Superpremium krmivo pre dospel\u00fdch psov","og_url":"https:\/\/nekmar.eu\/sk\/produkt\/aston-supreme-maxi-puppy-taste-of-country\/","og_site_name":"Nekmar","article_publisher":"https:\/\/www.facebook.com\/nekmarpetnutrition\/","article_modified_time":"2026-01-23T13:49:29+00:00","og_image":[{"width":1200,"height":630,"url":"https:\/\/nekmar.eu\/sk\/wp-content\/uploads\/2019\/08\/aston-f-nekmar.jpg","type":"image\/jpeg"}],"twitter_card":"summary_large_image","twitter_misc":{"Predpokladan\u00fd \u010das \u010d\u00edtania":"3 min\u00faty"},"schema":{"@context":"https:\/\/schema.org","@graph":[{"@type":"WebPage","@id":"https:\/\/nekmar.eu\/sk\/produkt\/aston-supreme-maxi-puppy-taste-of-country\/","url":"https:\/\/nekmar.eu\/sk\/produkt\/aston-supreme-maxi-puppy-taste-of-country\/","name":"Aston | Supreme Adult Taste of Country","isPartOf":{"@id":"https:\/\/nekmar.eu\/sk\/#website"},"primaryImageOfPage":{"@id":"https:\/\/nekmar.eu\/sk\/produkt\/aston-supreme-maxi-puppy-taste-of-country\/#primaryimage"},"image":{"@id":"https:\/\/nekmar.eu\/sk\/produkt\/aston-supreme-maxi-puppy-taste-of-country\/#primaryimage"},"thumbnailUrl":"https:\/\/nekmar.eu\/sk\/wp-content\/uploads\/2023\/11\/aston_supreme_maxi_puppy_taste_of_country.jpg","datePublished":"2023-11-07T20:09:08+00:00","dateModified":"2026-01-23T13:49:29+00:00","description":"Superpremium krmivo pre dospel\u00fdch psov","breadcrumb":{"@id":"https:\/\/nekmar.eu\/sk\/produkt\/aston-supreme-maxi-puppy-taste-of-country\/#breadcrumb"},"inLanguage":"sk-SK","potentialAction":[{"@type":"ReadAction","target":["https:\/\/nekmar.eu\/sk\/produkt\/aston-supreme-maxi-puppy-taste-of-country\/"]}]},{"@type":"ImageObject","inLanguage":"sk-SK","@id":"https:\/\/nekmar.eu\/sk\/produkt\/aston-supreme-maxi-puppy-taste-of-country\/#primaryimage","url":"https:\/\/nekmar.eu\/sk\/wp-content\/uploads\/2023\/11\/aston_supreme_maxi_puppy_taste_of_country.jpg","contentUrl":"https:\/\/nekmar.eu\/sk\/wp-content\/uploads\/2023\/11\/aston_supreme_maxi_puppy_taste_of_country.jpg","width":1000,"height":1000},{"@type":"BreadcrumbList","@id":"https:\/\/nekmar.eu\/sk\/produkt\/aston-supreme-maxi-puppy-taste-of-country\/#breadcrumb","itemListElement":[{"@type":"ListItem","position":1,"name":"Home","item":"https:\/\/nekmar.eu\/sk\/"},{"@type":"ListItem","position":2,"name":"Obchod","item":"https:\/\/nekmar.eu\/sk\/obchod\/"},{"@type":"ListItem","position":3,"name":"ASTON SUPREME MAXI PUPPY TASTE OF COUNTRY"}]},{"@type":"WebSite","@id":"https:\/\/nekmar.eu\/sk\/#website","url":"https:\/\/nekmar.eu\/sk\/","name":"Nekmar","description":"Pet Nutrition","publisher":{"@id":"https:\/\/nekmar.eu\/sk\/#organization"},"potentialAction":[{"@type":"SearchAction","target":{"@type":"EntryPoint","urlTemplate":"https:\/\/nekmar.eu\/sk\/?s={search_term_string}"},"query-input":{"@type":"PropertyValueSpecification","valueRequired":true,"valueName":"search_term_string"}}],"inLanguage":"sk-SK"},{"@type":"Organization","@id":"https:\/\/nekmar.eu\/sk\/#organization","name":"Nekmar Pet Nutrition","url":"https:\/\/nekmar.eu\/sk\/","logo":{"@type":"ImageObject","inLanguage":"sk-SK","@id":"https:\/\/nekmar.eu\/sk\/#\/schema\/logo\/image\/","url":"https:\/\/nekmar.eu\/sk\/wp-content\/uploads\/2019\/08\/Nekmar-contact.jpg","contentUrl":"https:\/\/nekmar.eu\/sk\/wp-content\/uploads\/2019\/08\/Nekmar-contact.jpg","width":600,"height":142,"caption":"Nekmar Pet Nutrition"},"image":{"@id":"https:\/\/nekmar.eu\/sk\/#\/schema\/logo\/image\/"},"sameAs":["https:\/\/www.facebook.com\/nekmarpetnutrition\/","https:\/\/www.instagram.com\/nekmarpetnutrition\/"]}]}},"_links":{"self":[{"href":"https:\/\/nekmar.eu\/sk\/wp-json\/wp\/v2\/product\/2198","targetHints":{"allow":["GET"]}}],"collection":[{"href":"https:\/\/nekmar.eu\/sk\/wp-json\/wp\/v2\/product"}],"about":[{"href":"https:\/\/nekmar.eu\/sk\/wp-json\/wp\/v2\/types\/product"}],"wp:featuredmedia":[{"embeddable":true,"href":"https:\/\/nekmar.eu\/sk\/wp-json\/wp\/v2\/media\/2199"}],"wp:attachment":[{"href":"https:\/\/nekmar.eu\/sk\/wp-json\/wp\/v2\/media?parent=2198"}],"wp:term":[{"taxonomy":"product_brand","embeddable":true,"href":"https:\/\/nekmar.eu\/sk\/wp-json\/wp\/v2\/product_brand?post=2198"},{"taxonomy":"product_cat","embeddable":true,"href":"https:\/\/nekmar.eu\/sk\/wp-json\/wp\/v2\/product_cat?post=2198"},{"taxonomy":"product_tag","embeddable":true,"href":"https:\/\/nekmar.eu\/sk\/wp-json\/wp\/v2\/product_tag?post=2198"}],"curies":[{"name":"wp","href":"https:\/\/api.w.org\/{rel}","templated":true}]}}