{"id":654,"date":"2019-09-05T08:23:17","date_gmt":"2019-09-05T08:23:17","guid":{"rendered":"http:\/\/nekmar.eu\/sk\/?post_type=product&#038;p=654"},"modified":"2026-01-23T19:36:55","modified_gmt":"2026-01-23T19:36:55","slug":"aston-lamb-adult-complete","status":"publish","type":"product","link":"https:\/\/nekmar.eu\/sk\/produkt\/aston-lamb-adult-complete\/","title":{"rendered":"Aston Lamb Adult Complete"},"content":{"rendered":"<div class=\"wpb-content-wrapper\"><p>[vc_row css_animation=&#8220;&#8220; row_type=&#8220;row&#8220; use_row_as_full_screen_section=&#8220;no&#8220; type=&#8220;full_width&#8220; angled_section=&#8220;no&#8220; text_align=&#8220;left&#8220; background_image_as_pattern=&#8220;without_pattern&#8220;][vc_column][vc_column_text]<strong>ZLO\u017d<\/strong><strong>ENIE:<\/strong>\u00a0dehydrovan\u00e9 m\u00e4so 30%, prav\u00e1 kukurica, prav\u00e1 ry\u017ea (15%), prav\u00e1 p\u0161enica, kurac\u00ed tuk, kukuri\u010dn\u00e1 m\u00fa\u010dka, su\u0161en\u00e1 repn\u00e1 du\u017eina, dro\u017edie, miner\u00e1ly, vitam\u00edny.<\/p>\n<p>&nbsp;<\/p>\n<p><strong>ANALYTICK<\/strong><strong>\u00c9 <\/strong><strong>ZLO\u017d<\/strong><strong>KY:<\/strong> hrub\u00fd prote\u00edn 23%, hrub\u00e9 oleje a tuky 14%, hrub\u00e1 vl\u00e1knina 2,6%, popol 7,4%, vlhkos\u0165 8%.<\/p>\n<p>&nbsp;<\/p>\n<p><strong>V\u00dd\u017d<\/strong><strong>IVOV<\/strong><strong>\u00c9 <\/strong><strong>PR\u00cd<\/strong><strong>SADY na KG:<\/strong>\u00a03a672a vitam\u00edn A 13500 UI, E671 vitam\u00edn D3 950 UI, 3a700 vitam\u00edn E (tralfa toc. Acet) 115mg, E4 me\u010f (pentahydr\u00e1t s\u00edranu me\u010fnat\u00e9ho) 47mg, E1 \u017eelezo (uhli\u010ditan \u017eeleznat\u00fd) 50mg, oxid mangani\u010dit\u00fd ) 62 mg, 3b605 zinok (monohydr\u00e1t s\u00edranu zino\u010dnat\u00e9ho) 148 mg, 3b201 j\u00f3d (jodid draseln\u00fd) 1,2mg, E8 sel\u00e9n (seleni\u010ditan sodn\u00fd) 0,27mg.<\/p>\n<p>&nbsp;<\/p>\n<p><strong>TECHNOLOGICK<\/strong><strong>\u00c9 <\/strong><strong>PR\u00cdDAVN<\/strong><strong>\u00c9 <\/strong><strong>L\u00c1TKY:<\/strong>\u00a0antioxidanty.<\/p>\n<p>&nbsp;<\/p>\n<p><strong>METABOLIZOVATE\u013dN\u00c1 ENERGIA:<\/strong>\u00a03750 Kcal\/kg[\/vc_column_text][\/vc_column][\/vc_row][vc_row css_animation=&#8220;&#8220; row_type=&#8220;row&#8220; use_row_as_full_screen_section=&#8220;no&#8220; type=&#8220;full_width&#8220; angled_section=&#8220;no&#8220; text_align=&#8220;left&#8220; background_image_as_pattern=&#8220;without_pattern&#8220;][vc_column][vc_empty_space][vc_column_text]Odpor\u00fa\u010dan\u00fd denn\u00fd pomer krmiva (g\/de\u0148)[\/vc_column_text][vc_empty_space height=&#8220;10px&#8220;][vc_column_text]<\/p>\n<table class=\"gridtable\">\n<tbody>\n<tr>\n<th class=\"table-first-row\">Hmotnos\u0165 dospel\u00e9ho psa<\/th>\n<th class=\"table-first-row\">5kg<\/th>\n<th class=\"table-first-row\">8kg<\/th>\n<th class=\"table-first-row\">12kg<\/th>\n<th class=\"table-first-row\">16kg<\/th>\n<th class=\"table-first-row\">20kg<\/th>\n<th class=\"table-first-row\">25kg<\/th>\n<th class=\"table-first-row\">30kg<\/th>\n<th class=\"table-first-row\">35kg<\/th>\n<th class=\"table-first-row\">40kg<\/th>\n<th class=\"table-first-row\">45kg<\/th>\n<th class=\"table-first-row\">50kg<\/th>\n<th class=\"table-first-row\">60kg<\/th>\n<th class=\"table-first-row\">70kg<\/th>\n<th class=\"table-first-row\">80kg<\/th>\n<\/tr>\n<tr>\n<td class=\"table-first-row\">Norm\u00e1lna \u010dinnos\u0165<\/td>\n<td>95g<\/td>\n<td>130g<\/td>\n<td>175g<\/td>\n<td>215g<\/td>\n<td>255g<\/td>\n<td>300g<\/td>\n<td>340g<\/td>\n<td>385g<\/td>\n<td>425g<\/td>\n<td>465g<\/td>\n<td>505g<\/td>\n<td>585g<\/td>\n<td>665g<\/td>\n<td>745g<\/td>\n<\/tr>\n<tr>\n<td class=\"table-first-row\">Stredn\u00e1 aktivita<\/td>\n<td>115g<\/td>\n<td>155g<\/td>\n<td>210g<\/td>\n<td>260g<\/td>\n<td>305g<\/td>\n<td>360g<\/td>\n<td>410g<\/td>\n<td>460g<\/td>\n<td>510g<\/td>\n<td>555g<\/td>\n<td>605g<\/td>\n<td>700g<\/td>\n<td>800g<\/td>\n<td>895g<\/td>\n<\/tr>\n<tr>\n<td class=\"table-first-row\">Vysok\u00e1 aktivita<\/td>\n<td>138g<\/td>\n<td>185g<\/td>\n<td>255g<\/td>\n<td>310g<\/td>\n<td>365g<\/td>\n<td>430g<\/td>\n<td>490g<\/td>\n<td>550g<\/td>\n<td>610g<\/td>\n<td>670g<\/td>\n<td>725g<\/td>\n<td>840g<\/td>\n<td>955g<\/td>\n<td>1070g<\/td>\n<\/tr>\n<\/tbody>\n<\/table>\n<p>[\/vc_column_text][vc_empty_space height=&#8220;22px&#8220;][vc_column_text]<strong>N\u00c1VOD NA POU\u017dITIE:<\/strong> Tento produkt je mo\u017en\u00e9 pod\u00e1va\u0165 such\u00fd alebo navlh\u010den\u00fd (tesne predt\u00fdm, ako ho psovi pon\u00faknete, odpor\u00fa\u010dame ho navlh\u010di\u0165 vla\u017enou vodou, pre psa je \u013eah\u0161ie str\u00e1vite\u013en\u00e9. Ver\u00edme, \u017ee toto zvy\u0161uje aj jeho chu\u0165). D\u00e1vky sa m\u00f4\u017eu l\u00ed\u0161i\u0165 pod\u013ea konkr\u00e9tnych potrieb psov. Pes by mal ma\u0165 v\u017edy k dispoz\u00edcii \u010derstv\u00fa pitn\u00fa vodu. Skladujte na chladnom a suchom mieste mimo dosahu zdroja tepla.[\/vc_column_text][\/vc_column][\/vc_row]<\/p>\n<\/div>","protected":false},"excerpt":{"rendered":"<p>Highpremium krmivo pre psy pre dospel\u00fdch psov<\/p>\n<p><strong>20 kg<\/strong><\/p>\n","protected":false},"featured_media":444,"template":"","meta":[],"product_brand":[],"product_cat":[100,102,99],"product_tag":[97,98],"class_list":{"0":"post-654","1":"product","2":"type-product","3":"status-publish","4":"has-post-thumbnail","6":"product_cat-aston","7":"product_cat-highpremium","8":"product_cat-psie-krmivo","9":"product_tag-aston","10":"product_tag-highpremium","11":"product_shipping_class-nek","13":"first","14":"instock","15":"taxable","16":"shipping-taxable","17":"purchasable","18":"product-type-simple"},"yoast_head":"<!-- This site is optimized with the Yoast SEO plugin v27.1.1 - https:\/\/yoast.com\/product\/yoast-seo-wordpress\/ -->\n<title>Aston | Lamb Adult Complete<\/title>\n<meta name=\"description\" content=\"Highpremium krmivo pre psy pre dospel\u00fdch psov\" \/>\n<meta name=\"robots\" content=\"index, follow, max-snippet:-1, max-image-preview:large, max-video-preview:-1\" \/>\n<link rel=\"canonical\" href=\"https:\/\/nekmar.eu\/sk\/produkt\/aston-lamb-adult-complete\/\" \/>\n<meta property=\"og:locale\" content=\"sk_SK\" \/>\n<meta property=\"og:type\" content=\"article\" \/>\n<meta property=\"og:title\" content=\"Aston Lamb Adult Complete\" \/>\n<meta property=\"og:description\" content=\"Highpremium krmivo pre psy pre dospel\u00fdch psov\" \/>\n<meta property=\"og:url\" content=\"https:\/\/nekmar.eu\/sk\/produkt\/aston-lamb-adult-complete\/\" \/>\n<meta property=\"og:site_name\" content=\"Nekmar\" \/>\n<meta property=\"article:publisher\" content=\"https:\/\/www.facebook.com\/nekmarpetnutrition\/\" \/>\n<meta property=\"article:modified_time\" content=\"2026-01-23T19:36:55+00:00\" \/>\n<meta property=\"og:image\" content=\"https:\/\/nekmar.eu\/sk\/wp-content\/uploads\/2019\/08\/aston-f-nekmar.jpg\" \/>\n\t<meta property=\"og:image:width\" content=\"1200\" \/>\n\t<meta property=\"og:image:height\" content=\"630\" \/>\n\t<meta property=\"og:image:type\" content=\"image\/jpeg\" \/>\n<meta name=\"twitter:card\" content=\"summary_large_image\" \/>\n<meta name=\"twitter:label1\" content=\"Predpokladan\u00fd \u010das \u010d\u00edtania\" \/>\n\t<meta name=\"twitter:data1\" content=\"2 min\u00faty\" \/>\n<script type=\"application\/ld+json\" class=\"yoast-schema-graph\">{\"@context\":\"https:\/\/schema.org\",\"@graph\":[{\"@type\":\"WebPage\",\"@id\":\"https:\/\/nekmar.eu\/sk\/produkt\/aston-lamb-adult-complete\/\",\"url\":\"https:\/\/nekmar.eu\/sk\/produkt\/aston-lamb-adult-complete\/\",\"name\":\"Aston | Lamb Adult Complete\",\"isPartOf\":{\"@id\":\"https:\/\/nekmar.eu\/sk\/#website\"},\"primaryImageOfPage\":{\"@id\":\"https:\/\/nekmar.eu\/sk\/produkt\/aston-lamb-adult-complete\/#primaryimage\"},\"image\":{\"@id\":\"https:\/\/nekmar.eu\/sk\/produkt\/aston-lamb-adult-complete\/#primaryimage\"},\"thumbnailUrl\":\"https:\/\/nekmar.eu\/sk\/wp-content\/uploads\/2019\/08\/aston_lamb_adult_complete.jpg\",\"datePublished\":\"2019-09-05T08:23:17+00:00\",\"dateModified\":\"2026-01-23T19:36:55+00:00\",\"description\":\"Highpremium krmivo pre psy pre dospel\u00fdch psov\",\"breadcrumb\":{\"@id\":\"https:\/\/nekmar.eu\/sk\/produkt\/aston-lamb-adult-complete\/#breadcrumb\"},\"inLanguage\":\"sk-SK\",\"potentialAction\":[{\"@type\":\"ReadAction\",\"target\":[\"https:\/\/nekmar.eu\/sk\/produkt\/aston-lamb-adult-complete\/\"]}]},{\"@type\":\"ImageObject\",\"inLanguage\":\"sk-SK\",\"@id\":\"https:\/\/nekmar.eu\/sk\/produkt\/aston-lamb-adult-complete\/#primaryimage\",\"url\":\"https:\/\/nekmar.eu\/sk\/wp-content\/uploads\/2019\/08\/aston_lamb_adult_complete.jpg\",\"contentUrl\":\"https:\/\/nekmar.eu\/sk\/wp-content\/uploads\/2019\/08\/aston_lamb_adult_complete.jpg\",\"width\":1000,\"height\":1000},{\"@type\":\"BreadcrumbList\",\"@id\":\"https:\/\/nekmar.eu\/sk\/produkt\/aston-lamb-adult-complete\/#breadcrumb\",\"itemListElement\":[{\"@type\":\"ListItem\",\"position\":1,\"name\":\"Home\",\"item\":\"https:\/\/nekmar.eu\/sk\/\"},{\"@type\":\"ListItem\",\"position\":2,\"name\":\"Obchod\",\"item\":\"https:\/\/nekmar.eu\/sk\/obchod\/\"},{\"@type\":\"ListItem\",\"position\":3,\"name\":\"Aston Lamb Adult Complete\"}]},{\"@type\":\"WebSite\",\"@id\":\"https:\/\/nekmar.eu\/sk\/#website\",\"url\":\"https:\/\/nekmar.eu\/sk\/\",\"name\":\"Nekmar\",\"description\":\"Pet Nutrition\",\"publisher\":{\"@id\":\"https:\/\/nekmar.eu\/sk\/#organization\"},\"potentialAction\":[{\"@type\":\"SearchAction\",\"target\":{\"@type\":\"EntryPoint\",\"urlTemplate\":\"https:\/\/nekmar.eu\/sk\/?s={search_term_string}\"},\"query-input\":{\"@type\":\"PropertyValueSpecification\",\"valueRequired\":true,\"valueName\":\"search_term_string\"}}],\"inLanguage\":\"sk-SK\"},{\"@type\":\"Organization\",\"@id\":\"https:\/\/nekmar.eu\/sk\/#organization\",\"name\":\"Nekmar Pet Nutrition\",\"url\":\"https:\/\/nekmar.eu\/sk\/\",\"logo\":{\"@type\":\"ImageObject\",\"inLanguage\":\"sk-SK\",\"@id\":\"https:\/\/nekmar.eu\/sk\/#\/schema\/logo\/image\/\",\"url\":\"https:\/\/nekmar.eu\/sk\/wp-content\/uploads\/2019\/08\/Nekmar-contact.jpg\",\"contentUrl\":\"https:\/\/nekmar.eu\/sk\/wp-content\/uploads\/2019\/08\/Nekmar-contact.jpg\",\"width\":600,\"height\":142,\"caption\":\"Nekmar Pet Nutrition\"},\"image\":{\"@id\":\"https:\/\/nekmar.eu\/sk\/#\/schema\/logo\/image\/\"},\"sameAs\":[\"https:\/\/www.facebook.com\/nekmarpetnutrition\/\",\"https:\/\/www.instagram.com\/nekmarpetnutrition\/\"]}]}<\/script>\n<!-- \/ Yoast SEO plugin. -->","yoast_head_json":{"title":"Aston | Lamb Adult Complete","description":"Highpremium krmivo pre psy pre dospel\u00fdch psov","robots":{"index":"index","follow":"follow","max-snippet":"max-snippet:-1","max-image-preview":"max-image-preview:large","max-video-preview":"max-video-preview:-1"},"canonical":"https:\/\/nekmar.eu\/sk\/produkt\/aston-lamb-adult-complete\/","og_locale":"sk_SK","og_type":"article","og_title":"Aston Lamb Adult Complete","og_description":"Highpremium krmivo pre psy pre dospel\u00fdch psov","og_url":"https:\/\/nekmar.eu\/sk\/produkt\/aston-lamb-adult-complete\/","og_site_name":"Nekmar","article_publisher":"https:\/\/www.facebook.com\/nekmarpetnutrition\/","article_modified_time":"2026-01-23T19:36:55+00:00","og_image":[{"width":1200,"height":630,"url":"https:\/\/nekmar.eu\/sk\/wp-content\/uploads\/2019\/08\/aston-f-nekmar.jpg","type":"image\/jpeg"}],"twitter_card":"summary_large_image","twitter_misc":{"Predpokladan\u00fd \u010das \u010d\u00edtania":"2 min\u00faty"},"schema":{"@context":"https:\/\/schema.org","@graph":[{"@type":"WebPage","@id":"https:\/\/nekmar.eu\/sk\/produkt\/aston-lamb-adult-complete\/","url":"https:\/\/nekmar.eu\/sk\/produkt\/aston-lamb-adult-complete\/","name":"Aston | Lamb Adult Complete","isPartOf":{"@id":"https:\/\/nekmar.eu\/sk\/#website"},"primaryImageOfPage":{"@id":"https:\/\/nekmar.eu\/sk\/produkt\/aston-lamb-adult-complete\/#primaryimage"},"image":{"@id":"https:\/\/nekmar.eu\/sk\/produkt\/aston-lamb-adult-complete\/#primaryimage"},"thumbnailUrl":"https:\/\/nekmar.eu\/sk\/wp-content\/uploads\/2019\/08\/aston_lamb_adult_complete.jpg","datePublished":"2019-09-05T08:23:17+00:00","dateModified":"2026-01-23T19:36:55+00:00","description":"Highpremium krmivo pre psy pre dospel\u00fdch psov","breadcrumb":{"@id":"https:\/\/nekmar.eu\/sk\/produkt\/aston-lamb-adult-complete\/#breadcrumb"},"inLanguage":"sk-SK","potentialAction":[{"@type":"ReadAction","target":["https:\/\/nekmar.eu\/sk\/produkt\/aston-lamb-adult-complete\/"]}]},{"@type":"ImageObject","inLanguage":"sk-SK","@id":"https:\/\/nekmar.eu\/sk\/produkt\/aston-lamb-adult-complete\/#primaryimage","url":"https:\/\/nekmar.eu\/sk\/wp-content\/uploads\/2019\/08\/aston_lamb_adult_complete.jpg","contentUrl":"https:\/\/nekmar.eu\/sk\/wp-content\/uploads\/2019\/08\/aston_lamb_adult_complete.jpg","width":1000,"height":1000},{"@type":"BreadcrumbList","@id":"https:\/\/nekmar.eu\/sk\/produkt\/aston-lamb-adult-complete\/#breadcrumb","itemListElement":[{"@type":"ListItem","position":1,"name":"Home","item":"https:\/\/nekmar.eu\/sk\/"},{"@type":"ListItem","position":2,"name":"Obchod","item":"https:\/\/nekmar.eu\/sk\/obchod\/"},{"@type":"ListItem","position":3,"name":"Aston Lamb Adult Complete"}]},{"@type":"WebSite","@id":"https:\/\/nekmar.eu\/sk\/#website","url":"https:\/\/nekmar.eu\/sk\/","name":"Nekmar","description":"Pet Nutrition","publisher":{"@id":"https:\/\/nekmar.eu\/sk\/#organization"},"potentialAction":[{"@type":"SearchAction","target":{"@type":"EntryPoint","urlTemplate":"https:\/\/nekmar.eu\/sk\/?s={search_term_string}"},"query-input":{"@type":"PropertyValueSpecification","valueRequired":true,"valueName":"search_term_string"}}],"inLanguage":"sk-SK"},{"@type":"Organization","@id":"https:\/\/nekmar.eu\/sk\/#organization","name":"Nekmar Pet Nutrition","url":"https:\/\/nekmar.eu\/sk\/","logo":{"@type":"ImageObject","inLanguage":"sk-SK","@id":"https:\/\/nekmar.eu\/sk\/#\/schema\/logo\/image\/","url":"https:\/\/nekmar.eu\/sk\/wp-content\/uploads\/2019\/08\/Nekmar-contact.jpg","contentUrl":"https:\/\/nekmar.eu\/sk\/wp-content\/uploads\/2019\/08\/Nekmar-contact.jpg","width":600,"height":142,"caption":"Nekmar Pet Nutrition"},"image":{"@id":"https:\/\/nekmar.eu\/sk\/#\/schema\/logo\/image\/"},"sameAs":["https:\/\/www.facebook.com\/nekmarpetnutrition\/","https:\/\/www.instagram.com\/nekmarpetnutrition\/"]}]}},"_links":{"self":[{"href":"https:\/\/nekmar.eu\/sk\/wp-json\/wp\/v2\/product\/654","targetHints":{"allow":["GET"]}}],"collection":[{"href":"https:\/\/nekmar.eu\/sk\/wp-json\/wp\/v2\/product"}],"about":[{"href":"https:\/\/nekmar.eu\/sk\/wp-json\/wp\/v2\/types\/product"}],"wp:featuredmedia":[{"embeddable":true,"href":"https:\/\/nekmar.eu\/sk\/wp-json\/wp\/v2\/media\/444"}],"wp:attachment":[{"href":"https:\/\/nekmar.eu\/sk\/wp-json\/wp\/v2\/media?parent=654"}],"wp:term":[{"taxonomy":"product_brand","embeddable":true,"href":"https:\/\/nekmar.eu\/sk\/wp-json\/wp\/v2\/product_brand?post=654"},{"taxonomy":"product_cat","embeddable":true,"href":"https:\/\/nekmar.eu\/sk\/wp-json\/wp\/v2\/product_cat?post=654"},{"taxonomy":"product_tag","embeddable":true,"href":"https:\/\/nekmar.eu\/sk\/wp-json\/wp\/v2\/product_tag?post=654"}],"curies":[{"name":"wp","href":"https:\/\/api.w.org\/{rel}","templated":true}]}}