{"id":662,"date":"2019-09-08T08:07:25","date_gmt":"2019-09-08T08:07:25","guid":{"rendered":"http:\/\/nekmar.eu\/sk\/?post_type=product&#038;p=662"},"modified":"2026-02-01T10:05:35","modified_gmt":"2026-02-01T10:05:35","slug":"nekmar-adult-small-medium","status":"publish","type":"product","link":"https:\/\/nekmar.eu\/sk\/produkt\/nekmar-adult-small-medium\/","title":{"rendered":"Nekmar Low Grain Adult Small &#038; Medium"},"content":{"rendered":"<div class=\"wpb-content-wrapper\"><p>[vc_row css_animation=&#8220;&#8220; row_type=&#8220;row&#8220; use_row_as_full_screen_section=&#8220;no&#8220; type=&#8220;full_width&#8220; angled_section=&#8220;no&#8220; text_align=&#8220;left&#8220; background_image_as_pattern=&#8220;without_pattern&#8220;][vc_column][vc_column_text]<strong>ZLO\u017d<\/strong><strong>ENIE:<\/strong> \u00a0kuracie m\u00e4so 38% (z toho \u010derstv\u00e9 kuracie m\u00e4so 15%), hned\u00e1 ry\u017ea 22%, hr\u00e1\u0161ok, kurac\u00ed tuk 10%, zemiaky, su\u0161en\u00e1 ryba 4%, fazu\u013ea \u013eanov\u00e1, \u013eanov\u00e9 semienka, su\u0161en\u00e1 repa, su\u0161en\u00e1 pe\u010de\u0148 2%, dro\u017edie , su\u0161en\u00e9 morske\u00e9 riasy 0,3%, fruktooligosacharidy (FOS 0,2%), mannanoligosacchridy (MOS 0,2%), yucca schidigera, su\u0161en\u00fd anan\u00e1sov\u00e1 stopka (Ananas comusus), su\u0161en\u00e9 jablko (Malus pumila), pestrec mari\u00e1nsky (Malus pumila) Silybum marianum L.), glukozam\u00edn, chondroit\u00edn sulf\u00e1t.<\/p>\n<p><strong>\u00a0<\/strong><\/p>\n<p><strong>ANALYTICK<\/strong><strong>\u00c9 <\/strong><strong>ZLO\u017d<\/strong><strong>KY: <\/strong>hrub\u00fd prote\u00edn 29%, hrub\u00e9 oleje a tuky 17%, hrub\u00e1 vl\u00e1knina 2,4%, popol 7,5%, vlhkos\u0165 8%.<\/p>\n<p><strong>\u00a0<\/strong><\/p>\n<p><strong>DOPLNKY NA KG:<\/strong> V\u00fd\u017eivn\u00e9 doplnkov\u00e9 l\u00e1tky: 3a672a vitam\u00edn A 24000 UI, E671 vitam\u00edn D3 1600 UI, 3a700 vitam\u00edn E (tralfa toc.acet) 200 mg, E4 me\u010f (pentahydr\u00e1t s\u00edranu me\u010fnat\u00e9ho) 19 mg, E1 \u017eelezo (uhli\u010ditan \u017eelezit\u00fd) 38 mg, E5 mang\u00e1n ( oxid mangani\u010dit\u00fd) 76 mg, 3b605 zino\u010dnat\u00fd (monohydr\u00e1t s\u00edranu zino\u010dnat\u00e9ho) 84 mg, 3b201 j\u00f3d (jodid draseln\u00fd) 4,0 mg, E8 sel\u00e9n (seleni\u010ditan sodn\u00fd) 0,2 mg.\u00a0Organoleptick\u00e9 pr\u00edsady: Pr\u00edrodn\u00fd produkt botanicky definovan\u00fd.<\/p>\n<p>&nbsp;<\/p>\n<p><strong>METABOLIZOVATE\u013dN\u00c1 ENERGIA:<\/strong> 3930 Kcal \/ kg.[\/vc_column_text][\/vc_column][\/vc_row][vc_row css_animation=&#8220;&#8220; row_type=&#8220;row&#8220; use_row_as_full_screen_section=&#8220;no&#8220; type=&#8220;full_width&#8220; angled_section=&#8220;no&#8220; text_align=&#8220;left&#8220; background_image_as_pattern=&#8220;without_pattern&#8220;][vc_column][vc_empty_space][vc_empty_space][vc_column_text]Odpor\u00fa\u010dan\u00fd denn\u00fd pomer krmiva (g\/de\u0148)[\/vc_column_text][vc_empty_space height=&#8220;12px&#8220;][vc_column_text]<\/p>\n<table class=\"gridtable\">\n<tbody>\n<tr>\n<th class=\"table-first-row\">Hmotnos\u0165 dospel\u00e9ho psa<\/th>\n<th class=\"table-first-row\">1kg<\/th>\n<th class=\"table-first-row\">2kg<\/th>\n<th class=\"table-first-row\">3kg<\/th>\n<th class=\"table-first-row\">4kg<\/th>\n<th class=\"table-first-row\">5kg<\/th>\n<th class=\"table-first-row\">6kg<\/th>\n<th class=\"table-first-row\">7kg<\/th>\n<th class=\"table-first-row\">8kg<\/th>\n<th class=\"table-first-row\">10<\/th>\n<th class=\"table-first-row\">12kg<\/th>\n<th class=\"table-first-row\">15kg<\/th>\n<th class=\"table-first-row\">20kg<\/th>\n<th class=\"table-first-row\">25kg<\/th>\n<\/tr>\n<tr>\n<td class=\"table-first-row\">Norm\u00e1lna \u010dinnos\u0165<\/td>\n<td>25g<\/td>\n<td>45g<\/td>\n<td>60g<\/td>\n<td>75g<\/td>\n<td>90g<\/td>\n<td>100g<\/td>\n<td>115g<\/td>\n<td>125g<\/td>\n<td>140g<\/td>\n<td>160g<\/td>\n<td>200g<\/td>\n<td>240g<\/td>\n<td>285g<\/td>\n<\/tr>\n<tr>\n<td class=\"table-first-row\">Stredn\u00e1 aktivita<\/td>\n<td>30g<\/td>\n<td>55g<\/td>\n<td>72g<\/td>\n<td>90g<\/td>\n<td>105g<\/td>\n<td>120g<\/td>\n<td>135g<\/td>\n<td>150g<\/td>\n<td>168g<\/td>\n<td>190g<\/td>\n<td>240g<\/td>\n<td>285g<\/td>\n<td>340g<\/td>\n<\/tr>\n<tr>\n<td class=\"table-first-row\">Vysok\u00e1 aktivita<\/td>\n<td>35g<\/td>\n<td>65g<\/td>\n<td>85g<\/td>\n<td>105g<\/td>\n<td>130g<\/td>\n<td>140g<\/td>\n<td>160g<\/td>\n<td>180g<\/td>\n<td>200g<\/td>\n<td>230g<\/td>\n<td>285g<\/td>\n<td>340g<\/td>\n<td>410g<\/td>\n<\/tr>\n<\/tbody>\n<\/table>\n<p>[\/vc_column_text][vc_empty_space height=&#8220;22px&#8220;][vc_column_text]<strong>N\u00c1VOD NA POU\u017dITIE:<\/strong> Tento produkt je mo\u017en\u00e9 pod\u00e1va\u0165 such\u00fd alebo navlh\u010den\u00fd (tesne predt\u00fdm, ako ho psovi pon\u00faknete, odpor\u00fa\u010dame ho navlh\u010di\u0165 vla\u017enou vodou, pre psa je \u013eah\u0161ie str\u00e1vite\u013en\u00e9. Ver\u00edme, \u017ee toto zvy\u0161uje aj jeho chu\u0165). D\u00e1vky sa m\u00f4\u017eu l\u00ed\u0161i\u0165 pod\u013ea konkr\u00e9tnych potrieb psov. Pes by mal ma\u0165 v\u017edy k dispoz\u00edcii \u010derstv\u00fa pitn\u00fa vodu. Skladujte na chladnom a suchom mieste mimo dosahu zdroja tepla.[\/vc_column_text][\/vc_column][\/vc_row]<\/p>\n<\/div>","protected":false},"excerpt":{"rendered":"<p>Ultrapremium low grain krmivo pre dospel\u00fdch psov<\/p>\n<p><strong>12 kg<\/strong><\/p>\n","protected":false},"featured_media":470,"template":"","meta":[],"product_brand":[],"product_cat":[105,101,99],"product_tag":[110,109],"class_list":{"0":"post-662","1":"product","2":"type-product","3":"status-publish","4":"has-post-thumbnail","6":"product_cat-lowgrain","7":"product_cat-nekmar","8":"product_cat-psie-krmivo","9":"product_tag-lowgrain","10":"product_tag-nekmar","11":"product_shipping_class-nek","13":"first","14":"outofstock","15":"taxable","16":"shipping-taxable","17":"purchasable","18":"product-type-simple"},"yoast_head":"<!-- This site is optimized with the Yoast SEO plugin v27.1.1 - https:\/\/yoast.com\/product\/yoast-seo-wordpress\/ -->\n<title>Nekmar | Low Grain Adult Small &amp; Medium<\/title>\n<meta name=\"description\" content=\"Ultrapremium low grain krmivo pre dospel\u00fdch psov\" \/>\n<meta name=\"robots\" content=\"index, follow, max-snippet:-1, max-image-preview:large, max-video-preview:-1\" \/>\n<link rel=\"canonical\" href=\"https:\/\/nekmar.eu\/sk\/produkt\/nekmar-adult-small-medium\/\" \/>\n<meta property=\"og:locale\" content=\"sk_SK\" \/>\n<meta property=\"og:type\" content=\"article\" \/>\n<meta property=\"og:title\" content=\"Nekmar Low Grain Adult Small &amp; Medium\" \/>\n<meta property=\"og:description\" content=\"Ultrapremium low grain krmivo pre dospel\u00fdch psov\" \/>\n<meta property=\"og:url\" content=\"https:\/\/nekmar.eu\/sk\/produkt\/nekmar-adult-small-medium\/\" \/>\n<meta property=\"og:site_name\" content=\"Nekmar\" \/>\n<meta property=\"article:publisher\" content=\"https:\/\/www.facebook.com\/nekmarpetnutrition\/\" \/>\n<meta property=\"article:modified_time\" content=\"2026-02-01T10:05:35+00:00\" \/>\n<meta property=\"og:image\" content=\"https:\/\/nekmar.eu\/sk\/wp-content\/uploads\/2019\/08\/nekmar-holistic.jpg\" \/>\n\t<meta property=\"og:image:width\" content=\"1200\" \/>\n\t<meta property=\"og:image:height\" content=\"630\" \/>\n\t<meta property=\"og:image:type\" content=\"image\/jpeg\" \/>\n<meta name=\"twitter:card\" content=\"summary_large_image\" \/>\n<meta name=\"twitter:label1\" content=\"Predpokladan\u00fd \u010das \u010d\u00edtania\" \/>\n\t<meta name=\"twitter:data1\" content=\"2 min\u00faty\" \/>\n<script type=\"application\/ld+json\" class=\"yoast-schema-graph\">{\"@context\":\"https:\/\/schema.org\",\"@graph\":[{\"@type\":\"WebPage\",\"@id\":\"https:\/\/nekmar.eu\/sk\/produkt\/nekmar-adult-small-medium\/\",\"url\":\"https:\/\/nekmar.eu\/sk\/produkt\/nekmar-adult-small-medium\/\",\"name\":\"Nekmar | Low Grain Adult Small & Medium\",\"isPartOf\":{\"@id\":\"https:\/\/nekmar.eu\/sk\/#website\"},\"primaryImageOfPage\":{\"@id\":\"https:\/\/nekmar.eu\/sk\/produkt\/nekmar-adult-small-medium\/#primaryimage\"},\"image\":{\"@id\":\"https:\/\/nekmar.eu\/sk\/produkt\/nekmar-adult-small-medium\/#primaryimage\"},\"thumbnailUrl\":\"https:\/\/nekmar.eu\/sk\/wp-content\/uploads\/2019\/08\/nekmar_lowgrain_adult_small_medium.jpg\",\"datePublished\":\"2019-09-08T08:07:25+00:00\",\"dateModified\":\"2026-02-01T10:05:35+00:00\",\"description\":\"Ultrapremium low grain krmivo pre dospel\u00fdch psov\",\"breadcrumb\":{\"@id\":\"https:\/\/nekmar.eu\/sk\/produkt\/nekmar-adult-small-medium\/#breadcrumb\"},\"inLanguage\":\"sk-SK\",\"potentialAction\":[{\"@type\":\"ReadAction\",\"target\":[\"https:\/\/nekmar.eu\/sk\/produkt\/nekmar-adult-small-medium\/\"]}]},{\"@type\":\"ImageObject\",\"inLanguage\":\"sk-SK\",\"@id\":\"https:\/\/nekmar.eu\/sk\/produkt\/nekmar-adult-small-medium\/#primaryimage\",\"url\":\"https:\/\/nekmar.eu\/sk\/wp-content\/uploads\/2019\/08\/nekmar_lowgrain_adult_small_medium.jpg\",\"contentUrl\":\"https:\/\/nekmar.eu\/sk\/wp-content\/uploads\/2019\/08\/nekmar_lowgrain_adult_small_medium.jpg\",\"width\":1000,\"height\":1000},{\"@type\":\"BreadcrumbList\",\"@id\":\"https:\/\/nekmar.eu\/sk\/produkt\/nekmar-adult-small-medium\/#breadcrumb\",\"itemListElement\":[{\"@type\":\"ListItem\",\"position\":1,\"name\":\"Home\",\"item\":\"https:\/\/nekmar.eu\/sk\/\"},{\"@type\":\"ListItem\",\"position\":2,\"name\":\"Obchod\",\"item\":\"https:\/\/nekmar.eu\/sk\/obchod\/\"},{\"@type\":\"ListItem\",\"position\":3,\"name\":\"Nekmar Low Grain Adult Small &#038; Medium\"}]},{\"@type\":\"WebSite\",\"@id\":\"https:\/\/nekmar.eu\/sk\/#website\",\"url\":\"https:\/\/nekmar.eu\/sk\/\",\"name\":\"Nekmar\",\"description\":\"Pet Nutrition\",\"publisher\":{\"@id\":\"https:\/\/nekmar.eu\/sk\/#organization\"},\"potentialAction\":[{\"@type\":\"SearchAction\",\"target\":{\"@type\":\"EntryPoint\",\"urlTemplate\":\"https:\/\/nekmar.eu\/sk\/?s={search_term_string}\"},\"query-input\":{\"@type\":\"PropertyValueSpecification\",\"valueRequired\":true,\"valueName\":\"search_term_string\"}}],\"inLanguage\":\"sk-SK\"},{\"@type\":\"Organization\",\"@id\":\"https:\/\/nekmar.eu\/sk\/#organization\",\"name\":\"Nekmar Pet Nutrition\",\"url\":\"https:\/\/nekmar.eu\/sk\/\",\"logo\":{\"@type\":\"ImageObject\",\"inLanguage\":\"sk-SK\",\"@id\":\"https:\/\/nekmar.eu\/sk\/#\/schema\/logo\/image\/\",\"url\":\"https:\/\/nekmar.eu\/sk\/wp-content\/uploads\/2019\/08\/Nekmar-contact.jpg\",\"contentUrl\":\"https:\/\/nekmar.eu\/sk\/wp-content\/uploads\/2019\/08\/Nekmar-contact.jpg\",\"width\":600,\"height\":142,\"caption\":\"Nekmar Pet Nutrition\"},\"image\":{\"@id\":\"https:\/\/nekmar.eu\/sk\/#\/schema\/logo\/image\/\"},\"sameAs\":[\"https:\/\/www.facebook.com\/nekmarpetnutrition\/\",\"https:\/\/www.instagram.com\/nekmarpetnutrition\/\"]}]}<\/script>\n<!-- \/ Yoast SEO plugin. -->","yoast_head_json":{"title":"Nekmar | Low Grain Adult Small & Medium","description":"Ultrapremium low grain krmivo pre dospel\u00fdch psov","robots":{"index":"index","follow":"follow","max-snippet":"max-snippet:-1","max-image-preview":"max-image-preview:large","max-video-preview":"max-video-preview:-1"},"canonical":"https:\/\/nekmar.eu\/sk\/produkt\/nekmar-adult-small-medium\/","og_locale":"sk_SK","og_type":"article","og_title":"Nekmar Low Grain Adult Small & Medium","og_description":"Ultrapremium low grain krmivo pre dospel\u00fdch psov","og_url":"https:\/\/nekmar.eu\/sk\/produkt\/nekmar-adult-small-medium\/","og_site_name":"Nekmar","article_publisher":"https:\/\/www.facebook.com\/nekmarpetnutrition\/","article_modified_time":"2026-02-01T10:05:35+00:00","og_image":[{"width":1200,"height":630,"url":"https:\/\/nekmar.eu\/sk\/wp-content\/uploads\/2019\/08\/nekmar-holistic.jpg","type":"image\/jpeg"}],"twitter_card":"summary_large_image","twitter_misc":{"Predpokladan\u00fd \u010das \u010d\u00edtania":"2 min\u00faty"},"schema":{"@context":"https:\/\/schema.org","@graph":[{"@type":"WebPage","@id":"https:\/\/nekmar.eu\/sk\/produkt\/nekmar-adult-small-medium\/","url":"https:\/\/nekmar.eu\/sk\/produkt\/nekmar-adult-small-medium\/","name":"Nekmar | Low Grain Adult Small & Medium","isPartOf":{"@id":"https:\/\/nekmar.eu\/sk\/#website"},"primaryImageOfPage":{"@id":"https:\/\/nekmar.eu\/sk\/produkt\/nekmar-adult-small-medium\/#primaryimage"},"image":{"@id":"https:\/\/nekmar.eu\/sk\/produkt\/nekmar-adult-small-medium\/#primaryimage"},"thumbnailUrl":"https:\/\/nekmar.eu\/sk\/wp-content\/uploads\/2019\/08\/nekmar_lowgrain_adult_small_medium.jpg","datePublished":"2019-09-08T08:07:25+00:00","dateModified":"2026-02-01T10:05:35+00:00","description":"Ultrapremium low grain krmivo pre dospel\u00fdch psov","breadcrumb":{"@id":"https:\/\/nekmar.eu\/sk\/produkt\/nekmar-adult-small-medium\/#breadcrumb"},"inLanguage":"sk-SK","potentialAction":[{"@type":"ReadAction","target":["https:\/\/nekmar.eu\/sk\/produkt\/nekmar-adult-small-medium\/"]}]},{"@type":"ImageObject","inLanguage":"sk-SK","@id":"https:\/\/nekmar.eu\/sk\/produkt\/nekmar-adult-small-medium\/#primaryimage","url":"https:\/\/nekmar.eu\/sk\/wp-content\/uploads\/2019\/08\/nekmar_lowgrain_adult_small_medium.jpg","contentUrl":"https:\/\/nekmar.eu\/sk\/wp-content\/uploads\/2019\/08\/nekmar_lowgrain_adult_small_medium.jpg","width":1000,"height":1000},{"@type":"BreadcrumbList","@id":"https:\/\/nekmar.eu\/sk\/produkt\/nekmar-adult-small-medium\/#breadcrumb","itemListElement":[{"@type":"ListItem","position":1,"name":"Home","item":"https:\/\/nekmar.eu\/sk\/"},{"@type":"ListItem","position":2,"name":"Obchod","item":"https:\/\/nekmar.eu\/sk\/obchod\/"},{"@type":"ListItem","position":3,"name":"Nekmar Low Grain Adult Small &#038; Medium"}]},{"@type":"WebSite","@id":"https:\/\/nekmar.eu\/sk\/#website","url":"https:\/\/nekmar.eu\/sk\/","name":"Nekmar","description":"Pet Nutrition","publisher":{"@id":"https:\/\/nekmar.eu\/sk\/#organization"},"potentialAction":[{"@type":"SearchAction","target":{"@type":"EntryPoint","urlTemplate":"https:\/\/nekmar.eu\/sk\/?s={search_term_string}"},"query-input":{"@type":"PropertyValueSpecification","valueRequired":true,"valueName":"search_term_string"}}],"inLanguage":"sk-SK"},{"@type":"Organization","@id":"https:\/\/nekmar.eu\/sk\/#organization","name":"Nekmar Pet Nutrition","url":"https:\/\/nekmar.eu\/sk\/","logo":{"@type":"ImageObject","inLanguage":"sk-SK","@id":"https:\/\/nekmar.eu\/sk\/#\/schema\/logo\/image\/","url":"https:\/\/nekmar.eu\/sk\/wp-content\/uploads\/2019\/08\/Nekmar-contact.jpg","contentUrl":"https:\/\/nekmar.eu\/sk\/wp-content\/uploads\/2019\/08\/Nekmar-contact.jpg","width":600,"height":142,"caption":"Nekmar Pet Nutrition"},"image":{"@id":"https:\/\/nekmar.eu\/sk\/#\/schema\/logo\/image\/"},"sameAs":["https:\/\/www.facebook.com\/nekmarpetnutrition\/","https:\/\/www.instagram.com\/nekmarpetnutrition\/"]}]}},"_links":{"self":[{"href":"https:\/\/nekmar.eu\/sk\/wp-json\/wp\/v2\/product\/662","targetHints":{"allow":["GET"]}}],"collection":[{"href":"https:\/\/nekmar.eu\/sk\/wp-json\/wp\/v2\/product"}],"about":[{"href":"https:\/\/nekmar.eu\/sk\/wp-json\/wp\/v2\/types\/product"}],"wp:featuredmedia":[{"embeddable":true,"href":"https:\/\/nekmar.eu\/sk\/wp-json\/wp\/v2\/media\/470"}],"wp:attachment":[{"href":"https:\/\/nekmar.eu\/sk\/wp-json\/wp\/v2\/media?parent=662"}],"wp:term":[{"taxonomy":"product_brand","embeddable":true,"href":"https:\/\/nekmar.eu\/sk\/wp-json\/wp\/v2\/product_brand?post=662"},{"taxonomy":"product_cat","embeddable":true,"href":"https:\/\/nekmar.eu\/sk\/wp-json\/wp\/v2\/product_cat?post=662"},{"taxonomy":"product_tag","embeddable":true,"href":"https:\/\/nekmar.eu\/sk\/wp-json\/wp\/v2\/product_tag?post=662"}],"curies":[{"name":"wp","href":"https:\/\/api.w.org\/{rel}","templated":true}]}}