{"id":668,"date":"2019-09-08T08:30:20","date_gmt":"2019-09-08T08:30:20","guid":{"rendered":"http:\/\/nekmar.eu\/sk\/?post_type=product&#038;p=668"},"modified":"2026-01-22T13:37:04","modified_gmt":"2026-01-22T13:37:04","slug":"nekmar-adult-rabbit-iberico","status":"publish","type":"product","link":"https:\/\/nekmar.eu\/sk\/produkt\/nekmar-adult-rabbit-iberico\/","title":{"rendered":"Nekmar Grain Free Adult Rabbit &#038; Iberico Odosielame 23.1. 2026"},"content":{"rendered":"<div class=\"wpb-content-wrapper\"><p>[vc_row css_animation=&#8220;&#8220; row_type=&#8220;row&#8220; use_row_as_full_screen_section=&#8220;no&#8220; type=&#8220;full_width&#8220; angled_section=&#8220;no&#8220; text_align=&#8220;left&#8220; background_image_as_pattern=&#8220;without_pattern&#8220;][vc_column][vc_column_text]<strong>ZLO\u017d<\/strong><strong>ENIE:<\/strong> \u010cerstv\u00e9 kr\u00e1li\u010die m\u00e4so 30%, su\u0161en\u00e9 brav\u010dov\u00e9 m\u00e4so 20%, zemiaky 15%, hr\u00e1\u0161ok, kurac\u00ed tuk, dehydrovan\u00e9 ryby 5%, fazu\u013ea \u013eanov\u00e1, \u013eanov\u00e9 semienka, su\u0161en\u00e1 repa, dro\u017edie, morsk\u00e9 riasy 0,3%, fruktooligosacharidy (FOS) 0,2%, mananov\u00e9 oligosacharidy (MOS 0,2%), yucca schidigera, pestrec mari\u00e1nsky (Silybum marianum L.), su\u0161en\u00e1 ko\u017ea z gran\u00e1tov\u00fdch jab\u013ak (Punica granatum), su\u0161en\u00e1 ru\u017ea \u0161ipky (Rosa Canina LR, Pendulina L.) , glukozam\u00edn, chondroit\u00edn sulf\u00e1t.<\/p>\n<p><strong>\u00a0<\/strong><\/p>\n<p><strong>ANALYTICK<\/strong><strong>\u00c9 <\/strong><strong>ZLO\u017d<\/strong><strong>KY: <\/strong>hrub\u00fd prote\u00edn 31%, hrub\u00e9 oleje a tuky 19%, hrub\u00e1 vl\u00e1knina 2,5%, popol 8,2%, vlhkos\u0165 8%.<\/p>\n<p><strong>\u00a0<\/strong><\/p>\n<p><strong>DOPLNKY NA KG:<\/strong> V\u00fd\u017eivn\u00e9 doplnkov\u00e9 l\u00e1tky: 3a672a vitam\u00edn A 21000 UI, E671 vitam\u00edn D3 1400 UI, 3a700 vitam\u00edn E (tralfa toc.acet) 180 mg, E4 me\u010f (pentahydr\u00e1t s\u00edranu me\u010fnat\u00e9ho) 15 mg, E1 \u017eelezo (uhli\u010ditan \u017eelezit\u00fd) 30 mg, E5 mang\u00e1n ( oxid mangani\u010dit\u00fd) 60 mg, 3b605 zinok (monohydr\u00e1t s\u00edranu zino\u010dnat\u00e9ho) 68 mg, 3b201 j\u00f3d (jodid draseln\u00fd) 3,7 mg, E8 sel\u00e9n (seleni\u010ditan sodn\u00fd) 0,16 mg.<\/p>\n<p>&nbsp;<\/p>\n<p><strong>METABOLIZOVATE\u013dN\u00c1 ENERGIA:<\/strong> 4000 Kcal \/ kg.[\/vc_column_text][\/vc_column][\/vc_row][vc_row css_animation=&#8220;&#8220; row_type=&#8220;row&#8220; use_row_as_full_screen_section=&#8220;no&#8220; type=&#8220;full_width&#8220; angled_section=&#8220;no&#8220; text_align=&#8220;left&#8220; background_image_as_pattern=&#8220;without_pattern&#8220;][vc_column][vc_empty_space][vc_column_text]Odpor\u00fa\u010dan\u00fd denn\u00fd pomer krmiva (g\/de\u0148)[\/vc_column_text][vc_empty_space height=&#8220;10px&#8220;][vc_column_text]<\/p>\n<table class=\"gridtable\">\n<tbody>\n<tr>\n<th class=\"table-first-row\">Hmotnos\u0165 dospel\u00e9ho psa<\/th>\n<th class=\"table-first-row\">2,5kg<\/th>\n<th class=\"table-first-row\">5kg<\/th>\n<th class=\"table-first-row\">7kg<\/th>\n<th class=\"table-first-row\">10kg<\/th>\n<th class=\"table-first-row\">15kg<\/th>\n<th class=\"table-first-row\">20kg<\/th>\n<th class=\"table-first-row\">25kg<\/th>\n<th class=\"table-first-row\">30kg<\/th>\n<th class=\"table-first-row\">35kg<\/th>\n<th class=\"table-first-row\">40kg<\/th>\n<th class=\"table-first-row\">45kg<\/th>\n<th class=\"table-first-row\">50kg<\/th>\n<th class=\"table-first-row\">60kg<\/th>\n<th class=\"table-first-row\">70kg<\/th>\n<th class=\"table-first-row\">80kg<\/th>\n<\/tr>\n<tr>\n<td class=\"table-first-row\">Norm\u00e1lna \u010dinnos\u0165<\/td>\n<td>45g<\/td>\n<td>70g<\/td>\n<td>105g<\/td>\n<td>135g<\/td>\n<td>180g<\/td>\n<td>235g<\/td>\n<td>280g<\/td>\n<td>320g<\/td>\n<td>360g<\/td>\n<td>400g<\/td>\n<td>435g<\/td>\n<td>470g<\/td>\n<td>540g<\/td>\n<td>610g<\/td>\n<td>680g<\/td>\n<\/tr>\n<tr>\n<td class=\"table-first-row\">Stredn\u00e1 aktivita<\/td>\n<td>55g<\/td>\n<td>84g<\/td>\n<td>125g<\/td>\n<td>160g<\/td>\n<td>215g<\/td>\n<td>280g<\/td>\n<td>335g<\/td>\n<td>385g<\/td>\n<td>430g<\/td>\n<td>480g<\/td>\n<td>520g<\/td>\n<td>565g<\/td>\n<td>645g<\/td>\n<td>730g<\/td>\n<td>810g<\/td>\n<\/tr>\n<tr>\n<td class=\"table-first-row\">Vysok\u00e1 aktivita<\/td>\n<td>65g<\/td>\n<td>100g<\/td>\n<td>150g<\/td>\n<td>190g<\/td>\n<td>260g<\/td>\n<td>335g<\/td>\n<td>400g<\/td>\n<td>460g<\/td>\n<td>515g<\/td>\n<td>575g<\/td>\n<td>620g<\/td>\n<td>675g<\/td>\n<td>770g<\/td>\n<td>870g<\/td>\n<td>970g<\/td>\n<\/tr>\n<\/tbody>\n<\/table>\n<p>[\/vc_column_text][vc_empty_space height=&#8220;22px&#8220;][vc_column_text]<strong>N\u00c1VOD NA POU\u017dITIE:<\/strong> Tento produkt je mo\u017en\u00e9 pod\u00e1va\u0165 such\u00fd alebo navlh\u010den\u00fd (tesne predt\u00fdm, ako ho psovi pon\u00faknete, odpor\u00fa\u010dame ho navlh\u010di\u0165 vla\u017enou vodou, pre psa je \u013eah\u0161ie str\u00e1vite\u013en\u00e9. Ver\u00edme, \u017ee toto zvy\u0161uje aj jeho chu\u0165). D\u00e1vky sa m\u00f4\u017eu l\u00ed\u0161i\u0165 pod\u013ea konkr\u00e9tnych potrieb psov. Pes by mal ma\u0165 v\u017edy k dispoz\u00edcii \u010derstv\u00fa pitn\u00fa vodu. Skladujte na chladnom a suchom mieste mimo dosahu zdroja tepla.[\/vc_column_text][\/vc_column][\/vc_row]<\/p>\n<\/div>","protected":false},"excerpt":{"rendered":"<p>Ultrapremium grain free krmivo pre dospel\u00fdch psov<\/p>\n<p><strong>12 kg<\/strong><\/p>\n","protected":false},"featured_media":474,"template":"","meta":[],"product_brand":[],"product_cat":[107,101,99],"product_tag":[112,109],"class_list":{"0":"post-668","1":"product","2":"type-product","3":"status-publish","4":"has-post-thumbnail","6":"product_cat-grainfree","7":"product_cat-nekmar","8":"product_cat-psie-krmivo","9":"product_tag-grainfree","10":"product_tag-nekmar","11":"product_shipping_class-nek","13":"first","14":"instock","15":"taxable","16":"shipping-taxable","17":"purchasable","18":"product-type-simple"},"yoast_head":"<!-- This site is optimized with the Yoast SEO plugin v27.5 - https:\/\/yoast.com\/product\/yoast-seo-wordpress\/ -->\n<title>Nekmar | Grain Free Adult Rabbit &amp; Iberico<\/title>\n<meta name=\"description\" content=\"Ultrapremium grain free krmivo pre dospel\u00fdch psov\" \/>\n<meta name=\"robots\" content=\"index, follow, max-snippet:-1, max-image-preview:large, max-video-preview:-1\" \/>\n<link rel=\"canonical\" href=\"https:\/\/nekmar.eu\/sk\/produkt\/nekmar-adult-rabbit-iberico\/\" \/>\n<meta property=\"og:locale\" content=\"sk_SK\" \/>\n<meta property=\"og:type\" content=\"article\" \/>\n<meta property=\"og:title\" content=\"Nekmar Grain Free Adult Rabbit &amp; Iberico\" \/>\n<meta property=\"og:description\" content=\"Ultrapremium grain free krmivo pre dospel\u00fdch psov\" \/>\n<meta property=\"og:url\" content=\"https:\/\/nekmar.eu\/sk\/produkt\/nekmar-adult-rabbit-iberico\/\" \/>\n<meta property=\"og:site_name\" content=\"Nekmar\" \/>\n<meta property=\"article:publisher\" content=\"https:\/\/www.facebook.com\/nekmarpetnutrition\/\" \/>\n<meta property=\"article:modified_time\" content=\"2026-01-22T13:37:04+00:00\" \/>\n<meta property=\"og:image\" content=\"https:\/\/nekmar.eu\/sk\/wp-content\/uploads\/2019\/08\/nekmar-holistic.jpg\" \/>\n\t<meta property=\"og:image:width\" content=\"1200\" \/>\n\t<meta property=\"og:image:height\" content=\"630\" \/>\n\t<meta property=\"og:image:type\" content=\"image\/jpeg\" \/>\n<meta name=\"twitter:card\" content=\"summary_large_image\" \/>\n<meta name=\"twitter:label1\" content=\"Predpokladan\u00fd \u010das \u010d\u00edtania\" \/>\n\t<meta name=\"twitter:data1\" content=\"2 min\u00faty\" \/>\n<script type=\"application\/ld+json\" class=\"yoast-schema-graph\">{\"@context\":\"https:\\\/\\\/schema.org\",\"@graph\":[{\"@type\":\"WebPage\",\"@id\":\"https:\\\/\\\/nekmar.eu\\\/sk\\\/produkt\\\/nekmar-adult-rabbit-iberico\\\/\",\"url\":\"https:\\\/\\\/nekmar.eu\\\/sk\\\/produkt\\\/nekmar-adult-rabbit-iberico\\\/\",\"name\":\"Nekmar | Grain Free Adult Rabbit & Iberico\",\"isPartOf\":{\"@id\":\"https:\\\/\\\/nekmar.eu\\\/sk\\\/#website\"},\"primaryImageOfPage\":{\"@id\":\"https:\\\/\\\/nekmar.eu\\\/sk\\\/produkt\\\/nekmar-adult-rabbit-iberico\\\/#primaryimage\"},\"image\":{\"@id\":\"https:\\\/\\\/nekmar.eu\\\/sk\\\/produkt\\\/nekmar-adult-rabbit-iberico\\\/#primaryimage\"},\"thumbnailUrl\":\"https:\\\/\\\/nekmar.eu\\\/sk\\\/wp-content\\\/uploads\\\/2019\\\/08\\\/nekmar_grainfree_adult_rabbit_iberico.jpg\",\"datePublished\":\"2019-09-08T08:30:20+00:00\",\"dateModified\":\"2026-01-22T13:37:04+00:00\",\"description\":\"Ultrapremium grain free krmivo pre dospel\u00fdch psov\",\"breadcrumb\":{\"@id\":\"https:\\\/\\\/nekmar.eu\\\/sk\\\/produkt\\\/nekmar-adult-rabbit-iberico\\\/#breadcrumb\"},\"inLanguage\":\"sk-SK\",\"potentialAction\":[{\"@type\":\"ReadAction\",\"target\":[\"https:\\\/\\\/nekmar.eu\\\/sk\\\/produkt\\\/nekmar-adult-rabbit-iberico\\\/\"]}]},{\"@type\":\"ImageObject\",\"inLanguage\":\"sk-SK\",\"@id\":\"https:\\\/\\\/nekmar.eu\\\/sk\\\/produkt\\\/nekmar-adult-rabbit-iberico\\\/#primaryimage\",\"url\":\"https:\\\/\\\/nekmar.eu\\\/sk\\\/wp-content\\\/uploads\\\/2019\\\/08\\\/nekmar_grainfree_adult_rabbit_iberico.jpg\",\"contentUrl\":\"https:\\\/\\\/nekmar.eu\\\/sk\\\/wp-content\\\/uploads\\\/2019\\\/08\\\/nekmar_grainfree_adult_rabbit_iberico.jpg\",\"width\":1000,\"height\":1000},{\"@type\":\"BreadcrumbList\",\"@id\":\"https:\\\/\\\/nekmar.eu\\\/sk\\\/produkt\\\/nekmar-adult-rabbit-iberico\\\/#breadcrumb\",\"itemListElement\":[{\"@type\":\"ListItem\",\"position\":1,\"name\":\"Home\",\"item\":\"https:\\\/\\\/nekmar.eu\\\/sk\\\/\"},{\"@type\":\"ListItem\",\"position\":2,\"name\":\"Obchod\",\"item\":\"https:\\\/\\\/nekmar.eu\\\/sk\\\/obchod\\\/\"},{\"@type\":\"ListItem\",\"position\":3,\"name\":\"Nekmar Grain Free Adult Rabbit &#038; Iberico Odosielame 23.1. 2026\"}]},{\"@type\":\"WebSite\",\"@id\":\"https:\\\/\\\/nekmar.eu\\\/sk\\\/#website\",\"url\":\"https:\\\/\\\/nekmar.eu\\\/sk\\\/\",\"name\":\"Nekmar\",\"description\":\"Pet Nutrition\",\"publisher\":{\"@id\":\"https:\\\/\\\/nekmar.eu\\\/sk\\\/#organization\"},\"potentialAction\":[{\"@type\":\"SearchAction\",\"target\":{\"@type\":\"EntryPoint\",\"urlTemplate\":\"https:\\\/\\\/nekmar.eu\\\/sk\\\/?s={search_term_string}\"},\"query-input\":{\"@type\":\"PropertyValueSpecification\",\"valueRequired\":true,\"valueName\":\"search_term_string\"}}],\"inLanguage\":\"sk-SK\"},{\"@type\":\"Organization\",\"@id\":\"https:\\\/\\\/nekmar.eu\\\/sk\\\/#organization\",\"name\":\"Nekmar Pet Nutrition\",\"url\":\"https:\\\/\\\/nekmar.eu\\\/sk\\\/\",\"logo\":{\"@type\":\"ImageObject\",\"inLanguage\":\"sk-SK\",\"@id\":\"https:\\\/\\\/nekmar.eu\\\/sk\\\/#\\\/schema\\\/logo\\\/image\\\/\",\"url\":\"https:\\\/\\\/nekmar.eu\\\/sk\\\/wp-content\\\/uploads\\\/2019\\\/08\\\/Nekmar-contact.jpg\",\"contentUrl\":\"https:\\\/\\\/nekmar.eu\\\/sk\\\/wp-content\\\/uploads\\\/2019\\\/08\\\/Nekmar-contact.jpg\",\"width\":600,\"height\":142,\"caption\":\"Nekmar Pet Nutrition\"},\"image\":{\"@id\":\"https:\\\/\\\/nekmar.eu\\\/sk\\\/#\\\/schema\\\/logo\\\/image\\\/\"},\"sameAs\":[\"https:\\\/\\\/www.facebook.com\\\/nekmarpetnutrition\\\/\",\"https:\\\/\\\/www.instagram.com\\\/nekmarpetnutrition\\\/\"]}]}<\/script>\n<!-- \/ Yoast SEO plugin. -->","yoast_head_json":{"title":"Nekmar | Grain Free Adult Rabbit & Iberico","description":"Ultrapremium grain free krmivo pre dospel\u00fdch psov","robots":{"index":"index","follow":"follow","max-snippet":"max-snippet:-1","max-image-preview":"max-image-preview:large","max-video-preview":"max-video-preview:-1"},"canonical":"https:\/\/nekmar.eu\/sk\/produkt\/nekmar-adult-rabbit-iberico\/","og_locale":"sk_SK","og_type":"article","og_title":"Nekmar Grain Free Adult Rabbit & Iberico","og_description":"Ultrapremium grain free krmivo pre dospel\u00fdch psov","og_url":"https:\/\/nekmar.eu\/sk\/produkt\/nekmar-adult-rabbit-iberico\/","og_site_name":"Nekmar","article_publisher":"https:\/\/www.facebook.com\/nekmarpetnutrition\/","article_modified_time":"2026-01-22T13:37:04+00:00","og_image":[{"width":1200,"height":630,"url":"https:\/\/nekmar.eu\/sk\/wp-content\/uploads\/2019\/08\/nekmar-holistic.jpg","type":"image\/jpeg"}],"twitter_card":"summary_large_image","twitter_misc":{"Predpokladan\u00fd \u010das \u010d\u00edtania":"2 min\u00faty"},"schema":{"@context":"https:\/\/schema.org","@graph":[{"@type":"WebPage","@id":"https:\/\/nekmar.eu\/sk\/produkt\/nekmar-adult-rabbit-iberico\/","url":"https:\/\/nekmar.eu\/sk\/produkt\/nekmar-adult-rabbit-iberico\/","name":"Nekmar | Grain Free Adult Rabbit & Iberico","isPartOf":{"@id":"https:\/\/nekmar.eu\/sk\/#website"},"primaryImageOfPage":{"@id":"https:\/\/nekmar.eu\/sk\/produkt\/nekmar-adult-rabbit-iberico\/#primaryimage"},"image":{"@id":"https:\/\/nekmar.eu\/sk\/produkt\/nekmar-adult-rabbit-iberico\/#primaryimage"},"thumbnailUrl":"https:\/\/nekmar.eu\/sk\/wp-content\/uploads\/2019\/08\/nekmar_grainfree_adult_rabbit_iberico.jpg","datePublished":"2019-09-08T08:30:20+00:00","dateModified":"2026-01-22T13:37:04+00:00","description":"Ultrapremium grain free krmivo pre dospel\u00fdch psov","breadcrumb":{"@id":"https:\/\/nekmar.eu\/sk\/produkt\/nekmar-adult-rabbit-iberico\/#breadcrumb"},"inLanguage":"sk-SK","potentialAction":[{"@type":"ReadAction","target":["https:\/\/nekmar.eu\/sk\/produkt\/nekmar-adult-rabbit-iberico\/"]}]},{"@type":"ImageObject","inLanguage":"sk-SK","@id":"https:\/\/nekmar.eu\/sk\/produkt\/nekmar-adult-rabbit-iberico\/#primaryimage","url":"https:\/\/nekmar.eu\/sk\/wp-content\/uploads\/2019\/08\/nekmar_grainfree_adult_rabbit_iberico.jpg","contentUrl":"https:\/\/nekmar.eu\/sk\/wp-content\/uploads\/2019\/08\/nekmar_grainfree_adult_rabbit_iberico.jpg","width":1000,"height":1000},{"@type":"BreadcrumbList","@id":"https:\/\/nekmar.eu\/sk\/produkt\/nekmar-adult-rabbit-iberico\/#breadcrumb","itemListElement":[{"@type":"ListItem","position":1,"name":"Home","item":"https:\/\/nekmar.eu\/sk\/"},{"@type":"ListItem","position":2,"name":"Obchod","item":"https:\/\/nekmar.eu\/sk\/obchod\/"},{"@type":"ListItem","position":3,"name":"Nekmar Grain Free Adult Rabbit &#038; Iberico Odosielame 23.1. 2026"}]},{"@type":"WebSite","@id":"https:\/\/nekmar.eu\/sk\/#website","url":"https:\/\/nekmar.eu\/sk\/","name":"Nekmar","description":"Pet Nutrition","publisher":{"@id":"https:\/\/nekmar.eu\/sk\/#organization"},"potentialAction":[{"@type":"SearchAction","target":{"@type":"EntryPoint","urlTemplate":"https:\/\/nekmar.eu\/sk\/?s={search_term_string}"},"query-input":{"@type":"PropertyValueSpecification","valueRequired":true,"valueName":"search_term_string"}}],"inLanguage":"sk-SK"},{"@type":"Organization","@id":"https:\/\/nekmar.eu\/sk\/#organization","name":"Nekmar Pet Nutrition","url":"https:\/\/nekmar.eu\/sk\/","logo":{"@type":"ImageObject","inLanguage":"sk-SK","@id":"https:\/\/nekmar.eu\/sk\/#\/schema\/logo\/image\/","url":"https:\/\/nekmar.eu\/sk\/wp-content\/uploads\/2019\/08\/Nekmar-contact.jpg","contentUrl":"https:\/\/nekmar.eu\/sk\/wp-content\/uploads\/2019\/08\/Nekmar-contact.jpg","width":600,"height":142,"caption":"Nekmar Pet Nutrition"},"image":{"@id":"https:\/\/nekmar.eu\/sk\/#\/schema\/logo\/image\/"},"sameAs":["https:\/\/www.facebook.com\/nekmarpetnutrition\/","https:\/\/www.instagram.com\/nekmarpetnutrition\/"]}]}},"_links":{"self":[{"href":"https:\/\/nekmar.eu\/sk\/wp-json\/wp\/v2\/product\/668","targetHints":{"allow":["GET"]}}],"collection":[{"href":"https:\/\/nekmar.eu\/sk\/wp-json\/wp\/v2\/product"}],"about":[{"href":"https:\/\/nekmar.eu\/sk\/wp-json\/wp\/v2\/types\/product"}],"wp:featuredmedia":[{"embeddable":true,"href":"https:\/\/nekmar.eu\/sk\/wp-json\/wp\/v2\/media\/474"}],"wp:attachment":[{"href":"https:\/\/nekmar.eu\/sk\/wp-json\/wp\/v2\/media?parent=668"}],"wp:term":[{"taxonomy":"product_brand","embeddable":true,"href":"https:\/\/nekmar.eu\/sk\/wp-json\/wp\/v2\/product_brand?post=668"},{"taxonomy":"product_cat","embeddable":true,"href":"https:\/\/nekmar.eu\/sk\/wp-json\/wp\/v2\/product_cat?post=668"},{"taxonomy":"product_tag","embeddable":true,"href":"https:\/\/nekmar.eu\/sk\/wp-json\/wp\/v2\/product_tag?post=668"}],"curies":[{"name":"wp","href":"https:\/\/api.w.org\/{rel}","templated":true}]}}